{"id":40636,"date":"2022-06-16T17:02:34","date_gmt":"2022-06-16T17:02:34","guid":{"rendered":"https:\/\/www.sisinternational.com\/?page_id=40636"},"modified":"2025-09-25T00:59:40","modified_gmt":"2025-09-25T04:59:40","slug":"blockchain-in-der-strategieberatung-im-gesundheitswesen","status":"publish","type":"page","link":"https:\/\/www.sisinternational.com\/de\/losungen\/sis-blockchain-consulting\/blockchain-in-der-strategieberatung-im-gesundheitswesen\/","title":{"rendered":"Blockchain in der Strategieberatung im Gesundheitswesen"},"content":{"rendered":"<h1 class=\"gb-headline gb-headline-0ed72a78 gb-headline-text\">Blockchain in der Strategieberatung im Gesundheitswesen<\/h1>\n\n\n\n<figure class=\"gb-block-image gb-block-image-22fa9d03\"><img loading=\"lazy\" decoding=\"async\" width=\"1456\" height=\"816\" class=\"gb-image gb-image-22fa9d03\" src=\"https:\/\/www.sisinternational.com\/wp-content\/uploads\/2025\/08\/Healthcare-16.jpg\" alt=\"SIS International Marktforschung &amp; Strategie\" title=\"Healthcare (16)\" srcset=\"https:\/\/www.sisinternational.com\/wp-content\/uploads\/2025\/08\/Healthcare-16.jpg 1456w, https:\/\/www.sisinternational.com\/wp-content\/uploads\/2025\/08\/Healthcare-16-300x168.jpg 300w, https:\/\/www.sisinternational.com\/wp-content\/uploads\/2025\/08\/Healthcare-16-1024x574.jpg 1024w, https:\/\/www.sisinternational.com\/wp-content\/uploads\/2025\/08\/Healthcare-16-768x430.jpg 768w, https:\/\/www.sisinternational.com\/wp-content\/uploads\/2025\/08\/Healthcare-16-18x10.jpg 18w\" sizes=\"auto, (max-width: 1456px) 100vw, 1456px\"><\/figure>\n\n\n\n<p><\/p>\n\n\n\n<hr class=\"wp-block-separator has-alpha-channel-opacity is-style-dots\"\/>\n\n\n\n<blockquote class=\"wp-block-quote is-layout-flow wp-block-quote-is-layout-flow\">\n<p>The healthcare industry is undergoing a <strong>digital revolution<\/strong>, Und <strong>blockchain technology<\/strong> is at the forefront of this transformation.<\/p>\n<\/blockquote>\n\n\n\n<p>Blockchain in healthcare strategy consulting is helping healthcare organizations improve data security, patient privacy, interoperability, and operational efficiency.<\/p>\n\n\n\n<p>At SIS International Research, we provide strategic insights into how healthcare providers, pharmaceutical companies, and insurers can leverage blockchain to address key industry challenges and drive innovation.<\/p>\n\n\n\n<h2 class=\"wp-block-heading\">Was ist Blockchain im Gesundheitswesen?<\/h2>\n\n\n\n<p>Blockchain in <a href=\"https:\/\/www.sisinternational.com\/de\/industry-forecast\/healthcare-industry-forecast\/\" title=\"Healthcare Industry Forecast\"  data-wpil-monitor-id=\"10095\">healthcare<\/a> can solve many of the problems the industry faces. Such issues include medical research, medical supply chain, drug integrity, and medical data. Blockchain also addresses the obstacles of interoperability, accessibility, and security. Because of its ability to produce fantastic data efficiency, Blockchain can disrupt healthcare. It can ensure flexible data access, transparency, interconnection, and better security. It is important to note that healthcare and technology are inseparable.<\/p>\n\n\n\n<h2 class=\"wp-block-heading\"><strong>Why Blockchain in Healthcare Matters<\/strong><\/h2>\n\n\n\n<figure class=\"gb-block-image gb-block-image-8a8fe947\"><img loading=\"lazy\" decoding=\"async\" width=\"1024\" height=\"574\" class=\"gb-image gb-image-8a8fe947\" src=\"https:\/\/www.sisinternational.com\/wp-content\/uploads\/2025\/08\/Healthcare-8-1024x574.jpg\" alt=\"SIS International Marktforschung &amp; Strategie\" title=\"Healthcare (8)\" srcset=\"https:\/\/www.sisinternational.com\/wp-content\/uploads\/2025\/08\/Healthcare-8-1024x574.jpg 1024w, https:\/\/www.sisinternational.com\/wp-content\/uploads\/2025\/08\/Healthcare-8-300x168.jpg 300w, https:\/\/www.sisinternational.com\/wp-content\/uploads\/2025\/08\/Healthcare-8-768x430.jpg 768w, https:\/\/www.sisinternational.com\/wp-content\/uploads\/2025\/08\/Healthcare-8-18x10.jpg 18w, https:\/\/www.sisinternational.com\/wp-content\/uploads\/2025\/08\/Healthcare-8.jpg 1456w\" sizes=\"auto, (max-width: 1024px) 100vw, 1024px\"><\/figure>\n\n\n\n<p><\/p>\n\n\n\n<p>The healthcare sector faces significant challenges, including <strong>data breaches, inefficiencies, fraud, and lack of transparency<\/strong>. Blockchain offers a <strong>decentralized, secure, and tamper-proof solution<\/strong> that enhances patient care and streamlines processes.<\/p>\n\n\n\n<p>\u2705 Securing patient records and preventing data breaches&nbsp;<br>\u2705 Improving interoperability between healthcare providers&nbsp;<br>\u2705 Eliminating inefficiencies in medical billing and insurance claims&nbsp;<br>\u2705 Ensuring pharmaceutical supply chain integrity&nbsp;<br>\u2705 Enhancing clinical trial transparency and data integ<strong>rity<\/strong>&nbsp;<\/p>\n\n\n\n<h2 class=\"wp-block-heading\"><strong>Key Use Cases of Blockchain in Healthcare<\/strong><\/h2>\n\n\n\n<h3 class=\"wp-block-heading\"><strong>1. Securing Electronic Health Records (EHRs)<\/strong><\/h3>\n\n\n\n<p>A <strong>decentralized health record system<\/strong> ensures that only authorized users can access patient data, reducing fraud and enhancing security.<\/p>\n\n\n\n<p>\ud83d\udccc <strong>Auswirkungen:<\/strong> Patients gain control over their records while healthcare providers access real-time, verified data.<\/p>\n\n\n\n<h3 class=\"wp-block-heading\"><strong>2. Interoperability and Seamless Data Sharing<\/strong><\/h3>\n\n\n\n<p>A <strong>secure, standardized system<\/strong> that allows hospitals, insurers, and laboratories to seamlessly share patient data.<\/p>\n\n\n\n<p>\ud83d\udccc <strong>Auswirkungen:<\/strong> Faster diagnoses, reduced errors, and improved patient care coordination.<\/p>\n\n\n\n<h3 class=\"wp-block-heading\"><strong>3. Medical Billing and Insurance Claims Processing<\/strong><\/h3>\n\n\n\n<p><strong>Smart contracts<\/strong> can automate insurance claim verifications and payments, eliminating <strong>fraud and reducing delays<\/strong>.<\/p>\n\n\n\n<p>\ud83d\udccc <strong>Auswirkungen:<\/strong> Faster claims processing, lower administrative costs, and improved patient trust.<\/p>\n\n\n\n<h3 class=\"wp-block-heading\"><strong>4. Pharmaceutical Supply Chain Transparency<\/strong><\/h3>\n\n\n\n<p><strong>Real-time tracking<\/strong> of drugs from manufacturer to pharmacy, ensuring authenticity and preventing fraud.<\/p>\n\n\n\n<p>\ud83d\udccc <strong>Auswirkungen:<\/strong> Improved drug safety, regulatory compliance, and efficient recalls.<\/p>\n\n\n\n<h3 class=\"wp-block-heading\"><strong>5. Clinical Trials and Research Data Integrity<\/strong><\/h3>\n\n\n\n<p>A <strong>tamper-proof, timestamped ledger<\/strong> ensures the integrity of trial <a href=\"https:\/\/www.sisinternational.com\/de\/abdeckung\/europa\/marktforschung-liverpool-grosbritannien\/\" title=\"Marktforschung in Liverpool | Fokusgruppen und Datenerfassung in Gro\u00dfbritannien\"  data-wpil-monitor-id=\"10092\">data and research<\/a> findings.<\/p>\n\n\n\n<p>\ud83d\udccc <strong>Auswirkungen:<\/strong> Increased credibility, regulatory compliance, and patient safety.<\/p>\n\n\n\n<h2 class=\"wp-block-heading\">Technologie<\/h2>\n\n\n\n<p>Blockchain ist eine gemeinsame Aufzeichnung von Transaktionen. Mit Blockchain speichern Anbieter ihre Gesundheitsdaten nicht mehr auf einem einzigen, hackbaren Computer. \u00c4rzte und Versicherer k\u00f6nnen dieselben Daten auf vielen Computern verwalten. Diese Methode macht es sehr schwierig, die Daten zu manipulieren. Eine Versicherungsgesellschaft kann beispielsweise eine Arztpraxis anrufen, um eine Adresse zu best\u00e4tigen. Das Sch\u00f6ne an Blockchain ist, dass alle Mitglieder der Allianz die \u00c4nderung sehen, wenn sie die Daten aktualisiert.<\/p>\n\n\n\n<h2 class=\"wp-block-heading\">Herausforderungen im Gesundheitswesen heute<\/h2>\n\n\n\n<p>Viele medizinische Einrichtungen verwenden unbequeme und veraltete Methoden zur Verwaltung medizinischer Daten, darunter Daten zu verschreibungspflichtigen Medikamenten und Gesundheitsakten. Dazu geh\u00f6ren auch medizinische Patientendaten und Versicherungsinformationen. Ein unsachgem\u00e4\u00dfer Umgang mit Daten kann die Behandlung von Patienten beeintr\u00e4chtigen. Er kann auch die Genesung der Patienten verlangsamen. Schlimmer noch: Viele medizinische Einrichtungen haben ihre eigenen Systeme zur Datenspeicherung entwickelt.<\/p>\n\n\n\n<p>Diese Umst\u00e4nde haben zu einem Mangel an Transparenz gef\u00fchrt. Medizinische Einrichtungen und Versicherungsagenturen agieren im Vakuum. Ihre Vorgehensweise ist zum Nachteil der Patienten. Sie schaffen die M\u00f6glichkeit f\u00fcr schwerwiegende Behandlungsfehler. Solche Fehler sind die h\u00e4ufigste Todesursache bei Krebs- und Herzpatienten in den USA.<\/p>\n\n\n\n<p>Dieses veraltete System verteilt die medizinischen Daten der Patienten auf verschiedene medizinische Einrichtungen. \u00c4rzte und Versicherungsgesellschaften f\u00fchren getrennte Aufzeichnungen. In der heutigen Welt sind die Krankengeschichten und Krankenakten der Patienten wie Puzzles. Dieses Jonglieren mit Daten zwischen verschiedenen Stellen ist schrecklich und f\u00fchrt zu einem Verlust an Genauigkeit und Integrit\u00e4t. Dies ist insbesondere bei Diagnostik und Medikamentenverschreibungen ein Problem. All dies kann die effiziente Behandlung der Patienten beeintr\u00e4chtigen.<\/p>\n\n\n\n<h2 class=\"wp-block-heading\">Vorteile der Blockchain im Gesundheitswesen<\/h2>\n\n\n\n<ul class=\"wp-block-list\">\n<li>Die Blockchain-Technologie kann im Gesundheitswesen einen gro\u00dfen Unterschied machen. Sie erm\u00f6glicht ein effektives Datenmanagement. Diese Technologie erm\u00f6glicht den sicheren und transparenten Austausch medizinischer Daten. Anbieter k\u00f6nnen nun Daten sektor\u00fcbergreifend austauschen.<\/li>\n\n\n\n<li>Mit der Blockchain-Technologie ist es einfach, Krankenakten anzulegen. Das System eliminiert unn\u00f6tige Verwaltungskosten. Es erm\u00f6glicht auch eine effektive Nutzung der Gesundheitsf\u00fcrsorge. Au\u00dferdem macht diese Technologie verschiedene Vermittler \u00fcberfl\u00fcssig.<\/li>\n\n\n\n<li>Blockchain kann im Gesundheitswesen die Arbeit der Leistungserbringer erheblich vereinfachen. Sie haben mehr Zeit f\u00fcr ihre Kernaufgabe, n\u00e4mlich die Verbesserung der Gesundheit der Patienten. Leistungserbringer k\u00f6nnen auch auf das vollst\u00e4ndige Bild der Krankenakte eines jeden Patienten zugreifen. Alle bisherigen Gesundheitsdaten sind im Gesundheitssystem unver\u00e4nderlich. \u00c4nderungen an den Daten k\u00f6nnen sichtbar sein.<\/li>\n\n\n\n<li>Die ordnungsgem\u00e4\u00dfe Verwaltung medizinischer Informationen ist einer der gr\u00f6\u00dften Vorteile von Blockchain. Es beseitigt die meisten Probleme, mit denen der Gesundheitssektor konfrontiert ist. Es macht Betrug und Datenverlust bei Katastrophen zu Dingen der Vergangenheit. Es verbessert auch die Datenvervollst\u00e4ndigung und Interoperabilit\u00e4t.<\/li>\n<\/ul>\n\n\n\n<h2 class=\"wp-block-heading\"><strong>The Future of Blockchain in Healthcare<\/strong><\/h2>\n\n\n\n<figure class=\"gb-block-image gb-block-image-dbadcb41\"><img loading=\"lazy\" decoding=\"async\" width=\"1456\" height=\"816\" class=\"gb-image gb-image-dbadcb41\" src=\"https:\/\/www.sisinternational.com\/wp-content\/uploads\/2025\/09\/Medicine-1.jpg\" alt=\"SIS International Marktforschung &amp; Strategie\" title=\"Medicine (1)\" srcset=\"https:\/\/www.sisinternational.com\/wp-content\/uploads\/2025\/09\/Medicine-1.jpg 1456w, https:\/\/www.sisinternational.com\/wp-content\/uploads\/2025\/09\/Medicine-1-300x168.jpg 300w, https:\/\/www.sisinternational.com\/wp-content\/uploads\/2025\/09\/Medicine-1-1024x574.jpg 1024w, https:\/\/www.sisinternational.com\/wp-content\/uploads\/2025\/09\/Medicine-1-768x430.jpg 768w, https:\/\/www.sisinternational.com\/wp-content\/uploads\/2025\/09\/Medicine-1-18x10.jpg 18w\" sizes=\"auto, (max-width: 1456px) 100vw, 1456px\"><\/figure>\n\n\n\n<p><\/p>\n\n\n\n<p>The next wave of blockchain-driven healthcare innovations will include:<\/p>\n\n\n\n<p><strong>AI + Blockchain integration<\/strong> for <a href=\"https:\/\/www.sisinternational.com\/de\/predictive-analytics\/\" title=\"Predictive Analytics: Your Crystal Ball for Business Success\"  data-wpil-monitor-id=\"10091\">predictive<\/a> healthcare analytics&nbsp;<br><strong>Decentralized identity management<\/strong> for secure patient authentication&nbsp;<br><strong>Tokenized healthcare models<\/strong> for incentivized patient engagement&nbsp;<br><strong>Increased partnerships between healthcare and blockchain startups<\/strong>&nbsp;<\/p>\n\n\n\n<h2 class=\"wp-block-heading\"><strong>Final Thoughts from Ruth Stanat, CEO of SIS International Research<\/strong><\/h2>\n\n\n\n<p>Bei <a href=\"https:\/\/www.linkedin.com\/company\/sisinternationalresearch\/posts\/?feedView=all\" target=\"_blank\" rel=\"noopener\"><strong>SIS International Forschung<\/strong><\/a>, we provide blockchain market intelligence, regulatory insights, and strategic consulting to help healthcare organizations implement scalable blockchain solutions.<\/p>\n\n\n\n<h2 class=\"wp-block-heading\">Warum Strategieberatung hilft<\/h2>\n\n\n\n<p>Blockchain continues to evolve. Thus, providers and insurers will have to <a href=\"https:\/\/www.sisinternational.com\/de\/losungen\/fintech-strategieberatung-forschung\/finanzdienstleistungs-change-management-marktforschungsstrategieberatung\/\" title=\"Financial Service Change Management Marktforschung und Strategieberatung\" data-wpil-monitor-id=\"10093\">change their strategies<\/a> from time to time. <a href=\"https:\/\/www.sisinternational.com\/de\/kontaktieren-sie-sis-international-market-research\/\" title=\"Kontaktiere uns\" data-wpil-monitor-id=\"10085\">SIS International Forschung<\/a> understands the Blockchain space. We are familiar with the security frameworks for regulatory needs and legal compliance. Thus, we are best suited to help companies <a href=\"https:\/\/www.sisinternational.com\/de\/losungen\/strategieberatung\/strategieentwicklung-umsetzungsberatung\/\" title=\"Strategieentwicklung und Umsetzungsberatung\" data-wpil-monitor-id=\"10090\">develop and maintain a Blockchain strategy<\/a>. With Blockchain, it&#8217;s easy to stand out among the competition. <a href=\"https:\/\/www.sisinternational.com\/de\/losungen\/geschmackstest\/sis-lebensmitteltestdienste-in-new-york\/\" title=\"SIS-Lebensmittelpr\u00fcfdienste in New York\" data-wpil-monitor-id=\"10094\">SIS&#8217;s consulting services<\/a> help to make that happen.<\/p>\n\n\n\n<h2 class=\"wp-block-heading\">Unser Standort in New York<\/h2>\n\n\n\n<p>\n\n\n\n<iframe loading=\"lazy\" src=\"https:\/\/www.google.com\/maps\/embed?pb=!1m18!1m12!1m3!1d3022.976188376966!2d-73.99130312499956!3d40.740549471389315!2m3!1f0!2f0!3f0!3m2!1i1024!2i768!4f13.1!3m3!1m2!1s0x89c259a15798c731%3A0xd695d09bdd495f25!2s11%20E%2022nd%20St%20FL%202%2C%20New%20York%2C%20NY%2010010%2C%20USA!5e0!3m2!1sen!2spe!4v1726171763526!5m2!1sen!2spe\" width=\"600\" height=\"450\" allowfullscreen=\"allowfullscreen\" data-mce-fragment=\"1\"><\/iframe>\n\n\n\n<\/p>\n\n\n\n<h3 class=\"wp-block-heading\">11 E 22nd Street, Floor 2, New York, NY 10010 T: +1(212) 505-6805<\/h3>\n\n\n\n<hr class=\"wp-block-separator has-alpha-channel-opacity\"\/>\n\n\n\n<h2 class=\"wp-block-heading\"><span style=\"font-weight: 400;\">\u00dcber SIS International<\/span><\/h2>\n\n\n\n<p><a href=\"https:\/\/www.sisinternational.com\/de\/\"><span style=\"font-weight: 400;\">SIS International<\/span><\/a><span style=\"font-weight: 400;\"> offers Quantitative, Qualitative, and Strategy Research. We provide data, tools, strategies, reports, and insights for decision-making. We also conduct interviews, surveys, focus groups, and other <a href=\"https:\/\/www.sisinternational.com\/de\/quantitative-market-research-methods-and-techniques\/\" title=\"Quantitative Market Research Methods and Techniques\" data-wpil-monitor-id=\"10088\">Market Research methods<\/a> and approaches.<\/span><a href=\"https:\/\/www.sisinternational.com\/de\/uber-sis-international-research\/contact-sis-international-market-research\/\"><span style=\"font-weight: 400;\"> Kontakt<\/span><\/a><span style=\"font-weight: 400;\"> f\u00fcr Ihr n\u00e4chstes Marktforschungsprojekt.\u00a0<\/span><\/p>\n\n\n\n<p><\/p>","protected":false},"excerpt":{"rendered":"<p>Blockchain in Healthcare Strategy Consulting The healthcare industry is undergoing a digital revolution, and blockchain technology is at the forefront of this transformation. Blockchain in healthcare strategy consulting is helping healthcare organizations improve data security, patient privacy, interoperability, and operational efficiency. At SIS International Research, we provide strategic insights into how healthcare providers, pharmaceutical companies, &#8230; <a title=\"Blockchain in der Strategieberatung im Gesundheitswesen\" class=\"read-more\" href=\"https:\/\/www.sisinternational.com\/de\/losungen\/sis-blockchain-consulting\/blockchain-in-der-strategieberatung-im-gesundheitswesen\/\" aria-label=\"Weitere Informationen \u00fcber Blockchain in der Strategieberatung im Gesundheitswesen\">Weiterlesen \u2026<\/a><\/p>","protected":false},"author":1,"featured_media":62434,"parent":32590,"menu_order":1,"comment_status":"closed","ping_status":"closed","template":"","meta":{"footnotes":""},"class_list":["post-40636","page","type-page","status-publish","has-post-thumbnail"],"_links":{"self":[{"href":"https:\/\/www.sisinternational.com\/de\/wp-json\/wp\/v2\/pages\/40636","targetHints":{"allow":["GET"]}}],"collection":[{"href":"https:\/\/www.sisinternational.com\/de\/wp-json\/wp\/v2\/pages"}],"about":[{"href":"https:\/\/www.sisinternational.com\/de\/wp-json\/wp\/v2\/types\/page"}],"author":[{"embeddable":true,"href":"https:\/\/www.sisinternational.com\/de\/wp-json\/wp\/v2\/users\/1"}],"replies":[{"embeddable":true,"href":"https:\/\/www.sisinternational.com\/de\/wp-json\/wp\/v2\/comments?post=40636"}],"version-history":[{"count":7,"href":"https:\/\/www.sisinternational.com\/de\/wp-json\/wp\/v2\/pages\/40636\/revisions"}],"predecessor-version":[{"id":81670,"href":"https:\/\/www.sisinternational.com\/de\/wp-json\/wp\/v2\/pages\/40636\/revisions\/81670"}],"up":[{"embeddable":true,"href":"https:\/\/www.sisinternational.com\/de\/wp-json\/wp\/v2\/pages\/32590"}],"wp:featuredmedia":[{"embeddable":true,"href":"https:\/\/www.sisinternational.com\/de\/wp-json\/wp\/v2\/media\/62434"}],"wp:attachment":[{"href":"https:\/\/www.sisinternational.com\/de\/wp-json\/wp\/v2\/media?parent=40636"}],"curies":[{"name":"wp","href":"https:\/\/api.w.org\/{rel}","templated":true}]}}