{"id":40631,"date":"2022-06-16T16:44:42","date_gmt":"2022-06-16T16:44:42","guid":{"rendered":"https:\/\/www.sisinternational.com\/?page_id=40631"},"modified":"2026-03-12T13:29:38","modified_gmt":"2026-03-12T17:29:38","slug":"blockchain-marktforschung-fur-lebensmittel-und-getranke","status":"publish","type":"page","link":"https:\/\/www.sisinternational.com\/de\/losungen\/marktforschung-fur-die-lebensmittel-und-getrankeindustrie\/blockchain-marktforschung-fur-lebensmittel-und-getranke\/","title":{"rendered":"Blockchain in der Lebensmittel- und Getr\u00e4nkemarktforschung"},"content":{"rendered":"<h1 class=\"gb-headline gb-headline-ca213229 gb-headline-text\">Blockchain in der Lebensmittel- und Getr\u00e4nkemarktforschung<\/h1>\n\n\n\n<figure class=\"gb-block-image gb-block-image-3a2759bd\"><img loading=\"lazy\" decoding=\"async\" width=\"1456\" height=\"816\" class=\"gb-image gb-image-3a2759bd\" src=\"https:\/\/www.sisinternational.com\/wp-content\/uploads\/2025\/08\/Alcoholic-beverage-4.jpg\" alt=\"SIS International Marktforschung &amp; Strategie\" title=\"Alcoholic beverage (4)\" srcset=\"https:\/\/www.sisinternational.com\/wp-content\/uploads\/2025\/08\/Alcoholic-beverage-4.jpg 1456w, https:\/\/www.sisinternational.com\/wp-content\/uploads\/2025\/08\/Alcoholic-beverage-4-300x168.jpg 300w, https:\/\/www.sisinternational.com\/wp-content\/uploads\/2025\/08\/Alcoholic-beverage-4-1024x574.jpg 1024w, https:\/\/www.sisinternational.com\/wp-content\/uploads\/2025\/08\/Alcoholic-beverage-4-768x430.jpg 768w, https:\/\/www.sisinternational.com\/wp-content\/uploads\/2025\/08\/Alcoholic-beverage-4-18x10.jpg 18w\" sizes=\"auto, (max-width: 1456px) 100vw, 1456px\"><\/figure>\n\n\n\n<p><\/p>\n\n\n\n<hr class=\"wp-block-separator has-alpha-channel-opacity is-style-dots\"\/>\n\n\n\n<blockquote class=\"wp-block-quote is-layout-flow wp-block-quote-is-layout-flow\">\n<p>Blockchain technology addresses these concerns by <strong>creating a secure, tamper-proof ledger<\/strong> that ensures <strong>authenticity, quality control, and accurate data tracking.<\/strong><\/p>\n<\/blockquote>\n\n\n\n<p>Blockchain in food and beverage market research delivers unparalleled transparency, authenticity verification, and real-time insights into consumer preferences. At SIS International Research, we explore how blockchain is enhancing food safety, supply chain tracking, and data-driven decision-making in the food and beverage sector.<\/p>\n\n\n\n<h2 class=\"wp-block-heading\">Die Community der Blockchain-Benutzer hat einen langen Weg zur\u00fcckgelegt.<\/h2>\n\n\n\n<p>Der Fokus liegt nicht mehr nur auf Krypto. Die Menschen haben jetzt ein breiteres Verst\u00e4ndnis f\u00fcr die verschiedenen Methoden zur Nutzung der Blockchain-Technologie. Sie ist in der Lebensmittelindustrie im Alltagsgebrauch angekommen. Blockchain erm\u00f6glicht es, ein gemeinsames Transaktionsbuch zu f\u00fchren. Dieses Buch erstreckt sich \u00fcber verschiedene dezentrale Netzwerke.<\/p>\n\n\n\n<p>In der Lebensmittel- und Getr\u00e4nkeindustrie ist ein solches Register sehr wichtig. Es erm\u00f6glicht die R\u00fcckverfolgung der Herkunft verschiedener Lebensmittel. Ermittler k\u00f6nnen am Produktionsort beginnen. Sie k\u00f6nnen den gesamten Weg der Lebensmittel verfolgen, bis hin zu den Regalen im Supermarkt. Wenn es zu Verunreinigungen oder Lebensmittelvergiftungen kommt, ist es einfacher und schneller, die Quelle zu finden.<\/p>\n\n\n\n<p>Da die Massen Blockchain weiterhin nutzen, hat es die Lebensmittel- und Getr\u00e4nkeindustrie gepr\u00e4gt. Diese Branche ist zu einem wichtigen Ziel f\u00fcr die Blockchain-Technologie geworden.<\/p>\n\n\n\n<h2 class=\"wp-block-heading\"><strong>Why Blockchain Matters in Food and Beverage Market Research<\/strong><\/h2>\n\n\n\n<figure class=\"gb-block-image gb-block-image-8affd00d\"><img loading=\"lazy\" decoding=\"async\" width=\"1456\" height=\"816\" class=\"gb-image gb-image-8affd00d\" src=\"https:\/\/www.sisinternational.com\/wp-content\/uploads\/2025\/08\/Alcoholic-beverage-3.jpg\" alt=\"SIS International Marktforschung &amp; Strategie\" title=\"Alcoholic beverage (3)\" srcset=\"https:\/\/www.sisinternational.com\/wp-content\/uploads\/2025\/08\/Alcoholic-beverage-3.jpg 1456w, https:\/\/www.sisinternational.com\/wp-content\/uploads\/2025\/08\/Alcoholic-beverage-3-300x168.jpg 300w, https:\/\/www.sisinternational.com\/wp-content\/uploads\/2025\/08\/Alcoholic-beverage-3-1024x574.jpg 1024w, https:\/\/www.sisinternational.com\/wp-content\/uploads\/2025\/08\/Alcoholic-beverage-3-768x430.jpg 768w, https:\/\/www.sisinternational.com\/wp-content\/uploads\/2025\/08\/Alcoholic-beverage-3-18x10.jpg 18w\" sizes=\"auto, (max-width: 1456px) 100vw, 1456px\"><\/figure>\n\n\n\n<p><\/p>\n\n\n\n<p>Traditional food and beverage supply chains face significant challenges, including:<\/p>\n\n\n\n<p>\u2705 <strong>Lack of transparency<\/strong> in ingredient sourcing&nbsp;<br>\u2705 <strong>Food safety concerns<\/strong> due to contamination risks&nbsp;<br>\u2705 <strong>Counterfeit products &amp; mislabeling<\/strong> causing consumer distrust&nbsp;<br>\u2705 <strong>Slow and inefficient recall processes<\/strong>&nbsp;<\/p>\n\n\n\n<h2 class=\"wp-block-heading\">Blockchain in Food and Beverage Market Research Uses in the food supply industry<\/h2>\n\n\n\n<p>Was also macht die Blockchain-Technologie f\u00fcr die Lebensmittel- und Getr\u00e4nkeindustrie so attraktiv?<\/p>\n\n\n\n<ul class=\"wp-block-list\">\n<li><strong>Verfolgung von durch Lebensmittel verursachten Krankheiten:<\/strong> Krankheiten, die durch verunreinigte Lebensmittel verursacht werden, sind weiterhin ein gro\u00dfes Problem. Die Situation ist nicht nur f\u00fcr Regierungen, sondern auch f\u00fcr jeden von uns besorgniserregend. Hunderte Millionen Menschen infizieren sich jedes Jahr durch verunreinigte Lebensmittel. Dieses Problem hat die Aufmerksamkeit der Regierungen auf sich gezogen. Es betrifft Lebensmittelunternehmen und Verbraucher auf der ganzen Welt. Das Kontaminationspotenzial in der Lieferkette ist hoch. Warum? Aufgrund der zunehmenden Globalisierung des Lebensmittelhandels und -vertriebs. Blockchain erm\u00f6glicht es, die Quelle einer Kontamination zu verfolgen. Die Beteiligten k\u00f6nnen die Situation in den Griff bekommen, bevor sie au\u00dfer Kontrolle ger\u00e4t.<\/li>\n\n\n\n<li><strong>Lieferkette:<\/strong> Blockchain ist f\u00fcr jede digitalisierte Lieferkette von entscheidender Bedeutung. Sie erm\u00f6glicht es Start-up-Unternehmen und Kunden, jedes Produkt zu verfolgen. Die Beteiligten k\u00f6nnen die Produkte von der Abholung bis zum Zeitpunkt ihrer Ankunft beim Endverbraucher verfolgen. Durch die Verwendung von Blockchain wurden digitale Hauptb\u00fccher gespeichert. Es ist jetzt sicher, Informationen mit Parteien zu teilen und Transaktionen durchzuf\u00fchren. Blockchain in der Lieferkette reduziert Fehler, Betrug und Tracking-Geb\u00fchren.<\/li>\n\n\n\n<li><strong>Wachstumsquellen:<\/strong> Die Vorteile der Blockchain k\u00f6nnen Unternehmen Zeit, Geld und M\u00fche sparen. Cyberkriminelle k\u00f6nnen nicht in Unternehmen eindringen, die die Blockchain-Technologie verwenden. F\u00fcr Gesch\u00e4ftsinhaber ist es wichtig, Feedback von ihren Kunden zu erhalten. Sie nutzen dieses Feedback, um ihre Waren und Dienstleistungen zu verbessern und so das Wachstum zu steigern. Blockchain hilft mittleren bis gro\u00dfen Unternehmen, Missverst\u00e4ndnisse zu vermeiden. In Kombination mit Strategieberatung reduziert es Betrug. Das gesamte Versorgungssystem entwickelt sich weiter. Die Beteiligten werden auch eine bessere Transparenz zwischen Unternehmen und Verbrauchern feststellen.<\/li>\n<\/ul>\n\n\n\n<h2 class=\"wp-block-heading\"><strong>Key Applications of Blockchain in Food and Beverage Market Research<\/strong><\/h2>\n\n\n\n<p><\/p>\n\n\n\n<h3 class=\"wp-block-heading\"><strong>1. Supply Chain Transparency &amp; Traceability<\/strong><\/h3>\n\n\n\n<p>Blockchain enhances food traceability by recording every supply chain step\u2014from farm to fork.<\/p>\n\n\n\n<p>\ud83d\udd39 <strong>Vorteile:<\/strong><\/p>\n\n\n\n<ul class=\"wp-block-list\">\n<li><p>Real-time tracking of ingredients and product origins&nbsp;<\/p><\/li>\n\n\n\n<li><p>Verification of organic and ethically sourced products&nbsp;<\/p><\/li>\n\n\n\n<li><p>Instant recall capability in case of contamination&nbsp;<\/p><\/li>\n<\/ul>\n\n\n\n<h3 class=\"wp-block-heading\"><strong>2. Consumer Behavior and Product Authenticity<\/strong><\/h3>\n\n\n\n<p>Blockchain-backed food and <a class=\"wpil_keyword_link\" href=\"https:\/\/www.sisinternational.com\/de\/sachverstand\/branchen\/getrankemarktforschung\/\"   title=\"Getr\u00e4nkemarktforschung\" data-wpil-keyword-link=\"linked\"  data-wpil-monitor-id=\"731\">Getr\u00e4nkemarktforschung<\/a> provides real-time insights into consumer buying behaviors and preferences.<\/p>\n\n\n\n<p>\ud83d\udd39 <strong>How it works:<\/strong><\/p>\n\n\n\n<ul class=\"wp-block-list\">\n<li><p>Smart labels and QR codes allow consumers to access verified product data&nbsp;<\/p><\/li>\n\n\n\n<li><p>Companies can track purchasing patterns for data-driven decision-making&nbsp;<\/p><\/li>\n\n\n\n<li><p>Authenticity verification prevents food fraud and counterfeit goods&nbsp;<\/p><\/li>\n<\/ul>\n\n\n\n<h3 class=\"wp-block-heading\"><strong>3. Sustainable and Ethical Sourcing<\/strong><\/h3>\n\n\n\n<p>Blockchain ensures ethical sourcing by verifying labor practices, carbon footprint tracking, and fair trade certification.<\/p>\n\n\n\n<p>\ud83d\udd39 <strong>Blockchain\u2019s role in sustainability:<\/strong><\/p>\n\n\n\n<ul class=\"wp-block-list\">\n<li><p>Transparent tracking of sustainability efforts&nbsp;<\/p><\/li>\n\n\n\n<li><p>Certification of ethically sourced ingredients&nbsp;<\/p><\/li>\n\n\n\n<li><p>Verification of carbon-neutral supply chain initiatives&nbsp;<\/p><\/li>\n<\/ul>\n\n\n\n<h3 class=\"wp-block-heading\"><strong>4. Food Safety and Quality Assurance<\/strong><\/h3>\n\n\n\n<p>Blockchain prevents contamination, reduces foodborne illness risks, and ensures compliance with global food safety standards.<\/p>\n\n\n\n<p>\ud83d\udd39 <strong>Key advantages:<\/strong><\/p>\n\n\n\n<ul class=\"wp-block-list\">\n<li><p>Immediate identification of contamination sources&nbsp;<\/p><\/li>\n\n\n\n<li><p>AI-enhanced blockchain solutions predict food safety risks&nbsp;<\/p><\/li>\n\n\n\n<li><p>Smart contracts automate compliance and certification processes&nbsp;<\/p><\/li>\n<\/ul>\n\n\n\n<h2 class=\"wp-block-heading\"><strong>The Future of Blockchain in Food and Beverage Market Research<\/strong><\/h2>\n\n\n\n<figure class=\"gb-block-image gb-block-image-0e23a2be\"><img loading=\"lazy\" decoding=\"async\" width=\"1456\" height=\"816\" class=\"gb-image gb-image-0e23a2be\" src=\"https:\/\/www.sisinternational.com\/wp-content\/uploads\/2025\/08\/Food-taste-testing-17.jpg\" alt=\"SIS International Marktforschung &amp; Strategie\" title=\"Food taste testing (17)\" srcset=\"https:\/\/www.sisinternational.com\/wp-content\/uploads\/2025\/08\/Food-taste-testing-17.jpg 1456w, https:\/\/www.sisinternational.com\/wp-content\/uploads\/2025\/08\/Food-taste-testing-17-300x168.jpg 300w, https:\/\/www.sisinternational.com\/wp-content\/uploads\/2025\/08\/Food-taste-testing-17-1024x574.jpg 1024w, https:\/\/www.sisinternational.com\/wp-content\/uploads\/2025\/08\/Food-taste-testing-17-768x430.jpg 768w, https:\/\/www.sisinternational.com\/wp-content\/uploads\/2025\/08\/Food-taste-testing-17-18x10.jpg 18w\" sizes=\"auto, (max-width: 1456px) 100vw, 1456px\"><\/figure>\n\n\n\n<p><\/p>\n\n\n\n<p>The next wave of blockchain-powered food and beverage research will include:<\/p>\n\n\n\n<p>\u2705 <strong>AI-driven blockchain insights<\/strong> for consumer trends and market analysis&nbsp;<br>\u2705 <strong>IoT and smart sensors<\/strong> enhancing real-time food safety tracking&nbsp;<br>\u2705 <strong>Tokenized reward programs<\/strong> incentivizing consumers for ethical purchases&nbsp;<br>\u2705 <strong>Cross-border supply chain interoperability<\/strong> for international food trade&nbsp;<\/p>\n\n\n\n<h2 class=\"wp-block-heading\"><strong>Final Thoughts from Ruth Stanat, CEO of SIS International Research<\/strong><\/h2>\n\n\n\n<p>Blockchain is revolutionizing <a href=\"https:\/\/www.sisinternational.com\/de\/sachverstand\/branchen\/abendessen-essen-getranke-marktforschung\/\" title=\"Marktforschung f\u00fcr Speisen und Getr\u00e4nke zum Abendessen\"  data-wpil-monitor-id=\"7177\">food and beverage market research<\/a>, offering an unprecedented level of transparency, security, and trust. Companies that invest in blockchain-powered insights and real-time data tracking will dominate the future of the food industry.<\/p>\n\n\n\n<p>Bei <a href=\"https:\/\/www.linkedin.com\/company\/sisinternationalresearch\/posts\/?feedView=all\" target=\"_blank\" rel=\"noopener\"><strong>SIS International Forschung<\/strong><\/a>, we provide in-depth market intelligence, blockchain adoption strategies, and industry insights to help food and beverage companies stay ahead of trends and disruptions.<\/p>\n\n\n\n<h2 class=\"wp-block-heading\">Unser Standort in New York<\/h2>\n\n\n\n<p>\n\n\n\n<iframe loading=\"lazy\" src=\"https:\/\/www.google.com\/maps\/embed?pb=!1m18!1m12!1m3!1d3022.976188376966!2d-73.99130312499956!3d40.740549471389315!2m3!1f0!2f0!3f0!3m2!1i1024!2i768!4f13.1!3m3!1m2!1s0x89c259a15798c731%3A0xd695d09bdd495f25!2s11%20E%2022nd%20St%20FL%202%2C%20New%20York%2C%20NY%2010010%2C%20USA!5e0!3m2!1sen!2spe!4v1726171763526!5m2!1sen!2spe\" width=\"600\" height=\"450\" allowfullscreen=\"allowfullscreen\" data-mce-fragment=\"1\"><\/iframe>\n\n\n\n<\/p>\n\n\n\n<h3 class=\"wp-block-heading\">11 E 22nd Street, Floor 2, New York, NY 10010 T: +1(212) 505-6805<\/h3>\n\n\n\n<hr class=\"wp-block-separator has-alpha-channel-opacity\"\/>\n\n\n\n<h2 class=\"wp-block-heading\"><span style=\"font-weight: 400;\">\u00dcber SIS International<\/span><\/h2>\n\n\n\n<p><a href=\"https:\/\/www.sisinternational.com\/de\/\"><span style=\"font-weight: 400;\">SIS International<\/span><\/a><span style=\"font-weight: 400;\"> bietet quantitative, qualitative und strategische Forschung an. Wir liefern Daten, Tools, Strategien, Berichte und Erkenntnisse zur Entscheidungsfindung. Wir f\u00fchren auch Interviews, Umfragen, Fokusgruppen und andere Methoden und Ans\u00e4tze der Marktforschung durch.<\/span><a href=\"https:\/\/www.sisinternational.com\/de\/uber-sis-international-research\/contact-sis-international-market-research\/\"><span style=\"font-weight: 400;\"> Kontakt<\/span><\/a><span style=\"font-weight: 400;\"> f\u00fcr Ihr n\u00e4chstes Marktforschungsprojekt.<\/span><\/p>\n\n\n\n<p><\/p>\n\n\n\n<h2 class=\"wp-block-heading\">&nbsp;<\/h2>","protected":false},"excerpt":{"rendered":"<p>Blockchain kann in der Marktforschung im Lebensmittel- und Getr\u00e4nkebereich dazu beitragen, neue und bahnbrechende Marktchancen zu erschlie\u00dfen.<\/p>","protected":false},"author":1,"featured_media":63158,"parent":22018,"menu_order":128,"comment_status":"closed","ping_status":"closed","template":"","meta":{"footnotes":""},"class_list":["post-40631","page","type-page","status-publish","has-post-thumbnail"],"_links":{"self":[{"href":"https:\/\/www.sisinternational.com\/de\/wp-json\/wp\/v2\/pages\/40631","targetHints":{"allow":["GET"]}}],"collection":[{"href":"https:\/\/www.sisinternational.com\/de\/wp-json\/wp\/v2\/pages"}],"about":[{"href":"https:\/\/www.sisinternational.com\/de\/wp-json\/wp\/v2\/types\/page"}],"author":[{"embeddable":true,"href":"https:\/\/www.sisinternational.com\/de\/wp-json\/wp\/v2\/users\/1"}],"replies":[{"embeddable":true,"href":"https:\/\/www.sisinternational.com\/de\/wp-json\/wp\/v2\/comments?post=40631"}],"version-history":[{"count":11,"href":"https:\/\/www.sisinternational.com\/de\/wp-json\/wp\/v2\/pages\/40631\/revisions"}],"predecessor-version":[{"id":80742,"href":"https:\/\/www.sisinternational.com\/de\/wp-json\/wp\/v2\/pages\/40631\/revisions\/80742"}],"up":[{"embeddable":true,"href":"https:\/\/www.sisinternational.com\/de\/wp-json\/wp\/v2\/pages\/22018"}],"wp:featuredmedia":[{"embeddable":true,"href":"https:\/\/www.sisinternational.com\/de\/wp-json\/wp\/v2\/media\/63158"}],"wp:attachment":[{"href":"https:\/\/www.sisinternational.com\/de\/wp-json\/wp\/v2\/media?parent=40631"}],"curies":[{"name":"wp","href":"https:\/\/api.w.org\/{rel}","templated":true}]}}