{"id":40295,"date":"2022-05-03T06:00:42","date_gmt":"2022-05-03T06:00:42","guid":{"rendered":"https:\/\/www.sisinternational.com\/?page_id=40295"},"modified":"2025-09-24T23:54:49","modified_gmt":"2025-09-25T03:54:49","slug":"impfmarktforschung","status":"publish","type":"page","link":"https:\/\/www.sisinternational.com\/de\/sachverstand\/impfmarktforschung\/","title":{"rendered":"Marktforschung zu Impfungen"},"content":{"rendered":"<h1 class=\"wp-block-heading\">Marktforschung zu Impfungen<\/h1>\n\n\n\n<p><\/p>\n\n\n\n<figure class=\"gb-block-image gb-block-image-a929bfc5\"><img loading=\"lazy\" decoding=\"async\" width=\"1456\" height=\"816\" class=\"gb-image gb-image-a929bfc5\" src=\"https:\/\/www.sisinternational.com\/wp-content\/uploads\/2025\/08\/vaccination-2.jpg\" alt=\"SIS International Marktforschung &amp; Strategie\" title=\"vaccination (2)\" srcset=\"https:\/\/www.sisinternational.com\/wp-content\/uploads\/2025\/08\/vaccination-2.jpg 1456w, https:\/\/www.sisinternational.com\/wp-content\/uploads\/2025\/08\/vaccination-2-300x168.jpg 300w, https:\/\/www.sisinternational.com\/wp-content\/uploads\/2025\/08\/vaccination-2-1024x574.jpg 1024w, https:\/\/www.sisinternational.com\/wp-content\/uploads\/2025\/08\/vaccination-2-768x430.jpg 768w, https:\/\/www.sisinternational.com\/wp-content\/uploads\/2025\/08\/vaccination-2-18x10.jpg 18w\" sizes=\"auto, (max-width: 1456px) 100vw, 1456px\"><\/figure>\n\n\n\n<p><\/p>\n\n\n\n<hr class=\"wp-block-separator has-alpha-channel-opacity is-style-dots\"\/>\n\n\n\n<p>Bei einer Impfung wird das Immunsystem gest\u00e4rkt. Dadurch kann das Immunsystem verhindern, dass eine Krankheit oder ein Virus in den K\u00f6rper eindringt. Injektionen sind die \u00fcbliche Methode, um Impfstoffe in den K\u00f6rper zu bringen. Manche Impfstoffe werden oral verabreicht, andere durch die Nase. Wenn ein Arzt einen Impfstoff durch die Nase verabreicht, reagiert der K\u00f6rper schnell, und manche \u00c4rzte halten dies f\u00fcr die beste Methode. Die Reaktion ist viel besser als bei anderen Methoden.<\/p>\n\n\n\n<p>Impfungen sind auch die wirksamste Methode zur Vorbeugung von Infektionskrankheiten. Im 20. Jahrhundert infizierten sich etwa 300 Millionen Menschen mit Pocken. Seit 1977 wurde kein neuer Pockenfall mehr gemeldet. Damit waren die Pocken 1980 die einzige ausgerottete Krankheit der Menschheitsgeschichte. Diese Errungenschaft ist der Pockenimpfung zu verdanken.<\/p>\n\n\n\n<h2 class=\"wp-block-heading\">Warum ist Marktforschung zum Thema Impfung wichtig?<\/h2>\n\n\n\n<p>Impfungen sind unerl\u00e4sslich, da sie die schnellste Methode zur Bek\u00e4mpfung von Krankheitsausbr\u00fcchen sind. Die Marktforschung zu Impfungen erm\u00f6glicht es Gesundheitssystemen, diese Ausbr\u00fcche richtig zu bek\u00e4mpfen.<\/p>\n\n\n\n<p>So impfte die japanische Regierung in den 1970er Jahren beispielsweise mehr als drei Viertel aller Kinder gegen Keuchhusten. Dann kamen Berichte, dass der Impfstoff nicht sicher und unn\u00f6tig sei. Die Zahl der Impfwilligen sank rapide. Der Ausbruch kehrte zur\u00fcck und f\u00fchrte zu Tausenden von F\u00e4llen und Dutzenden von Todesf\u00e4llen. Sobald sich die Impfrate verbesserte, gingen die F\u00e4lle wieder zur\u00fcck. Daher sollten wir Impfungen nicht auf die leichte Schulter nehmen.<\/p>\n\n\n\n<h2 class=\"wp-block-heading\">Wichtige Berufsbezeichnungen<\/h2>\n\n\n\n<h3 class=\"wp-block-heading\">Arzt<\/h3>\n\n\n\n<p>Die \u00c4rzte geben ihren Patienten Einzelheiten und sagen ihnen, welche Impfungen sie wann bekommen sollen. Sie f\u00fchren auch eine \u00dcbersicht \u00fcber die bisherigen Impfungen des Patienten und alle wichtigen Gesundheitsprobleme. Die \u00c4rzte k\u00f6nnen den Patienten auch Impfungen zur Krankheitsvorbeugung verabreichen.<\/p>\n\n\n\n<h3 class=\"wp-block-heading\">Apotheker<\/h3>\n\n\n\n<p>In den meisten L\u00e4ndern ist es Apothekern inzwischen gestattet, Patienten zu impfen. Diese Praxis kann dazu beitragen, dass Menschen immunisiert werden. Die Menschen brauchen einen besseren Zugang zu Impfstoffen, und diese sollten nicht nur in Arztpraxen erh\u00e4ltlich sein.<\/p>\n\n\n\n<h3 class=\"wp-block-heading\">Marketing Manager<\/h3>\n\n\n\n<p>A very well-crafted marketing campaign can teach the public how vital vaccines can be. It can also urge people to get them. Vaccine <a href=\"https:\/\/www.sisinternational.com\/de\/losungen\/strategieberatung\/expertennetzwerk-marktforschung\/\" title=\"Experten-Netzwerk Marktforschung\"  data-wpil-monitor-id=\"8880\">marketing managers work with teams of experts<\/a>. Together they create programs that encourage people to get take vaccines. They also enable people to talk about issues and side effects with doctors and other providers.<\/p>\n\n\n\n<h2 class=\"wp-block-heading\">Warum brauchen Unternehmen Marktforschung zum Thema Impfungen?<\/h2>\n\n\n\n<p>Vaccination Market Research involves defining a specific target group. The providers then <a href=\"https:\/\/www.sisinternational.com\/de\/losungen\/fokusgruppen-marktforschung\/\" title=\"Fokusgruppe Marktforschung\"  data-wpil-monitor-id=\"8874\">market the vaccine only to that group<\/a>. The group can be a business worksite. Businesses need Vaccination Market Research. It gives <a href=\"https:\/\/www.sisinternational.com\/de\/sachverstand\/lebenslaufe\/lebenslauf-mit-erfahrungen-in-der-pharmaindustrie\/\" title=\"Marktforschungsunternehmen f\u00fcr Pharmazeutika und Gesundheitswesen\"  data-wpil-monitor-id=\"8871\">pharmaceutical companies<\/a> data they can use to drive their marketing strategy.<\/p>\n\n\n\n<p>Wenn es um Impfstoffe geht, ist die F\u00e4higkeit der Menschen, sie zu verstehen, manchmal begrenzt. Es kann schwierig sein, das Vertrauen der \u00d6ffentlichkeit in Impfstoffe aufzubauen und aufrechtzuerhalten. Es erfordert ein hohes Ma\u00df an Gesundheitskompetenz. Einige gro\u00dfe Unternehmen wie Apple und Google unterst\u00fctzen den Einsatz von Impfstoffen. Sie empfehlen sie ihren Mitarbeitern bei Bedarf auch.<\/p>\n\n\n\n<p>Nehmen wir beispielsweise an, dass ein Unternehmen keine Kliniken vor Ort anbieten kann. Es sollte die Mitarbeiter dennoch dazu anregen, sich impfen zu lassen, und ihnen daf\u00fcr die n\u00f6tige Freizeit geben. Impfungen in das Gesundheitsprogramm des Unternehmens aufzunehmen, hat gro\u00dfe Vorteile. Es ist sowohl f\u00fcr die Mitarbeiter als auch f\u00fcr ihre Arbeitgeber eine gute Idee. Nachfolgend finden Sie die Vorteile von Impfungen f\u00fcr ein Unternehmen.<\/p>\n\n\n\n<h3 class=\"wp-block-heading\">Arbeitgeberleistungen<\/h3>\n\n\n\n<ul class=\"wp-block-list\">\n<li>Senkt die Kosten durch die Reduzierung krankheitsbedingter Arbeitsausf\u00e4lle.<\/li>\n\n\n\n<li>Impfungen werden h\u00e4ufig von den Krankenversicherungspl\u00e4nen der Mitarbeiter \u00fcbernommen.<\/li>\n\n\n\n<li>Es verbessert die Moral.<\/li>\n<\/ul>\n\n\n\n<h3 class=\"wp-block-heading\">Mitarbeitervorteile<\/h3>\n\n\n\n<ul class=\"wp-block-list\">\n<li>Es reduziert krankheitsbedingte Fehlzeiten und Arztbesuche. Solche Abwesenheiten k\u00f6nnen sich auf die Entwicklung innerhalb eines Unternehmens auswirken.<\/li>\n\n\n\n<li>Es f\u00f6rdert die Gesundheit.<\/li>\n<\/ul>\n\n\n\n<h2 class=\"wp-block-heading\">Wichtige Erfolgsfaktoren<\/h2>\n\n\n\n<p>Sowohl die Regierung als auch die \u00d6ffentlichkeit k\u00f6nnen zum Erfolg von Impfstoffen beitragen. Die Unterst\u00fctzung der Bev\u00f6lkerung in den Impfprogrammen ist f\u00fcr die Verwendung des Impfstoffs von entscheidender Bedeutung und f\u00fchrt zu einer hohen Akzeptanz. Daher sollten Unternehmen \u00fcber ein Gesundheits- und Impfkompetenzprogramm nachdenken. Unternehmen sollten erw\u00e4gen, ein solches Programm obligatorisch zu machen.<\/p>\n\n\n\n<h2 class=\"wp-block-heading\">\u00dcber Vaccination Market Research<\/h2>\n\n\n\n<p>We seek data about your consumers\u2019 opinions through live interviews and surveys. Focus groups are one of the most productive and often used <a href=\"https:\/\/www.sisinternational.com\/de\/quantitative-market-research-methods-and-techniques\/\" title=\"Quantitative Market Research Methods and Techniques\"  data-wpil-monitor-id=\"8866\">market research methods<\/a>. We use them to <a href=\"https:\/\/www.sisinternational.com\/de\/abdeckung\/europa\/marktforschung-liverpool-grosbritannien\/\" title=\"Marktforschung in Liverpool | Fokusgruppen und Datenerfassung in Gro\u00dfbritannien\"  data-wpil-monitor-id=\"8876\">collect quantitative data<\/a> and in-depth details. Also, we give <a href=\"https:\/\/www.sisinternational.com\/de\/losungen\/einblicke-der-kunden\/\" title=\"Einblicke der Kunden\"  data-wpil-monitor-id=\"8878\">insights into actual customer<\/a> opinions.<\/p>\n\n\n\n<p><a href=\"https:\/\/www.sisinternational.com\/de\/qualitative-research-to-enhance-customer-experience\/\" title=\"Qualitative Research to Enhance Customer Experience\"  data-wpil-monitor-id=\"8863\">Qualitative research helps firms to understand customer<\/a> behavior. Also, it helps them figure out the reason why healthcare systems continue to need vaccines. We provide the data to assist with sales tracking. We also save you money and ensure your <a href=\"https:\/\/www.sisinternational.com\/de\/losungen\/reise-tourismus-und-gastgewerbeberatung\/hotelmanagementunternehmen-marktforschung-strategieberatung\/\" title=\"Marktforschung und Strategieberatung f\u00fcr Hotelmanagementunternehmen\"  data-wpil-monitor-id=\"8868\">company\u2019s success by doing strategy research<\/a>.<\/p>\n\n\n\n<p><\/p>","protected":false},"excerpt":{"rendered":"<p>Impfungen sind f\u00fcr die Bek\u00e4mpfung von Krankheitsausbr\u00fcchen unerl\u00e4sslich. Die Marktforschung zu Impfungen erm\u00f6glicht es Gesundheitssystemen, den bestm\u00f6glichen Ansatz zur Vorbeugung zu finden.<\/p>","protected":false},"author":1,"featured_media":64910,"parent":14514,"menu_order":123,"comment_status":"closed","ping_status":"closed","template":"","meta":{"footnotes":""},"class_list":["post-40295","page","type-page","status-publish","has-post-thumbnail"],"_links":{"self":[{"href":"https:\/\/www.sisinternational.com\/de\/wp-json\/wp\/v2\/pages\/40295","targetHints":{"allow":["GET"]}}],"collection":[{"href":"https:\/\/www.sisinternational.com\/de\/wp-json\/wp\/v2\/pages"}],"about":[{"href":"https:\/\/www.sisinternational.com\/de\/wp-json\/wp\/v2\/types\/page"}],"author":[{"embeddable":true,"href":"https:\/\/www.sisinternational.com\/de\/wp-json\/wp\/v2\/users\/1"}],"replies":[{"embeddable":true,"href":"https:\/\/www.sisinternational.com\/de\/wp-json\/wp\/v2\/comments?post=40295"}],"version-history":[{"count":4,"href":"https:\/\/www.sisinternational.com\/de\/wp-json\/wp\/v2\/pages\/40295\/revisions"}],"predecessor-version":[{"id":81491,"href":"https:\/\/www.sisinternational.com\/de\/wp-json\/wp\/v2\/pages\/40295\/revisions\/81491"}],"up":[{"embeddable":true,"href":"https:\/\/www.sisinternational.com\/de\/wp-json\/wp\/v2\/pages\/14514"}],"wp:featuredmedia":[{"embeddable":true,"href":"https:\/\/www.sisinternational.com\/de\/wp-json\/wp\/v2\/media\/64910"}],"wp:attachment":[{"href":"https:\/\/www.sisinternational.com\/de\/wp-json\/wp\/v2\/media?parent=40295"}],"curies":[{"name":"wp","href":"https:\/\/api.w.org\/{rel}","templated":true}]}}