{"id":40293,"date":"2022-05-03T05:45:48","date_gmt":"2022-05-03T05:45:48","guid":{"rendered":"https:\/\/www.sisinternational.com\/?page_id=40293"},"modified":"2025-09-24T23:56:51","modified_gmt":"2025-09-25T03:56:51","slug":"marktforschung-auf-der-isle-of-man","status":"publish","type":"page","link":"https:\/\/www.sisinternational.com\/de\/abdeckung\/europa\/marktforschung-auf-der-isle-of-man\/","title":{"rendered":"Marktforschung auf der Isle of Man"},"content":{"rendered":"<h1 class=\"gb-headline gb-headline-c6e58e32 gb-headline-text\">Marktforschung auf der Isle of Man<\/h1>\n\n\n\n<figure class=\"gb-block-image gb-block-image-9a1285c7\"><img loading=\"lazy\" decoding=\"async\" width=\"1456\" height=\"816\" class=\"gb-image gb-image-9a1285c7\" src=\"https:\/\/www.sisinternational.com\/wp-content\/uploads\/2025\/09\/the-Isle-of-Man-Europe-2.jpg\" alt=\"SIS International Marktforschung &amp; Strategie\" title=\"the Isle of Man Europe (2)\" srcset=\"https:\/\/www.sisinternational.com\/wp-content\/uploads\/2025\/09\/the-Isle-of-Man-Europe-2.jpg 1456w, https:\/\/www.sisinternational.com\/wp-content\/uploads\/2025\/09\/the-Isle-of-Man-Europe-2-300x168.jpg 300w, https:\/\/www.sisinternational.com\/wp-content\/uploads\/2025\/09\/the-Isle-of-Man-Europe-2-1024x574.jpg 1024w, https:\/\/www.sisinternational.com\/wp-content\/uploads\/2025\/09\/the-Isle-of-Man-Europe-2-768x430.jpg 768w, https:\/\/www.sisinternational.com\/wp-content\/uploads\/2025\/09\/the-Isle-of-Man-Europe-2-18x10.jpg 18w\" sizes=\"auto, (max-width: 1456px) 100vw, 1456px\"><\/figure>\n\n\n\n<hr class=\"wp-block-separator has-alpha-channel-opacity is-style-dots\"\/>\n\n\n\n<p>Between Ireland and Great Britain lies The Isle of Man, a self-governing dependency of the British Crown. Also known as Mann, the Isle of Man is an excellent place to do business. Market research will aid potential investors in finding a niche market. They can then focus on this niche and provide goods and <a href=\"https:\/\/www.sisinternational.com\/de\/losungen\/fintech-strategieberatung-forschung\/marktforschung-fur-finanzdienstleistungen\/\" title=\"Marktforschung f\u00fcr Finanzdienstleistungen\"  data-wpil-monitor-id=\"10073\">services to fill the market\u2019s<\/a> needs. This research helps <a href=\"https:\/\/www.sisinternational.com\/de\/sachverstand\/branchen\/losungen-fur-die-marktforschung-im-gesundheitswesen\/\" title=\"Marktforschungsunternehmen f\u00fcr das Gesundheitswesen\"  data-wpil-monitor-id=\"10077\">firms<\/a> to find the gaps within the market. So, business is about filling this gap to meet the desires and needs of the <a href=\"https:\/\/www.sisinternational.com\/de\/top-5-benefits-of-qualitative-market-research-for-businesses\/\" title=\"Top 5 Benefits of Qualitative Market Research for Businesses\"  data-wpil-monitor-id=\"10078\">market<\/a>.<\/p>\n\n\n\n<h2 class=\"wp-block-heading\">Schl\u00fcsselindustrien<\/h2>\n\n\n\n<p>Die wichtigsten Industriezweige der Isle of Man sind Luftfahrt, Tourismus und Finanzwesen. Die Insel bietet auch Fertigungsdienstleistungen an.<\/p>\n\n\n\n<ul class=\"wp-block-list\">\n<li>Luftfahrt \u2013 diese Insel verf\u00fcgt \u00fcber ein 2007 gegr\u00fcndetes Flugzeugregister. Ziel war es, private und nichtkommerzielle Flugzeugbesitzer in Europa anzuziehen. Seit ihrer Gr\u00fcndung hat die Insel in der Luftfahrt eine gro\u00dfe Bedeutung erlangt.<\/li>\n\n\n\n<li>Finanzen \u2013 die Isle of Man entwickelt sich zu einem globalen Finanzzentrum. Es gibt eine Finanzdienstleistungsbeh\u00f6rde, die die geltenden Vorschriften auf der Insel umsetzt und verwaltet und ihr Image und ihren Ruf sch\u00fctzt und st\u00e4rkt.<\/li>\n\n\n\n<li>Tourismus \u2013 ein weiterer wichtiger Sektor sind Tourismusdienstleistungen. Mit einem wachsenden Tourismussektor fand die Insel es angemessen, besondere Interessen und Veranstaltungen zu entwickeln. Dazu geh\u00f6ren das TT-Festival und Motorsportveranstaltungen. Au\u00dferdem wurden die Qualit\u00e4t der Geb\u00e4ude und des Wohnraums verbessert.<\/li>\n\n\n\n<li>Fertigungsindustrie \u2013 dieser Sektor bietet auf der Insel die meisten Arbeitspl\u00e4tze. Er erwirtschaftet auch den L\u00f6wenanteil des Bruttoinlandsprodukts der Insel.<\/li>\n<\/ul>\n\n\n\n<h2 class=\"wp-block-heading\">Nachbarschaften<\/h2>\n\n\n\n<p>Mann is in the middle of the <a href=\"https:\/\/www.sisinternational.com\/de\/abdeckung\/europa\/marktforschung-nordirland-grosbritannien\/\" title=\"Marktforschung in Nordirland\"  data-wpil-monitor-id=\"10076\">northern Irish Sea between Ireland<\/a> and Great Britain. England is to the east and Northern Ireland to the west. Scotland is to the north, whereas Wales is to the south of The Isle of Man. The island is home to more than 84,000 people, of which about 27,000 live in the capital city, Douglas. Douglas is the leading tourism and trading area on the island. Many ancient sites have origins from times past, when the island was still one of the Viking Kingdoms. The largest town is Onchan which is at the top of Douglas Bay next to Douglas, the capital. This city comprises gorgeous homes, cafes, and shops.<\/p>\n\n\n\n<h2 class=\"wp-block-heading\">Trends<\/h2>\n\n\n\n<p>Die Isle of Man ist ein riesiges Touristenziel. Es gibt einige fantastische Orte, zum Beispiel Laxey Wheel, Cregneash und die Fairy Bridge. Au\u00dferdem kann man die TT-Rennstrecke fahren und dabei Manx-B\u00fccklinge genie\u00dfen. Diese B\u00fccklinge sind ein bedeutendes Highlight der K\u00fcche der Isle of Man.<\/p>\n\n\n\n<h2 class=\"wp-block-heading\">&nbsp;Vorteile und St\u00e4rken im Markt<\/h2>\n\n\n\n<p>The Isle of Man\u2019s economy is reliant on financial services. The government charges very few taxes. It also offers incentives to financial services companies and other high-tech firms on the island. As a result, it has created employment within the various industries.<\/p>\n\n\n\n<p>Furthermore, another strength of the Isle of Man is the e-gaming and gambling industry. These sectors constitute the bulk of the country\u2019s Gross domestic product.<\/p>\n\n\n\n<h2 class=\"wp-block-heading\">Verbraucherbasis<\/h2>\n\n\n\n<figure class=\"gb-block-image gb-block-image-bea2386a\"><img loading=\"lazy\" decoding=\"async\" width=\"1456\" height=\"816\" class=\"gb-image gb-image-bea2386a\" src=\"https:\/\/www.sisinternational.com\/wp-content\/uploads\/2025\/09\/the-Isle-of-Man-Europe-3.jpg\" alt=\"SIS International Marktforschung &amp; Strategie\" title=\"the Isle of Man Europe (3)\" srcset=\"https:\/\/www.sisinternational.com\/wp-content\/uploads\/2025\/09\/the-Isle-of-Man-Europe-3.jpg 1456w, https:\/\/www.sisinternational.com\/wp-content\/uploads\/2025\/09\/the-Isle-of-Man-Europe-3-300x168.jpg 300w, https:\/\/www.sisinternational.com\/wp-content\/uploads\/2025\/09\/the-Isle-of-Man-Europe-3-1024x574.jpg 1024w, https:\/\/www.sisinternational.com\/wp-content\/uploads\/2025\/09\/the-Isle-of-Man-Europe-3-768x430.jpg 768w, https:\/\/www.sisinternational.com\/wp-content\/uploads\/2025\/09\/the-Isle-of-Man-Europe-3-18x10.jpg 18w\" sizes=\"auto, (max-width: 1456px) 100vw, 1456px\"><\/figure>\n\n\n\n<p><\/p>\n\n\n\n<p>The Isle of Man is a very wealthy country known for its low taxes. It\u2019s also famous for its financial <a href=\"https:\/\/www.sisinternational.com\/de\/losungen\/fintech-strategieberatung-forschung\/marktforschung-fur-die-finanzdienstleistungsbranche\/\" title=\"Marktforschung f\u00fcr die Finanzdienstleistungsbranche\"  data-wpil-monitor-id=\"10075\">services and online gambling industries<\/a>. The island boasts a low unemployment rate. As a result, most households can afford to pay for essential goods and services.<\/p>\n\n\n\n<h2 class=\"wp-block-heading\">\u00a0Reasons to grow your business in the Isle of Man<\/h2>\n\n\n\n<p>Die Isle of Man ist neuen Gesch\u00e4ftsvorhaben gegen\u00fcber sehr aufgeschlossen.<\/p>\n\n\n\n<p>Ein wesentlicher Vorteil der Gesch\u00e4ftst\u00e4tigkeit auf der Isle of Man besteht darin, dass es keine Kapitalertrags- oder Verm\u00f6genssteuer gibt. Es gibt auch keine Stempelsteuer oder Erbschaftssteuer. Einige Firmen genie\u00dfen die 0%-Besteuerung. Diese Steuererleichterungen senken die Gemeinkosten der Unternehmen und erm\u00f6glichen ihnen, profitabler zu werden. Infolgedessen k\u00f6nnen diese Unternehmen ihre Wirtschaftst\u00e4tigkeit steigern.<\/p>\n\n\n\n<p><a href=\"https:\/\/www.sisinternational.com\/de\/sachverstand\/branchen\/designfirma-marktforschung\/\" title=\"Marktforschung f\u00fcr Designfirmen\"  data-wpil-monitor-id=\"10074\">Firms must understand the market<\/a> within the Isle of Man. The process of starting a new business feels very supportive. The government nurtures new business ideas. It offers many options for firms looking to do business in the Isle of Man. For instance, there is the Department for Enterprise and Micro Business Grant Scheme. This scheme provides financing and training for firms to kick start business.<\/p>\n\n\n\n<h2 class=\"wp-block-heading\">Unser Standort in New York<\/h2>\n\n\n\n<p>  <iframe loading=\"lazy\" src=\"https:\/\/www.google.com\/maps\/embed?pb=!1m18!1m12!1m3!1d3022.976188376966!2d-73.99130312499956!3d40.740549471389315!2m3!1f0!2f0!3f0!3m2!1i1024!2i768!4f13.1!3m3!1m2!1s0x89c259a15798c731%3A0xd695d09bdd495f25!2s11%20E%2022nd%20St%20FL%202%2C%20New%20York%2C%20NY%2010010%2C%20USA!5e0!3m2!1sen!2spe!4v1726171763526!5m2!1sen!2spe\" width=\"600\" height=\"450\" allowfullscreen=\"allowfullscreen\" data-mce-fragment=\"1\"><\/iframe>  <\/p>\n\n\n\n<h3 class=\"wp-block-heading\">11 E 22nd Street, Floor 2, New York, NY 10010 T: +1(212) 505-6805<\/h3>\n\n\n\n<hr class=\"wp-block-separator has-alpha-channel-opacity\"\/>\n\n\n\n<h2 class=\"wp-block-heading\"><span style=\"font-weight: 400;\">\u00dcber SIS International<\/span><\/h2>\n\n\n\n<p><a href=\"https:\/\/www.sisinternational.com\/de\/\"><span style=\"font-weight: 400;\">SIS International<\/span><\/a><span style=\"font-weight: 400;\"> offers Quantitative, Qualitative, and Strategy Research. We provide data, tools, strategies, reports, and insights for decision-making. We also conduct interviews, surveys, focus groups, and other <a href=\"https:\/\/www.sisinternational.com\/de\/quantitative-market-research-methods-and-techniques\/\" title=\"Quantitative Market Research Methods and Techniques\"  data-wpil-monitor-id=\"10072\">Market Research methods<\/a> and approaches.<\/span><a href=\"https:\/\/www.sisinternational.com\/de\/uber-sis-international-research\/contact-sis-international-market-research\/\"><span style=\"font-weight: 400;\"> Kontakt<\/span><\/a><span style=\"font-weight: 400;\"> f\u00fcr Ihr n\u00e4chstes Marktforschungsprojekt.<\/span><\/p>\n\n\n\n<p><\/p>\n\n\n\n<p><\/p>","protected":false},"excerpt":{"rendered":"<p>Marktforschung auf der Isle of Man bietet Unternehmen einen umfassenden Ansatz zum Verst\u00e4ndnis dieses Marktes und er\u00f6ffnet interessante Gesch\u00e4ftsm\u00f6glichkeiten. <\/p>","protected":false},"author":1,"featured_media":66084,"parent":14510,"menu_order":57,"comment_status":"closed","ping_status":"closed","template":"","meta":{"footnotes":""},"class_list":["post-40293","page","type-page","status-publish","has-post-thumbnail"],"_links":{"self":[{"href":"https:\/\/www.sisinternational.com\/de\/wp-json\/wp\/v2\/pages\/40293","targetHints":{"allow":["GET"]}}],"collection":[{"href":"https:\/\/www.sisinternational.com\/de\/wp-json\/wp\/v2\/pages"}],"about":[{"href":"https:\/\/www.sisinternational.com\/de\/wp-json\/wp\/v2\/types\/page"}],"author":[{"embeddable":true,"href":"https:\/\/www.sisinternational.com\/de\/wp-json\/wp\/v2\/users\/1"}],"replies":[{"embeddable":true,"href":"https:\/\/www.sisinternational.com\/de\/wp-json\/wp\/v2\/comments?post=40293"}],"version-history":[{"count":6,"href":"https:\/\/www.sisinternational.com\/de\/wp-json\/wp\/v2\/pages\/40293\/revisions"}],"predecessor-version":[{"id":81669,"href":"https:\/\/www.sisinternational.com\/de\/wp-json\/wp\/v2\/pages\/40293\/revisions\/81669"}],"up":[{"embeddable":true,"href":"https:\/\/www.sisinternational.com\/de\/wp-json\/wp\/v2\/pages\/14510"}],"wp:featuredmedia":[{"embeddable":true,"href":"https:\/\/www.sisinternational.com\/de\/wp-json\/wp\/v2\/media\/66084"}],"wp:attachment":[{"href":"https:\/\/www.sisinternational.com\/de\/wp-json\/wp\/v2\/media?parent=40293"}],"curies":[{"name":"wp","href":"https:\/\/api.w.org\/{rel}","templated":true}]}}