{"id":40291,"date":"2022-05-03T05:39:32","date_gmt":"2022-05-03T05:39:32","guid":{"rendered":"https:\/\/www.sisinternational.com\/?page_id=40291"},"modified":"2025-09-24T23:57:41","modified_gmt":"2025-09-25T03:57:41","slug":"marktforschung-faroer-inseln","status":"publish","type":"page","link":"https:\/\/www.sisinternational.com\/de\/abdeckung\/europa\/marktforschung-faroer-inseln\/","title":{"rendered":"Marktforschung auf den F\u00e4r\u00f6er Inseln"},"content":{"rendered":"<h1 class=\"gb-headline gb-headline-00645ff9 gb-headline-text\">Marktforschung auf den F\u00e4r\u00f6er Inseln<\/h1>\n\n\n\n<p><\/p>\n\n\n\n<figure class=\"gb-block-image gb-block-image-be89ccbd\"><img loading=\"lazy\" decoding=\"async\" width=\"1456\" height=\"816\" class=\"gb-image gb-image-be89ccbd\" src=\"https:\/\/www.sisinternational.com\/wp-content\/uploads\/2025\/09\/the-Faroe-Islands-4.jpg\" alt=\"SIS International Marktforschung &amp; Strategie\" title=\"the Faroe Islands (4)\" srcset=\"https:\/\/www.sisinternational.com\/wp-content\/uploads\/2025\/09\/the-Faroe-Islands-4.jpg 1456w, https:\/\/www.sisinternational.com\/wp-content\/uploads\/2025\/09\/the-Faroe-Islands-4-300x168.jpg 300w, https:\/\/www.sisinternational.com\/wp-content\/uploads\/2025\/09\/the-Faroe-Islands-4-1024x574.jpg 1024w, https:\/\/www.sisinternational.com\/wp-content\/uploads\/2025\/09\/the-Faroe-Islands-4-768x430.jpg 768w, https:\/\/www.sisinternational.com\/wp-content\/uploads\/2025\/09\/the-Faroe-Islands-4-18x10.jpg 18w\" sizes=\"auto, (max-width: 1456px) 100vw, 1456px\"><\/figure>\n\n\n\n<hr class=\"wp-block-separator has-alpha-channel-opacity is-style-dots\"\/>\n\n\n\n<p>Die F\u00e4r\u00f6er sind ein Archipel mitten im Nordatlantik. Wie Gr\u00f6nland sind diese Inseln ein selbstverwaltetes Teilland des K\u00f6nigreichs D\u00e4nemark. Dar\u00fcber hinaus sind diese Inseln ein Paradies f\u00fcr Wanderer und Naturliebhaber, die das raue Gel\u00e4nde genie\u00dfen. Auf den Inseln finden sie eine einzigartige Flora und Fauna.<\/p>\n\n\n\n<h2 class=\"wp-block-heading\">Schl\u00fcsselindustrien<\/h2>\n\n\n\n<p>Die meisten F\u00e4ringer verdienen ihren Lebensunterhalt mit der Fischerei. Diese Situation macht die Insel anf\u00e4llig f\u00fcr Probleme. So leiden die Inselbewohner beispielsweise unter Hungersn\u00f6ten und niedrigen Arbeitslosenquoten. Sie haben nur dann Arbeit, wenn es reichlich Fisch gibt.<\/p>\n\n\n\n<p>Dennoch sind die F\u00e4r\u00f6er Inseln einer der gro\u00dfen Akteure in der Lachszuchtindustrie. Auch der Walfang ist seit Jahrhunderten Teil der Kultur der F\u00e4r\u00f6er.<\/p>\n\n\n\n<p>Die F\u00e4r\u00f6er Inseln erhalten jedes Jahr finanzielle Hilfe aus D\u00e4nemark. Diese Hilfe tr\u00e4gt zum BIP des Landes bei.<\/p>\n\n\n\n<h2 class=\"wp-block-heading\">Nachbarschaften<\/h2>\n\n\n\n<p><\/p>\n\n\n\n<figure class=\"gb-block-image gb-block-image-2f8b8940\"><img loading=\"lazy\" decoding=\"async\" width=\"1456\" height=\"816\" class=\"gb-image gb-image-2f8b8940\" src=\"https:\/\/www.sisinternational.com\/wp-content\/uploads\/2025\/09\/the-Faroe-Islands-2.jpg\" alt=\"SIS International Marktforschung &amp; Strategie\" title=\"the Faroe Islands (2)\" srcset=\"https:\/\/www.sisinternational.com\/wp-content\/uploads\/2025\/09\/the-Faroe-Islands-2.jpg 1456w, https:\/\/www.sisinternational.com\/wp-content\/uploads\/2025\/09\/the-Faroe-Islands-2-300x168.jpg 300w, https:\/\/www.sisinternational.com\/wp-content\/uploads\/2025\/09\/the-Faroe-Islands-2-1024x574.jpg 1024w, https:\/\/www.sisinternational.com\/wp-content\/uploads\/2025\/09\/the-Faroe-Islands-2-768x430.jpg 768w, https:\/\/www.sisinternational.com\/wp-content\/uploads\/2025\/09\/the-Faroe-Islands-2-18x10.jpg 18w\" sizes=\"auto, (max-width: 1456px) 100vw, 1456px\"><\/figure>\n\n\n\n<p><\/p>\n\n\n\n<p>The Faroes consist of many different Islands. Each is home to various attributes and features of nature. For example, hikers may prefer some islands because of their rugged terrain. On other islands, or rather parts of the island, you may find more natural flora and fauna. The islands are home to many animals, such as sheep. The sheep roam free, walking the roadside as vehicles pass them. They are the base for many meals, such as the famous dish skeripikj\u00f8t. The islanders age the mutton for this chewy dish and dry it in the wind.<\/p>\n\n\n\n<p>Aufgrund ihrer Lage im Nordatlantik herrscht auf den Inseln ein kaltes Klima. Die Temperaturen auf den F\u00e4r\u00f6er-Inseln liegen zwischen vier und zehn Grad Celsius.<\/p>\n\n\n\n<p>Die Hauptstadt der F\u00e4r\u00f6er ist T\u00f3rshavn mit \u00fcber 21.000 Einwohnern. Sie wurde im Jahr 850 n. Chr. von den Nordm\u00e4nnern gegr\u00fcndet.<\/p>\n\n\n\n<h2 class=\"wp-block-heading\">Trends<\/h2>\n\n\n\n<p>F\u00fcr viele Inselbewohner ist der Walfang ein fester Bestandteil ihrer Kultur. Die Tradition ist jedoch umstritten, da viele Tierschutzgruppen diese Praxis f\u00fcr grausam und grausam halten.<\/p>\n\n\n\n<p>The Faroe Islands have been subject to brain drain.&nbsp;The younger generations have been fleeing to mainland Denmark for further education.&nbsp;Moreover, many remain there, where they can get high-paying jobs.&nbsp;They leave behind the older, less tech-savvy generations on the island.&nbsp;Thus, the Faroe Islands has vacancies&nbsp;in the tech industry.<\/p>\n\n\n\n<h2 class=\"wp-block-heading\">Vorteile und St\u00e4rken im Markt<\/h2>\n\n\n\n<p><\/p>\n\n\n\n<figure class=\"gb-block-image gb-block-image-cfd52fed\"><img loading=\"lazy\" decoding=\"async\" width=\"1456\" height=\"816\" class=\"gb-image gb-image-cfd52fed\" src=\"https:\/\/www.sisinternational.com\/wp-content\/uploads\/2025\/09\/the-Faroe-Islands-3.jpg\" alt=\"SIS International Marktforschung &amp; Strategie\" title=\"the Faroe Islands (3)\" srcset=\"https:\/\/www.sisinternational.com\/wp-content\/uploads\/2025\/09\/the-Faroe-Islands-3.jpg 1456w, https:\/\/www.sisinternational.com\/wp-content\/uploads\/2025\/09\/the-Faroe-Islands-3-300x168.jpg 300w, https:\/\/www.sisinternational.com\/wp-content\/uploads\/2025\/09\/the-Faroe-Islands-3-1024x574.jpg 1024w, https:\/\/www.sisinternational.com\/wp-content\/uploads\/2025\/09\/the-Faroe-Islands-3-768x430.jpg 768w, https:\/\/www.sisinternational.com\/wp-content\/uploads\/2025\/09\/the-Faroe-Islands-3-18x10.jpg 18w\" sizes=\"auto, (max-width: 1456px) 100vw, 1456px\"><\/figure>\n\n\n\n<p><\/p>\n\n\n\n<p>Die offizielle W\u00e4hrung dieser Inseln ist die F\u00e4r\u00f6ische Krone. Das d\u00e4nische Festland unterst\u00fctzt die Inseln finanziell. Diese Unterst\u00fctzung f\u00fchrt zu einer stabilen Wirtschaft in diesem Gebiet. Auch die Infrastruktur auf den F\u00e4r\u00f6er-Inseln entspricht den geltenden Vorschriften. Sie verf\u00fcgen \u00fcber gut befestigte Stra\u00dfen und Br\u00fccken im ganzen Land.<\/p>\n\n\n\n<h2 class=\"wp-block-heading\">Gr\u00fcnde, Ihr Gesch\u00e4ft auf den F\u00e4r\u00f6er Inseln auszubauen<\/h2>\n\n\n\n<p>Die F\u00e4r\u00f6er Inseln haben eine starke Fischereiindustrie, die sich auf Lachszucht konzentriert. Sie haben auch eine boomende Tourismusbranche. Touristen k\u00f6nnen von Insel zu Insel h\u00fcpfen. Das ist eine weitere gro\u00dfartige M\u00f6glichkeit, Aktivit\u00e4ten zu finden, die unterschiedlichen Interessen entsprechen. Jede Insel hat etwas Einzigartiges zu bieten.<\/p>\n\n\n\n<h2 class=\"wp-block-heading\">Unser Standort in New York<\/h2>\n\n\n\n<p>\n\n\n\n<iframe loading=\"lazy\" src=\"https:\/\/www.google.com\/maps\/embed?pb=!1m18!1m12!1m3!1d3022.976188376966!2d-73.99130312499956!3d40.740549471389315!2m3!1f0!2f0!3f0!3m2!1i1024!2i768!4f13.1!3m3!1m2!1s0x89c259a15798c731%3A0xd695d09bdd495f25!2s11%20E%2022nd%20St%20FL%202%2C%20New%20York%2C%20NY%2010010%2C%20USA!5e0!3m2!1sen!2spe!4v1726171763526!5m2!1sen!2spe\" width=\"600\" height=\"450\" allowfullscreen=\"allowfullscreen\" data-mce-fragment=\"1\"><\/iframe>\n\n\n\n<\/p>\n\n\n\n<h3 class=\"wp-block-heading\">11 E 22nd Street, Floor 2, New York, NY 10010 T: +1(212) 505-6805<\/h3>\n\n\n\n<hr class=\"wp-block-separator has-alpha-channel-opacity\"\/>\n\n\n\n<h2 class=\"wp-block-heading\"><span style=\"font-weight: 400;\">\u00dcber SIS International<\/span><\/h2>\n\n\n\n<p><a href=\"https:\/\/www.sisinternational.com\/de\/\"><span style=\"font-weight: 400;\">SIS International<\/span><\/a><span style=\"font-weight: 400;\"> offers Quantitative, Qualitative, and Strategy Research. We provide data, tools, strategies, reports, and insights for decision-making. We also conduct interviews, surveys, focus groups, and other <a href=\"https:\/\/www.sisinternational.com\/de\/quantitative-market-research-methods-and-techniques\/\" title=\"Quantitative Market Research Methods and Techniques\"  data-wpil-monitor-id=\"10147\">Market Research methods<\/a> and approaches.<\/span><a href=\"https:\/\/www.sisinternational.com\/de\/uber-sis-international-research\/contact-sis-international-market-research\/\"><span style=\"font-weight: 400;\"> Kontakt<\/span><\/a><span style=\"font-weight: 400;\"> f\u00fcr Ihr n\u00e4chstes Marktforschungsprojekt.<\/span><\/p>\n\n\n\n<p><\/p>","protected":false},"excerpt":{"rendered":"<p>SIS International Research bietet qualitative, quantitative und strategische Marktforschung auf den F\u00e4r\u00f6er-Inseln.<\/p>","protected":false},"author":1,"featured_media":66082,"parent":14510,"menu_order":56,"comment_status":"closed","ping_status":"closed","template":"","meta":{"footnotes":""},"class_list":["post-40291","page","type-page","status-publish","has-post-thumbnail"],"_links":{"self":[{"href":"https:\/\/www.sisinternational.com\/de\/wp-json\/wp\/v2\/pages\/40291","targetHints":{"allow":["GET"]}}],"collection":[{"href":"https:\/\/www.sisinternational.com\/de\/wp-json\/wp\/v2\/pages"}],"about":[{"href":"https:\/\/www.sisinternational.com\/de\/wp-json\/wp\/v2\/types\/page"}],"author":[{"embeddable":true,"href":"https:\/\/www.sisinternational.com\/de\/wp-json\/wp\/v2\/users\/1"}],"replies":[{"embeddable":true,"href":"https:\/\/www.sisinternational.com\/de\/wp-json\/wp\/v2\/comments?post=40291"}],"version-history":[{"count":6,"href":"https:\/\/www.sisinternational.com\/de\/wp-json\/wp\/v2\/pages\/40291\/revisions"}],"predecessor-version":[{"id":81678,"href":"https:\/\/www.sisinternational.com\/de\/wp-json\/wp\/v2\/pages\/40291\/revisions\/81678"}],"up":[{"embeddable":true,"href":"https:\/\/www.sisinternational.com\/de\/wp-json\/wp\/v2\/pages\/14510"}],"wp:featuredmedia":[{"embeddable":true,"href":"https:\/\/www.sisinternational.com\/de\/wp-json\/wp\/v2\/media\/66082"}],"wp:attachment":[{"href":"https:\/\/www.sisinternational.com\/de\/wp-json\/wp\/v2\/media?parent=40291"}],"curies":[{"name":"wp","href":"https:\/\/api.w.org\/{rel}","templated":true}]}}