{"id":40287,"date":"2022-05-03T05:17:43","date_gmt":"2022-05-03T05:17:43","guid":{"rendered":"https:\/\/www.sisinternational.com\/?page_id=40287"},"modified":"2026-01-25T18:28:58","modified_gmt":"2026-01-25T23:28:58","slug":"marktforschung-spitzbergen-jan-mayen","status":"publish","type":"page","link":"https:\/\/www.sisinternational.com\/de\/abdeckung\/europa\/marktforschung-spitzbergen-jan-mayen\/","title":{"rendered":"Marktforschung in Spitzbergen und Jan Mayen"},"content":{"rendered":"<h1 class=\"gb-headline gb-headline-316150ac gb-headline-text\">Marktforschung in Spitzbergen und Jan Mayen<\/h1>\n\n\n\n<figure class=\"gb-block-image gb-block-image-c9e8d54f\"><img loading=\"lazy\" decoding=\"async\" width=\"1456\" height=\"816\" class=\"gb-image gb-image-c9e8d54f\" src=\"https:\/\/www.sisinternational.com\/wp-content\/uploads\/2025\/09\/Artic-Svalbard-4.jpg\" alt=\"SIS International Marktforschung &amp; Strategie\" title=\"Artic Svalbard (4)\" srcset=\"https:\/\/www.sisinternational.com\/wp-content\/uploads\/2025\/09\/Artic-Svalbard-4.jpg 1456w, https:\/\/www.sisinternational.com\/wp-content\/uploads\/2025\/09\/Artic-Svalbard-4-300x168.jpg 300w, https:\/\/www.sisinternational.com\/wp-content\/uploads\/2025\/09\/Artic-Svalbard-4-1024x574.jpg 1024w, https:\/\/www.sisinternational.com\/wp-content\/uploads\/2025\/09\/Artic-Svalbard-4-768x430.jpg 768w, https:\/\/www.sisinternational.com\/wp-content\/uploads\/2025\/09\/Artic-Svalbard-4-18x10.jpg 18w\" sizes=\"auto, (max-width: 1456px) 100vw, 1456px\"><\/figure>\n\n\n\n<p><\/p>\n\n\n\n<hr class=\"wp-block-separator has-alpha-channel-opacity is-style-dots\"\/>\n\n\n\n<p>Spitzbergen ist eine Insel nahe dem Nordpol im n\u00f6rdlichen Norwegischen Meer. Sie wird vom K\u00f6nigreich Norwegen regiert. Die Hauptstadt Spitzbergens, Longyearbyen, ist die n\u00f6rdlichste Stadt der Welt.<\/p>\n\n\n\n<p>Another Nordic island, Jan Mayen, lies three hundred miles southwest of Svalbard. It does not have permanent residents and can hold up to thirty-five people at a time.<\/p>\n\n\n\n<h2 class=\"wp-block-heading\">Schl\u00fcsselindustrien<\/h2>\n\n\n\n<p>Die Inseln von Spitzbergen dienten den Menschen Nordeuropas jahrhundertelang. Ihre Bl\u00fctezeit war das goldene Zeitalter des Walfangs vor ein paar hundert Jahren. Die Walf\u00e4nger verarbeiteten ihren Fang auf den Inseln. Als die Industrie moderner wurde, begannen Seeleute, die Wale an Bord ihrer Schiffe zu verarbeiten. Dieser Fortschritt f\u00fchrte dazu, dass die Inseln von Spitzbergen verlassen wurden.<\/p>\n\n\n\n<p>Centuries later, in the 1900s, Svalbard became another coal-mining region, and it remains one of the primary industries for the islands even today. Mining earns <a class=\"wpil_keyword_link\" href=\"https:\/\/www.sisinternational.com\/de\/abdeckung\/europa\/marktforschung-in-norwegen\/\"   title=\"Marktforschung in Norwegen\" data-wpil-keyword-link=\"linked\"  data-wpil-monitor-id=\"736\">Norwegen<\/a> hundreds of millions of dollars in annual revenue.<\/p>\n\n\n\n<p>Der <a href=\"https:\/\/www.sisinternational.com\/de\/sachverstand\/branchen\/genomische-marktforschung\/\" title=\"Genomik-Marktforschung\"  data-wpil-monitor-id=\"4893\">market<\/a> further expanded to include industries like tourism and research in Svalbard. Many may not think of tourism as a money-making industry for Svalbard due to the remoteness and harsh weather. Svalbard caters to niche groups of tourists, such as people seeking snowmobile adventures and the marvels of the auras.<\/p>\n\n\n\n<p>Wissenschaftler erachten Spitzbergen als idealen Standort f\u00fcr die Erforschung von Themen wie Klimawandel und Polarfauna.<\/p>\n\n\n\n<p>Jan Mayen ist ein Milit\u00e4rst\u00fctzpunkt f\u00fcr Norwegen. Gelegentlich beherbergt es auch einige Wissenschaftler. Die Insel hat nur einen einzigen nat\u00fcrlichen Rohstoff: Kies. Die einzige andere Aktivit\u00e4t ist die Bereitstellung von Dienstleistungen f\u00fcr Milit\u00e4rpersonal.<\/p>\n\n\n\n<h2 class=\"wp-block-heading\">Nachbarschaften<\/h2>\n\n\n\n<p>Jan Mayen is small and home to no permanent residents. It is split into two regions. The northern region is Nord-Jan, and the name of the smaller southern area is S\u00f8r-Jan. Jan Mayen can house fewer than forty people at a time, most of whom live in the small capital city of Olonkinbyen. The island has one other settlement, Puppebu, with only one building.<\/p>\n\n\n\n<p>Spitzbergen ist eine Kette von Kohlebergbauinseln. Zu diesen Inseln geh\u00f6ren Spitzbergen, Nordaustlandet und Edge\u00f8ya. Die Hauptstadt und gr\u00f6\u00dfte Siedlung, Longyearbyen, liegt auf der gr\u00f6\u00dften der Inseln, Spitzbergen. Au\u00dferhalb der Hauptstadt gibt es einige D\u00f6rfer, in denen einige Menschen H\u00fctten haben. Die H\u00fctten sind oft Wochenendh\u00e4user. Die meisten Menschen, die nach Spitzbergen ziehen, bleiben in der Stadt, um in der N\u00e4he ihrer Arbeit zu sein.<\/p>\n\n\n\n<p>In Longyearbyen gibt es eine Grundschule, eine weiterf\u00fchrende Schule und eine Universit\u00e4t. Aufgrund der Gr\u00f6\u00dfe und Abgelegenheit von Spitzbergen verf\u00fcgt das \u00f6rtliche Krankenhaus nicht \u00fcber eine Entbindungsstation. Werdende M\u00fctter kehren stattdessen in eines der europ\u00e4ischen Festlandl\u00e4nder zur\u00fcck. Normalerweise reisen sie erst im fortgeschrittenen Stadium der Schwangerschaft ab, um ihr Kind zur Welt zu bringen. Es gibt ein kleines Charterflugzeug, das die einst\u00fcndige Reise von Spitzbergen nach Norwegen \u00fcbernimmt. Die Bewohner nutzen diesen Charterservice auch bei medizinischen Notf\u00e4llen.<\/p>\n\n\n\n<p>Like any other small settlement, the people of Svalbard enjoy a few amenities. For example, there is a library, gym, swimming pool, bank, hotel, and bus system.<\/p>\n\n\n\n<h2 class=\"wp-block-heading\">Trends<\/h2>\n\n\n\n<p>There has been a decline in coal mining in Svalbard in recent years. Some mines have even closed down. With that said, there has been an increase in tourism to the island. Thrill-seekers go to Svalbard for snowmobile adventures. They also see local wildlife like polar bears, foxes, and reindeer.<\/p>\n\n\n\n<p>Die Menschen zeigen ein wachsendes Interesse daran, auf Spitzbergen zu arbeiten. Der Hafen ist f\u00fcr alle Reisenden visumfrei. Somit kann jeder problemlos nach Spitzbergen reisen und dort arbeiten. Als legaler Einwohner und Steuerzahler von Spitzbergen erhalten sie sogar kostenlose Gesundheitsversorgung von Norwegen. Sie erhalten auch andere Annehmlichkeiten, die von der norwegischen Regierung angeboten werden.<\/p>\n\n\n\n<p>Jan Mayen hat nur vor\u00fcbergehende Bewohner. Einige bleiben im Winter auf der Insel, die meisten kommen jedoch in den Sommermonaten.<\/p>\n\n\n\n<h2 class=\"wp-block-heading\">Vorteile und St\u00e4rken im Markt<\/h2>\n\n\n\n<figure class=\"gb-block-image gb-block-image-62e421a1\"><img loading=\"lazy\" decoding=\"async\" width=\"1456\" height=\"816\" class=\"gb-image gb-image-62e421a1\" src=\"https:\/\/www.sisinternational.com\/wp-content\/uploads\/2025\/09\/Artic-Svalbard-5.jpg\" alt=\"SIS International Marktforschung &amp; Strategie\" title=\"Artic Svalbard (5)\" srcset=\"https:\/\/www.sisinternational.com\/wp-content\/uploads\/2025\/09\/Artic-Svalbard-5.jpg 1456w, https:\/\/www.sisinternational.com\/wp-content\/uploads\/2025\/09\/Artic-Svalbard-5-300x168.jpg 300w, https:\/\/www.sisinternational.com\/wp-content\/uploads\/2025\/09\/Artic-Svalbard-5-1024x574.jpg 1024w, https:\/\/www.sisinternational.com\/wp-content\/uploads\/2025\/09\/Artic-Svalbard-5-768x430.jpg 768w, https:\/\/www.sisinternational.com\/wp-content\/uploads\/2025\/09\/Artic-Svalbard-5-18x10.jpg 18w\" sizes=\"auto, (max-width: 1456px) 100vw, 1456px\"><\/figure>\n\n\n\n<p><\/p>\n\n\n\n<p>Die W\u00e4hrung auf Spitzbergen ist die norwegische Krone. Die Inseln k\u00f6nnen sich einer stabilen Wirtschaft r\u00fchmen. Das Durchschnittseinkommen ist viel h\u00f6her als das der Festlandbewohner.<\/p>\n\n\n\n<p>Companies own most of the housing in Svalbard. They rent to their employees, which is another boost to the private sector on the islands.<\/p>\n\n\n\n<p>Jan Mayen aids mainland Norway and Svalbard\u2019s security as a military base. Jan Mayen also has a meteorological house to track the area&#8217;s weather systems.<\/p>\n\n\n\n<h2 class=\"wp-block-heading\">Verbraucherbasis<\/h2>\n\n\n\n<p>Spitzbergen ist auf die Selbstversorgung seiner Bewohner angewiesen. Erwachsene, die sich nicht mehr selbst versorgen k\u00f6nnen, m\u00fcssen daher auf das Festland zur\u00fcckkehren. Auf den Inseln gibt es keine Friedh\u00f6fe.<\/p>\n\n\n\n<p>Gas and diesel are cheap in Svalbard. But the high price of monthly groceries cancels that out.<\/p>\n\n\n\n<h2 class=\"wp-block-heading\">Reasons to Grow Your Business in Svalbard and Jan Mayen<\/h2>\n\n\n\n<p>The market is stable and easily expandable. There are many opportunities on these remote islands, even with their sparse populations.<\/p>\n\n\n\n<p>For example, we saw how business owners can invest in real estate, as it provides housing for their employees. Opportunities also exist for food production and the provision of other services.<\/p>\n\n\n\n<h2 class=\"wp-block-heading\">Unser Standort in New York<\/h2>\n\n\n\n<p>  <iframe loading=\"lazy\" src=\"https:\/\/www.google.com\/maps\/embed?pb=!1m18!1m12!1m3!1d3022.976188376966!2d-73.99130312499956!3d40.740549471389315!2m3!1f0!2f0!3f0!3m2!1i1024!2i768!4f13.1!3m3!1m2!1s0x89c259a15798c731%3A0xd695d09bdd495f25!2s11%20E%2022nd%20St%20FL%202%2C%20New%20York%2C%20NY%2010010%2C%20USA!5e0!3m2!1sen!2spe!4v1726171763526!5m2!1sen!2spe\" width=\"600\" height=\"450\" allowfullscreen=\"allowfullscreen\" data-mce-fragment=\"1\"><\/iframe>  <\/p>\n\n\n\n<h3 class=\"wp-block-heading\">11 E 22nd Street, Floor 2, New York, NY 10010 T: +1(212) 505-6805<\/h3>\n\n\n\n<hr class=\"wp-block-separator has-alpha-channel-opacity\"\/>\n\n\n\n<h2 class=\"wp-block-heading\"><span style=\"font-weight: 400;\">\u00dcber SIS International<\/span><\/h2>\n\n\n\n<p><a href=\"https:\/\/www.sisinternational.com\/de\/\"><span style=\"font-weight: 400;\">SIS International<\/span><\/a><span style=\"font-weight: 400;\"> bietet quantitative, qualitative und strategische Forschung an. Wir liefern Daten, Tools, Strategien, Berichte und Erkenntnisse zur Entscheidungsfindung. Wir f\u00fchren auch Interviews, Umfragen, Fokusgruppen und andere Methoden und Ans\u00e4tze der Marktforschung durch.<\/span><a href=\"https:\/\/www.sisinternational.com\/de\/uber-sis-international-research\/contact-sis-international-market-research\/\"><span style=\"font-weight: 400;\"> Kontakt<\/span><\/a><span style=\"font-weight: 400;\"> f\u00fcr Ihr n\u00e4chstes Marktforschungsprojekt.<\/span><\/p>\n\n\n\n<p><\/p>","protected":false},"excerpt":{"rendered":"<p>SIS bietet qualitative und quantitative Marktforschung in Spitzbergen und Jan Mayen.<\/p>","protected":false},"author":1,"featured_media":70104,"parent":14510,"menu_order":54,"comment_status":"closed","ping_status":"closed","template":"","meta":{"footnotes":""},"class_list":["post-40287","page","type-page","status-publish","has-post-thumbnail"],"_links":{"self":[{"href":"https:\/\/www.sisinternational.com\/de\/wp-json\/wp\/v2\/pages\/40287","targetHints":{"allow":["GET"]}}],"collection":[{"href":"https:\/\/www.sisinternational.com\/de\/wp-json\/wp\/v2\/pages"}],"about":[{"href":"https:\/\/www.sisinternational.com\/de\/wp-json\/wp\/v2\/types\/page"}],"author":[{"embeddable":true,"href":"https:\/\/www.sisinternational.com\/de\/wp-json\/wp\/v2\/users\/1"}],"replies":[{"embeddable":true,"href":"https:\/\/www.sisinternational.com\/de\/wp-json\/wp\/v2\/comments?post=40287"}],"version-history":[{"count":6,"href":"https:\/\/www.sisinternational.com\/de\/wp-json\/wp\/v2\/pages\/40287\/revisions"}],"predecessor-version":[{"id":78829,"href":"https:\/\/www.sisinternational.com\/de\/wp-json\/wp\/v2\/pages\/40287\/revisions\/78829"}],"up":[{"embeddable":true,"href":"https:\/\/www.sisinternational.com\/de\/wp-json\/wp\/v2\/pages\/14510"}],"wp:featuredmedia":[{"embeddable":true,"href":"https:\/\/www.sisinternational.com\/de\/wp-json\/wp\/v2\/media\/70104"}],"wp:attachment":[{"href":"https:\/\/www.sisinternational.com\/de\/wp-json\/wp\/v2\/media?parent=40287"}],"curies":[{"name":"wp","href":"https:\/\/api.w.org\/{rel}","templated":true}]}}