{"id":40229,"date":"2022-04-27T05:10:59","date_gmt":"2022-04-27T05:10:59","guid":{"rendered":"https:\/\/www.sisinternational.com\/?page_id=40229"},"modified":"2026-01-26T18:45:45","modified_gmt":"2026-01-26T23:45:45","slug":"tv-film-marktforschung","status":"publish","type":"page","link":"https:\/\/www.sisinternational.com\/de\/sachverstand\/tv-film-marktforschung\/","title":{"rendered":"Marktforschung f\u00fcr Fernsehen, Kino und Film"},"content":{"rendered":"<h1 class=\"wp-block-heading\">Marktforschung f\u00fcr Fernsehen, Kino und Film<\/h1>\n\n\n\n<figure class=\"gb-block-image gb-block-image-a272b5e3\"><img loading=\"lazy\" decoding=\"async\" width=\"1456\" height=\"816\" class=\"gb-image gb-image-a272b5e3\" src=\"https:\/\/www.sisinternational.com\/wp-content\/uploads\/2025\/08\/Movie-cinema-5.jpg\" alt=\"SIS International Marktforschung &amp; Strategie\" title=\"Movie cinema (5)\" srcset=\"https:\/\/www.sisinternational.com\/wp-content\/uploads\/2025\/08\/Movie-cinema-5.jpg 1456w, https:\/\/www.sisinternational.com\/wp-content\/uploads\/2025\/08\/Movie-cinema-5-300x168.jpg 300w, https:\/\/www.sisinternational.com\/wp-content\/uploads\/2025\/08\/Movie-cinema-5-1024x574.jpg 1024w, https:\/\/www.sisinternational.com\/wp-content\/uploads\/2025\/08\/Movie-cinema-5-768x430.jpg 768w, https:\/\/www.sisinternational.com\/wp-content\/uploads\/2025\/08\/Movie-cinema-5-18x10.jpg 18w\" sizes=\"auto, (max-width: 1456px) 100vw, 1456px\"><\/figure>\n\n\n\n<p><\/p>\n\n\n\n<hr class=\"wp-block-separator has-alpha-channel-opacity is-style-dots\"\/>\n\n\n\n<p>Television, also called TV, is one of the best-known telecommunication mediums. Broadcasting networks use it to bring across moving images in either black and white or color with sound. Television came about with the teamwork of many individuals in the early 20th century. The first-ever television had a completely different setup from what we know today. Over the years, TV has grown and has also become a <a href=\"https:\/\/www.sisinternational.com\/de\/abdeckung\/marktforschung-mittlerer-osten\/top-entertainment-investment-opportunities-in-saudi-arabia\/\" title=\"Top Entertainment Investment Opportunities in Saudi Arabia\"  data-wpil-monitor-id=\"9460\">top source of entertainment<\/a>.<\/p>\n\n\n\n<p>Filme und Kinofilme sind so ziemlich dasselbe. Sie sind beide bewegte Bilder und Filmsequenzen, und beide zeigen das Bild der visuellen Kunst eines Sch\u00f6pfers. Sie erz\u00e4hlen Geschichten und kommunizieren Ideen \u2013 auch Gef\u00fchle, Sch\u00f6nheit oder sogar die Atmosph\u00e4re durch Videoaufnahmen.<\/p>\n\n\n\n<h2 class=\"wp-block-heading\">Warum ist Marktforschung im Fernseh- und Kinobereich wichtig?<\/h2>\n\n\n\n<p>Diese drei Unterhaltungsformen haben gro\u00dfen Einfluss auf den heutigen sozialen Wandel, da sie den Zuschauern Dinge au\u00dferhalb ihres Blickfelds beibringen und Empathie wecken k\u00f6nnen. Filme und Shows haben nachweislich eine starke Wirkung auf Menschen. Es k\u00f6nnte eine Kombination aus Bildern, Musik und Dialog sein. Dann gibt es noch Licht, Ton und Spezialeffekte. Diese Mittel rufen tiefe Gef\u00fchle hervor und helfen uns sogar, die Menschen um uns herum in unserer aktuellen Situation besser zu verstehen. Sie geben uns auch ein besseres Verst\u00e4ndnis von Gesellschaft und Kultur.<\/p>\n\n\n\n<p>Filme sind Artefakte, die von verschiedenen Kulturen geschaffen wurden. Sie sind ein wichtiges Medium, da sie Unterhaltung und historischen Wert bieten. Oft sind sie eine visuelle Dokumentation eines historischen Moments.<\/p>\n\n\n\n<h2 class=\"wp-block-heading\">Wichtige Berufsbezeichnungen<\/h2>\n\n\n\n<p>There are several job positions in this <a href=\"https:\/\/www.sisinternational.com\/de\/industry-forecast\/personal-care-industry-forecast\/\" title=\"Personal Care Industry Forecast\"  data-wpil-monitor-id=\"9461\">industry that a person<\/a> can fill. Many people have a passion for this industry but don\u2019t know which job is best for them. Following are some examples of positions in the TV, Movie, and Film industry:<\/p>\n\n\n\n<ul class=\"wp-block-list\">\n<li>Filmproduzent<\/li>\n\n\n\n<li>Kamera<\/li>\n\n\n\n<li>Regisseur<\/li>\n\n\n\n<li>Filmschnitt<\/li>\n\n\n\n<li>L\u00e4ufer<\/li>\n\n\n\n<li>Beleuchter<\/li>\n\n\n\n<li>Kameramann<\/li>\n\n\n\n<li>Location-Manager<\/li>\n\n\n\n<li>Videobearbeiter<\/li>\n\n\n\n<li>Tontechniker<\/li>\n\n\n\n<li>Produktionsassistent<\/li>\n<\/ul>\n\n\n\n<p>Die Liste ist endlos. Es gibt jedoch auch befristete Jobs, je nachdem, was die Produktionsfirma tut.<\/p>\n\n\n\n<h2 class=\"wp-block-heading\">Warum ben\u00f6tigen Unternehmen Marktforschung im Bereich Fernsehen, Kino und Kinofilme?<\/h2>\n\n\n\n<p>Many businesses use TV and movies as a form of entertainment. Movies keep restless customers busy while in stores shopping. Or they can even look at a movie while eating in fast-food restaurants. Any company can use TV, movies, and films to promote their business. For example, a TV feature can save a failing business and draw in new <a href=\"https:\/\/www.sisinternational.com\/de\/kundenzufriedenheitsanalyse\/\" title=\"8 M\u00f6glichkeiten zur Steigerung der Kundenzufriedenheit im Einzelhandel\"  data-wpil-monitor-id=\"9462\">customers and investors the same way<\/a>. The TV industry is also a great way to advertise a business. Putting up short ads and even creating jingles is a great way to put a <a href=\"https:\/\/www.sisinternational.com\/de\/losungen\/reise-tourismus-und-gastgewerbeberatung\/marktforschung-fur-reiseleiterunternehmen\/\" title=\"Marktforschung f\u00fcr Reiseleiterunternehmen\"  data-wpil-monitor-id=\"9457\">company out there in the market<\/a>.<\/p>\n\n\n\n<p>Der <a href=\"https:\/\/www.sisinternational.com\/de\/veroffentlichungen\/skalierbare-geschaftsmarktforschung-7-moglichkeiten-zum-aufbau-eines-skalierbaren-geschafts\/\" title=\"Marktforschung f\u00fcr skalierbare Unternehmen: 7 M\u00f6glichkeiten zum Aufbau eines skalierbaren Unternehmens\"  data-wpil-monitor-id=\"9459\">market helps businesses<\/a> pinpoint their goals and set better plans to meet them. Market <a href=\"https:\/\/www.sisinternational.com\/de\/sachverstand\/branchen\/sicherheitsmarktforschung\/\" title=\"Sicherheitsmarktforschung\"  data-wpil-monitor-id=\"7015\">Forschung<\/a> enables you to make critical business decisions and secure investment and funding. It also helps in determining new business opportunities and even avoiding business failure. TV, Movie, and Film companies need to do market research to know when to release their work and how to promote it. Market research enables these companies to create the best strategy for their creative pursuits.<\/p>\n\n\n\n<h2 class=\"wp-block-heading\">Schl\u00fcsselfaktoren f\u00fcr den Erfolg<\/h2>\n\n\n\n<p>Filme und Filmproduktion haben seit ihrer Entstehung einen langen Weg zur\u00fcckgelegt. Die Technologie verbessert sich. Sie hat zur Erfindung von Ger\u00e4ten wie Fernsehern und auch zur Einf\u00fchrung von Streaming-Diensten gef\u00fchrt. Aufgrund dieser Fortschritte wollen die Menschen nicht mehr ihre Zeit im Kino verbringen. Sie wollen auch keine Eintrittskarten mehr bezahlen, um einen Film zu sehen. Jetzt ist er nur noch ein paar Mausklicks entfernt. Au\u00dferdem bringen Filme und Filme jetzt noch mehr Geld ein. Streaming-Dienste erm\u00f6glichen es noch mehr Menschen, neue Filmver\u00f6ffentlichungen zu sehen.<\/p>\n\n\n\n<p>The TV <a href=\"https:\/\/www.sisinternational.com\/de\/sachverstand\/branchen\/industrielle-marktforschung\/\" title=\"Industrielle Marktforschung und Strategie\"  data-wpil-monitor-id=\"9458\">industry is also rising in the market<\/a> as new, high-tech models of televisions are being made. Even more TV shows are being produced, keeping viewers on edge and entertained.<\/p>\n\n\n\n<h2 class=\"wp-block-heading\">\u00dcber Marktforschung f\u00fcr Fernsehen, Kino und Film<\/h2>\n\n\n\n<p>The entertainment sector continues to grow every day. Many companies are seeing this and are looking to expand. Yet, some people do not know where to start. That\u2019s why market research providers exist. They arrange Focus Groups, Interviews, and Surveys. They can also conduct Strategic, Qualitative and <a href=\"https:\/\/www.sisinternational.com\/de\/weltweit-fuhrendes-unternehmen-fur-quantitative-marktforschung\/\" title=\"Weltweit f\u00fchrendes Unternehmen f\u00fcr quantitative Marktforschung\"  data-wpil-monitor-id=\"9456\">Quantitative Research for your company<\/a>. It\u2019s an excellent place to start if you need to research the TV, Movie, and Film market.<\/p>\n\n\n\n<p><\/p>","protected":false},"excerpt":{"rendered":"<p>Medienunternehmen f\u00fchren Marktforschung durch, um den besten Zeitpunkt und die beste Strategie f\u00fcr die Ver\u00f6ffentlichung und Werbung ihrer Arbeit zu bestimmen.<\/p>","protected":false},"author":1,"featured_media":63993,"parent":14514,"menu_order":122,"comment_status":"closed","ping_status":"closed","template":"","meta":{"footnotes":""},"class_list":["post-40229","page","type-page","status-publish","has-post-thumbnail"],"_links":{"self":[{"href":"https:\/\/www.sisinternational.com\/de\/wp-json\/wp\/v2\/pages\/40229","targetHints":{"allow":["GET"]}}],"collection":[{"href":"https:\/\/www.sisinternational.com\/de\/wp-json\/wp\/v2\/pages"}],"about":[{"href":"https:\/\/www.sisinternational.com\/de\/wp-json\/wp\/v2\/types\/page"}],"author":[{"embeddable":true,"href":"https:\/\/www.sisinternational.com\/de\/wp-json\/wp\/v2\/users\/1"}],"replies":[{"embeddable":true,"href":"https:\/\/www.sisinternational.com\/de\/wp-json\/wp\/v2\/comments?post=40229"}],"version-history":[{"count":6,"href":"https:\/\/www.sisinternational.com\/de\/wp-json\/wp\/v2\/pages\/40229\/revisions"}],"predecessor-version":[{"id":81580,"href":"https:\/\/www.sisinternational.com\/de\/wp-json\/wp\/v2\/pages\/40229\/revisions\/81580"}],"up":[{"embeddable":true,"href":"https:\/\/www.sisinternational.com\/de\/wp-json\/wp\/v2\/pages\/14514"}],"wp:featuredmedia":[{"embeddable":true,"href":"https:\/\/www.sisinternational.com\/de\/wp-json\/wp\/v2\/media\/63993"}],"wp:attachment":[{"href":"https:\/\/www.sisinternational.com\/de\/wp-json\/wp\/v2\/media?parent=40229"}],"curies":[{"name":"wp","href":"https:\/\/api.w.org\/{rel}","templated":true}]}}