{"id":40227,"date":"2022-04-27T05:05:23","date_gmt":"2022-04-27T05:05:23","guid":{"rendered":"https:\/\/www.sisinternational.com\/?page_id=40227"},"modified":"2025-09-25T00:07:56","modified_gmt":"2025-09-25T04:07:56","slug":"telekommunikationsmarktforschung","status":"publish","type":"page","link":"https:\/\/www.sisinternational.com\/de\/sachverstand\/telekommunikationsmarktforschung\/","title":{"rendered":"Telekommunikationsmarktforschung (5G und 6G)"},"content":{"rendered":"<h1 class=\"wp-block-heading\">Telekommunikationsmarktforschung (5G und 6G)<\/h1>\n\n\n\n<figure class=\"gb-block-image gb-block-image-36364485\"><img loading=\"lazy\" decoding=\"async\" width=\"1456\" height=\"816\" class=\"gb-image gb-image-36364485\" src=\"https:\/\/www.sisinternational.com\/wp-content\/uploads\/2025\/08\/Smarrtphone-5g-10.jpg\" alt=\"SIS International Marktforschung &amp; Strategie\" title=\"Smarrtphone 5g (10)\" srcset=\"https:\/\/www.sisinternational.com\/wp-content\/uploads\/2025\/08\/Smarrtphone-5g-10.jpg 1456w, https:\/\/www.sisinternational.com\/wp-content\/uploads\/2025\/08\/Smarrtphone-5g-10-300x168.jpg 300w, https:\/\/www.sisinternational.com\/wp-content\/uploads\/2025\/08\/Smarrtphone-5g-10-1024x574.jpg 1024w, https:\/\/www.sisinternational.com\/wp-content\/uploads\/2025\/08\/Smarrtphone-5g-10-768x430.jpg 768w, https:\/\/www.sisinternational.com\/wp-content\/uploads\/2025\/08\/Smarrtphone-5g-10-18x10.jpg 18w\" sizes=\"auto, (max-width: 1456px) 100vw, 1456px\"><\/figure>\n\n\n\n<p><\/p>\n\n\n\n<h2 class=\"wp-block-heading\">Was ist Telekommunikation?<\/h2>\n\n\n\n<p>Telecommunication, or telecom is the passing of information over great distances. This data passes in words, video, voice, or audio. Thus, the Telecommunication sector comprises three things. These are the companies, the devices, and the infrastructure that make information-sharing possible. Some of the devices in telecom are phones, fiberoptic cables, and satellites.<\/p>\n\n\n\n<p>Zur Telekommunikation geh\u00f6ren auch die nach Generationen gruppierten Mobilfunknetze. 5G und 6G sind die 5. und 6. Generation dieser Netze. 5G ist 100-mal schneller als 4G. Wenn 6G einsatzbereit ist, wird es sogar noch schneller sein als 5G.<\/p>\n\n\n\n<h2 class=\"wp-block-heading\">Warum ist 5G- und 6G-Telekommunikation wichtig<\/h2>\n\n\n\n<p>In der heutigen Welt ist Telekommunikation unverzichtbar. Sie ist die beste Form schneller und weitreichender Kommunikation. Die heutige Welt ist viel vernetzter als fr\u00fcher. Heute haben Dinge, die auf einer Seite der Welt passieren, gr\u00f6\u00dfere Auswirkungen auf den gesamten Globus. Daher sind schnelle und zuverl\u00e4ssige Dienste wie 5G unverzichtbar. Mit 5G k\u00f6nnen Krankenh\u00e4user beispielsweise schnelle Ferndiagnosen stellen. 5G-Daten k\u00f6nnen auch Verkehrsmuster verbessern und die Stra\u00dfen f\u00fcr alle sicherer machen.<\/p>\n\n\n\n<p>The 6G network will improve the things that 5G networks do. It will be 100 times faster than 5G. This increase in speed means that the transfer of information will occur in real-time. Furthermore, 6G will enhance Artificial Intelligence. It will improve the quality of <a href=\"https:\/\/www.sisinternational.com\/de\/losungen\/fintech-strategieberatung-forschung\/beratung-zur-kundengewinnung-im-finanzdienstleistungsbereich\/\" title=\"Beratung zur Kundengewinnung im Finanzdienstleistungsbereich\"  data-wpil-monitor-id=\"8912\">service that customers<\/a> get.<\/p>\n\n\n\n<h2 class=\"wp-block-heading\">Hier sind einige wichtige Jobs in der Telekommunikation<\/h2>\n\n\n\n<ul class=\"wp-block-list\">\n<li>Fernmeldetechniker\/in<\/li>\n\n\n\n<li>Daten Analyst<\/li>\n\n\n\n<li>Telekommunikationsingenieur<\/li>\n\n\n\n<li>VoIP-Ingenieur<\/li>\n\n\n\n<li>Computerprogrammierer<\/li>\n\n\n\n<li>Kabelinstallateur<\/li>\n<\/ul>\n\n\n\n<h2 class=\"wp-block-heading\">Warum brauchen Unternehmen 5G- und 6G-Telekommunikation?<\/h2>\n\n\n\n<h3 class=\"wp-block-heading\">Schnellere und bessere Kommunikation<\/h3>\n\n\n\n<p>Some <a href=\"https:\/\/www.sisinternational.com\/de\/losungen\/verbrauchermarktforschung\/\" title=\"Consumer Market Research Services for Smarter Business Decisions\"  data-wpil-monitor-id=\"8916\">Unternehmen<\/a> rely on telecommunications to give their service to clients. Call centers are an example of this type of company. If they want to provide quality service, they need great telecom. With 5G, the audio for their calls will be better. The company will also have fewer dropped calls. They will meet the needs of more clients and do their jobs faster.<\/p>\n\n\n\n<h3 class=\"wp-block-heading\">Mehr Ger\u00e4tekapazit\u00e4t<\/h3>\n\n\n\n<p>It may seem like any number of devices can connect to a network, but this is not true. Networks have a limited number of devices and data transmission they can handle at once. But offices are growing, and they have more devices and use more data. The 4G network cannot deal with this immense workload. This network only supports 2000 devices per 0.38 square miles. But the 5G network can service up to one million devices. Thus, if a company plans to grow, it should have a network that will support the growth.<\/p>\n\n\n\n<h3 class=\"wp-block-heading\">Bessere Verbindung<\/h3>\n\n\n\n<p>6G ist noch in der Entwicklung, aber Unternehmen k\u00f6nnen seine Vorteile erkennen. In Zukunft wird die Fernkommunikation mit Kunden und Kollegen h\u00e4ufiger stattfinden. 6G erm\u00f6glicht diesen Prozess 100-mal schneller und besser als heute. Bei Online-Meetings wird es weniger Netzwerkunterbrechungen geben. Dar\u00fcber hinaus erhalten Telekommunikationskunden \u00fcberall einen hervorragenden Service mit einer gr\u00f6\u00dferen Servicereichweite.<\/p>\n\n\n\n<h2 class=\"wp-block-heading\">\u00dcber Marktforschung im Telekommunikationsbereich (5G und 6G)<\/h2>\n\n\n\n<p>Neither 5G nor 6G is mainstream yet. Many <a href=\"https:\/\/www.sisinternational.com\/de\/multiplattform-marketing-kampagnenstrategie-fur-eine-holdinggesellschaft-und-einen-unternehmenskonglomerat-aus-den-emiraten\/\" title=\"Multikulturelle Werbedienstleistungen f\u00fcr eine Holdinggesellschaft und einen Unternehmenskonglomerat aus den Emiraten\"  data-wpil-monitor-id=\"8913\">companies still use 4G to do business<\/a>. Still, there is much research happening in this area. For example, we use <a href=\"https:\/\/www.sisinternational.com\/de\/how-to-design-effective-surveys-for-quantitative-research\/\" title=\"How to Design Effective Surveys for Quantitative Research\"  data-wpil-monitor-id=\"8910\">Quantitative and Qualitative research<\/a> to find ways to use 5G and 6G.<\/p>\n\n\n\n<p>Bevor Unternehmen sich f\u00fcr den Wechsel zu diesen Netzwerken entscheiden, sollten sie Nachforschungen anstellen. Da das Gebiet selbst f\u00fcr Wissenschaftler noch neu ist, sollten Gesch\u00e4ftsinhaber ihr Bestes tun, um auf dem Laufenden zu bleiben. Auf diese Weise verf\u00fcgt das Unternehmen \u00fcber alle Informationen dar\u00fcber, welche Vorteile es ihm und den Verbrauchern bietet.<\/p>\n\n\n\n<p><a href=\"https:\/\/www.sisinternational.com\/de\/weltweit-fuhrendes-unternehmen-fur-fokusgruppen\/\" title=\"Top-Unternehmen der Global Focus Group\"  data-wpil-monitor-id=\"8909\">Companies can use focus groups<\/a>, interviews, and surveys to get information. With the feedback, the company can make network improvements. It\u2019s the best <a href=\"https:\/\/www.sisinternational.com\/de\/kundenzufriedenheitsanalyse\/\" title=\"8 M\u00f6glichkeiten zur Steigerung der Kundenzufriedenheit im Einzelhandel\"  data-wpil-monitor-id=\"8915\">way to keep the customers<\/a> satisfied.<\/p>\n\n\n\n<p><\/p>","protected":false},"excerpt":{"rendered":"<p>Telekommunikation ist die \u00dcbertragung von Informationen \u00fcber gro\u00dfe Entfernungen in verschiedenen Formaten wie Audio, Video und Daten.<\/p>","protected":false},"author":1,"featured_media":63118,"parent":14514,"menu_order":121,"comment_status":"closed","ping_status":"closed","template":"","meta":{"footnotes":""},"class_list":["post-40227","page","type-page","status-publish","has-post-thumbnail"],"_links":{"self":[{"href":"https:\/\/www.sisinternational.com\/de\/wp-json\/wp\/v2\/pages\/40227","targetHints":{"allow":["GET"]}}],"collection":[{"href":"https:\/\/www.sisinternational.com\/de\/wp-json\/wp\/v2\/pages"}],"about":[{"href":"https:\/\/www.sisinternational.com\/de\/wp-json\/wp\/v2\/types\/page"}],"author":[{"embeddable":true,"href":"https:\/\/www.sisinternational.com\/de\/wp-json\/wp\/v2\/users\/1"}],"replies":[{"embeddable":true,"href":"https:\/\/www.sisinternational.com\/de\/wp-json\/wp\/v2\/comments?post=40227"}],"version-history":[{"count":3,"href":"https:\/\/www.sisinternational.com\/de\/wp-json\/wp\/v2\/pages\/40227\/revisions"}],"predecessor-version":[{"id":81495,"href":"https:\/\/www.sisinternational.com\/de\/wp-json\/wp\/v2\/pages\/40227\/revisions\/81495"}],"up":[{"embeddable":true,"href":"https:\/\/www.sisinternational.com\/de\/wp-json\/wp\/v2\/pages\/14514"}],"wp:featuredmedia":[{"embeddable":true,"href":"https:\/\/www.sisinternational.com\/de\/wp-json\/wp\/v2\/media\/63118"}],"wp:attachment":[{"href":"https:\/\/www.sisinternational.com\/de\/wp-json\/wp\/v2\/media?parent=40227"}],"curies":[{"name":"wp","href":"https:\/\/api.w.org\/{rel}","templated":true}]}}