{"id":40225,"date":"2022-04-27T05:01:01","date_gmt":"2022-04-27T05:01:01","guid":{"rendered":"https:\/\/www.sisinternational.com\/?page_id=40225"},"modified":"2026-01-25T16:41:19","modified_gmt":"2026-01-25T21:41:19","slug":"supermarkt-marktforschung","status":"publish","type":"page","link":"https:\/\/www.sisinternational.com\/de\/sachverstand\/supermarkt-marktforschung\/","title":{"rendered":"Supermarkt-Marktforschung"},"content":{"rendered":"<h1 class=\"wp-block-heading\">Supermarkt-Marktforschung<\/h1>\n\n\n\n<figure class=\"gb-block-image gb-block-image-f339065b\"><img loading=\"lazy\" decoding=\"async\" width=\"1456\" height=\"816\" class=\"gb-image gb-image-f339065b\" src=\"https:\/\/www.sisinternational.com\/wp-content\/uploads\/2025\/09\/Packaged-goods-2-1.jpg\" alt=\"SIS International Marktforschung &amp; Strategie\" title=\"Packaged goods (2)\" srcset=\"https:\/\/www.sisinternational.com\/wp-content\/uploads\/2025\/09\/Packaged-goods-2-1.jpg 1456w, https:\/\/www.sisinternational.com\/wp-content\/uploads\/2025\/09\/Packaged-goods-2-1-300x168.jpg 300w, https:\/\/www.sisinternational.com\/wp-content\/uploads\/2025\/09\/Packaged-goods-2-1-1024x574.jpg 1024w, https:\/\/www.sisinternational.com\/wp-content\/uploads\/2025\/09\/Packaged-goods-2-1-768x430.jpg 768w, https:\/\/www.sisinternational.com\/wp-content\/uploads\/2025\/09\/Packaged-goods-2-1-18x10.jpg 18w\" sizes=\"auto, (max-width: 1456px) 100vw, 1456px\"><\/figure>\n\n\n\n<p><\/p>\n\n\n\n<hr class=\"wp-block-separator has-alpha-channel-opacity is-style-dots\"\/>\n\n\n\n<p>Ein Supermarkt ist ein riesiges Einzelhandelsgesch\u00e4ft. Diese Superm\u00e4rkte legen gro\u00dfen Wert auf die Platzierung ihrer Produkte. Sie platzieren die Artikel so, dass die Kunden sie leicht finden und ausw\u00e4hlen k\u00f6nnen. Fr\u00fcher boten Superm\u00e4rkte Lebensmittel, Nahrungsmittel und Milchprodukte an. Heute verkaufen sie Non-Food-Artikel wie Kosmetika und Haushaltswaren.<\/p>\n\n\n\n<p><\/p>\n\n\n\n<h2 class=\"wp-block-heading\">Warum ist ein Supermarkt wichtig?<\/h2>\n\n\n\n<h3 class=\"wp-block-heading\">Festpreis und Qualit\u00e4tsware.<\/h3>\n\n\n\n<p>In Superm\u00e4rkten wird nicht \u00fcber die Preise von Waren verhandelt. Daher verkaufen sie Standardwaren. Die Kunden glauben, dass sie den richtigen Preis f\u00fcr die richtigen Waren in der richtigen Menge zahlen.<\/p>\n\n\n\n<h3 class=\"wp-block-heading\">Verf\u00fcgbarkeit einer Vielzahl von Waren und t\u00e4glichen Bed\u00fcrfnissen<\/h3>\n\n\n\n<p>Superm\u00e4rkte bieten eine gro\u00dfe Auswahl an Waren in einer bestimmten Reihenfolge an. So haben Kunden einfachen Zugriff auf die Waren, die sie kaufen m\u00f6chten. Dar\u00fcber hinaus f\u00fchren Superm\u00e4rkte fast alle Waren, die Verbraucher t\u00e4glich und regelm\u00e4\u00dfig ben\u00f6tigen. So m\u00fcssen sie nicht von einem Ort zum anderen gehen, um ihre Eink\u00e4ufe zu erledigen.<\/p>\n\n\n\n<h2 class=\"wp-block-heading\">Wichtige Berufsbezeichnungen<\/h2>\n\n\n\n<h3 class=\"wp-block-heading\">Lagermitarbeiter<\/h3>\n\n\n\n<p>Lagermitarbeiter sorgen daf\u00fcr, dass Eink\u00e4ufer schnell auf die gew\u00fcnschten Waren zugreifen k\u00f6nnen. Zudem organisieren sie die Warenpr\u00e4sentation und -lagerung.<\/p>\n\n\n\n<h3 class=\"wp-block-heading\">Kassierer<\/h3>\n\n\n\n<p>Most buyers load their purchases into a trolley and have them checked by the cashier, who scans the customer\u2019s items and takes payment for the goods. Also, cashiers must be quick with ringing up customers\u2019 purchases and price calculations. It\u2019s the best <a href=\"https:\/\/www.sisinternational.com\/de\/kundenzufriedenheitsanalyse\/\" title=\"8 M\u00f6glichkeiten zur Steigerung der Kundenzufriedenheit im Einzelhandel\"  data-wpil-monitor-id=\"10208\">way for customers<\/a> to avoid another long queue.<\/p>\n\n\n\n<h3 class=\"wp-block-heading\">Bagger<\/h3>\n\n\n\n<p>Ein Einpacker hilft einem Kunden, seine Eink\u00e4ufe an der Kasse in T\u00fcten zu packen. Einpacker k\u00f6nnen auch dabei helfen, Lebensmittel zum Fahrzeug eines Kunden zu bringen. Auf Anfrage bieten sie weitere Dienste an.<\/p>\n\n\n\n<h3 class=\"wp-block-heading\">Lagermitarbeiter\/in oder Versandmitarbeiter\/in<\/h3>\n\n\n\n<p>The clerks are in charge of keeping a stock count. They also determine the <a href=\"https:\/\/www.sisinternational.com\/de\/losungen\/branding-und-kundenforschungslosungen\/produkttests-marktforschung\/new-product-concept-testing-methods\/\" title=\"New Product Concept Testing Methods\"  data-wpil-monitor-id=\"10205\">methods for incoming and outgoing product<\/a> shipping.<\/p>\n\n\n\n<h2 class=\"wp-block-heading\">Warum brauchen Unternehmen Marktforschung f\u00fcr Superm\u00e4rkte?<\/h2>\n\n\n\n<p>Der Komfort des Einkaufens im Supermarkt ist nicht mit dem auf dem lokalen Markt vergleichbar. Nachfolgend haben wir einige Gr\u00fcnde aufgelistet, warum Marktforschung im Supermarkt wichtig ist.<\/p>\n\n\n\n<ul class=\"wp-block-list\">\n<li><a href=\"https:\/\/www.sisinternational.com\/de\/sachverstand\/branchen\/low-code-entwicklung-marktforschung\/\" title=\"Marktforschung f\u00fcr Low-Code-Entwicklung\"  data-wpil-monitor-id=\"10199\">Marktforschung<\/a> can help a supermarket to develop an effective marketing strategy.<\/li>\n\n\n\n<li>Es informiert Superm\u00e4rkte \u00fcber die Entscheidungen und Vorlieben ihrer Zielgruppe.<\/li>\n\n\n\n<li>Es liefert ihnen wichtige Informationen \u00fcber ihre Konkurrenten.<\/li>\n\n\n\n<li>Es gibt ihnen einen Einblick in die Voraussetzungen f\u00fcr den Erfolg auf dem Markt.<\/li>\n\n\n\n<li>It informs their <a class=\"wpil_keyword_link\" href=\"https:\/\/www.sisinternational.com\/de\/losungen\/vertriebsstrategielosungen\/\"   title=\"Vertriebs- und Strategiel\u00f6sungen\" data-wpil-keyword-link=\"linked\"  data-wpil-monitor-id=\"737\">Verkaufsstrategie<\/a>.<\/li>\n\n\n\n<li>Es hilft, Verluste zu reduzieren.<\/li>\n<\/ul>\n\n\n\n<h2 class=\"wp-block-heading\">Wichtige Erfolgsfaktoren<\/h2>\n\n\n\n<p>Many people see supermarkets as the best places to shop. But there are also certain factors and disadvantages that they face. To succeed, a supermarket must pay heed to the following:<\/p>\n\n\n\n<ul class=\"wp-block-list\">\n<li>Mieten oder kaufen Sie nach M\u00f6glichkeit R\u00e4umlichkeiten. Da sich die meisten Superm\u00e4rkte in Top-Lagen befinden, sind die Mieten in der Regel hoch.<\/li>\n\n\n\n<li>Bedenken Sie, dass Superm\u00e4rkte f\u00fcr D\u00f6rfer und Kleinst\u00e4dte m\u00f6glicherweise nicht geeignet sind.<\/li>\n\n\n\n<li>Sorgen Sie f\u00fcr eine gute Finanzierungsquelle. Die Er\u00f6ffnung eines Supermarktes erfordert einen enormen Kapitaleinsatz.<\/li>\n\n\n\n<li>W\u00e4hlen Sie ein kompetentes Managementteam aus.<\/li>\n\n\n\n<li>Wenn die L\u00f6hne niedrig sind, verlassen Arbeitnehmer ihre Arbeitspl\u00e4tze auf der Suche nach einem neuen.<\/li>\n<\/ul>\n\n\n\n<h2 class=\"wp-block-heading\">\u00dcber Supermarkt-Marktforschung<\/h2>\n\n\n\n<p>Markt <a href=\"https:\/\/www.sisinternational.com\/de\/losungen\/reise-tourismus-und-gastgewerbeberatung\/marktforschung-fur-geschaftsreisen\/\" title=\"Marktforschung f\u00fcr Gesch\u00e4ftsreisen\"  data-wpil-monitor-id=\"10201\">Forschung<\/a> is vital when starting a new business or expanding an existing one. <a href=\"https:\/\/www.sisinternational.com\/de\/veroffentlichungen\/skalierbare-geschaftsmarktforschung-7-moglichkeiten-zum-aufbau-eines-skalierbaren-geschafts\/\" title=\"Marktforschung f\u00fcr skalierbare Unternehmen: 7 M\u00f6glichkeiten zum Aufbau eines skalierbaren Unternehmens\"  data-wpil-monitor-id=\"10196\">Market research also helps with business<\/a> plans. Furthermore, it enables your company to know your customers\u2019 thinking and buying patterns. Also, it helps to look into the do\u2019s and don\u2019ts of the business place, so you can make it the ideal place for your business.<\/p>\n\n\n\n<p>Unser <a href=\"https:\/\/www.sisinternational.com\/de\/abdeckung\/marktforschung-asien\/market-research-in-china-2\/umfrage-marktforschungsunternehmen-china\/\" title=\"Umfrage Marktforschungsunternehmen in China\"  data-wpil-monitor-id=\"10203\">company conducts live interviews and surveys<\/a>. We collect data on your customers\u2019 opinions. SIS International also runs focus groups, a well-known <a href=\"https:\/\/www.sisinternational.com\/de\/quantitative-market-research-methods-and-techniques\/\" title=\"Quantitative Market Research Methods and Techniques\"  data-wpil-monitor-id=\"10192\">market research technique<\/a> for gathering detailed information. We can learn about your customers\u2019 actual points of view through focus groups. Furthermore, <a href=\"https:\/\/www.sisinternational.com\/de\/qualitative-research-to-enhance-customer-experience\/\" title=\"Qualitative Research to Enhance Customer Experience\"  data-wpil-monitor-id=\"10188\">Qualitative Research assists us in comprehending customer<\/a> behavior. It also identifies the factors that influence products repurchase. Quantitative analysis provides us with unbiased information about your customers\u2019 purchasing habits. We conduct <a href=\"https:\/\/www.sisinternational.com\/de\/sachverstand\/branchen\/marktforschung-fur-quantencomputer\/\" title=\"Marktforschung f\u00fcr Quantencomputer\"  data-wpil-monitor-id=\"3697\">market strategy research<\/a> to help you save money and ensure the success of your business.<\/p>\n\n\n\n<p><\/p>","protected":false},"excerpt":{"rendered":"<p>Mithilfe von Marktforschung k\u00f6nnen Superm\u00e4rkte ihre Zielgruppe, ihre Konkurrenten und ihre Verkaufsstrategie besser verstehen und gleichzeitig Verluste reduzieren.<\/p>","protected":false},"author":1,"featured_media":67286,"parent":14514,"menu_order":120,"comment_status":"closed","ping_status":"closed","template":"","meta":{"footnotes":""},"class_list":["post-40225","page","type-page","status-publish","has-post-thumbnail"],"_links":{"self":[{"href":"https:\/\/www.sisinternational.com\/de\/wp-json\/wp\/v2\/pages\/40225","targetHints":{"allow":["GET"]}}],"collection":[{"href":"https:\/\/www.sisinternational.com\/de\/wp-json\/wp\/v2\/pages"}],"about":[{"href":"https:\/\/www.sisinternational.com\/de\/wp-json\/wp\/v2\/types\/page"}],"author":[{"embeddable":true,"href":"https:\/\/www.sisinternational.com\/de\/wp-json\/wp\/v2\/users\/1"}],"replies":[{"embeddable":true,"href":"https:\/\/www.sisinternational.com\/de\/wp-json\/wp\/v2\/comments?post=40225"}],"version-history":[{"count":6,"href":"https:\/\/www.sisinternational.com\/de\/wp-json\/wp\/v2\/pages\/40225\/revisions"}],"predecessor-version":[{"id":81685,"href":"https:\/\/www.sisinternational.com\/de\/wp-json\/wp\/v2\/pages\/40225\/revisions\/81685"}],"up":[{"embeddable":true,"href":"https:\/\/www.sisinternational.com\/de\/wp-json\/wp\/v2\/pages\/14514"}],"wp:featuredmedia":[{"embeddable":true,"href":"https:\/\/www.sisinternational.com\/de\/wp-json\/wp\/v2\/media\/67286"}],"wp:attachment":[{"href":"https:\/\/www.sisinternational.com\/de\/wp-json\/wp\/v2\/media?parent=40225"}],"curies":[{"name":"wp","href":"https:\/\/api.w.org\/{rel}","templated":true}]}}