{"id":40213,"date":"2022-04-27T04:12:39","date_gmt":"2022-04-27T04:12:39","guid":{"rendered":"https:\/\/www.sisinternational.com\/?page_id=40213"},"modified":"2025-09-24T23:13:35","modified_gmt":"2025-09-25T03:13:35","slug":"marktforschung-jersey-europa","status":"publish","type":"page","link":"https:\/\/www.sisinternational.com\/de\/abdeckung\/europa\/marktforschung-jersey-europa\/","title":{"rendered":"Marktforschung in Jersey, Europa"},"content":{"rendered":"<h1 class=\"wp-block-heading\">Marktforschung in Jersey, Europa<\/h1>\n\n\n\n<figure class=\"gb-block-image gb-block-image-4c737369\"><img loading=\"lazy\" decoding=\"async\" width=\"1456\" height=\"816\" class=\"gb-image gb-image-4c737369\" src=\"https:\/\/www.sisinternational.com\/wp-content\/uploads\/2025\/09\/Jersey-3.jpg\" alt=\"SIS International Marktforschung &amp; Strategie\" title=\"Jersey (3)\" srcset=\"https:\/\/www.sisinternational.com\/wp-content\/uploads\/2025\/09\/Jersey-3.jpg 1456w, https:\/\/www.sisinternational.com\/wp-content\/uploads\/2025\/09\/Jersey-3-300x168.jpg 300w, https:\/\/www.sisinternational.com\/wp-content\/uploads\/2025\/09\/Jersey-3-1024x574.jpg 1024w, https:\/\/www.sisinternational.com\/wp-content\/uploads\/2025\/09\/Jersey-3-768x430.jpg 768w, https:\/\/www.sisinternational.com\/wp-content\/uploads\/2025\/09\/Jersey-3-18x10.jpg 18w\" sizes=\"auto, (max-width: 1456px) 100vw, 1456px\"><\/figure>\n\n\n\n<p><\/p>\n\n\n\n<p>Jersey ist eine der gr\u00f6\u00dften Kanalinseln und liegt zwischen England und Frankreich. Dieses selbstverwaltete britische Dependance hat zw\u00f6lf Gemeinden und ist die Heimat von 107.000 Menschen.<\/p>\n\n\n\n<p>Jersey ist wie die anderen Kanalinseln wild und rau. Die Menschen zeigen eine Mischung aus britischer und franz\u00f6sischer Kultur. Die sch\u00f6nsten Viertel liegen an der S\u00fcdk\u00fcste. Wenn Sie l\u00e4nger als ein paar Tage bleiben, werden Sie die meisten davon sehen. Sie k\u00f6nnen jeden Teil der Insel erkunden, indem Sie ein Auto mieten oder den Busservice nutzen.<\/p>\n\n\n\n<h2 class=\"wp-block-heading\">Nachbarschaften<\/h2>\n\n\n\n<p>Zu den Stadtteilen in Jersey geh\u00f6ren:<\/p>\n\n\n\n<ul class=\"wp-block-list\">\n<li>St. Helier \u2013 die Hauptstadt von Jersey. Hier gibt es mehrere Museen und Sehensw\u00fcrdigkeiten.<\/li>\n\n\n\n<li>St. Aubin &#8211; the <a href=\"https:\/\/www.sisinternational.com\/de\/marktforschung-in-chinas-stadten-zweiter-kategorie\/\" title=\"Marktforschung in Chinas zweitklassigen St\u00e4dten\"  data-wpil-monitor-id=\"8386\">second largest city<\/a> in Jersey.<\/li>\n\n\n\n<li>St. Brelade \u2013 diese gesch\u00fctzte Bucht ist ber\u00fchmt f\u00fcr ihre exotischen Str\u00e4nde mit goldenem Sand. Sie ist weltbekannt f\u00fcr ihre Sch\u00f6nheit und Sauberkeit.<\/li>\n\n\n\n<li>Gorey \u2013 diese Gegend eignet sich hervorragend f\u00fcr Besichtigungen.<\/li>\n\n\n\n<li>Grouville \u2013 dies ist ein weiteres Dorf mit einer tiefen patriotischen Vergangenheit.<\/li>\n<\/ul>\n\n\n\n<h2 class=\"wp-block-heading\">Schl\u00fcsselindustrien<\/h2>\n\n\n\n<p>Wichtige Industriezweige in Jersey, Europa sind:<\/p>\n\n\n\n<ul class=\"wp-block-list\">\n<li>Finanzdienstleistungen. Jersey hat eines der erfolgreichsten Finanzzentren der Welt.<\/li>\n\n\n\n<li>Digitaler Technologiesektor.<\/li>\n\n\n\n<li><a href=\"https:\/\/www.sisinternational.com\/de\/losungen\/reise-tourismus-und-gastgewerbeberatung\/\" title=\"Beratung f\u00fcr Reisen, Tourismus und Gastgewerbe\"  data-wpil-monitor-id=\"8383\">Tourism and hospitality<\/a>.<\/li>\n\n\n\n<li>Landwirtschaft und Fischerei.<\/li>\n\n\n\n<li>Konstruktion.<\/li>\n<\/ul>\n\n\n\n<p>Neben seinen wundersch\u00f6nen Str\u00e4nden bietet Jersey auch zahlreiche Wanderwege entlang der Klippen. Dar\u00fcber hinaus ist die Insel f\u00fcr ihre T\u00e4ler im Landesinneren und historischen Burgen bekannt. Eine weitere Ber\u00fchmtheit Jerseys ist seine faszinierende milit\u00e4rische Vergangenheit.<\/p>\n\n\n\n<p>Jersey is the perfect place for history buffs. The island served as a staging post for attacks on the <a href=\"https:\/\/www.sisinternational.com\/de\/abdeckung\/die-amerikaner\/marktforschung-in-der-karibik\/marktforschung-britische-jungferninseln\/\" title=\"Marktforschung auf den Britischen Jungferninseln\"  data-wpil-monitor-id=\"8388\">British<\/a> Isles throughout the Napoleonic Wars and World War II. One can feel this history all around the island.<\/p>\n\n\n\n<h2 class=\"wp-block-heading\">Benefits and Strengths of the Market in Jersey, Europe<\/h2>\n\n\n\n<p>Jerseys Gesch\u00e4ftsklima boomt dank eines gut ausgebauten Kommunikationsnetzes. Dieses Hightech-Netzwerk ist ein weiterer Segen f\u00fcr Unternehmen, da es zuverl\u00e4ssig und effizient ist. Es wird Jersey Gigabit genannt und ist eines der schnellsten Wi-Fi-Netzwerke der Welt.<\/p>\n\n\n\n<p>Jersey\u2019s people are a further asset, as they tend to have a pro-business mindset. Jersey also has low income and company taxes. It is business-friendly, and some of the world\u2019s major companies like the trading environment. These companies include world-renowned banks and law firms. It also consists of a multinational <a href=\"https:\/\/www.sisinternational.com\/de\/sachverstand\/branchen\/marktforschung-zum-weltraumbergbau\/\" title=\"Marktforschung zum Weltraumbergbau\"  data-wpil-monitor-id=\"8380\">mining and research<\/a> company.<\/p>\n\n\n\n<p>Dar\u00fcber hinaus hat Jersey einen ausgezeichneten Zugang zu professionellen Beratern. Ein weiterer Pluspunkt ist die progressive Einstellung der Insel, mehr Firmenniederlassungen f\u00fcr multinationale Unternehmen zu haben. Dar\u00fcber hinaus befinden Sie sich mit einer Unternehmensgr\u00fcndung in Jersey im Herzen eines florierenden Gesch\u00e4ftszentrums.<\/p>\n\n\n\n<h2 class=\"wp-block-heading\">Verbraucherbasis<\/h2>\n\n\n\n<p>Jersey has a robust manufacturing sector. Another key point is that its avenues for the distribution and <a href=\"https:\/\/www.sisinternational.com\/de\/losungen\/fintech-strategieberatung-forschung\/vertrieb-ingenieurwesen-finanzdienstleistungen-beratung\/\" title=\"Vertrieb Engineering Finanzdienstleistungen Beratung\"  data-wpil-monitor-id=\"8384\">sale of goods and services<\/a> are top-notch. It has a significant impact on the local economy as well. The following goods and services have high consumption rates in Jersey:<\/p>\n\n\n\n<ul class=\"wp-block-list\">\n<li>Restaurants, Caf\u00e9s und Take-away-Servicestellen<\/li>\n\n\n\n<li><a href=\"https:\/\/www.sisinternational.com\/de\/sachverstand\/lebenslaufe\/nahrungsmittel-und-getranke-im-asien-pazifik-raum\/\" title=\"Lebensmittel- und Getr\u00e4nkemarktforschung in Asien\"  data-wpil-monitor-id=\"8377\">Nahrungsmittel und Getr\u00e4nke<\/a><\/li>\n\n\n\n<li>Kleidung und Schmuck<\/li>\n\n\n\n<li>Medizinische G\u00fcter<\/li>\n\n\n\n<li>Tabak<\/li>\n\n\n\n<li>Ausbildung<\/li>\n\n\n\n<li>Transport<\/li>\n\n\n\n<li>Gesundheitswesen<\/li>\n\n\n\n<li>Unterhaltung<\/li>\n<\/ul>\n\n\n\n<h2 class=\"wp-block-heading\">\u00dcber Marktforschung in Jersey Europe<\/h2>\n\n\n\n<p>Jersey Europe ist selbstverwaltet. Es verf\u00fcgt \u00fcber eigene Finanz- und Rechtsinstitutionen sowie ein unabh\u00e4ngiges Gerichtssystem. Trotzdem ist Gro\u00dfbritannien f\u00fcr die milit\u00e4rische Verteidigung von Jersey zust\u00e4ndig.<\/p>\n\n\n\n<p>Zumindest strotzt diese Insel vor Energie. Sie bietet alles von Wassersport bis zu Landsport und von Klippenwanderungen bis zu Landstra\u00dfen. Dar\u00fcber hinaus gibt es hier auch eine F\u00fclle historischer Sehensw\u00fcrdigkeiten und lebhafter Restaurants und Pubs. Weitere Aktivit\u00e4ten sind Surfen, Paddleboarding, Kajakfahren, Sommerbootfahren und Yachtrennen, die das ganze Jahr \u00fcber in den Buchten rund um die Insel beliebte Aktivit\u00e4ten sind.<\/p>\n\n\n\n<p>In conclusion, if your company wants to invest in Jersey, Europe, you\u2019ll need Strategy Research. You\u2019ll also need to get Qualitative and Quantitative data. If you engage a <a href=\"https:\/\/www.sisinternational.com\/de\/sachverstand\/branchen\/losungen-fur-die-marktforschung-im-gesundheitswesen\/\" title=\"Marktforschungsunternehmen f\u00fcr das Gesundheitswesen\"  data-wpil-monitor-id=\"8374\">market research firm<\/a>, it\u2019s easy to access this information. Look for one that specializes in providing Interviews, Surveys, and Focus Groups. Such a <a href=\"https:\/\/www.sisinternational.com\/de\/us-veteranen-marktforschung-2\/\" title=\"Marktforschung f\u00fcr US-Veteranen\"  data-wpil-monitor-id=\"8371\">Strategie<\/a> will help you gather data for successful market entry in Jersey, Europe.<\/p>\n\n\n\n<p><\/p>","protected":false},"excerpt":{"rendered":"<p>SIS bietet qualitative und quantitative Marktforschung in Jersey, Europa.<\/p>","protected":false},"author":1,"featured_media":66033,"parent":14510,"menu_order":51,"comment_status":"closed","ping_status":"closed","template":"","meta":{"footnotes":""},"class_list":["post-40213","page","type-page","status-publish","has-post-thumbnail"],"_links":{"self":[{"href":"https:\/\/www.sisinternational.com\/de\/wp-json\/wp\/v2\/pages\/40213","targetHints":{"allow":["GET"]}}],"collection":[{"href":"https:\/\/www.sisinternational.com\/de\/wp-json\/wp\/v2\/pages"}],"about":[{"href":"https:\/\/www.sisinternational.com\/de\/wp-json\/wp\/v2\/types\/page"}],"author":[{"embeddable":true,"href":"https:\/\/www.sisinternational.com\/de\/wp-json\/wp\/v2\/users\/1"}],"replies":[{"embeddable":true,"href":"https:\/\/www.sisinternational.com\/de\/wp-json\/wp\/v2\/comments?post=40213"}],"version-history":[{"count":4,"href":"https:\/\/www.sisinternational.com\/de\/wp-json\/wp\/v2\/pages\/40213\/revisions"}],"predecessor-version":[{"id":81405,"href":"https:\/\/www.sisinternational.com\/de\/wp-json\/wp\/v2\/pages\/40213\/revisions\/81405"}],"up":[{"embeddable":true,"href":"https:\/\/www.sisinternational.com\/de\/wp-json\/wp\/v2\/pages\/14510"}],"wp:featuredmedia":[{"embeddable":true,"href":"https:\/\/www.sisinternational.com\/de\/wp-json\/wp\/v2\/media\/66033"}],"wp:attachment":[{"href":"https:\/\/www.sisinternational.com\/de\/wp-json\/wp\/v2\/media?parent=40213"}],"curies":[{"name":"wp","href":"https:\/\/api.w.org\/{rel}","templated":true}]}}