{"id":40205,"date":"2022-04-27T03:44:36","date_gmt":"2022-04-27T03:44:36","guid":{"rendered":"https:\/\/www.sisinternational.com\/?page_id=40205"},"modified":"2025-09-24T23:10:03","modified_gmt":"2025-09-25T03:10:03","slug":"geopolitische-marktforschung","status":"publish","type":"page","link":"https:\/\/www.sisinternational.com\/de\/sachverstand\/geopolitische-marktforschung\/","title":{"rendered":"Geopolitische Marktforschung"},"content":{"rendered":"<h1 class=\"wp-block-heading\">Geopolitische Marktforschung<\/h1>\n\n\n\n<figure class=\"gb-block-image gb-block-image-6d749cc7\"><img loading=\"lazy\" decoding=\"async\" width=\"1456\" height=\"816\" class=\"gb-image gb-image-6d749cc7\" src=\"https:\/\/www.sisinternational.com\/wp-content\/uploads\/2025\/08\/Global-2.jpg\" alt=\"SIS International Marktforschung &amp; Strategie\" title=\"Global (2)\" srcset=\"https:\/\/www.sisinternational.com\/wp-content\/uploads\/2025\/08\/Global-2.jpg 1456w, https:\/\/www.sisinternational.com\/wp-content\/uploads\/2025\/08\/Global-2-300x168.jpg 300w, https:\/\/www.sisinternational.com\/wp-content\/uploads\/2025\/08\/Global-2-1024x574.jpg 1024w, https:\/\/www.sisinternational.com\/wp-content\/uploads\/2025\/08\/Global-2-768x430.jpg 768w, https:\/\/www.sisinternational.com\/wp-content\/uploads\/2025\/08\/Global-2-18x10.jpg 18w\" sizes=\"auto, (max-width: 1456px) 100vw, 1456px\"><\/figure>\n\n\n\n<p><\/p>\n\n\n\n<hr class=\"wp-block-separator has-alpha-channel-opacity is-style-dots\"\/>\n\n\n\n<h2 class=\"wp-block-heading\">Was ist Geopolitik?<\/h2>\n\n\n\n<p>Geopolitik ist die Lehre von Machtbeziehungen. Sie untersucht, wie die Geographie diese Verbindungen in den globalen Beziehungen beeinflusst. Sie ist auch ein Versuch, Kontrolle \u00fcber die geografischen Einheiten zu erlangen. Diese Einheiten sind Orte, Regionen, L\u00e4nder, Ma\u00dfst\u00e4be und Netzwerke auf der ganzen Welt. Die M\u00e4chte, die versuchen, die Einheiten zu kontrollieren, k\u00f6nnen L\u00e4nder oder Unternehmen sein. Es k\u00f6nnten aber auch andere Dinge sein.<\/p>\n\n\n\n<h2 class=\"wp-block-heading\">Warum ist geopolitische Marktforschung wichtig?<\/h2>\n\n\n\n<p>In today\u2019s global market, sometimes, businesses grow. This growth may lead to branches in other countries. Or a business owner may also want to merge with a <a href=\"https:\/\/www.sisinternational.com\/de\/multiplattform-marketing-kampagnenstrategie-fur-eine-holdinggesellschaft-und-einen-unternehmenskonglomerat-aus-den-emiraten\/\" title=\"Multikulturelle Werbedienstleistungen f\u00fcr eine Holdinggesellschaft und einen Unternehmenskonglomerat aus den Emiraten\"  data-wpil-monitor-id=\"9455\">company<\/a> in another region or country. But every country has factors that affect business practices. Thus, countries need Geopolitical Market Research. It will give data on things such as foreign business practices.<\/p>\n\n\n\n<h2 class=\"wp-block-heading\">Schl\u00fcsseljobs in der geopolitischen Marktforschung<\/h2>\n\n\n\n<p>Hier sind einige der wichtigsten Jobs in diesem Bereich:<\/p>\n\n\n\n<ul class=\"wp-block-list\">\n<li>Geopolitische Analysten<\/li>\n\n\n\n<li>Strategen<\/li>\n\n\n\n<li>Wissenschaftlicher Mitarbeiter<\/li>\n\n\n\n<li>Spezialist f\u00fcr internationale Finanzen<\/li>\n<\/ul>\n\n\n\n<p>Warum Unternehmen geopolitische Marktforschung brauchen<\/p>\n\n\n\n<h3 class=\"wp-block-heading\">Die Risiken kennen<\/h3>\n\n\n\n<p>Business owners have the task of making decisions for their companies. They must know the possible outcomes of these decisions. Geopolitical Market <a href=\"https:\/\/www.sisinternational.com\/de\/sachverstand\/branchen\/marktforschung-zu-horverlust\/\" title=\"Marktforschung zum Thema H\u00f6rverlust\u00a0 \u00a0\"  data-wpil-monitor-id=\"6808\">Forschung<\/a> can protect the company from future loss. For example, if a war happens in a country where the <a href=\"https:\/\/www.sisinternational.com\/de\/losungen\/geschmackstest\/product-testing-for-companies\/\" title=\"Product Testing for Companies\"  data-wpil-monitor-id=\"9451\">company gets products<\/a>, the items can become scarce. This scarcity can affect supplies. As a result, production costs might rise.<\/p>\n\n\n\n<p>Dar\u00fcber hinaus beziehen Kunden ihre Waren m\u00f6glicherweise von einem g\u00fcnstigeren und zuverl\u00e4ssigeren Lieferanten. Mit der richtigen Recherche kann sich der Gesch\u00e4ftsinhaber jedoch auf dieses Problem vorbereiten. Er wird sich daf\u00fcr entscheiden, mehr als einen Lieferanten zu haben.<\/p>\n\n\n\n<h3 class=\"wp-block-heading\">Um gute Investitionen zu t\u00e4tigen<\/h3>\n\n\n\n<p>Sometimes a business owner will want to expand their company. They may see the profit in adding a new type of <a href=\"https:\/\/www.sisinternational.com\/de\/losungen\/geschmackstest\/produkttestdienste-in-new-york\/\" title=\"Produkttestdienste in New York\"  data-wpil-monitor-id=\"9452\">product or service<\/a>. Yet, there might not be a <a href=\"https:\/\/www.sisinternational.com\/de\/sachverstand\/branchen\/grenzmarktlandmarktforschung\/\" title=\"Grenzmarkt-L\u00e4ndermarktforschung\"  data-wpil-monitor-id=\"9454\">market<\/a> for that new thing in their country. In this case, Geopolitical Market Research will help the business owner. For example, the company can try to invest in the product elsewhere. Or it can start another branch in a new country to include the item or service.<\/p>\n\n\n\n<h2 class=\"wp-block-heading\">Schl\u00fcsselfaktoren f\u00fcr den Erfolg<\/h2>\n\n\n\n<h3 class=\"wp-block-heading\">Stellen Sie die richtigen Experten ein<\/h3>\n\n\n\n<p>Heute leben wir in einer vernetzten Welt. Dinge, die an anderen Orten passieren, wirken sich eher auf Unternehmen aus. Daher sollten Unternehmen Mitarbeiter mit Kenntnissen im Bereich Geopolitik einstellen. Dar\u00fcber hinaus wirkt sich nicht jeder Aspekt der Geopolitik auf jedes Unternehmen aus. Daher sollte man einen Experten einstellen, der am besten auf die Bed\u00fcrfnisse des Unternehmens eingeht.<\/p>\n\n\n\n<h3 class=\"wp-block-heading\">Auf dem Laufenden bleiben<\/h3>\n\n\n\n<p>Relations between nations can change fast. Thus, geopolitics often changes as well. The decision-makers for the company must stay updated on these topics. If an uninformed person is making the choices, they might overlook risks. Such a <a href=\"https:\/\/www.sisinternational.com\/de\/umfassende-marketingstrategie-fur-ein-amerikanisches-online-unternehmen-fur-privatfinanzen\/\" title=\"Umfassende Marketingstrategie f\u00fcr ein amerikanisches Online-Unternehmen f\u00fcr Privatfinanzen\"  data-wpil-monitor-id=\"9453\">person can cost the company<\/a> money. So, they may only see the dangers. And the person can miss out on a good opportunity for the company. Having all the details is the best way to know that one is making the right choices for the business.<\/p>\n\n\n\n<h2 class=\"wp-block-heading\">\u00dcber Geopolitical Market Research<\/h2>\n\n\n\n<p>Business owners do not work on their own. Many times, they have to answer to employees and stakeholders. Their choices affect many people. Thus, it is best to have all the information. Geopolitical Market Research is beneficial in this regard. Businesses should do strategic <a href=\"https:\/\/www.sisinternational.com\/de\/losungen\/bildungstechnologie-edtech-losungen\/lernmanagementsysteme-lms-marktforschung\/\" title=\"Marktforschung f\u00fcr Lernmanagementsysteme (LMS)\"  data-wpil-monitor-id=\"9450\">research to learn<\/a> more. Companies can use Qualitative and <a href=\"https:\/\/www.sisinternational.com\/de\/quantitative-market-research-methods-and-techniques\/\" title=\"Quantitative Market Research Methods and Techniques\"  data-wpil-monitor-id=\"9448\">Quantitative Forschungsmethoden<\/a>.<\/p>\n\n\n\n<p>They can also use focus groups, surveys, and interviews to get the needed information. Talk to the experts. Doing so will help business owners choose the right person for their team. Finally, business owners can speak with their employees and other bosses. This simple <a href=\"https:\/\/www.sisinternational.com\/de\/b2b\/\" title=\"Cost-Effective and Actionable Insights to Drive Your Next Strategic Move\"  data-wpil-monitor-id=\"9449\">action can give them insight<\/a> into how to create the best structure. In that way, they will be able to make the best use of Geopolitical Market Research.<\/p>\n\n\n\n<p><\/p>","protected":false},"excerpt":{"rendered":"<p>In jedem Land gibt es einzigartige Faktoren, die sich auf Unternehmen auswirken. Geopolitische Marktforschung ist unerl\u00e4sslich, um Daten \u00fcber ausl\u00e4ndische Gesch\u00e4ftspraktiken zu erhalten.<\/p>","protected":false},"author":1,"featured_media":62410,"parent":14514,"menu_order":118,"comment_status":"closed","ping_status":"closed","template":"","meta":{"footnotes":""},"class_list":["post-40205","page","type-page","status-publish","has-post-thumbnail"],"_links":{"self":[{"href":"https:\/\/www.sisinternational.com\/de\/wp-json\/wp\/v2\/pages\/40205","targetHints":{"allow":["GET"]}}],"collection":[{"href":"https:\/\/www.sisinternational.com\/de\/wp-json\/wp\/v2\/pages"}],"about":[{"href":"https:\/\/www.sisinternational.com\/de\/wp-json\/wp\/v2\/types\/page"}],"author":[{"embeddable":true,"href":"https:\/\/www.sisinternational.com\/de\/wp-json\/wp\/v2\/users\/1"}],"replies":[{"embeddable":true,"href":"https:\/\/www.sisinternational.com\/de\/wp-json\/wp\/v2\/comments?post=40205"}],"version-history":[{"count":5,"href":"https:\/\/www.sisinternational.com\/de\/wp-json\/wp\/v2\/pages\/40205\/revisions"}],"predecessor-version":[{"id":81579,"href":"https:\/\/www.sisinternational.com\/de\/wp-json\/wp\/v2\/pages\/40205\/revisions\/81579"}],"up":[{"embeddable":true,"href":"https:\/\/www.sisinternational.com\/de\/wp-json\/wp\/v2\/pages\/14514"}],"wp:featuredmedia":[{"embeddable":true,"href":"https:\/\/www.sisinternational.com\/de\/wp-json\/wp\/v2\/media\/62410"}],"wp:attachment":[{"href":"https:\/\/www.sisinternational.com\/de\/wp-json\/wp\/v2\/media?parent=40205"}],"curies":[{"name":"wp","href":"https:\/\/api.w.org\/{rel}","templated":true}]}}