{"id":40203,"date":"2022-04-27T03:29:56","date_gmt":"2022-04-27T03:29:56","guid":{"rendered":"https:\/\/www.sisinternational.com\/?page_id=40203"},"modified":"2026-03-12T13:29:25","modified_gmt":"2026-03-12T17:29:25","slug":"marktforschung-zur-lebensmittelsicherheit","status":"publish","type":"page","link":"https:\/\/www.sisinternational.com\/de\/losungen\/marktforschung-fur-die-lebensmittel-und-getrankeindustrie\/marktforschung-zur-lebensmittelsicherheit\/","title":{"rendered":"Marktforschung zur Lebensmittel- und Getr\u00e4nkesicherheit"},"content":{"rendered":"<h1 class=\"wp-block-heading\">Marktforschung zur Lebensmittel- und Getr\u00e4nkesicherheit<\/h1>\n\n\n\n<figure class=\"gb-block-image gb-block-image-93831ed9\"><img loading=\"lazy\" decoding=\"async\" width=\"1456\" height=\"816\" class=\"gb-image gb-image-93831ed9\" src=\"https:\/\/www.sisinternational.com\/wp-content\/uploads\/2025\/09\/Food-safety-6.jpg\" alt=\"SIS International Marktforschung &amp; Strategie\" title=\"Food safety (6)\" srcset=\"https:\/\/www.sisinternational.com\/wp-content\/uploads\/2025\/09\/Food-safety-6.jpg 1456w, https:\/\/www.sisinternational.com\/wp-content\/uploads\/2025\/09\/Food-safety-6-300x168.jpg 300w, https:\/\/www.sisinternational.com\/wp-content\/uploads\/2025\/09\/Food-safety-6-1024x574.jpg 1024w, https:\/\/www.sisinternational.com\/wp-content\/uploads\/2025\/09\/Food-safety-6-768x430.jpg 768w, https:\/\/www.sisinternational.com\/wp-content\/uploads\/2025\/09\/Food-safety-6-18x10.jpg 18w\" sizes=\"auto, (max-width: 1456px) 100vw, 1456px\"><\/figure>\n\n\n\n<p><\/p>\n\n\n\n<h2 class=\"wp-block-heading\">Was ist Lebensmittel- und Getr\u00e4nkesicherheit?<\/h2>\n\n\n\n<p>Essen ist nicht nur k\u00f6stlich, sondern auch der Schl\u00fcssel zum Leben. Sauberes Essen ist der Schl\u00fcssel zum Leben. Essen ist zwar wichtig, kann aber t\u00f6dliche Auswirkungen haben, wenn es nicht zum Verzehr geeignet ist. Lebensmittelsicherheit hat damit zu tun, mit Lebensmitteln so umzugehen, dass Krankheiten vorgebeugt wird. Dazu geh\u00f6rt auch, die Qualit\u00e4t von Lebensmitteln \u00fcber einen langen Zeitraum hinweg zu erhalten. Man muss die Lebensmittel frei von Keimen halten, die dort nicht sein sollten. Lebensmittelsicherheit umfasst alle Phasen der Lebensmittelzubereitung. Zum Beispiel, wie Sie mit Men\u00fcpunkten umgehen, Ihre Umgebung reinigen und Ihr Essen zubereiten.<\/p>\n\n\n\n<h2 class=\"wp-block-heading\">Warum ist Marktforschung zur Lebensmittel- und Getr\u00e4nkesicherheit wichtig?<\/h2>\n\n\n\n<p>Unsafe food causes sickness in millions and death in hundreds of thousands. It also strains healthcare systems dealing with a lot of preventable food illnesses. Children feel most of the impact of food-borne diseases. They are also the most vulnerable. With proper tools, systems, and practices, your business can improve its food safety practices. Such improvements reduce illnesses and deaths. It also leads to a healthier population. <a href=\"https:\/\/www.sisinternational.com\/de\/sachverstand\/lebenslaufe\/nahrungsmittel-und-getranke-im-asien-pazifik-raum\/\" title=\"Lebensmittel- und Getr\u00e4nkemarktforschung in Asien\"  data-wpil-monitor-id=\"9466\">Research is key to ensuring food<\/a> safety keeps improving.<\/p>\n\n\n\n<h2 class=\"wp-block-heading\">Wichtige Berufsbezeichnungen<\/h2>\n\n\n\n<p>Der Bereich Lebensmittelsicherheit ist sehr breit gef\u00e4chert. Daher stehen viele Karrierem\u00f6glichkeiten zur Verf\u00fcgung. Viele erfordern einen Abschluss in Lebensmittelwissenschaft, Chemie oder Biologie, w\u00e4hrend andere lediglich Erfahrung auf diesem Gebiet erfordern. Einige beliebte Titel sind:<\/p>\n\n\n\n<ul class=\"wp-block-list\">\n<li>Qualit\u00e4tssicherungsmanager<\/li>\n\n\n\n<li>Supervisor f\u00fcr Lebensmittelsicherheit und -qualit\u00e4t<\/li>\n\n\n\n<li>Techniker f\u00fcr Qualit\u00e4tssicherung<\/li>\n\n\n\n<li>Spezialist f\u00fcr Lebensmittelsicherheit<\/li>\n\n\n\n<li>Compliance-Beauftragter<\/li>\n\n\n\n<li>Nahrungswissenschaftler<\/li>\n\n\n\n<li>Techniker f\u00fcr Qualit\u00e4tskontrolle in der Chemie<\/li>\n\n\n\n<li>Mitarbeiter f\u00fcr Laborsicherheit<\/li>\n<\/ul>\n\n\n\n<h2 class=\"wp-block-heading\">Warum Unternehmen Marktforschung zur Lebensmittel- und Getr\u00e4nkesicherheit ben\u00f6tigen<\/h2>\n\n\n\n<p>Companies that get a bad rap for food safety also risk good profits. Thus, being known for sick <a href=\"https:\/\/www.sisinternational.com\/de\/sachverstand\/branchen\/marktforschung-zu-stimme-des-kunden-im-lebensmittel-und-getrankebereich\/\" title=\"Marktforschung zur Stimme des Kunden im Lebensmittel- und Getr\u00e4nkebereich\"  data-wpil-monitor-id=\"9470\">customers will cause a failing food<\/a> business. One cannot have a quality business in the food <a href=\"https:\/\/www.sisinternational.com\/de\/industry-forecast\/personal-care-industry-forecast\/\" title=\"Personal Care Industry Forecast\"  data-wpil-monitor-id=\"9464\">industry and not care<\/a> about food safety. Thus, food safety is essential to companies. There are many <a href=\"https:\/\/www.sisinternational.com\/de\/veroffentlichungen\/skalierbare-geschaftsmarktforschung-7-moglichkeiten-zum-aufbau-eines-skalierbaren-geschafts\/\" title=\"Marktforschung f\u00fcr skalierbare Unternehmen: 7 M\u00f6glichkeiten zum Aufbau eines skalierbaren Unternehmens\"  data-wpil-monitor-id=\"9469\">ways to consider food safety in business<\/a>. One critical one is ensuring that the area is clean. Soaps, bleach, and sanitizers are all essential items. Storage for food also affects the quality. So, fridges, containers, sterilized gear, and heating tools play a huge role. Protective gear like gloves, wipes, towels, aprons and hairnets have a small but crucial impact. Many things go into food safety that businesses use. So research continues to find new and better ways to solve problems with food safety.<\/p>\n\n\n\n<h2 class=\"wp-block-heading\">Schl\u00fcsselfaktoren f\u00fcr den Erfolg<\/h2>\n\n\n\n<p>If your <a href=\"https:\/\/www.sisinternational.com\/de\/predictive-analytics\/\" title=\"Predictive Analytics: Your Crystal Ball for Business Success\"  data-wpil-monitor-id=\"9465\">business is to be successful<\/a> in the food safety field, you have to be aware of its standards. This area is well monitored, and so many guidelines exist. Sticking to these guidelines is essential. Besides government rules, your brand needs to do what it has to do well. Once you deliver quality and <a href=\"https:\/\/www.sisinternational.com\/de\/losungen\/branding-und-kundenforschungslosungen\/marken-kundenforschung\/\" title=\"Markenbildung und Kundenforschung\"  data-wpil-monitor-id=\"9467\">customers can pay for your brand<\/a>, they will rely on you. Some companies will even order in bulk depending on the product. Companies have to sustain quality to survive in the food industry. Having reliable <a href=\"https:\/\/www.sisinternational.com\/de\/lebensmittelindustrie\/\" title=\"Spotlight auf die Foodservice-Branche 2011\"  data-wpil-monitor-id=\"9463\">food safety goods and services<\/a> is much needed and profitable. It is also good to know what new problems need solving so that you can tackle them first in the industry.<\/p>\n\n\n\n<h2 class=\"wp-block-heading\">\u00dcber Marktforschung zur Lebensmittel- und Getr\u00e4nkesicherheit<\/h2>\n\n\n\n<p><a href=\"https:\/\/www.sisinternational.com\/de\/sachverstand\/branchen\/marktforschung-zur-verkehrssicherheit\/\" title=\"Marktforschung zur Verkehrssicherheit\"  data-wpil-monitor-id=\"4731\">Market research is vital in the food<\/a> safety field. Your company can use a wide range of research types, including quantitative, qualitative, and strategy research methods. The tools used to carry out such <a href=\"https:\/\/www.sisinternational.com\/de\/losungen\/qualitative-quantitative-forschungslosungen\/telefoninterviews-marktforschung\/\" title=\"Telefonische Tiefeninterviews Marktforschung\"  data-wpil-monitor-id=\"9468\">research are interviews<\/a>, surveys, and focus groups. Some companies also do experiments.<\/p>\n\n\n\n<p>Lebensmittelsicherheit ist f\u00fcr das menschliche Leben von entscheidender Bedeutung. Wir alle lieben saubere, sichere und schmackhafte Lebensmittel. Daher ist es von unsch\u00e4tzbarem Wert, Waren und Dienstleistungen anbieten zu k\u00f6nnen, die dies gew\u00e4hrleisten. Es ist immer gut, die Anforderungen dieses Bereichs zu kennen und zu wissen, welche neuen Probleme Unternehmen l\u00f6sen m\u00fcssen.<\/p>\n\n\n\n<p><\/p>","protected":false},"excerpt":{"rendered":"<p>Lebensmittelsicherheit beugt Krankheiten vor. Sie h\u00e4lt Lebensmittel in allen Phasen frei von sch\u00e4dlichen Keimen, von der Handhabung der Men\u00fcpunkte bis hin zur Reinigung und Zubereitung.<\/p>","protected":false},"author":1,"featured_media":70076,"parent":22018,"menu_order":117,"comment_status":"closed","ping_status":"closed","template":"","meta":{"footnotes":""},"class_list":["post-40203","page","type-page","status-publish","has-post-thumbnail"],"_links":{"self":[{"href":"https:\/\/www.sisinternational.com\/de\/wp-json\/wp\/v2\/pages\/40203","targetHints":{"allow":["GET"]}}],"collection":[{"href":"https:\/\/www.sisinternational.com\/de\/wp-json\/wp\/v2\/pages"}],"about":[{"href":"https:\/\/www.sisinternational.com\/de\/wp-json\/wp\/v2\/types\/page"}],"author":[{"embeddable":true,"href":"https:\/\/www.sisinternational.com\/de\/wp-json\/wp\/v2\/users\/1"}],"replies":[{"embeddable":true,"href":"https:\/\/www.sisinternational.com\/de\/wp-json\/wp\/v2\/comments?post=40203"}],"version-history":[{"count":6,"href":"https:\/\/www.sisinternational.com\/de\/wp-json\/wp\/v2\/pages\/40203\/revisions"}],"predecessor-version":[{"id":81581,"href":"https:\/\/www.sisinternational.com\/de\/wp-json\/wp\/v2\/pages\/40203\/revisions\/81581"}],"up":[{"embeddable":true,"href":"https:\/\/www.sisinternational.com\/de\/wp-json\/wp\/v2\/pages\/22018"}],"wp:featuredmedia":[{"embeddable":true,"href":"https:\/\/www.sisinternational.com\/de\/wp-json\/wp\/v2\/media\/70076"}],"wp:attachment":[{"href":"https:\/\/www.sisinternational.com\/de\/wp-json\/wp\/v2\/media?parent=40203"}],"curies":[{"name":"wp","href":"https:\/\/api.w.org\/{rel}","templated":true}]}}