{"id":40196,"date":"2022-04-27T03:07:27","date_gmt":"2022-04-27T03:07:27","guid":{"rendered":"https:\/\/www.sisinternational.com\/?page_id=40196"},"modified":"2025-09-24T22:50:01","modified_gmt":"2025-09-25T02:50:01","slug":"okologie-marktforschung","status":"publish","type":"page","link":"https:\/\/www.sisinternational.com\/de\/sachverstand\/okologie-marktforschung\/","title":{"rendered":"\u00d6kologie Marktforschung"},"content":{"rendered":"<h1 class=\"wp-block-heading\">\u00d6kologie Marktforschung<\/h1>\n\n\n\n<figure class=\"gb-block-image gb-block-image-2daf90af\"><img loading=\"lazy\" decoding=\"async\" width=\"1456\" height=\"816\" class=\"gb-image gb-image-2daf90af\" src=\"https:\/\/www.sisinternational.com\/wp-content\/uploads\/2025\/08\/Circular-economy-2.jpg\" alt=\"SIS International Marktforschung &amp; Strategie\" title=\"Circular economy (2)\" srcset=\"https:\/\/www.sisinternational.com\/wp-content\/uploads\/2025\/08\/Circular-economy-2.jpg 1456w, https:\/\/www.sisinternational.com\/wp-content\/uploads\/2025\/08\/Circular-economy-2-300x168.jpg 300w, https:\/\/www.sisinternational.com\/wp-content\/uploads\/2025\/08\/Circular-economy-2-1024x574.jpg 1024w, https:\/\/www.sisinternational.com\/wp-content\/uploads\/2025\/08\/Circular-economy-2-768x430.jpg 768w, https:\/\/www.sisinternational.com\/wp-content\/uploads\/2025\/08\/Circular-economy-2-18x10.jpg 18w\" sizes=\"auto, (max-width: 1456px) 100vw, 1456px\"><\/figure>\n\n\n\n<p><\/p>\n\n\n\n<hr class=\"wp-block-separator has-alpha-channel-opacity is-style-dots\"\/>\n\n\n\n<h2 class=\"wp-block-heading\">Was ist \u00d6kologie?<\/h2>\n\n\n\n<p>Ecology studies the relationship between life forms, such as humans, and their environment. It aims to reveal the vital links between plants, animals, and the environment. Ecology also tells us about biome values and how humans might use the Earth&#8217;s assets. It shows us <a href=\"https:\/\/www.sisinternational.com\/de\/veroffentlichungen\/skalierbare-geschaftsmarktforschung-7-moglichkeiten-zum-aufbau-eines-skalierbaren-geschafts\/\" title=\"Marktforschung f\u00fcr skalierbare Unternehmen: 7 M\u00f6glichkeiten zum Aufbau eines skalierbaren Unternehmens\"  data-wpil-monitor-id=\"8373\">ways to build businesses<\/a> that sustain the planet for the future. Ecology studies the chain and the links between different life forms and microbes. It also explores the connection between these organisms and their biotic homes.<\/p>\n\n\n\n<h2 class=\"wp-block-heading\">Warum ist \u00d6kologie wichtig?<\/h2>\n\n\n\n<p>Ecology fills the earth and is vital for human health and growth. It adds to our knowledge of people and <a href=\"https:\/\/www.sisinternational.com\/de\/sachverstand\/branchen\/marktforschung-fur-naturliche-bio-lebensmittel-und-getranke\/\" title=\"Marktforschung f\u00fcr nat\u00fcrliche und biologische Lebensmittel und Getr\u00e4nke\"  data-wpil-monitor-id=\"8376\">nature and is critical for food<\/a> production, clean air, and water. It&#8217;s also vital to know about soil conservation in a changing climate. Ecology is essential because it ensures that people see the effect of their actions. We affect the planet&#8217;s life as well as one another. We have learnt to value eco-friendliness due to all the data and studies gained from ecology, which help to raise people&#8217;s knowledge. It also urges them to choose a lifestyle that protects the ecology. Thus, people are more likely to live less selfish lives in the long run. The aim is to work to safeguard the well-being of all life forms. As a result, it promotes a balanced lifestyle and ensures the survival of all life forms.<\/p>\n\n\n\n<h2 class=\"wp-block-heading\">Wichtige Berufsbezeichnungen<\/h2>\n\n\n\n<p>Die Arbeit in diesem Bereich vermittelt einem ein besseres Wissen \u00fcber Lebewesen und ihre Beziehungen. Au\u00dferdem k\u00f6nnen Sie Ihr Wissen anwenden, um der Welt als Ganzes zu helfen. Nachfolgend haben wir einige der besten Jobs im Bereich \u00d6kologie aufgelistet.<\/p>\n\n\n\n<h3 class=\"wp-block-heading\">Park Naturforscher<\/h3>\n\n\n\n<p>Sie schaffen eine Verbindung zwischen den Parks und der \u00d6ffentlichkeit. Sie unterrichten Touristen, Schulklassen und andere \u00fcber die \u00f6rtlichen, staatlichen und nationalen Parks. Die Parknaturforscher sind auch historisch bewandert.<\/p>\n\n\n\n<h3 class=\"wp-block-heading\">Meeresbiologe<\/h3>\n\n\n\n<p>Meeresbiologen erforschen Meerestiere, ihre Lebensweise und ihre Verbindung zur Umwelt. \u00dcber 70 Prozent der Erde sind mit Wasser bedeckt. Daher kann man als Meeresbiologe fast \u00fcberall auf der Erde arbeiten.<\/p>\n\n\n\n<h3 class=\"wp-block-heading\">Manager f\u00fcr nat\u00fcrliche Ressourcen (NRM)<\/h3>\n\n\n\n<p>Die Naturressourcenmanager sind f\u00fcr die Landnutzung verantwortlich. Sie stellen sicher, dass alle auf dem Land durchgef\u00fchrten Ma\u00dfnahmen den Regeln entsprechen, und versuchen auch, die Bed\u00fcrfnisse der Nutzer, wie Landwirte und Grundbesitzer, auszugleichen. Naturressourcenmanager k\u00fcmmern sich um die Gesundheit des \u00d6kosystems und der Umwelt.<\/p>\n\n\n\n<h2 class=\"wp-block-heading\">Warum brauchen Unternehmen \u00f6kologische Marktforschung?<\/h2>\n\n\n\n<p>There is close and constant contact between a firm and its ecosystem, regardless of its type or size. This connection also aids the firm&#8217;s strength and the use of its resources. As a result, <a href=\"https:\/\/www.sisinternational.com\/de\/analysis-b2b\/\" title=\"What Business Leaders Need to Know Right Now\"  data-wpil-monitor-id=\"8382\">knowing the role of the business<\/a> environment is crucial. It will help in the pursuit of further business plans. It&#8217;s also vital for a business to interact with its environment. It becomes easier to identify the areas for growth and expansion of its activities.<\/p>\n\n\n\n<h2 class=\"wp-block-heading\">Wichtige Erfolgsfaktoren<\/h2>\n\n\n\n<p>Viele Dinge k\u00f6nnen das \u00d6kosystem beeintr\u00e4chtigen, darunter Verschmutzung und Wassertemperaturen. Diese Faktoren scheinen sich mit der Zeit zu versch\u00e4rfen und bringen uns einer echten Umweltkrise immer n\u00e4her. Das Ergebnis ist, dass die Menschen sich dieser Probleme immer st\u00e4rker bewusst werden. Sie unternehmen auch mehr, um ihre sch\u00e4dlichen Auswirkungen zu beseitigen. Im Folgenden sind einige der wichtigsten Aspekte aufgef\u00fchrt, die Sie beachten sollten:<\/p>\n\n\n\n<ul class=\"wp-block-list\">\n<li>Verschmutzung<\/li>\n\n\n\n<li>Globale Erw\u00e4rmung<\/li>\n\n\n\n<li>\u00dcberbev\u00f6lkerung<\/li>\n\n\n\n<li>M\u00fcllentsorgung<\/li>\n\n\n\n<li>Der S\u00e4uregehalt des Ozeans<\/li>\n\n\n\n<li>Verlust der Artenvielfalt<\/li>\n\n\n\n<li>Abholzung<\/li>\n\n\n\n<li>Verschwinden der Ozon-Schicht<\/li>\n\n\n\n<li>Saurer Regen<\/li>\n\n\n\n<li>Fragen der \u00f6ffentlichen Gesundheit<\/li>\n<\/ul>\n\n\n\n<h2 class=\"wp-block-heading\">Marktforschung zum Thema \u00d6kologie<\/h2>\n\n\n\n<p><a href=\"https:\/\/www.sisinternational.com\/de\/sachverstand\/branchen\/automobilmarktforschung\/automobil-konsumentenforschung-fur-elektrofahrzeuge\/\" title=\"Warum die Verbraucherforschung im Automobilbereich angesichts der Zukunft von Elektrofahrzeugen heute so wichtig ist\"  data-wpil-monitor-id=\"8379\">Researching an area is vital<\/a> before starting a business there. It shows what the people in that area want and what they don\u2019t like. So, it is vital to conduct quantitative, qualitative, and strategic research. Focus groups and surveys can reveal the genuine opinions and ideas of customers. We can apply all these techniques to Ecology Market Research and many other areas.<\/p>\n\n\n\n<p><\/p>","protected":false},"excerpt":{"rendered":"<p>Unternehmen, die sich \u00fcber das \u00d6kosystem informieren und verantwortungsvoll mit Ressourcen umgehen, k\u00f6nnen mithilfe der \u00d6kologiemarktforschung Wachstumschancen erkennen.<\/p>","protected":false},"author":1,"featured_media":64755,"parent":14514,"menu_order":116,"comment_status":"closed","ping_status":"closed","template":"","meta":{"footnotes":""},"class_list":["post-40196","page","type-page","status-publish","has-post-thumbnail"],"_links":{"self":[{"href":"https:\/\/www.sisinternational.com\/de\/wp-json\/wp\/v2\/pages\/40196","targetHints":{"allow":["GET"]}}],"collection":[{"href":"https:\/\/www.sisinternational.com\/de\/wp-json\/wp\/v2\/pages"}],"about":[{"href":"https:\/\/www.sisinternational.com\/de\/wp-json\/wp\/v2\/types\/page"}],"author":[{"embeddable":true,"href":"https:\/\/www.sisinternational.com\/de\/wp-json\/wp\/v2\/users\/1"}],"replies":[{"embeddable":true,"href":"https:\/\/www.sisinternational.com\/de\/wp-json\/wp\/v2\/comments?post=40196"}],"version-history":[{"count":4,"href":"https:\/\/www.sisinternational.com\/de\/wp-json\/wp\/v2\/pages\/40196\/revisions"}],"predecessor-version":[{"id":81406,"href":"https:\/\/www.sisinternational.com\/de\/wp-json\/wp\/v2\/pages\/40196\/revisions\/81406"}],"up":[{"embeddable":true,"href":"https:\/\/www.sisinternational.com\/de\/wp-json\/wp\/v2\/pages\/14514"}],"wp:featuredmedia":[{"embeddable":true,"href":"https:\/\/www.sisinternational.com\/de\/wp-json\/wp\/v2\/media\/64755"}],"wp:attachment":[{"href":"https:\/\/www.sisinternational.com\/de\/wp-json\/wp\/v2\/media?parent=40196"}],"curies":[{"name":"wp","href":"https:\/\/api.w.org\/{rel}","templated":true}]}}