{"id":40192,"date":"2022-04-27T02:25:47","date_gmt":"2022-04-27T02:25:47","guid":{"rendered":"https:\/\/www.sisinternational.com\/?page_id=40192"},"modified":"2026-01-27T16:38:50","modified_gmt":"2026-01-27T21:38:50","slug":"kapitalmarktmarktforschung","status":"publish","type":"page","link":"https:\/\/www.sisinternational.com\/de\/losungen\/fintech-strategieberatung-forschung\/kapitalmarktmarktforschung\/","title":{"rendered":"Kapitalmarktforschung"},"content":{"rendered":"<h1 class=\"wp-block-heading\">Kapitalmarktforschung<\/h1>\n\n\n\n<figure class=\"gb-block-image gb-block-image-6d9e992f\"><img loading=\"lazy\" decoding=\"async\" width=\"1456\" height=\"816\" class=\"gb-image gb-image-6d9e992f\" src=\"https:\/\/www.sisinternational.com\/wp-content\/uploads\/2025\/08\/Finance-17.jpg\" alt=\"SIS International Marktforschung &amp; Strategie\" title=\"Finance (17)\" srcset=\"https:\/\/www.sisinternational.com\/wp-content\/uploads\/2025\/08\/Finance-17.jpg 1456w, https:\/\/www.sisinternational.com\/wp-content\/uploads\/2025\/08\/Finance-17-300x168.jpg 300w, https:\/\/www.sisinternational.com\/wp-content\/uploads\/2025\/08\/Finance-17-1024x574.jpg 1024w, https:\/\/www.sisinternational.com\/wp-content\/uploads\/2025\/08\/Finance-17-768x430.jpg 768w, https:\/\/www.sisinternational.com\/wp-content\/uploads\/2025\/08\/Finance-17-18x10.jpg 18w\" sizes=\"auto, (max-width: 1456px) 100vw, 1456px\"><\/figure>\n\n\n\n<p><\/p>\n\n\n\n<hr class=\"wp-block-separator has-alpha-channel-opacity is-style-dots\"\/>\n\n\n\n<p>Capital markets market research provides financial institutions, investors, and policymakers with the insights needed to navigate this complex and rapidly changing landscape.<\/p>\n\n\n\n<p>Bei <a href=\"https:\/\/www.linkedin.com\/company\/sisinternationalresearch\/\" target=\"_blank\" rel=\"noopener\">SIS International Forschung<\/a>, we analyze emerging trends, competitive dynamics, and investment opportunities to help organizations stay ahead in the capital markets sector.<\/p>\n\n\n\n<h2 class=\"wp-block-heading\">Capital Markets<\/h2>\n\n\n\n<p>Capital markets are where companies go to save, trade, and invest. A financial market is where buyers and sellers trade items and services for gain. There, market players swap bonds, stocks, cash, and more to make a profit. Suppliers, regular citizens, and companies with capital to lend can all participate. So can people in need and investors, as this is where these persons thrive best. At some point, they all mesh with each other in some form.<\/p>\n\n\n\n<p>For instance, suppliers usually include banks and investors in their activities. Meanwhile, others who seek capital are businesses, governments, and individuals. These players tend to use a different approach.<\/p>\n\n\n\n<p>There are two types of capital markets: primary and secondary markets. The primary <a href=\"https:\/\/www.sisinternational.com\/de\/sachverstand\/branchen\/marktforschung-zur-ridesharing-branche\/\" title=\"Marktforschung f\u00fcr Mitfahrgelegenheiten\" data-wpil-monitor-id=\"6395\">market is for new shares<\/a> and security. Secondary <a href=\"https:\/\/www.sisinternational.com\/de\/das-eu-emissionshandelssystem-verstehen-ein-sis-bericht\/\" title=\"Marktforschung zum Emissionshandel\" data-wpil-monitor-id=\"7502\">markets deal with the trading<\/a> of growing or recently sold securities among investors.<\/p>\n\n\n\n<h2 class=\"wp-block-heading\"><strong>Why Capital Markets Market Research Matters<\/strong><\/h2>\n\n\n\n<figure class=\"gb-block-image gb-block-image-96daec66\"><img loading=\"lazy\" decoding=\"async\" width=\"1456\" height=\"816\" class=\"gb-image gb-image-96daec66\" src=\"https:\/\/www.sisinternational.com\/wp-content\/uploads\/2025\/08\/Finance-8.jpg\" alt=\"SIS International Marktforschung &amp; Strategie\" title=\"Finance (8)\" srcset=\"https:\/\/www.sisinternational.com\/wp-content\/uploads\/2025\/08\/Finance-8.jpg 1456w, https:\/\/www.sisinternational.com\/wp-content\/uploads\/2025\/08\/Finance-8-300x168.jpg 300w, https:\/\/www.sisinternational.com\/wp-content\/uploads\/2025\/08\/Finance-8-1024x574.jpg 1024w, https:\/\/www.sisinternational.com\/wp-content\/uploads\/2025\/08\/Finance-8-768x430.jpg 768w, https:\/\/www.sisinternational.com\/wp-content\/uploads\/2025\/08\/Finance-8-18x10.jpg 18w\" sizes=\"auto, (max-width: 1456px) 100vw, 1456px\"><\/figure>\n\n\n\n<p><\/p>\n\n\n\n<p><span style=\"background-color: var(--base-3); color: var(--contrast-2);\">Multiple factors, including&nbsp;<\/span>economic conditions, geopolitical developments, technological advancements, and investor sentiment influence capital markets. Anyway, conducting thorough market research helps firms:<\/p>\n\n\n\n<p>\u2705 <strong>Identify new investment opportunities<\/strong> and asset classes.<br>\u2705 <strong>Assess risks and market volatility<\/strong> before making critical financial decisions.<br>\u2705 <strong>Monitor regulatory changes<\/strong> affecting securities trading and financial instruments.<br>\u2705 <strong>Understand investor behavior<\/strong> and shifts in capital flows.<br>\u2705 <strong>Optimize trading strategies<\/strong> using real-time data and analytics.<\/p>\n\n\n\n<h2 class=\"wp-block-heading\">Wichtige Berufsbezeichnungen<\/h2>\n\n\n\n<p>Eine Karriere in diesem Markt h\u00e4ngt von Dingen wie der H\u00f6he der Sicherheiten und Verm\u00f6genswerte einer Person ab. Dazu geh\u00f6ren auch Eigentum, das jemandem oder anderen Unternehmen geh\u00f6rt. H\u00e4ndler und Investoren erhalten Punkte, wenn eine andere Partei etwas kauft. Sie verdienen auch Geld mit Werbung. Sogar Leerverk\u00e4ufe von Wertpapieren k\u00f6nnen eine M\u00f6glichkeit sein, Gewinn und Positionen auf dem Markt zu erzielen.<\/p>\n\n\n\n<p>Karriere im Kapitalmarketing:<\/p>\n\n\n\n<ul class=\"wp-block-list\">\n<li>Handelsbankier<\/li>\n\n\n\n<li>Manager f\u00fcr Gesch\u00e4ftsentwicklung<\/li>\n\n\n\n<li>Senior Manager<\/li>\n\n\n\n<li>Fondsmanager<\/li>\n\n\n\n<li>B\u00f6rsenmakler<\/li>\n<\/ul>\n\n\n\n<h2 class=\"wp-block-heading\">Warum Unternehmen Kapitalm\u00e4rkte brauchen<\/h2>\n\n\n\n<figure class=\"gb-block-image gb-block-image-ea8a635a\"><img loading=\"lazy\" decoding=\"async\" width=\"1456\" height=\"816\" class=\"gb-image gb-image-ea8a635a\" src=\"https:\/\/www.sisinternational.com\/wp-content\/uploads\/2025\/08\/Finance-6.jpg\" alt=\"SIS International Marktforschung &amp; Strategie\" title=\"Finance (6)\" srcset=\"https:\/\/www.sisinternational.com\/wp-content\/uploads\/2025\/08\/Finance-6.jpg 1456w, https:\/\/www.sisinternational.com\/wp-content\/uploads\/2025\/08\/Finance-6-300x168.jpg 300w, https:\/\/www.sisinternational.com\/wp-content\/uploads\/2025\/08\/Finance-6-1024x574.jpg 1024w, https:\/\/www.sisinternational.com\/wp-content\/uploads\/2025\/08\/Finance-6-768x430.jpg 768w, https:\/\/www.sisinternational.com\/wp-content\/uploads\/2025\/08\/Finance-6-18x10.jpg 18w\" sizes=\"auto, (max-width: 1456px) 100vw, 1456px\"><\/figure>\n\n\n\n<p><\/p>\n\n\n\n<p>Das <a href=\"https:\/\/www.sisinternational.com\/de\/sachverstand\/branchen\/marktforschung-zum-weltraumbergbau\/\" title=\"Marktforschung zum Weltraumbergbau\" data-wpil-monitor-id=\"6328\">market provides an open space<\/a> for traders to buy and sell stocks and bonds. It gives way for companies to raise financial capital and grow. Thus, it lowers risks and expenses while allowing them to grow and reach higher levels. They can expand because there are always reliable markets to look back on to get funds.<\/p>\n\n\n\n<p>Viele Unternehmen profitieren direkt von diesen M\u00e4rkten (prim\u00e4r und sekund\u00e4r). Einige Unternehmen w\u00fcrden ohne sie pleitegehen. Daher sind diese formellen oder informellen Handelspl\u00e4tze unverzichtbar. Mitarbeiter von Unternehmen mit ausschlie\u00dflichem Kapitalwachstum profitieren stark von diesen M\u00e4rkten. Wachsende Unternehmen, die ihre B\u00fcros und Fabriken erweitern, schaffen zudem neue Arbeitspl\u00e4tze. Kapitalm\u00e4rkte lassen also weniger Menschen arbeitslos werden.<\/p>\n\n\n\n<h2 class=\"wp-block-heading\">Schl\u00fcsselfaktoren f\u00fcr den Erfolg<\/h2>\n\n\n\n<p>Capital markets have a lot of advantages. For one, the market helps increase the value of your investment. <a href=\"https:\/\/www.sisinternational.com\/de\/sachverstand\/branchen\/sicherheitsmarktforschung\/\" title=\"Sicherheitsmarktforschung\" data-wpil-monitor-id=\"7001\">Securities like bonds traded in the market<\/a> provide more interest. Thus, they\u2019re better assets than banks, shares, and dividends. Another benefit is that these assets and results also come with liquidity. (Which means it\u2019s easy to turn them into cash through trade).<\/p>\n\n\n\n<p>Es gibt verschiedene Bereiche auf diesem Markt, und einer davon ist der internationale Handel. Das ist der Fall, wenn sich ein Unternehmen f\u00fcr den Beitritt zu einem globalen Kapitalmarkt entscheidet. Die Chancen f\u00fcr das Unternehmen steigen dann. So haben Menschen, Unternehmen und Regierungen mehr Freiheit. Au\u00dferdem k\u00f6nnen Marktteilnehmer in verschiedenen L\u00e4ndern lernen und sich weiterentwickeln, was viele Verlustrisiken oder Fehlinvestitionen senkt.<\/p>\n\n\n\n<h2 class=\"wp-block-heading\"><strong>Challenges Facing Capital Markets<\/strong><\/h2>\n\n\n\n<p>Despite immense opportunities, capital markets face several challenges that require <strong>strategic planning and risk mitigation<\/strong>:<\/p>\n\n\n\n<h3 class=\"wp-block-heading\"><strong>1. Regulatory Uncertainty and Compliance Burdens<\/strong><\/h3>\n\n\n\n<p>Governments and financial authorities are tightening regulations on financial instruments, trading practices, and capital flows. Staying compliant with:<\/p>\n\n\n\n<ul class=\"wp-block-list\">\n<li><p>SEC and FINRA guidelines \ud83d\udcd1<\/p><\/li>\n\n\n\n<li><p>MiFID II regulations in Europe \ud83c\uddea\ud83c\uddfa<\/p><\/li>\n\n\n\n<li><p>Global anti-money laundering (AML) policies \ud83c\udf0d<\/p><\/li>\n<\/ul>\n\n\n\n<h3 class=\"wp-block-heading\"><strong>2. Market Volatility and Geopolitical Risks<\/strong><\/h3>\n\n\n\n<p>Global economic fluctuations, geopolitical tensions, and black swan events can disrupt financial markets. Investors must stay informed and <a href=\"https:\/\/www.sisinternational.com\/de\/losungen\/innovation\/agile-marktforschung\/\" title=\"Agile Marktforschung\" data-wpil-monitor-id=\"7060\">agile to navigate sudden shifts in market<\/a> conditions.<\/p>\n\n\n\n<h3 class=\"wp-block-heading\"><strong>3. Liquidity Concerns in Fixed-Income Markets<\/strong><\/h3>\n\n\n\n<p>Bond markets are experiencing liquidity challenges, making it harder for institutional investors to execute large trades without affecting market prices. Alternative trading <a href=\"https:\/\/www.sisinternational.com\/de\/mobiles-marketing\/\" title=\"Was ist Mobile Marketing?\" data-wpil-monitor-id=\"2257\">strategies and market<\/a> depth analysis are essential in this environment.<\/p>\n\n\n\n<h2 class=\"wp-block-heading\"><strong>Opportunities for Growth in Capital Markets<\/strong><\/h2>\n\n\n\n<p>Despite challenges, there are significant opportunities for investors and financial institutions:<\/p>\n\n\n\n<p>\u2705 <strong>Expansion into emerging markets<\/strong>, where capital market development is accelerating.<br>\u2705 <strong>Leveraging AI and automation<\/strong> for improved trading efficiency.<br>\u2705 <strong>Developing innovative financial products<\/strong> tailored to investor demand.<br>\u2705 <strong>Strengthening risk management frameworks<\/strong> to handle market turbulence.<\/p>\n\n\n\n<h2 class=\"wp-block-heading\"><strong>The Future of Capital Markets Market Research<\/strong><\/h2>\n\n\n\n<figure class=\"gb-block-image gb-block-image-888da9e5\"><img loading=\"lazy\" decoding=\"async\" width=\"1456\" height=\"816\" class=\"gb-image gb-image-888da9e5\" src=\"https:\/\/www.sisinternational.com\/wp-content\/uploads\/2025\/08\/Commercial-real-estate-business-comapny-8.jpg\" alt=\"SIS International Marktforschung &amp; Strategie\" title=\"Commercial real estate business comapny (8)\" srcset=\"https:\/\/www.sisinternational.com\/wp-content\/uploads\/2025\/08\/Commercial-real-estate-business-comapny-8.jpg 1456w, https:\/\/www.sisinternational.com\/wp-content\/uploads\/2025\/08\/Commercial-real-estate-business-comapny-8-300x168.jpg 300w, https:\/\/www.sisinternational.com\/wp-content\/uploads\/2025\/08\/Commercial-real-estate-business-comapny-8-1024x574.jpg 1024w, https:\/\/www.sisinternational.com\/wp-content\/uploads\/2025\/08\/Commercial-real-estate-business-comapny-8-768x430.jpg 768w, https:\/\/www.sisinternational.com\/wp-content\/uploads\/2025\/08\/Commercial-real-estate-business-comapny-8-18x10.jpg 18w\" sizes=\"auto, (max-width: 1456px) 100vw, 1456px\"><\/figure>\n\n\n\n<p><\/p>\n\n\n\n<p>The next phase of capital markets will be shaped by:<\/p>\n\n\n\n<p>\ud83d\ude80 <strong>AI-driven investment models optimizing portfolio performance.<\/strong><br>\ud83d\ude80 <strong>Blockchain-based securities and decentralized trading.<\/strong><br>\ud83d\ude80 <strong>Stronger integration of ESG into capital allocation strategies.<\/strong><br>\ud83d\ude80 <strong>The rise of hybrid investment platforms combining traditional and digital assets.<\/strong><\/p>\n\n\n\n<h2 class=\"wp-block-heading\"><strong>Final Thoughts from Ruth Stanat, CEO of SIS International Research<\/strong><\/h2>\n\n\n\n<p>Capital markets are evolving faster than ever. Investors, asset managers, and financial institutions must adapt to technological advancements, regulatory shifts, and changing investor expectations.<\/p>\n\n\n\n<p>Bei <strong>SIS International Forschung<\/strong>, we provide deep market intelligence, predictive analytics, and strategic foresight to help financial firms anticipate trends, manage risks, and seize new investment opportunities.<\/p>\n\n\n\n<h2 class=\"wp-block-heading\">Unser Standort in New York<\/h2>\n\n\n\n<p>  <iframe loading=\"lazy\" src=\"https:\/\/www.google.com\/maps\/embed?pb=!1m18!1m12!1m3!1d3022.976188376966!2d-73.99130312499956!3d40.740549471389315!2m3!1f0!2f0!3f0!3m2!1i1024!2i768!4f13.1!3m3!1m2!1s0x89c259a15798c731%3A0xd695d09bdd495f25!2s11%20E%2022nd%20St%20FL%202%2C%20New%20York%2C%20NY%2010010%2C%20USA!5e0!3m2!1sen!2spe!4v1726171763526!5m2!1sen!2spe\" width=\"600\" height=\"450\" allowfullscreen=\"allowfullscreen\" data-mce-fragment=\"1\"><\/iframe>  <\/p>\n\n\n\n<h3 class=\"wp-block-heading\">11 E 22nd Street, Floor 2, New York, NY 10010 T: +1(212) 505-6805<\/h3>\n\n\n\n<hr class=\"wp-block-separator has-alpha-channel-opacity\"\/>\n\n\n\n<h2 class=\"wp-block-heading\"><strong>\u00dcber SIS International<\/strong><\/h2>\n\n\n\n<p><a href=\"https:\/\/www.sisinternational.com\/de\/\"><span style=\"font-weight: 400;\">SIS International<\/span><\/a><span style=\"font-weight: 400;\"> bietet quantitative, qualitative und strategische Forschung an. Wir liefern Daten, Tools, Strategien, Berichte und Erkenntnisse zur Entscheidungsfindung. Wir f\u00fchren auch Interviews, Umfragen, Fokusgruppen und andere Methoden und Ans\u00e4tze der Marktforschung durch.<\/span><a href=\"https:\/\/www.sisinternational.com\/de\/uber-sis-international-research\/contact-sis-international-market-research\/\"><span style=\"font-weight: 400;\"> Kontakt<\/span><\/a><span style=\"font-weight: 400;\"> f\u00fcr Ihr n\u00e4chstes Marktforschungsprojekt.<\/span><\/p>\n\n\n\n<p><\/p>\n\n\n\n<p><span style=\"font-weight: 400;\">&nbsp;<\/span><\/p>","protected":false},"excerpt":{"rendered":"<p>Kapitalm\u00e4rkte spielen eine entscheidende Rolle bei der Finanzierung der Wirtschaft, der Erkennung von Risiken sowie der Gew\u00e4hrleistung finanzieller Stabilit\u00e4t und Wachstums.<\/p>","protected":false},"author":1,"featured_media":62827,"parent":27462,"menu_order":39,"comment_status":"closed","ping_status":"closed","template":"","meta":{"footnotes":""},"class_list":["post-40192","page","type-page","status-publish","has-post-thumbnail"],"_links":{"self":[{"href":"https:\/\/www.sisinternational.com\/de\/wp-json\/wp\/v2\/pages\/40192","targetHints":{"allow":["GET"]}}],"collection":[{"href":"https:\/\/www.sisinternational.com\/de\/wp-json\/wp\/v2\/pages"}],"about":[{"href":"https:\/\/www.sisinternational.com\/de\/wp-json\/wp\/v2\/types\/page"}],"author":[{"embeddable":true,"href":"https:\/\/www.sisinternational.com\/de\/wp-json\/wp\/v2\/users\/1"}],"replies":[{"embeddable":true,"href":"https:\/\/www.sisinternational.com\/de\/wp-json\/wp\/v2\/comments?post=40192"}],"version-history":[{"count":10,"href":"https:\/\/www.sisinternational.com\/de\/wp-json\/wp\/v2\/pages\/40192\/revisions"}],"predecessor-version":[{"id":81129,"href":"https:\/\/www.sisinternational.com\/de\/wp-json\/wp\/v2\/pages\/40192\/revisions\/81129"}],"up":[{"embeddable":true,"href":"https:\/\/www.sisinternational.com\/de\/wp-json\/wp\/v2\/pages\/27462"}],"wp:featuredmedia":[{"embeddable":true,"href":"https:\/\/www.sisinternational.com\/de\/wp-json\/wp\/v2\/media\/62827"}],"wp:attachment":[{"href":"https:\/\/www.sisinternational.com\/de\/wp-json\/wp\/v2\/media?parent=40192"}],"curies":[{"name":"wp","href":"https:\/\/api.w.org\/{rel}","templated":true}]}}