{"id":40190,"date":"2022-04-27T02:23:25","date_gmt":"2022-04-27T02:23:25","guid":{"rendered":"https:\/\/www.sisinternational.com\/?page_id=40190"},"modified":"2026-01-25T18:38:02","modified_gmt":"2026-01-25T23:38:02","slug":"bioinformatik-marktforschung","status":"publish","type":"page","link":"https:\/\/www.sisinternational.com\/de\/sachverstand\/bioinformatik-marktforschung\/","title":{"rendered":"Bioinformatik-Marktforschung"},"content":{"rendered":"<h1 class=\"wp-block-heading\">Bioinformatik-Marktforschung<\/h1>\n\n\n\n<figure class=\"gb-block-image gb-block-image-6cda46bc\"><img loading=\"lazy\" decoding=\"async\" width=\"1456\" height=\"816\" class=\"gb-image gb-image-6cda46bc\" src=\"https:\/\/www.sisinternational.com\/wp-content\/uploads\/2025\/09\/DNA-Genetics-16.jpg\" alt=\"SIS International Marktforschung &amp; Strategie\" title=\"DNA Genetics (16)\" srcset=\"https:\/\/www.sisinternational.com\/wp-content\/uploads\/2025\/09\/DNA-Genetics-16.jpg 1456w, https:\/\/www.sisinternational.com\/wp-content\/uploads\/2025\/09\/DNA-Genetics-16-300x168.jpg 300w, https:\/\/www.sisinternational.com\/wp-content\/uploads\/2025\/09\/DNA-Genetics-16-1024x574.jpg 1024w, https:\/\/www.sisinternational.com\/wp-content\/uploads\/2025\/09\/DNA-Genetics-16-768x430.jpg 768w, https:\/\/www.sisinternational.com\/wp-content\/uploads\/2025\/09\/DNA-Genetics-16-18x10.jpg 18w\" sizes=\"auto, (max-width: 1456px) 100vw, 1456px\"><\/figure>\n\n\n\n<p><\/p>\n\n\n\n<hr class=\"wp-block-separator has-alpha-channel-opacity is-style-dots\"\/>\n\n\n\n<h2 class=\"wp-block-heading\">Was ist bioinformatische Marktforschung?<\/h2>\n\n\n\n<p>Bioinformatics deals with obtaining, storing, breaking down, and sharing biological data. It is a mix between biology and computer science. Most times, it deals with DNA as well as amino acid sequences. Further, it makes use of software programs to decide gene and protein functions. The <a href=\"https:\/\/www.sisinternational.com\/de\/losungen\/strategieberatung\/change-management-marktforschung\/\" title=\"Change Management Marktforschung\"  data-wpil-monitor-id=\"9442\">research also brings changing<\/a> linkages into being and predicts the solid structures of proteins.<\/p>\n\n\n\n<h2 class=\"wp-block-heading\">Warum ist Marktforschung im Bereich Bioinformatik wichtig?<\/h2>\n\n\n\n<p>Mit der Zeit entwickeln sich technische Ressourcen weiter und werden f\u00fcr die meisten Menschen zug\u00e4nglich. Tats\u00e4chlich werden diese Ressourcen unsere Art, globale Probleme zu erkennen und darauf zu reagieren, auf neue Weise verbessern. Die Aussichten sind also riesig und es gibt viele M\u00f6glichkeiten, dieses Wissen anzuwenden. Wir k\u00f6nnen es zum Beispiel nutzen, um neue Medikamente zu entwickeln, Krankheitsausbr\u00fcche zu bek\u00e4mpfen und landwirtschaftliche Methoden zu verbessern.<\/p>\n\n\n\n<p>Scientific findings are the result of mining such data. Scientists use these discoveries in <a href=\"https:\/\/www.sisinternational.com\/de\/losungen\/innovation\/genetik-marktforschung\/\" title=\"Genetik-Marktforschung\"  data-wpil-monitor-id=\"5012\">genetics and genomics research<\/a>.<\/p>\n\n\n\n<p>Bioinformatics also plays a part in the <a href=\"https:\/\/www.sisinternational.com\/de\/best-practices-for-quantitative-market-research\/\" title=\"Best Practices f\u00fcr quantitative Marktforschung\"  data-wpil-monitor-id=\"9447\">practical aspects of genetic research<\/a>. This type of <a href=\"https:\/\/www.sisinternational.com\/de\/losungen\/fintech-strategieberatung-forschung\/bankdatenanalyse-marktforschung\/\" title=\"Marktforschung zur Bankdatenanalyse\"  data-wpil-monitor-id=\"9443\">research gets massive amounts of data<\/a>, often too much to grasp. It also decodes this <a href=\"https:\/\/www.sisinternational.com\/de\/sachverstand\/branchen\/datenerhebung-marktforschung\/\" title=\"Datenerhebung Marktforschung\"  data-wpil-monitor-id=\"9444\">data to be helpful to researchers<\/a>.<\/p>\n\n\n\n<p>Companies build tools for this <a href=\"https:\/\/www.sisinternational.com\/de\/losungen\/qualitative-quantitative-forschungslosungen\/marktforschung-im-ausendienst\/\" title=\"Marktforschung im Au\u00dfendienst\"  data-wpil-monitor-id=\"9441\">field with both the researcher<\/a> and the biologist in mind. It can help both parties create a database of info with easy-to-read and useful data to make clinical decisions.<\/p>\n\n\n\n<p>Ohne Bioinformatik k\u00f6nnten wir nur begrenzte genetische Forschung betreiben. Viele der Daten sind in einer Form und Gr\u00f6\u00dfe, die schwer zu dekodieren ist, was es schwierig macht, Details zu erhalten.<\/p>\n\n\n\n<h2 class=\"wp-block-heading\">Wichtige Berufsbezeichnungen<\/h2>\n\n\n\n<ul class=\"wp-block-list\">\n<li>Forschungswissenschaftler<\/li>\n\n\n\n<li>Molekularbiologe<\/li>\n\n\n\n<li>Mikrobiologe<\/li>\n\n\n\n<li>Wissenschaftler<\/li>\n\n\n\n<li>Zoologe oder Wildbiologe<\/li>\n<\/ul>\n\n\n\n<h2 class=\"wp-block-heading\">Warum Unternehmen Marktforschung im Bereich Bioinformatik ben\u00f6tigen<\/h2>\n\n\n\n<p>This data could mean millions in savings for firms struggling to get FDA approval. At least, they can use these savings to do the <a href=\"https:\/\/www.sisinternational.com\/de\/sachverstand\/branchen\/marktforschung-fur-orphan-drugs\/\" title=\"Marktforschung f\u00fcr Orphan Drugs\"  data-wpil-monitor-id=\"9445\">research to develop new drugs<\/a>. Patients can get alternative treatments faster. It also allows healthcare companies to make more money. Firms in this field try to build a good name for providing accurate data. Such firms can make lots of money. They can also present themselves as experts in the field by responding to questions from Big Pharma outfits. In addition, it lends itself to gaining good commercial ties. A crucial part of the selling process is stressing the value of data. According to the FDA, this data can improve the safety of drugs and medical equipment.<\/p>\n\n\n\n<h2 class=\"wp-block-heading\">Schl\u00fcsselfaktoren f\u00fcr den Erfolg<\/h2>\n\n\n\n<p>Eine der wichtigsten Anforderungen besteht darin, dass die Teammitglieder neue Verfahren erlernen k\u00f6nnen.<\/p>\n\n\n\n<p>Zu den weiteren wichtigen Angelegenheiten geh\u00f6ren:<\/p>\n\n\n\n<ul class=\"wp-block-list\">\n<li>Vorsto\u00df in neue Bereiche mit der Weiterentwicklung von Forschungsmethoden<\/li>\n\n\n\n<li>Mindestens drei leitende Mitarbeiter mit unterschiedlicher Expertise. Sie sollten in verschiedenen Bereichen des Fachgebiets t\u00e4tig sein.<\/li>\n\n\n\n<li>Junge Mitarbeiter, die reif sind und eine gute Arbeitsmoral haben<\/li>\n<\/ul>\n\n\n\n<p>Diese Mitarbeiter verf\u00fcgen \u00fcber das n\u00f6tige Fachwissen, um Herausforderungen mit Nachdruck anzugehen. Ein weiteres Erfolgselement sind Teammitglieder mit einer formalen Ausbildung im Bereich Biologie. Mehrere Jahre Erfahrung in der Anwendung bioinformatischer Technologie auf biologische Herausforderungen sind entscheidend. Viele Projekte erfordern ein breites Wissen in Biologie. Praktische Erfahrung mit Werkzeugen und Programmierung sind ebenfalls erforderlich. Mindestens Grundkenntnisse in Statistik und experimentellem Design sind erforderlich. Einige Projekte ben\u00f6tigen m\u00f6glicherweise auch Personen mit anderen Hintergr\u00fcnden. Beispielsweise k\u00f6nnte ein Projekt jemanden mit Data-Mining-Kenntnissen oder jemanden ben\u00f6tigen, der sich mit Analysen, fortgeschrittener Statistik oder Informatik auskennt.<\/p>\n\n\n\n<h2 class=\"wp-block-heading\">\u00dcber Bioinformatics Market Research<\/h2>\n\n\n\n<p>Do companies need Bioinformatics market research? It depends. For many niche companies in the field, it is a crucial lifeline. You may need Qualitative, Quantitative, or Strategic Research. Or, your company might want <a href=\"https:\/\/www.sisinternational.com\/de\/abdeckung\/europa\/marktforschung-liverpool-grosbritannien\/\" title=\"Marktforschung in Liverpool | Fokusgruppen und Datenerfassung in Gro\u00dfbritannien\"  data-wpil-monitor-id=\"9440\">data from a Focus Group<\/a>. Some <a href=\"https:\/\/www.sisinternational.com\/de\/abdeckung\/marktforschung-asien\/market-research-in-china-2\/umfrage-marktforschungsunternehmen-china\/\" title=\"Umfrage Marktforschungsunternehmen in China\"  data-wpil-monitor-id=\"9446\">companies also look for Interviews and Surveys<\/a>. It\u2019s vital that you find out what your company\u2019s needs are and find a Market Research provider that can fill them. Extra points if you find one that ticks all your boxes! Market Research is crucial, so look into it to secure your company\u2019s success.<\/p>\n\n\n\n<p><\/p>","protected":false},"excerpt":{"rendered":"<p>Die Bioinformatik verwaltet und dekodiert gro\u00dfe Mengen genetischer Forschungsdaten f\u00fcr Forscher und Biologen, um klinische Datenbanken zu erstellen.<\/p>","protected":false},"author":1,"featured_media":69941,"parent":14514,"menu_order":115,"comment_status":"closed","ping_status":"closed","template":"","meta":{"footnotes":""},"class_list":["post-40190","page","type-page","status-publish","has-post-thumbnail"],"_links":{"self":[{"href":"https:\/\/www.sisinternational.com\/de\/wp-json\/wp\/v2\/pages\/40190","targetHints":{"allow":["GET"]}}],"collection":[{"href":"https:\/\/www.sisinternational.com\/de\/wp-json\/wp\/v2\/pages"}],"about":[{"href":"https:\/\/www.sisinternational.com\/de\/wp-json\/wp\/v2\/types\/page"}],"author":[{"embeddable":true,"href":"https:\/\/www.sisinternational.com\/de\/wp-json\/wp\/v2\/users\/1"}],"replies":[{"embeddable":true,"href":"https:\/\/www.sisinternational.com\/de\/wp-json\/wp\/v2\/comments?post=40190"}],"version-history":[{"count":5,"href":"https:\/\/www.sisinternational.com\/de\/wp-json\/wp\/v2\/pages\/40190\/revisions"}],"predecessor-version":[{"id":81578,"href":"https:\/\/www.sisinternational.com\/de\/wp-json\/wp\/v2\/pages\/40190\/revisions\/81578"}],"up":[{"embeddable":true,"href":"https:\/\/www.sisinternational.com\/de\/wp-json\/wp\/v2\/pages\/14514"}],"wp:featuredmedia":[{"embeddable":true,"href":"https:\/\/www.sisinternational.com\/de\/wp-json\/wp\/v2\/media\/69941"}],"wp:attachment":[{"href":"https:\/\/www.sisinternational.com\/de\/wp-json\/wp\/v2\/media?parent=40190"}],"curies":[{"name":"wp","href":"https:\/\/api.w.org\/{rel}","templated":true}]}}