{"id":40129,"date":"2022-04-16T17:41:18","date_gmt":"2022-04-16T17:41:18","guid":{"rendered":"https:\/\/www.sisinternational.com\/?page_id=40129"},"modified":"2025-09-25T00:21:58","modified_gmt":"2025-09-25T04:21:58","slug":"marktforschung-zum-klimawandel","status":"publish","type":"page","link":"https:\/\/www.sisinternational.com\/de\/sachverstand\/marktforschung-zum-klimawandel\/","title":{"rendered":"Marktforschung zum Klimawandel"},"content":{"rendered":"<h1 class=\"wp-block-heading\">Marktforschung zum Klimawandel<\/h1>\n\n\n\n<figure class=\"gb-block-image gb-block-image-a6ac0bb1\"><img loading=\"lazy\" decoding=\"async\" width=\"1456\" height=\"816\" class=\"gb-image gb-image-a6ac0bb1\" src=\"https:\/\/www.sisinternational.com\/wp-content\/uploads\/2025\/08\/Climate-change-2.jpg\" alt=\"SIS International Marktforschung &amp; Strategie\" title=\"Climate change (2)\" srcset=\"https:\/\/www.sisinternational.com\/wp-content\/uploads\/2025\/08\/Climate-change-2.jpg 1456w, https:\/\/www.sisinternational.com\/wp-content\/uploads\/2025\/08\/Climate-change-2-300x168.jpg 300w, https:\/\/www.sisinternational.com\/wp-content\/uploads\/2025\/08\/Climate-change-2-1024x574.jpg 1024w, https:\/\/www.sisinternational.com\/wp-content\/uploads\/2025\/08\/Climate-change-2-768x430.jpg 768w, https:\/\/www.sisinternational.com\/wp-content\/uploads\/2025\/08\/Climate-change-2-18x10.jpg 18w\" sizes=\"auto, (max-width: 1456px) 100vw, 1456px\"><\/figure>\n\n\n\n<p><\/p>\n\n\n\n<p>Climate change is the long-term change in temperatures and weather patterns. Another definition is that it denotes a change in global or regional climate patterns. These changes can be natural, but human activities have been the leading cause of climate change. Most of the Climate Change we experience today is due to burning fossil fuels, which produce heat-trapping gases.<\/p>\n\n\n\n<p>Diese Definition zeigt, dass sich das Klima seit dem 19. Jahrhundert bis heute ver\u00e4ndert hat, und wir sind sicher, dass wir daf\u00fcr verantwortlich sind. Dar\u00fcber hinaus sind in unserem Alltag viele Dinge mitverantwortlich, die den Klimawandel verursachen. Wir holzen W\u00e4lder ab und verbrennen fossile Brennstoffe. Diese Aktivit\u00e4ten beeinflussen die Temperatur der Erde zus\u00e4tzlich. Sie f\u00fcgen den bereits in der Atmosph\u00e4re vorhandenen Treibhausgasen gro\u00dfe Mengen hinzu. Die Folgen sind der Treibhauseffekt und die globale Erw\u00e4rmung.<\/p>\n\n\n\n<h2 class=\"wp-block-heading\">Warum ist der Klimawandel wichtig?<\/h2>\n\n\n\n<p>Es ist sehr wichtig zu verstehen, wie sich das Klima ver\u00e4ndert. Ein solches Verst\u00e4ndnis gibt uns die M\u00f6glichkeit, uns auf die Zukunft vorzubereiten. Das Wissen \u00fcber die Ver\u00e4nderungen erm\u00f6glicht es uns, Dinge vorherzusagen, beispielsweise wie viel Regen der n\u00e4chste Winter bringen wird. Sogar, wie stark der Meeresspiegel aufgrund der h\u00f6heren Meerestemperaturen ansteigen wird.<\/p>\n\n\n\n<p>For people everywhere, knowing about the climate is essential. It affects farmers\u2019 crop cycles, which in turn impact food supply. Hence knowing the upcoming weather will help with better planning of events.<\/p>\n\n\n\n<h2 class=\"wp-block-heading\">Wichtige Berufsbezeichnungen<\/h2>\n\n\n\n<p>Mit dem Klimawandel sind viele Arbeitspl\u00e4tze verbunden. Je mehr sich die Atmosph\u00e4re ver\u00e4ndert, desto mehr Arbeitspl\u00e4tze entstehen. Einige der bereits bestehenden Stellen sind:<\/p>\n\n\n\n<ul class=\"wp-block-list\">\n<li>Umweltanwalt<\/li>\n\n\n\n<li>Klimaforscher<\/li>\n\n\n\n<li>Geowissenschaftler<\/li>\n\n\n\n<li>Wissenschaftler f\u00fcr erneuerbare Energien<\/li>\n\n\n\n<li>Ingenieur f\u00fcr saubere Autos<\/li>\n\n\n\n<li>Nachhaltigkeitsberater<\/li>\n\n\n\n<li>Hydrologe<\/li>\n<\/ul>\n\n\n\n<p>Hohe Temperaturen k\u00f6nnen die Arbeitsf\u00e4higkeit der Arbeitnehmer beeintr\u00e4chtigen. Das Gleiche gilt f\u00fcr Luftverschmutzung, die wiederum die Arbeitszeit einschr\u00e4nken kann.<\/p>\n\n\n\n<h2 class=\"wp-block-heading\">Why Businesses Need Climate Change<\/h2>\n\n\n\n<p>Companies have found many benefits and use them to their advantage. Moreover, they find addressing matters that affect the climate and working around these problems. For example, greenhouse gas targets have helped save money. They improve energy and work efficiency. They also reduce production costs, and product sales have gotten better.<\/p>\n\n\n\n<p>Indem Unternehmen jetzt Ma\u00dfnahmen ergreifen, k\u00f6nnen sie die zahlreichen Risiken des Klimawandels verringern. Wer jetzt handelt, hat bessere Chancen zu \u00fcberleben und zu gedeihen. Die neuen M\u00f6glichkeiten werden eine fantastischere und gr\u00fcnere Zukunft bringen.<\/p>\n\n\n\n<h2 class=\"wp-block-heading\">Schl\u00fcsselfaktoren f\u00fcr den Erfolg<\/h2>\n\n\n\n<p>Einer der entscheidenden Erfolgsfaktoren f\u00fcr den Klimawandel ist die fr\u00fchzeitige Anpassung. So k\u00f6nnen Landwirte in manchen Regionen beispielsweise durch die Hitze im fr\u00fchen Fr\u00fchjahr h\u00f6here Ertr\u00e4ge erzielen. Die l\u00e4ngeren warmen Jahreszeiten eignen sich hervorragend f\u00fcr den Anbau von Nutzpflanzen. Studien haben sogar gezeigt, dass einige Pflanzen in Gegenwart von mehr Kohlendioxid besser wachsen. Sie scheinen auch d\u00fcrreresistenter zu sein.<\/p>\n\n\n\n<p>Ein weiterer Vorteil w\u00e4re f\u00fcr die Schifffahrt. Die Nordwestpassage bleibt l\u00e4nger offen. Kurzfristig wirkt sich der Klimawandel also positiv auf den Handel aus.<\/p>\n\n\n\n<p>Die Menschen haben auch einige Dinge in ihrem t\u00e4glichen Leben ge\u00e4ndert, um den Klimawandel zu verhindern. Sie haben beispielsweise die Energieeffizienz und die Reiseeffizienz verbessert. Sie haben auch die Wind- und Solarenergie erh\u00f6ht und verwenden mehr Biokraftstoffe aus organischen Abf\u00e4llen. Eine weitere Pr\u00e4ventionsma\u00dfnahme ist der Schutz der W\u00e4lder. Der Klimawandel hat allen bewusster gemacht, wie wichtig es ist, die Erw\u00e4rmung der Erde zu verlangsamen. Die Menschen setzen diese Ma\u00dfnahmen also so weit wie m\u00f6glich um. Energieeffizienz und -einsparung sind zu einer allt\u00e4glichen Praxis geworden.<\/p>\n\n\n\n<h2 class=\"wp-block-heading\">\u00dcber Climate Change Market Research<\/h2>\n\n\n\n<p>Die meisten Menschen betrachten den Klimawandel als etwas Schlechtes, aber er gilt in beide Richtungen. Obwohl die Erw\u00e4rmung der Erde eine schlechte Sache ist, gibt es Dinge, die Unternehmen tun k\u00f6nnen. Gemeinsam k\u00f6nnen wir vorbeugen und sogar die Lebensbedingungen verbessern. Wir k\u00f6nnen effizientere Wege f\u00fcr den Alltag entwickeln, die die Menge an Gasen in der Luft nicht erh\u00f6hen. Auf diese Weise haben Unternehmen eine gr\u00f6\u00dfere Chance, zu \u00fcberleben.<\/p>\n\n\n\n<p>Do you need help finding how your company will thrive under these conditions? Our company is here. We form focus groups that do strategic, qualitative, and quantitative research. We always aim for complete <a href=\"https:\/\/www.sisinternational.com\/de\/financial-services-consulting\/financial-services-customer-satisfaction\/\" title=\"Financial Services Customer Satisfaction\"  data-wpil-monitor-id=\"8086\">satisfaction for our customers<\/a>. Contact us today; you\u2019ll be happy you did!<\/p>\n\n\n\n<p><\/p>","protected":false},"excerpt":{"rendered":"<p>Marktforschung zum Klimawandel hilft Unternehmen, Geld zu sparen, ihre Effizienz zu verbessern, ihren Umsatz zu steigern und gleichzeitig ihren CO2-Fu\u00dfabdruck zu reduzieren.<\/p>","protected":false},"author":1,"featured_media":64050,"parent":14514,"menu_order":109,"comment_status":"closed","ping_status":"closed","template":"","meta":{"footnotes":""},"class_list":["post-40129","page","type-page","status-publish","has-post-thumbnail"],"_links":{"self":[{"href":"https:\/\/www.sisinternational.com\/de\/wp-json\/wp\/v2\/pages\/40129","targetHints":{"allow":["GET"]}}],"collection":[{"href":"https:\/\/www.sisinternational.com\/de\/wp-json\/wp\/v2\/pages"}],"about":[{"href":"https:\/\/www.sisinternational.com\/de\/wp-json\/wp\/v2\/types\/page"}],"author":[{"embeddable":true,"href":"https:\/\/www.sisinternational.com\/de\/wp-json\/wp\/v2\/users\/1"}],"replies":[{"embeddable":true,"href":"https:\/\/www.sisinternational.com\/de\/wp-json\/wp\/v2\/comments?post=40129"}],"version-history":[{"count":4,"href":"https:\/\/www.sisinternational.com\/de\/wp-json\/wp\/v2\/pages\/40129\/revisions"}],"predecessor-version":[{"id":81361,"href":"https:\/\/www.sisinternational.com\/de\/wp-json\/wp\/v2\/pages\/40129\/revisions\/81361"}],"up":[{"embeddable":true,"href":"https:\/\/www.sisinternational.com\/de\/wp-json\/wp\/v2\/pages\/14514"}],"wp:featuredmedia":[{"embeddable":true,"href":"https:\/\/www.sisinternational.com\/de\/wp-json\/wp\/v2\/media\/64050"}],"wp:attachment":[{"href":"https:\/\/www.sisinternational.com\/de\/wp-json\/wp\/v2\/media?parent=40129"}],"curies":[{"name":"wp","href":"https:\/\/api.w.org\/{rel}","templated":true}]}}