{"id":40037,"date":"2022-03-30T04:08:20","date_gmt":"2022-03-30T04:08:20","guid":{"rendered":"https:\/\/www.sisinternational.com\/?page_id=40037"},"modified":"2026-01-25T18:49:02","modified_gmt":"2026-01-25T23:49:02","slug":"marktforschung-marianen","status":"publish","type":"page","link":"https:\/\/www.sisinternational.com\/de\/abdeckung\/marktforschung-asien\/marktforschung-marianen\/","title":{"rendered":"Marktforschung auf den Marianen"},"content":{"rendered":"<h1 class=\"wp-block-heading\">Marktforschung auf den Marianen<\/h1>\n\n\n\n<p><\/p>\n\n\n\n<figure class=\"gb-block-image gb-block-image-08fa674c\"><img loading=\"lazy\" decoding=\"async\" width=\"1456\" height=\"816\" class=\"gb-image gb-image-08fa674c\" src=\"https:\/\/www.sisinternational.com\/wp-content\/uploads\/2025\/09\/Mariana-Islands-2.jpg\" alt=\"SIS International Marktforschung &amp; Strategie\" title=\"Mariana Islands (2)\" srcset=\"https:\/\/www.sisinternational.com\/wp-content\/uploads\/2025\/09\/Mariana-Islands-2.jpg 1456w, https:\/\/www.sisinternational.com\/wp-content\/uploads\/2025\/09\/Mariana-Islands-2-300x168.jpg 300w, https:\/\/www.sisinternational.com\/wp-content\/uploads\/2025\/09\/Mariana-Islands-2-1024x574.jpg 1024w, https:\/\/www.sisinternational.com\/wp-content\/uploads\/2025\/09\/Mariana-Islands-2-768x430.jpg 768w, https:\/\/www.sisinternational.com\/wp-content\/uploads\/2025\/09\/Mariana-Islands-2-18x10.jpg 18w\" sizes=\"auto, (max-width: 1456px) 100vw, 1456px\"><\/figure>\n\n\n\n<p><\/p>\n\n\n\n<hr class=\"wp-block-separator has-alpha-channel-opacity is-style-dots\"\/>\n\n\n\n<p>Die Marianen sind eine halbmondf\u00f6rmige Inselkette aus f\u00fcnfzehn ruhenden Vulkangipfeln im westlichen Nordpazifik. Die Menschen sprechen mehrere einheimische Sprachen, die meisten sprechen jedoch Englisch. Die Asiaten sind die h\u00e4ufigste ethnische Gruppe auf den Inseln, aber auch Ureinwohner Hawaiis sind stark vertreten.<\/p>\n\n\n\n<p>Ein weiterer wichtiger Punkt ist, dass es sich um ein US-Territorium handelt. Die meisten Menschen sind Christen, einige praktizieren jedoch auch den Buddhismus. Auf den Inseln gibt es Volksreligionen. Die W\u00e4hrung ist der US-Dollar (USD).<\/p>\n\n\n\n<h2 class=\"wp-block-heading\">Schl\u00fcsselindustrien<\/h2>\n\n\n\n<p>Der Tourismus ist der wichtigste Wirtschaftszweig. Rota und Saipan sind bedeutende Touristenzentren mit Luxushotels. Die meisten Touristen kommen aus Japan und den USA.<\/p>\n\n\n\n<p>Viele Menschen verdienen sich ein Zusatzeinkommen durch den Anbau von Taro, Brotfrucht, Yams und anderen Feldfr\u00fcchten.<\/p>\n\n\n\n<p>People come from all over the world to invest in the islands, which have expanded the production of clothing and accessories. The garment industry is now a large part of the Northern Marianas economy.<\/p>\n\n\n\n<h2 class=\"wp-block-heading\">Nachbarschaften<\/h2>\n\n\n\n<p>Saipan, die gr\u00f6\u00dfte Insel, liegt im Norden. Hier liegt das Dorf Susupe, in dem sich der Hauptsitz der Judikative befindet. Die beiden anderen Zweige befinden sich im Capitol Hill Village.<\/p>\n\n\n\n<p>Tinian is another major island. It is home to the City of Tinian, one of four major cities of the northern islands. The largest village on Tinian is San Jose.<\/p>\n\n\n\n<p>Also known as the \u201cFriendly Island,\u201d Rota lies south of this group of islands. In early Spanish records, \u201cZarpana\u201d was its name. Rota derives from a Spaniard who may have named the island after the city of Rota in Spain.<\/p>\n\n\n\n<p>Saipan, Tinian und Rota sind alle asphaltiert, aber es gibt fast keinen \u00f6ffentlichen Nahverkehr. Stattdessen bedienen Pendelbusse die gro\u00dfen St\u00e4dte. Die Inseln nutzen den Luftverkehr, aber mehrere Frachtschiffe transportieren Fracht zwischen ihnen. Saipan ist der gr\u00f6\u00dfte Hafen, gefolgt von Tinian und Rota. Saipan hat einen internationalen Flughafen, w\u00e4hrend Rota und Tinian kleine Flugh\u00e4fen haben.<\/p>\n\n\n\n<h2 class=\"wp-block-heading\">Trends<\/h2>\n\n\n\n<p>The population of the islands has increased from previous years. Also, more people have been connecting to the internet and using social media. Twitter and Facebook are two of the major social media apps in use, and people also use Pinterest, Instagram, and LinkedIn. There are also several mobile connections.<\/p>\n\n\n\n<h2 class=\"wp-block-heading\">Vorteile und St\u00e4rken im Markt<\/h2>\n\n\n\n<p>In allen Sektoren der Meereswirtschaft sind Tourismus und Freizeit mit Abstand die gr\u00f6\u00dften Arbeitgeber.<\/p>\n\n\n\n<p>Zweitens sch\u00fctzen die Inseln die US-Gesetze, einschlie\u00dflich der Gesetze des US-Rechtssystems. Sie erkennen au\u00dferdem Urheberrechte, Marken, Patente und geistiges Eigentum an.<\/p>\n\n\n\n<p>Ein weiterer Vorteil ist die Tatsache, dass der US-Dollar die offizielle W\u00e4hrung ist. Es gibt keine Beschr\u00e4nkungen f\u00fcr die R\u00fcckf\u00fchrung von Gewinnen oder Kapital in Ihr Heimatland.<\/p>\n\n\n\n<h2 class=\"wp-block-heading\">Gr\u00fcnde f\u00fcr die Expansion Ihres Unternehmens auf den Marianen<\/h2>\n\n\n\n<p>First, the <a href=\"https:\/\/www.sisinternational.com\/de\/abdeckung\/die-amerikaner\/marktforschung-in-der-karibik\/marktforschung-amerikanische-jungferninseln\/\" title=\"Marktforschung auf den Amerikanischen Jungferninseln\"  data-wpil-monitor-id=\"5185\">islands are close to major Asian markets<\/a>.<\/p>\n\n\n\n<p>Dar\u00fcber hinaus gibt es zahlreiche Steuervorteile. So m\u00fcssen beispielsweise Menschen, die auf den Inseln arbeiten, keine Einkommenssteuer zahlen.<\/p>\n\n\n\n<p>Der dritte Grund sind Visa. Touristen aus Japan und S\u00fcdkorea genie\u00dfen v\u00f6llige Visumfreiheit.<\/p>\n\n\n\n<p>Ein weiterer Vorteil sind die US-zollfreien H\u00e4fen der Inseln.<\/p>\n\n\n\n<p>Und schlie\u00dflich gibt es auch einen Vorteil f\u00fcr Unternehmen mit einer Lizenz auf den Inseln: Sie sind vom US Ship Documentation Act ausgenommen.<\/p>\n\n\n\n<h2 class=\"wp-block-heading\"><strong>\u00dcber SIS International<\/strong><\/h2>\n\n\n\n<p><a href=\"https:\/\/www.sisinternational.com\/de\/\"><span style=\"font-weight: 400;\">SIS International<\/span><\/a><span style=\"font-weight: 400;\"> bietet quantitative, qualitative und strategische Forschung an. Wir liefern Daten, Tools, Strategien, Berichte und Erkenntnisse zur Entscheidungsfindung. Wir f\u00fchren auch Interviews, Umfragen, Fokusgruppen und andere Methoden und Ans\u00e4tze der Marktforschung durch.<\/span><a href=\"https:\/\/www.sisinternational.com\/de\/uber-sis-international-research\/contact-sis-international-market-research\/\"><span style=\"font-weight: 400;\"> Kontakt<\/span><\/a><span style=\"font-weight: 400;\"> f\u00fcr Ihr n\u00e4chstes Marktforschungsprojekt.<\/span><\/p>\n\n\n\n<p><\/p>","protected":false},"excerpt":{"rendered":"<p>SIS International Research bietet qualitative, quantitative und strategische Marktforschung auf den Marianen-Inseln.<\/p>","protected":false},"author":1,"featured_media":65705,"parent":14508,"menu_order":55,"comment_status":"closed","ping_status":"closed","template":"","meta":{"footnotes":""},"class_list":["post-40037","page","type-page","status-publish","has-post-thumbnail"],"_links":{"self":[{"href":"https:\/\/www.sisinternational.com\/de\/wp-json\/wp\/v2\/pages\/40037","targetHints":{"allow":["GET"]}}],"collection":[{"href":"https:\/\/www.sisinternational.com\/de\/wp-json\/wp\/v2\/pages"}],"about":[{"href":"https:\/\/www.sisinternational.com\/de\/wp-json\/wp\/v2\/types\/page"}],"author":[{"embeddable":true,"href":"https:\/\/www.sisinternational.com\/de\/wp-json\/wp\/v2\/users\/1"}],"replies":[{"embeddable":true,"href":"https:\/\/www.sisinternational.com\/de\/wp-json\/wp\/v2\/comments?post=40037"}],"version-history":[{"count":6,"href":"https:\/\/www.sisinternational.com\/de\/wp-json\/wp\/v2\/pages\/40037\/revisions"}],"predecessor-version":[{"id":79045,"href":"https:\/\/www.sisinternational.com\/de\/wp-json\/wp\/v2\/pages\/40037\/revisions\/79045"}],"up":[{"embeddable":true,"href":"https:\/\/www.sisinternational.com\/de\/wp-json\/wp\/v2\/pages\/14508"}],"wp:featuredmedia":[{"embeddable":true,"href":"https:\/\/www.sisinternational.com\/de\/wp-json\/wp\/v2\/media\/65705"}],"wp:attachment":[{"href":"https:\/\/www.sisinternational.com\/de\/wp-json\/wp\/v2\/media?parent=40037"}],"curies":[{"name":"wp","href":"https:\/\/api.w.org\/{rel}","templated":true}]}}