{"id":40004,"date":"2022-03-24T17:47:17","date_gmt":"2022-03-24T17:47:17","guid":{"rendered":"https:\/\/www.sisinternational.com\/?page_id=40004"},"modified":"2026-01-26T16:52:46","modified_gmt":"2026-01-26T21:52:46","slug":"sportwetten-marktforschung","status":"publish","type":"page","link":"https:\/\/www.sisinternational.com\/de\/sachverstand\/sportwetten-marktforschung\/","title":{"rendered":"Sportwetten-Marktforschung"},"content":{"rendered":"<h1 class=\"wp-block-heading\">Sportwetten-Marktforschung<\/h1>\n\n\n\n<p><\/p>\n\n\n\n<figure class=\"gb-block-image gb-block-image-b11a84dd\"><img loading=\"lazy\" decoding=\"async\" width=\"1456\" height=\"816\" class=\"gb-image gb-image-b11a84dd\" src=\"https:\/\/www.sisinternational.com\/wp-content\/uploads\/2025\/08\/Golf-sport-2.jpg\" alt=\"SIS International Marktforschung &amp; Strategie\" title=\"Golf sport (2)\" srcset=\"https:\/\/www.sisinternational.com\/wp-content\/uploads\/2025\/08\/Golf-sport-2.jpg 1456w, https:\/\/www.sisinternational.com\/wp-content\/uploads\/2025\/08\/Golf-sport-2-300x168.jpg 300w, https:\/\/www.sisinternational.com\/wp-content\/uploads\/2025\/08\/Golf-sport-2-1024x574.jpg 1024w, https:\/\/www.sisinternational.com\/wp-content\/uploads\/2025\/08\/Golf-sport-2-768x430.jpg 768w, https:\/\/www.sisinternational.com\/wp-content\/uploads\/2025\/08\/Golf-sport-2-18x10.jpg 18w\" sizes=\"auto, (max-width: 1456px) 100vw, 1456px\"><\/figure>\n\n\n\n<p><\/p>\n\n\n\n<hr class=\"wp-block-separator has-alpha-channel-opacity is-style-dots\"\/>\n\n\n\n<p>Das Vorhersagen und Platzieren einer Wette auf ein Sportereignis ist \u201eSportwetten\u201c. Das Hauptziel von Sportwetten ist es, mehr Geld zu gewinnen. Bei Sportwetten geht es nicht immer darum, wer unter den Spielern gewinnt und wer verliert. Man kann auch die Anzahl der Tore vorhersagen, die Spieler, die Tore schie\u00dfen werden, die Zeit, zu der sie schie\u00dfen werden, und vieles mehr. Sportwetten sind Wetten auf Sportarten wie Fu\u00dfball, Basketball oder Boxen. Menschen platzieren auch Wetten auf Rugby, Handball und Autorennen. Wetten auf Hunderennen, Hahnenk\u00e4mpfe und Pferderennen sind nicht-menschliche Erweiterungen. Sie sind auch Teil der Sportwettenarena. Eines der mit Sportwetten verbundenen Risiken ist die Sucht danach. Sportwetten k\u00f6nnen auch zu unkontrollierbaren Ausgabegewohnheiten f\u00fchren.<\/p>\n\n\n\n<h2 class=\"wp-block-heading\">Warum sind Sportwetten wichtig?<\/h2>\n\n\n\n<p>Sportwetten haben im Laufe der Jahre an Bedeutung gewonnen. Heute sind sie eine der am schnellsten wachsenden Branchen weltweit. Dank ihrer vielen Vorteile haben sie auch weltweit an Popularit\u00e4t gewonnen. Das Internet macht es Wettenden leichter, ihre Wetten bequem von zu Hause aus zu platzieren. Abgesehen vom Spa\u00df an Sportwetten hat man auch die Chance, zus\u00e4tzliches Geld oder mehr zu verdienen. Sportwetten bieten auch ein besonderes Vergn\u00fcgen, das Fans immer wieder zur\u00fcckkommen l\u00e4sst. Fans schauen gerne Fu\u00dfball, aber einen Anteil am Spiel zu haben, verleiht ihnen ein einzigartiges Gef\u00fchl.<\/p>\n\n\n\n<h2 class=\"wp-block-heading\">Wichtige Berufsbezeichnung<\/h2>\n\n\n\n<h3 class=\"wp-block-heading\">Sportwetten-Kassierer<\/h3>\n\n\n\n<p>Ein Sportwettenkassierer stellt Wettscheine f\u00fcr Wettende aus. Er l\u00f6st auch Gewinnscheine f\u00fcr die Gewinner ein.<\/p>\n\n\n\n<h3 class=\"wp-block-heading\">Wettkassierer<\/h3>\n\n\n\n<p>In modernen Wettb\u00fcros arbeiten Wettkassierer. Sie erfassen die Buchungscodes bzw. Buchungs-IDs der Kunden und drucken die Wettscheine aus. Au\u00dferdem zahlen sie den Kunden ihre Gewinne aus.<\/p>\n\n\n\n<h3 class=\"wp-block-heading\">Sportwetten-Analyst<\/h3>\n\n\n\n<p><a href=\"https:\/\/www.sisinternational.com\/de\/sachverstand\/branchen\/marktforschung-fur-sportartikel\/\" title=\"Sportartikel-Marketingforschung\"  data-wpil-monitor-id=\"6241\">Sports betting<\/a> analysts select the best value bets on the market. They are also in charge of overseeing <a href=\"https:\/\/www.sisinternational.com\/de\/losungen\/ai-marktforschung-und-strategieberatung\/online-gaming-automatisierung-beratung-zu-kunstlicher-intelligenz\/\" title=\"Beratung zur Online-Gaming-Automatisierung und k\u00fcnstlichen Intelligenz\"  data-wpil-monitor-id=\"9182\">automated systems and data for live games<\/a> in various sports.<\/p>\n\n\n\n<h2 class=\"wp-block-heading\">Schl\u00fcsselfaktoren f\u00fcr den Erfolg<\/h2>\n\n\n\n<p>Bei Sportwetten gibt es keine 100 Prozent genaue Vorhersage. Aber man kann sich auch nicht nur auf Gl\u00fcck verlassen. Man muss wissen, wie man eine gute Vorhersage macht. Dazu kann man Statistiken, Zahlen und Algorithmen aus fr\u00fcheren Sportereignissen verwenden. Sportwetter verwenden diese Kennzahlen beispielsweise f\u00fcr die Vorhersage der Ergebnisse von Fu\u00dfballspielen.<\/p>\n\n\n\n<p>Hier sind ein paar Tipps, die Ihnen dabei helfen, den Erfolg einer Sportwette vorherzusagen.<\/p>\n\n\n\n<ul class=\"wp-block-list\">\n<li>Google hilft mit Statistiken \u00fcber Teams. Recherche w\u00fcrde dabei helfen, einen gro\u00dfen Sieg zu erringen.<\/li>\n\n\n\n<li>Versuchen Sie, keinen langen Wettschein zu erstellen. Ein Buchmacher, der 20 bis 30 Wetten auf einem einzigen Wettschein verbucht, wird verlieren. Setzen Sie auf Qualit\u00e4t und nicht auf Quantit\u00e4t.<\/li>\n\n\n\n<li>Bewahren Sie beim Platzieren von Wetten einen k\u00fchlen Kopf und \u00fcberst\u00fcrzen Sie nichts. Nehmen Sie sich Zeit, um auf die Statistiken zuzugreifen.<\/li>\n\n\n\n<li>Man sollte sich auch gut mit den Spielen auskennen. Achten Sie auf die Heim- und Ausw\u00e4rtsmannschaften. Es hilft auch, die Aufstellungen und Spieler zu \u00fcberpr\u00fcfen.<\/li>\n<\/ul>\n\n\n\n<h2 class=\"wp-block-heading\">Warum sollte man Marktforschung f\u00fcr Sportwetten betreiben?<\/h2>\n\n\n\n<p>It\u2019s vital to conduct <a href=\"https:\/\/www.sisinternational.com\/de\/sachverstand\/branchen\/online-gaming-sportwetten-casino-marktforschung\/\" title=\"Marktforschung f\u00fcr Online-Gaming, Sportwetten und Casinos\"  data-wpil-monitor-id=\"9180\">research when launching sports betting<\/a> business. Sports betting is illegal in some countries. As sports betting is strictly 18+, one strategy would be to find a location without underage kids. Also, it should be in a place not close to where kids are usually seen, like schools. Working with a <a href=\"https:\/\/www.sisinternational.com\/de\/sachverstand\/lebenslaufe\/lebenslauf-mit-erfahrungen-in-der-automobilindustrie\/\" title=\"Marktforschungsunternehmen f\u00fcr die Automobilindustrie\"  data-wpil-monitor-id=\"9178\">market research company<\/a> will be an excellent first step. They can help get a better location for your business and make you understand the dos and don\u2019ts of the area.<\/p>\n\n\n\n<p>Unser <a href=\"https:\/\/www.sisinternational.com\/de\/losungen\/marktforschungsunternehmen-mit-online-umfragen\/\" title=\"Online Umfrage Sampling Marktforschungsunternehmen\"  data-wpil-monitor-id=\"9184\">company conducts live interviews and surveys<\/a> to gather information about your consumers\u2019 opinions. We also run focus groups. This tool is well-known in <a href=\"https:\/\/www.sisinternational.com\/de\/sachverstand\/branchen\/trainingsdaten-marktforschung\/\" title=\"Marktforschung zu Trainingsdaten\"  data-wpil-monitor-id=\"9179\">market research for getting in-depth data<\/a>. Businesses can also discover customers\u2019 genuine points of view and opinions through focus groups.<\/p>\n\n\n\n<p><a href=\"https:\/\/www.sisinternational.com\/de\/qualitative-research-to-enhance-customer-experience\/\" title=\"Qualitative Research to Enhance Customer Experience\"  data-wpil-monitor-id=\"9177\">Qualitative research helps us understand customer<\/a> behavior. It also identifies reasons for product repurchase. <a href=\"https:\/\/www.sisinternational.com\/de\/sis-application-of-quantitative-data-analytics-to-sensory-testing\/\" title=\"SIS Application of Quantitative Data Analytics to Sensory Testing\"  data-wpil-monitor-id=\"9181\">Quantitative research gives us unbiased data<\/a> about your customers\u2019 buying habits. With our strategy research, we help you save money and ensure the <a href=\"https:\/\/www.sisinternational.com\/de\/predictive-analytics\/\" title=\"Predictive Analytics: Your Crystal Ball for Business Success\"  data-wpil-monitor-id=\"9183\">success of your business<\/a>.<\/p>\n\n\n\n<p><\/p>","protected":false},"excerpt":{"rendered":"<p>Sportwetten sind eine schnell wachsende Branche, die weltweit an Popularit\u00e4t gewinnt und viele Vorteile bietet. Erfahren Sie mehr mit der Marktforschung f\u00fcr Sportwetten.<\/p>","protected":false},"author":1,"featured_media":63664,"parent":14514,"menu_order":107,"comment_status":"closed","ping_status":"closed","template":"","meta":{"footnotes":""},"class_list":["post-40004","page","type-page","status-publish","has-post-thumbnail"],"_links":{"self":[{"href":"https:\/\/www.sisinternational.com\/de\/wp-json\/wp\/v2\/pages\/40004","targetHints":{"allow":["GET"]}}],"collection":[{"href":"https:\/\/www.sisinternational.com\/de\/wp-json\/wp\/v2\/pages"}],"about":[{"href":"https:\/\/www.sisinternational.com\/de\/wp-json\/wp\/v2\/types\/page"}],"author":[{"embeddable":true,"href":"https:\/\/www.sisinternational.com\/de\/wp-json\/wp\/v2\/users\/1"}],"replies":[{"embeddable":true,"href":"https:\/\/www.sisinternational.com\/de\/wp-json\/wp\/v2\/comments?post=40004"}],"version-history":[{"count":6,"href":"https:\/\/www.sisinternational.com\/de\/wp-json\/wp\/v2\/pages\/40004\/revisions"}],"predecessor-version":[{"id":81535,"href":"https:\/\/www.sisinternational.com\/de\/wp-json\/wp\/v2\/pages\/40004\/revisions\/81535"}],"up":[{"embeddable":true,"href":"https:\/\/www.sisinternational.com\/de\/wp-json\/wp\/v2\/pages\/14514"}],"wp:featuredmedia":[{"embeddable":true,"href":"https:\/\/www.sisinternational.com\/de\/wp-json\/wp\/v2\/media\/63664"}],"wp:attachment":[{"href":"https:\/\/www.sisinternational.com\/de\/wp-json\/wp\/v2\/media?parent=40004"}],"curies":[{"name":"wp","href":"https:\/\/api.w.org\/{rel}","templated":true}]}}