{"id":39988,"date":"2022-03-24T16:40:15","date_gmt":"2022-03-24T16:40:15","guid":{"rendered":"https:\/\/www.sisinternational.com\/?page_id=39988"},"modified":"2026-01-25T16:43:11","modified_gmt":"2026-01-25T21:43:11","slug":"marktforschung-guam","status":"publish","type":"page","link":"https:\/\/www.sisinternational.com\/de\/abdeckung\/north-america\/usa-berichterstattung\/marktforschung-guam\/","title":{"rendered":"Marktforschung in Guam"},"content":{"rendered":"<h1 class=\"wp-block-heading\">Marktforschung in Guam<\/h1>\n\n\n\n<figure class=\"gb-block-image gb-block-image-5fa47201\"><img loading=\"lazy\" decoding=\"async\" width=\"1456\" height=\"816\" class=\"gb-image gb-image-5fa47201\" src=\"https:\/\/www.sisinternational.com\/wp-content\/uploads\/2025\/09\/Guam-4.jpg\" alt=\"SIS International Marktforschung &amp; Strategie\" title=\"Guam (4)\" srcset=\"https:\/\/www.sisinternational.com\/wp-content\/uploads\/2025\/09\/Guam-4.jpg 1456w, https:\/\/www.sisinternational.com\/wp-content\/uploads\/2025\/09\/Guam-4-300x168.jpg 300w, https:\/\/www.sisinternational.com\/wp-content\/uploads\/2025\/09\/Guam-4-1024x574.jpg 1024w, https:\/\/www.sisinternational.com\/wp-content\/uploads\/2025\/09\/Guam-4-768x430.jpg 768w, https:\/\/www.sisinternational.com\/wp-content\/uploads\/2025\/09\/Guam-4-18x10.jpg 18w\" sizes=\"auto, (max-width: 1456px) 100vw, 1456px\"><\/figure>\n\n\n\n<p><\/p>\n\n\n\n<hr class=\"wp-block-separator has-alpha-channel-opacity is-style-dots\"\/>\n\n\n\n<p>Obwohl Guam eine eigenst\u00e4ndige Insel ist, handelt es sich um ein Territorium der USA. Es liegt im Nordpazifik.<\/p>\n\n\n\n<h2 class=\"wp-block-heading\">Schl\u00fcsselindustrien<\/h2>\n\n\n\n<p>Die US-Streitkr\u00e4fte sind auf der Insel pr\u00e4sent und die Ausgaben dieses Sektors st\u00fctzen teilweise die Wirtschaft von Guam.<\/p>\n\n\n\n<p>Der Tourismus ist der st\u00e4rkste Sektor des Landes. Er w\u00e4chst auch am schnellsten. Der Tourismus bietet Tausende von Arbeitspl\u00e4tzen auf der Insel. Jedes Jahr besuchen \u00fcber eine Million Touristen das Land.<\/p>\n\n\n\n<p>These two <a href=\"https:\/\/www.sisinternational.com\/de\/industry-forecast\/industrial-sector-forecast\/\" title=\"Industrial Sector Forecast\"  data-wpil-monitor-id=\"10145\">sectors also help the construction industry<\/a>. The construction sector benefits from the upkeep of the US military bases. It is also needed to build and maintain the hotels and resorts in Guam.<\/p>\n\n\n\n<p>Weitere wichtige Industriezweige auf Guam sind die Gefl\u00fcgelzucht und die Textilveredelung.<\/p>\n\n\n\n<p>Die wichtigsten Exportg\u00fcter Guams sind Alteisen, Elektrobatterien und Sch\u00f6nheitsprodukte. Die wichtigsten Exportpartner sind S\u00fcdkorea, Hongkong und Australien.<\/p>\n\n\n\n<p>Some of the country\u2019s <a href=\"https:\/\/www.sisinternational.com\/de\/sachverstand\/branchen\/marktforschung-fur-automobilbeleuchtung\/wie-wichtig-ist-adas-fur-autofahrer\/\" title=\"Wie wichtig ist ADAS f\u00fcr Autofahrer\"  data-wpil-monitor-id=\"1889\">imports are cars<\/a>, food, and oil. Some import partners are Japan, Malaysia, and Singapore.<\/p>\n\n\n\n<h2 class=\"wp-block-heading\">Nachbarschaften<\/h2>\n\n\n\n<p>Die Hauptstadt von Guam ist Hagatna, der zentrale Knotenpunkt der Insel. Hier sind die drei Regierungszweige ans\u00e4ssig. Hagatna ist auch der Sitz der katholischen Kirche, der vorherrschenden Religion auf der Insel.<\/p>\n\n\n\n<p>Dededo ist das zweitgr\u00f6\u00dfte Dorf auf Guam. Besucher und Einheimische besuchen gern den Indoor-Freizeitpark und das Einkaufszentrum.<\/p>\n\n\n\n<h2 class=\"wp-block-heading\">Trends<\/h2>\n\n\n\n<p>Guams Wachstum ist in den letzten zehn Jahren stetig verlaufen. Die US-St\u00fctzpunkte auf der Insel kommen sowohl dem \u00f6ffentlichen als auch dem privaten Sektor zugute. So vergibt die US-Marine beispielsweise Auftr\u00e4ge an den Bausektor. Sie bieten den B\u00fcrgern auch zahlreiche Arbeitspl\u00e4tze.<\/p>\n\n\n\n<p>Heutzutage liegt der Fokus mehr auf Volkskunst und Kunsthandwerk. \u00d6ffentliche und private Gruppen tun mehr, um diesen Sektor zu f\u00f6rdern. So besuchen sowohl Einheimische als auch Touristen Veranstaltungen und geben Geld f\u00fcr Kunsthandwerk aus.<\/p>\n\n\n\n<p>Schlie\u00dflich lockt der Entwicklungsstand der Insel viele Touristen aus der Region an.<\/p>\n\n\n\n<h2 class=\"wp-block-heading\">Vorteile und St\u00e4rken im Markt<\/h2>\n\n\n\n<p>Guam hat eine stabile Wirtschaft. Die W\u00e4hrung auf der Insel ist der US-Dollar.<\/p>\n\n\n\n<p>Die Regierung von Guam m\u00f6chte ihre Tourismusbranche zukunftssicher machen. Es gibt Pl\u00e4ne, diesen Sektor auszubauen und Guam zu einer Haupttouristenattraktion zu machen. Die Regierung arbeitet daran, Hagatna in das Kulturdorf zu verwandeln. Sobald es fertig ist, wird es f\u00fcr Touristen viele Aktivit\u00e4ten bieten. Investoren mit frischen Ideen sind daher willkommen.<\/p>\n\n\n\n<p>Der Markt ist au\u00dferdem vielf\u00e4ltig. Es gibt viele Sektoren, von denen Investoren profitieren k\u00f6nnen. Dar\u00fcber hinaus bietet die Regierung Anreizprogramme f\u00fcr Investoren. Einige der Anreize betreffen Steuern, Handel und Tourismus.<\/p>\n\n\n\n<h2 class=\"wp-block-heading\">Verbraucherbasis<\/h2>\n\n\n\n<p>Etwa ein Viertel der Bev\u00f6lkerung lebt unterhalb der Armutsgrenze.<\/p>\n\n\n\n<p>Trotzdem k\u00f6nnen die Menschen auf Guam aus zahlreichen Gesundheitsdiensten w\u00e4hlen. Auf der Insel gibt es \u00f6ffentliche, private und milit\u00e4rische Krankenh\u00e4user und Kliniken.<\/p>\n\n\n\n<p>Dar\u00fcber hinaus ist das Land f\u00fcr Einheimische und Besucher sicher.<\/p>\n\n\n\n<h2 class=\"wp-block-heading\">Reasons to Grow Your Business in Guam<\/h2>\n\n\n\n<p>Die Geb\u00e4ude und Dienstleistungen auf Guam entsprechen US-Standards. Investoren haben Zugang zu guten Telekommunikations-, Finanz- und Transportdienstleistungen.<\/p>\n\n\n\n<p>Die Schulbildung ist im Alter von 6 bis 16 Jahren kostenlos. Es gibt auch eine Universit\u00e4t, die vierj\u00e4hrige und Masterstudieng\u00e4nge anbietet. Guam verf\u00fcgt somit \u00fcber eine qualifizierte und gebildete Arbeiterklasse.<\/p>\n\n\n\n<p>Schlie\u00dflich ist ihr Handelsmarkt breit und stabil. Auch die Regierung ist offen f\u00fcr Investitionen, da sie Branchen st\u00e4rken und Arbeitspl\u00e4tze f\u00fcr die Menschen schaffen.<\/p>\n\n\n\n<h2 class=\"wp-block-heading\">\u00dcber Marktforschung in Guam<\/h2>\n\n\n\n<p>Business owners and investors must do Strategic <a href=\"https:\/\/www.sisinternational.com\/de\/sachverstand\/branchen\/marktforschung-fur-herrenmode\/\" title=\"Marktforschung f\u00fcr Herrenmode\"  data-wpil-monitor-id=\"3722\">Research before they enter the market<\/a>. Doing <a href=\"https:\/\/www.sisinternational.com\/de\/losungen\/qualitative-quantitative-forschungslosungen\/qualitative-forschung-rekrutierung\/\" title=\"Qualitative Forschung Rekrutierung\"  data-wpil-monitor-id=\"10143\">Qualitative und Quantitative Forschung<\/a> allows one to make the best business choices.<\/p>\n\n\n\n<p>Guam is a very diverse island. Thus, a <a href=\"https:\/\/www.sisinternational.com\/de\/top-5-benefits-of-qualitative-market-research-for-businesses\/\" title=\"Top 5 Benefits of Qualitative Market Research for Businesses\"  data-wpil-monitor-id=\"10146\">business owner will benefit<\/a> from Surveys, Focus Groups, and Interviews. These tools will give insight into the <a href=\"https:\/\/www.sisinternational.com\/de\/sachverstand\/branchen\/marktforschung-fur-indigene-volker\/\" title=\"Marktforschung f\u00fcr indigene V\u00f6lker\"  data-wpil-monitor-id=\"10144\">market and the people<\/a>.<\/p>\n\n\n\n<p><\/p>","protected":false},"excerpt":{"rendered":"<p>Marktforschung in Guam Obwohl Guam selbstverwaltet ist, ist es ein Territorium der Vereinigten Staaten. Es liegt im Nordpazifik. Schl\u00fcsselindustrien Die US-Streitkr\u00e4fte sind auf der Insel pr\u00e4sent, und die Ausgaben dieses Sektors st\u00fctzen teilweise die Wirtschaft in Guam. Der Tourismus ist der st\u00e4rkste Sektor des Landes. Er \u2026 <a title=\"Marktforschung in Guam\" class=\"read-more\" href=\"https:\/\/www.sisinternational.com\/de\/abdeckung\/north-america\/usa-berichterstattung\/marktforschung-guam\/\" aria-label=\"Mehr Informationen \u00fcber Marktforschung in Guam\">Weiterlesen \u2026<\/a><\/p>","protected":false},"author":1,"featured_media":66541,"parent":19303,"menu_order":58,"comment_status":"closed","ping_status":"closed","template":"","meta":{"footnotes":""},"class_list":["post-39988","page","type-page","status-publish","has-post-thumbnail"],"_links":{"self":[{"href":"https:\/\/www.sisinternational.com\/de\/wp-json\/wp\/v2\/pages\/39988","targetHints":{"allow":["GET"]}}],"collection":[{"href":"https:\/\/www.sisinternational.com\/de\/wp-json\/wp\/v2\/pages"}],"about":[{"href":"https:\/\/www.sisinternational.com\/de\/wp-json\/wp\/v2\/types\/page"}],"author":[{"embeddable":true,"href":"https:\/\/www.sisinternational.com\/de\/wp-json\/wp\/v2\/users\/1"}],"replies":[{"embeddable":true,"href":"https:\/\/www.sisinternational.com\/de\/wp-json\/wp\/v2\/comments?post=39988"}],"version-history":[{"count":5,"href":"https:\/\/www.sisinternational.com\/de\/wp-json\/wp\/v2\/pages\/39988\/revisions"}],"predecessor-version":[{"id":81677,"href":"https:\/\/www.sisinternational.com\/de\/wp-json\/wp\/v2\/pages\/39988\/revisions\/81677"}],"up":[{"embeddable":true,"href":"https:\/\/www.sisinternational.com\/de\/wp-json\/wp\/v2\/pages\/19303"}],"wp:featuredmedia":[{"embeddable":true,"href":"https:\/\/www.sisinternational.com\/de\/wp-json\/wp\/v2\/media\/66541"}],"wp:attachment":[{"href":"https:\/\/www.sisinternational.com\/de\/wp-json\/wp\/v2\/media?parent=39988"}],"curies":[{"name":"wp","href":"https:\/\/api.w.org\/{rel}","templated":true}]}}