{"id":39949,"date":"2022-03-12T00:57:23","date_gmt":"2022-03-12T00:57:23","guid":{"rendered":"https:\/\/www.sisinternational.com\/?page_id=39949"},"modified":"2025-09-24T21:41:58","modified_gmt":"2025-09-25T01:41:58","slug":"marktforschung-mikronesien","status":"publish","type":"page","link":"https:\/\/www.sisinternational.com\/de\/abdeckung\/marktforschung-asien\/marktforschung-mikronesien\/","title":{"rendered":"Marktforschung in Mikronesien"},"content":{"rendered":"<h1 class=\"wp-block-heading\">Marktforschung in Mikronesien<\/h1>\n\n\n\n<p><\/p>\n\n\n\n<figure class=\"gb-block-image gb-block-image-4cef572e\"><img loading=\"lazy\" decoding=\"async\" width=\"1456\" height=\"816\" class=\"gb-image gb-image-4cef572e\" src=\"https:\/\/www.sisinternational.com\/wp-content\/uploads\/2025\/09\/Micronesia-3.jpg\" alt=\"SIS International Marktforschung &amp; Strategie\" title=\"Micronesia (3)\" srcset=\"https:\/\/www.sisinternational.com\/wp-content\/uploads\/2025\/09\/Micronesia-3.jpg 1456w, https:\/\/www.sisinternational.com\/wp-content\/uploads\/2025\/09\/Micronesia-3-300x168.jpg 300w, https:\/\/www.sisinternational.com\/wp-content\/uploads\/2025\/09\/Micronesia-3-1024x574.jpg 1024w, https:\/\/www.sisinternational.com\/wp-content\/uploads\/2025\/09\/Micronesia-3-768x430.jpg 768w, https:\/\/www.sisinternational.com\/wp-content\/uploads\/2025\/09\/Micronesia-3-18x10.jpg 18w\" sizes=\"auto, (max-width: 1456px) 100vw, 1456px\"><\/figure>\n\n\n\n<p><\/p>\n\n\n\n<hr class=\"wp-block-separator has-alpha-channel-opacity is-style-dots\"\/>\n\n\n\n<h3 class=\"wp-block-heading\">Der Eintritt in den mikronesischen Markt erfordert ein tiefes Verst\u00e4ndnis der lokalen Kultur und des Verbraucherverhaltens.<\/h3>\n\n\n\n<p>Sie denken \u00fcber eine Expansion Ihres Unternehmens nach Mikronesien nach, sind sich aber nicht sicher, wo Sie anfangen sollen? Marktforschung in Mikronesien ist die Grundlage f\u00fcr fundierte Entscheidungen und das Verst\u00e4ndnis des lokalen Gesch\u00e4ftsumfelds. Durch Marktforschung k\u00f6nnen Sie Herausforderungen erkennen, Verbraucherpr\u00e4ferenzen einsch\u00e4tzen und neue Wachstumschancen aufdecken.<\/p>\n\n\n\n<h2 class=\"wp-block-heading\"><strong>Was ist Marktforschung in Mikronesien?<\/strong><\/h2>\n\n\n\n<p>Marktforschung in Mikronesien hilft Unternehmen, fundierte Entscheidungen \u00fcber den mikronesischen Markt zu treffen. Der Markt stellt einzigartige Herausforderungen dar, darunter kulturelle Vielfalt, geografische Trennung und unterschiedliches Verbraucherverhalten auf den verschiedenen Inseln. Aufgrund dieser Herausforderungen ist es f\u00fcr Unternehmen unerl\u00e4sslich, die Bed\u00fcrfnisse, Vorlieben und Kaufgewohnheiten der lokalen Verbraucher zu verstehen.<\/p>\n\n\n\n<p>Durch Marktforschung in Mikronesien k\u00f6nnen Unternehmen wichtige Trends erkennen, das Marktpotenzial bewerten und die spezifischen Bed\u00fcrfnisse der Bev\u00f6lkerung erkennen. Diese Forschung hilft bei der Beantwortung von Fragen wie: Welche Produkte und Dienstleistungen sind am gefragtesten? Wie wirken sich kulturelle Unterschiede auf das Verbraucherverhalten aus? Durch Einblicke in diese Fragen k\u00f6nnen Unternehmen ihre Marketingstrategien anpassen, um das mikronesische Publikum effektiv zu erreichen und anzusprechen.<\/p>\n\n\n\n<h2 class=\"wp-block-heading\"><strong>Warum brauchen Unternehmen Marktforschung in Mikronesien?<\/strong><\/h2>\n\n\n\n<p>Durch Marktforschung in Mikronesien k\u00f6nnen Unternehmen sicherstellen, dass ihre Strategien den lokalen Marktanforderungen entsprechen und L\u00f6sungen entwickeln, die spezifische regionale Herausforderungen angehen. Dieser Ansatz tr\u00e4gt nicht nur zur Risikominderung bei, sondern steigert auch das Potenzial f\u00fcr langfristigen Erfolg und Wachstum.<\/p>\n\n\n\n<p>Market research in Micronesia&nbsp;also helps businesses make informed decisions about the Micronesian market. The market presents unique challenges, including cultural diversity, geographical separation, and varying consumer behaviors across different islands. These challenges make it essential for companies to understand the needs, preferences, and purchasing patterns of local consumers.<\/p>\n\n\n\n<p>Dar\u00fcber hinaus k\u00f6nnen Unternehmen durch Marktforschung in Mikronesien wichtige Trends erkennen, das Marktpotenzial bewerten und die spezifischen Bed\u00fcrfnisse der Bev\u00f6lkerung erkennen. Diese Forschung hilft bei der Beantwortung von Fragen wie: Welche Produkte und Dienstleistungen sind am gefragtesten? Wie wirken sich kulturelle Unterschiede auf das Verbraucherverhalten aus? Durch die Erkenntnisse zu diesen Themen k\u00f6nnen Unternehmen ihre Marketingstrategien anpassen, um das mikronesische Publikum effektiv zu erreichen und anzusprechen.<\/p>\n\n\n\n<h2 class=\"wp-block-heading\">Nachbarschaften<\/h2>\n\n\n\n<p>Die F\u00f6derierten Staaten von Mikronesien, auch FSM genannt, bestehen aus \u00fcber 600 Inseln in Ozeanien im Pazifischen Ozean. Es ist ein englischsprachiges Land mit engen Verbindungen zu den Vereinigten Staaten. Das Land besteht aus vier Inselstaatengruppen: Kosrae, Pohnpei, Yap und Chuuk. Es ist ber\u00fchmt f\u00fcr seine antiken Ruinen, Tauchpl\u00e4tze voller Wracks und palmenbeschattete Str\u00e4nde.<\/p>\n\n\n\n<p>Pohnpei ist die Heimat der Landeshauptstadt Palikir. Es ist ein gro\u00dfartiger Touristenstopp, da Sandstr\u00e4nde und tropische Dschungel Touristen anziehen. Ein weiterer toller Aspekt von Pohnpei ist, dass es sich hervorragend zum Wandern eignet.<\/p>\n\n\n\n<h2 class=\"wp-block-heading\">Schl\u00fcsselindustrien<\/h2>\n\n\n\n<p>Die Tourismusbranche ist einer der vielversprechendsten Sektoren und zieht Besucher mit der Natursch\u00f6nheit Mikronesiens an, zu der atemberaubende Str\u00e4nde und ein pulsierendes Meeresleben geh\u00f6ren. Unternehmen wie Pacific Islands Tourism und lokale Gastgewerbebetriebe spielen eine entscheidende Rolle bei der Gestaltung der Tourismuslandschaft und bieten einzigartige Reiseerlebnisse, die internationale Touristen anziehen.<\/p>\n\n\n\n<p>Ein weiterer wichtiger Wirtschaftszweig ist die Landwirtschaft, die sich auf den lokalen Anbau von Nutzpflanzen wie Kokosn\u00fcssen, Taro und Bananen konzentriert. Marktforschungen in Mikronesien zeigen, dass landwirtschaftliche Betriebe nach und nach nachhaltigere Praktiken einf\u00fchren, was Chancen f\u00fcr Unternehmen er\u00f6ffnet, die sich auf Agrartechnologie und -dienstleistungen spezialisieren. Dar\u00fcber hinaus gewinnt der Sektor der erneuerbaren Energien an Bedeutung, angetrieben von Initiativen zur Verringerung der Abh\u00e4ngigkeit von importierten fossilen Brennstoffen. Unternehmen wie Micronesia Renewable Energy sind federf\u00fchrend bei den Bem\u00fchungen, saubere Energiel\u00f6sungen bereitzustellen, die sowohl Unternehmen als auch lokalen Gemeinden zugutekommen.<\/p>\n\n\n\n<p>Die Identifizierung dieser Schl\u00fcsselindustrien durch Marktforschung in Mikronesien erm\u00f6glicht es Unternehmen, ihre Strategien auf Sektoren auszurichten, die f\u00fcr die wirtschaftliche Entwicklung der Region von zentraler Bedeutung sind. Ob Tourismus, Landwirtschaft oder erneuerbare Energien \u2013 das Verst\u00e4ndnis der Dynamik dieser Branchen ist f\u00fcr den Erfolg in Mikronesien entscheidend.<\/p>\n\n\n\n<h2 class=\"wp-block-heading\">Trends<\/h2>\n\n\n\n<p>Die Fischereiindustrie der FSM ist lebenswichtig und mehrere ausl\u00e4ndische Flotten sind hier t\u00e4tig. Dies kostet sie jedes Jahr Millionen von Dollar und diese Lizenzgeb\u00fchren machen fast ein Drittel der Einnahmen des Landes aus. Meeresexporte, darunter der Reexport von Fisch nach Japan, machen einen gro\u00dfen Teil der Exporteinnahmen aus.<\/p>\n\n\n\n<p>Die Inseln haben eine Tourismusindustrie, die jedoch durch die Infrastruktur behindert wird. Zu den Sehensw\u00fcrdigkeiten z\u00e4hlen:<\/p>\n\n\n\n<ul class=\"wp-block-list\">\n<li>Schlachtfelder aus dem Zweiten Weltkrieg<\/li>\n\n\n\n<li>Sporttauchen in jedem Bundesstaat<\/li>\n\n\n\n<li>Die Ruinen von Nan Madol, einer antiken Stadt in Pohnpei<\/li>\n<\/ul>\n\n\n\n<p>Der Tourismus ist eine der Branchen mit gro\u00dfem Wachstumspotenzial.<\/p>\n\n\n\n<p>Andererseits geht die Landwirtschaft zur\u00fcck. Die meisten Bauern ern\u00e4hren sich von ihren Erzeugnissen. Bananen, Kokosn\u00fcsse, S\u00fc\u00dfkartoffeln und Maniok sind die wichtigsten Anbauprodukte. Die Exporteinnahmen aus der Landwirtschaft sind sehr gering. Tats\u00e4chlich arbeitet nur etwa ein Zehntel der Inselbev\u00f6lkerung in diesem Sektor.<\/p>\n\n\n\n<p>Auch die verarbeitende Industrie ist sehr gering. Sie besteht vor allem aus dem Export von Beteln\u00fcssen in Yap und der Knopfherstellung aus der Trochus-Schale.<\/p>\n\n\n\n<h2 class=\"wp-block-heading\"><strong>Chancen in Mikronesien<\/strong><\/h2>\n\n\n\n<figure class=\"gb-block-image gb-block-image-92f0589d\"><img loading=\"lazy\" decoding=\"async\" width=\"1456\" height=\"816\" class=\"gb-image gb-image-92f0589d\" src=\"https:\/\/www.sisinternational.com\/wp-content\/uploads\/2025\/09\/Micronesia-5.jpg\" alt=\"SIS International Marktforschung &amp; Strategie\" title=\"Micronesia (5)\" srcset=\"https:\/\/www.sisinternational.com\/wp-content\/uploads\/2025\/09\/Micronesia-5.jpg 1456w, https:\/\/www.sisinternational.com\/wp-content\/uploads\/2025\/09\/Micronesia-5-300x168.jpg 300w, https:\/\/www.sisinternational.com\/wp-content\/uploads\/2025\/09\/Micronesia-5-1024x574.jpg 1024w, https:\/\/www.sisinternational.com\/wp-content\/uploads\/2025\/09\/Micronesia-5-768x430.jpg 768w, https:\/\/www.sisinternational.com\/wp-content\/uploads\/2025\/09\/Micronesia-5-18x10.jpg 18w\" sizes=\"auto, (max-width: 1456px) 100vw, 1456px\"><\/figure>\n\n\n\n<p><\/p>\n\n\n\n<p>Mikronesien bietet zahlreiche M\u00f6glichkeiten in verschiedenen Sektoren, die Unternehmen f\u00fcr ihr Wachstum nutzen k\u00f6nnen. Durch Marktforschung in Mikronesien k\u00f6nnen Unternehmen diese M\u00f6glichkeiten entdecken und sich strategisch f\u00fcr den Erfolg positionieren.<\/p>\n\n\n\n<ul class=\"wp-block-list\">\n<li><strong>Tourismus<\/strong>: Die Tourismusbranche bietet gro\u00dfes Potenzial, insbesondere f\u00fcr Unternehmen, die sich auf Abenteuertourismus, \u00d6kotourismus und kulturelle Erlebnisse spezialisiert haben. Da Mikronesien weiterhin internationale Besucher anzieht, besteht eine wachsende Nachfrage nach innovativen Reisedienstleistungen, die die Kultur und die nat\u00fcrliche Sch\u00f6nheit der Region pr\u00e4sentieren.<\/li>\n\n\n\n<li><strong>Landwirtschaft<\/strong>: F\u00fcr Unternehmen gibt es M\u00f6glichkeiten, nachhaltige landwirtschaftliche Praktiken und Technologiel\u00f6sungen einzuf\u00fchren. Mit einem Fokus auf Produktivit\u00e4tssteigerung und Einf\u00fchrung umweltfreundlicher Methoden k\u00f6nnen Unternehmen, die Agrartechnologie, Schulungen und Lieferkettenl\u00f6sungen anbieten, ihre Gesch\u00e4ftst\u00e4tigkeit in Mikronesien ausweiten.<\/li>\n\n\n\n<li><strong>Erneuerbare Energie<\/strong>: Der Sektor der erneuerbaren Energien ist vielversprechend, angetrieben von den Bem\u00fchungen, die Abh\u00e4ngigkeit von importierten fossilen Brennstoffen zu reduzieren. Unternehmen, die sich auf Solar-, Wind- oder andere saubere Energiel\u00f6sungen spezialisieren, k\u00f6nnen von staatlichen Anreizen und einem unterst\u00fctzenden politischen Umfeld profitieren und gleichzeitig einen positiven Einfluss auf die lokalen Gemeinschaften aus\u00fcben.<\/li>\n\n\n\n<li><strong>Fischereiindustrie<\/strong>: Micronesia&#8217;s fishing industry presents an opportunity for growth, particularly in seafood exports. Companies that focus on sustainable fishing practices and value-added processing can capitalize on the high demand for <a href=\"https:\/\/www.sisinternational.com\/de\/sachverstand\/branchen\/fischmarkt\/\" title=\"Marktforschung f\u00fcr Meeresfr\u00fcchte\"  data-wpil-monitor-id=\"6475\">seafood in international markets<\/a>.<\/li>\n\n\n\n<li><strong>Entwicklung der Infrastruktur<\/strong>: Da die Region an der Verbesserung der Konnektivit\u00e4t arbeitet, ergeben sich Chancen f\u00fcr Unternehmen, die in Bau-, Logistik- und Infrastrukturprojekten t\u00e4tig sind. Investitionen in bessere Stra\u00dfen, H\u00e4fen und Telekommunikation k\u00f6nnen dazu beitragen, die Wirtschaftst\u00e4tigkeit in ganz Mikronesien zu steigern.<\/li>\n\n\n\n<li><strong>Gesundheitsdienstleistungen<\/strong>: In Mikronesien besteht ein wachsender Bedarf an verbesserten Gesundheitseinrichtungen und -diensten. Unternehmen, die medizinische Ger\u00e4te, Telemedizinl\u00f6sungen und Gesundheitsmanagementdienste anbieten, k\u00f6nnen M\u00f6glichkeiten finden, die Gesundheitsinfrastruktur der Region zu unterst\u00fctzen.<\/li>\n\n\n\n<li><strong>Schul-und Berufsbildung<\/strong>: Unternehmen, die sich auf Bildung und Berufsausbildung spezialisieren, k\u00f6nnen mit ihrem Schwerpunkt auf der Kompetenzentwicklung dazu beitragen, den lokalen Bedarf an Initiativen zur Kompetenzentwicklung zu decken. Chancen ergeben sich f\u00fcr Unternehmen, die Schulungen in Sektoren wie Gastgewerbe, Technologie und erneuerbare Energien anbieten.<\/li>\n<\/ul>\n\n\n\n<h2 class=\"wp-block-heading\">Vorteile und St\u00e4rken des Marktes<\/h2>\n\n\n\n<p>Der FSM l\u00e4uft gut und der Markteintritt ist einfach. Die Unternehmen k\u00f6nnen daher kreativer sein. Au\u00dferdem k\u00f6nnen sie ihren Kunden dadurch eine gr\u00f6\u00dfere Auswahl an Waren anbieten.<\/p>\n\n\n\n<h2 class=\"wp-block-heading\">Verbraucherbasis<\/h2>\n\n\n\n<p>Die B\u00fcrger der FSM geben ihr Geld in der Regel f\u00fcr Folgendes aus:<\/p>\n\n\n\n<ul class=\"wp-block-list\">\n<li>Haushaltsgegenst\u00e4nde<\/li>\n\n\n\n<li>Essen<\/li>\n\n\n\n<li>Gesundheitswesen<\/li>\n\n\n\n<li>Ausbildung<\/li>\n\n\n\n<li>Unterhaltung<\/li>\n\n\n\n<li>Transport<\/li>\n<\/ul>\n\n\n\n<h2 class=\"wp-block-heading\">Gr\u00fcnde f\u00fcr den Aufbau eines Unternehmens in Mikronesien<\/h2>\n\n\n\n<p>Die FSM bieten Investoren und Gesch\u00e4ftspartnern zahlreiche M\u00f6glichkeiten. So ist es beispielsweise ein hervorragender Standort mit einer engen Verbindung zu den USA. Auf diesen Inseln ist der Rohstoffsektor ebenfalls unterentwickelt. Sie verf\u00fcgen jedoch \u00fcber die f\u00fcr Gesch\u00e4fte erforderliche Infrastruktur:<\/p>\n\n\n\n<ul class=\"wp-block-list\">\n<li>Die FSM Telecom Corp bietet Internet-, Fax-, Telefon-, Mobiltelefon- und Kabeldienste.<\/li>\n\n\n\n<li>In jedem der vier Staaten gibt es Tiefseeh\u00e4fen und internationale Flugh\u00e4fen. Die H\u00e4fen k\u00f6nnen zumindest riesige Containerschiffe abfertigen, einschlie\u00dflich Lagerung und Umschlag.<\/li>\n\n\n\n<li>Die FSM Development Bank bietet Anlagedienstleistungen an. Das Land hat auch Gesch\u00e4ftsbanken wie die Bank of the FSM und die Bank of Guam.<\/li>\n\n\n\n<li>Unternehmen finden in allen gr\u00f6\u00dferen Zentren Dieselgeneratoren. Diese Generatoren liefern Strom mit 110-220 Volt und 60 Hz.<\/li>\n\n\n\n<li>Buchhaltungs- und Rechtsdienstleistungen sind im ganzen Land verf\u00fcgbar und leicht zug\u00e4nglich.<\/li>\n<\/ul>\n\n\n\n<p>Ausl\u00e4ndische Unternehmen k\u00f6nnen in einigen Branchen teilweise staatliche F\u00f6rderung f\u00fcr die Ausbildung ihrer Mitarbeiter erhalten. Die FSM bietet noch weitere Vorteile. So sind Exporte auf US-M\u00e4rkten zollfrei und das Land genie\u00dft auch in Australien und Neuseeland einen Pr\u00e4ferenzmarktstatus. Die FSM verwendet den US-Dollar als Landesw\u00e4hrung und Englisch ist die offizielle Gesch\u00e4ftssprache.<\/p>\n\n\n\n<h2 class=\"wp-block-heading\"><strong>Wie die Marktforschung von SIS International in Mikronesien Unternehmen hilft<\/strong><\/h2>\n\n\n\n<p><a href=\"https:\/\/www.linkedin.com\/pulse\/how-market-research-enables-growth-ruth-stanat-phekf\/\" target=\"_blank\" rel=\"noopener\"><span style=\"font-weight: 400;\">Marktforschung<\/span><\/a> ist f\u00fcr jedes Unternehmen, das in Mikronesien Fu\u00df fassen oder dort expandieren m\u00f6chte, von entscheidender Bedeutung. <a href=\"https:\/\/medium.com\/@sisinternational\/sis-international-c17160da8fac\" target=\"_blank\" rel=\"noopener\"><span style=\"font-weight: 400;\">SIS<\/span><\/a>Wir sind spezialisiert auf die Bereitstellung umfassender Marktforschungsdienste, die Unternehmen dabei helfen, die Erkenntnisse zu gewinnen, die sie f\u00fcr ihren Erfolg ben\u00f6tigen. Indem wir Marktforschung in Mikronesien betreiben, versetzen wir Unternehmen in die Lage, fundierte Entscheidungen zu treffen, die mit der einzigartigen Dynamik der Region im Einklang stehen.<\/p>\n\n\n\n<ul class=\"wp-block-list\">\n<li><strong>Verbesserte strategische Planung<\/strong>: Unsere Marktforschung liefert detaillierte Daten zu Verbraucherpr\u00e4ferenzen, kulturellen Faktoren und neuen Trends. So k\u00f6nnen Unternehmen ihre strategischen Pl\u00e4ne verfeinern, um die Bed\u00fcrfnisse der mikronesischen Kunden besser zu erf\u00fcllen.<\/li>\n\n\n\n<li><strong>Erh\u00f6htes Umsatzpotenzial<\/strong>: Indem wir das lokale Verbraucherverhalten verstehen und Produkte und Dienstleistungen mit hoher Nachfrage identifizieren, helfen wir Unternehmen dabei, Umsatzchancen zu nutzen und Angebote zu erstellen, die bei ihrer Zielgruppe Anklang finden.<\/li>\n\n\n\n<li><strong>Risikominimierung<\/strong>: Unsere Marktforschungsdienste heben potenzielle Risiken und Herausforderungen hervor, die speziell f\u00fcr den mikronesischen Markt gelten. So k\u00f6nnen Unternehmen wirksame Minderungsstrategien entwickeln und kostspielige Fehltritte vermeiden.<\/li>\n\n\n\n<li><strong>Verbesserte Marketingeffizienz<\/strong>: Indem Unternehmen Erkenntnisse aus der Marktforschung in Mikronesien nutzen, k\u00f6nnen sie ihre Marketingbem\u00fchungen auf die Kan\u00e4le und Botschaften konzentrieren, die bei den lokalen Verbrauchern am besten ankommen, und so den Return on Investment maximieren.<\/li>\n\n\n\n<li><strong>Beschleunigtes Wachstum<\/strong>: Das Verst\u00e4ndnis von Markttrends und Verbraucherbed\u00fcrfnissen erm\u00f6glicht Unternehmen wirksame Innovationen, die zu beschleunigtem Wachstum und langfristigem Erfolg in Mikronesien f\u00fchren.<\/li>\n<\/ul>\n\n\n\n<h2 class=\"wp-block-heading\"><strong>\u00dcber SIS International<\/strong><\/h2>\n\n\n\n<p><a href=\"https:\/\/www.sisinternational.com\/de\/\"><span style=\"font-weight: 400;\">SIS International<\/span><\/a><span style=\"font-weight: 400;\"> bietet quantitative, qualitative und strategische Forschung an. Wir liefern Daten, Tools, Strategien, Berichte und Erkenntnisse zur Entscheidungsfindung. Wir f\u00fchren auch Interviews, Umfragen, Fokusgruppen und andere Methoden und Ans\u00e4tze der Marktforschung durch.<\/span><a href=\"https:\/\/www.sisinternational.com\/de\/uber-sis-international-research\/contact-sis-international-market-research\/\"><span style=\"font-weight: 400;\"> Kontakt<\/span><\/a><span style=\"font-weight: 400;\"> f\u00fcr Ihr n\u00e4chstes Marktforschungsprojekt.<\/span><\/p>\n\n\n\n<p><\/p>","protected":false},"excerpt":{"rendered":"<p>Market Research in Micronesia Entering the Micronesian market requires a deep understanding of the local culture and consumer behavior. Are you considering expanding your business to Micronesia but unsure where to start? Market research in Micronesia is the foundation for making informed decisions and understanding the local business environment. Conducting market research can help identify &#8230; <a title=\"Marktforschung in Mikronesien\" class=\"read-more\" href=\"https:\/\/www.sisinternational.com\/de\/abdeckung\/marktforschung-asien\/marktforschung-mikronesien\/\" aria-label=\"Mehr Informationen \u00fcber Marktforschung in Mikronesien\">Weiterlesen \u2026<\/a><\/p>","protected":false},"author":1,"featured_media":65494,"parent":14508,"menu_order":44,"comment_status":"closed","ping_status":"closed","template":"","meta":{"footnotes":""},"class_list":["post-39949","page","type-page","status-publish","has-post-thumbnail"],"_links":{"self":[{"href":"https:\/\/www.sisinternational.com\/de\/wp-json\/wp\/v2\/pages\/39949","targetHints":{"allow":["GET"]}}],"collection":[{"href":"https:\/\/www.sisinternational.com\/de\/wp-json\/wp\/v2\/pages"}],"about":[{"href":"https:\/\/www.sisinternational.com\/de\/wp-json\/wp\/v2\/types\/page"}],"author":[{"embeddable":true,"href":"https:\/\/www.sisinternational.com\/de\/wp-json\/wp\/v2\/users\/1"}],"replies":[{"embeddable":true,"href":"https:\/\/www.sisinternational.com\/de\/wp-json\/wp\/v2\/comments?post=39949"}],"version-history":[{"count":5,"href":"https:\/\/www.sisinternational.com\/de\/wp-json\/wp\/v2\/pages\/39949\/revisions"}],"predecessor-version":[{"id":80058,"href":"https:\/\/www.sisinternational.com\/de\/wp-json\/wp\/v2\/pages\/39949\/revisions\/80058"}],"up":[{"embeddable":true,"href":"https:\/\/www.sisinternational.com\/de\/wp-json\/wp\/v2\/pages\/14508"}],"wp:featuredmedia":[{"embeddable":true,"href":"https:\/\/www.sisinternational.com\/de\/wp-json\/wp\/v2\/media\/65494"}],"wp:attachment":[{"href":"https:\/\/www.sisinternational.com\/de\/wp-json\/wp\/v2\/media?parent=39949"}],"curies":[{"name":"wp","href":"https:\/\/api.w.org\/{rel}","templated":true}]}}