{"id":39947,"date":"2022-03-12T00:49:17","date_gmt":"2022-03-12T00:49:17","guid":{"rendered":"https:\/\/www.sisinternational.com\/?page_id=39947"},"modified":"2026-01-27T16:47:25","modified_gmt":"2026-01-27T21:47:25","slug":"franzosisch-polynesien","status":"publish","type":"page","link":"https:\/\/www.sisinternational.com\/de\/abdeckung\/marktforschung-asien\/franzosisch-polynesien\/","title":{"rendered":"Marktforschung in Franz\u00f6sisch-Polynesien"},"content":{"rendered":"<h1 class=\"wp-block-heading\">Marktforschung in Franz\u00f6sisch-Polynesien<\/h1>\n\n\n\n<figure class=\"gb-block-image gb-block-image-97407c9d\"><img loading=\"lazy\" decoding=\"async\" width=\"1456\" height=\"816\" class=\"gb-image gb-image-97407c9d\" src=\"https:\/\/www.sisinternational.com\/wp-content\/uploads\/2025\/09\/French-Polynesia-2.jpg\" alt=\"SIS International Marktforschung &amp; Strategie\" title=\"French Polynesia (2)\" srcset=\"https:\/\/www.sisinternational.com\/wp-content\/uploads\/2025\/09\/French-Polynesia-2.jpg 1456w, https:\/\/www.sisinternational.com\/wp-content\/uploads\/2025\/09\/French-Polynesia-2-300x168.jpg 300w, https:\/\/www.sisinternational.com\/wp-content\/uploads\/2025\/09\/French-Polynesia-2-1024x574.jpg 1024w, https:\/\/www.sisinternational.com\/wp-content\/uploads\/2025\/09\/French-Polynesia-2-768x430.jpg 768w, https:\/\/www.sisinternational.com\/wp-content\/uploads\/2025\/09\/French-Polynesia-2-18x10.jpg 18w\" sizes=\"auto, (max-width: 1456px) 100vw, 1456px\"><\/figure>\n\n\n\n<p><\/p>\n\n\n\n<hr class=\"wp-block-separator has-alpha-channel-opacity is-style-dots\"\/>\n\n\n\n<h3 class=\"wp-block-heading\">Franz\u00f6sisch-Polynesien ist mehr als nur ein tropisches Paradies \u2013 es ist ein dynamischer Markt voller M\u00f6glichkeiten. Marktforschung in Franz\u00f6sisch-Polynesien kann Unternehmen dabei helfen, die einzigartigen Herausforderungen und M\u00f6glichkeiten zu verstehen, die diese Region bietet, vom Tourismus bis zur Landwirtschaft.<\/h3>\n\n\n\n<p>M\u00f6chten Sie Ihr Gesch\u00e4ft im S\u00fcdpazifik ausbauen? Marktforschung in Franz\u00f6sisch-Polynesien bietet wertvolle Einblicke in einen der einzigartigen und vielf\u00e4ltigen M\u00e4rkte der Region. Das Verst\u00e4ndnis von Verbraucherpr\u00e4ferenzen, Branchentrends und lokalen wirtschaftlichen Bedingungen kann f\u00fcr Unternehmen, die in diesen Bereich eintreten oder dort wachsen, der Schl\u00fcssel zum Erfolg sein.<\/p>\n\n\n\n<h2 class=\"wp-block-heading\">Was ist Marktforschung in Franz\u00f6sisch-Polynesien?<\/h2>\n\n\n\n<p><a href=\"https:\/\/www.sisinternational.com\/de\/abdeckung\/die-amerikaner\/marktforschung-in-lateinamerika-2\/marktforschung-in-franzosisch-guayana\/\" title=\"Marktforschung in Franz\u00f6sisch-Guayana\"  data-wpil-monitor-id=\"3736\">Market research in French<\/a> Polynesia reflects the unique market dynamics of this South Pacific region. The insights gained from market research in French Polynesia allow companies to make informed decisions and adapt their strategies to local preferences.<\/p>\n\n\n\n<p>In Franz\u00f6sisch-Polynesien befasst sich die Marktforschung mit mehreren wichtigen Bereichen. Die Wirtschaft ist stark vom Tourismus, der Landwirtschaft und der Perlenzucht abh\u00e4ngig, aber aufstrebende Branchen wie erneuerbare Energien gewinnen an Bedeutung. Unternehmen m\u00fcssen sich auch mit der kulturellen Vielfalt und der zerstreuten Geografie der Region auseinandersetzen, was sich auf Logistik und Verbraucherzugang auswirken kann.<\/p>\n\n\n\n<h2 class=\"wp-block-heading\">Warum brauchen Unternehmen Marktforschung in Franz\u00f6sisch-Polynesien?<\/h2>\n\n\n\n<p>Die geringe, verstreute Bev\u00f6lkerung Franz\u00f6sisch-Polynesiens macht Vertrieb und Logistik ebenfalls zu einer Herausforderung. Marktforschung hilft Unternehmen dabei, die effizientesten Wege zu finden, um ihre Zielgruppe zu erreichen und sicherzustellen, dass ihre Produkte und Dienstleistungen dort verf\u00fcgbar sind, wo und wann sie ben\u00f6tigt werden. Dar\u00fcber hinaus ist es f\u00fcr Unternehmen, die Vertrauen aufbauen und langfristige Beziehungen zu ihren Kunden aufbauen m\u00f6chten, von entscheidender Bedeutung, das regulatorische Umfeld und die kulturellen Werte zu verstehen, die das Verbraucherverhalten pr\u00e4gen.<\/p>\n\n\n\n<p>Die Region verzeichnet auch Wachstum in Sektoren wie erneuerbare Energien und nachhaltiger Tourismus, Bereiche, die ein tiefes Verst\u00e4ndnis der lokalen Regierungspolitik, der Umweltfaktoren und der Verbraucherpr\u00e4ferenzen erfordern. Deshalb erm\u00f6glicht die Durchf\u00fchrung von Marktforschung in Franz\u00f6sisch-Polynesien Unternehmen, \u00fcber diese Trends auf dem Laufenden zu bleiben und Strategien zu entwickeln, die mit den wirtschaftlichen Entwicklungspl\u00e4nen des Landes \u00fcbereinstimmen.<\/p>\n\n\n\n<h2 class=\"wp-block-heading\">Unser aktueller Markt\u00fcberblick und unsere Empfehlungen<\/h2>\n\n\n\n<p>Wir sind davon \u00fcberzeugt, dass die Wirtschaft Franz\u00f6sisch-Polynesiens stark vom Tourismus abh\u00e4ngt, wobei auch Landwirtschaft, Perlenzucht und aufstrebende Industrien wie erneuerbare Energien einen Beitrag leisten. Unsere Untersuchungen zeigen, dass Unternehmen von der Ausrichtung auf \u00d6kotourismus, nachhaltige Produkte und lokal bezogene Waren profitieren k\u00f6nnen, um den Umweltpriorit\u00e4ten der Region gerecht zu werden.<\/p>\n\n\n\n<p>Wir empfehlen Unternehmen, sich auf das Verst\u00e4ndnis des Tourismusmarktes zu konzentrieren, insbesondere auf die Vorlieben internationaler Reisender und das wachsende Interesse an nachhaltigem Tourismus. Unternehmen sollten auch M\u00f6glichkeiten in den Bereichen erneuerbare Energien und Landwirtschaft erkunden, Sektoren, in denen die Regierung die Entwicklung vorantreibt.<\/p>\n\n\n\n<h2 class=\"wp-block-heading\">Nachbarschaften<\/h2>\n\n\n\n<p>Die meisten Franz\u00f6sisch-Polynesier leben auf Tahiti, der gr\u00f6\u00dften der Inseln. Mehr als 70 % der Bev\u00f6lkerung leben dort. Die Hauptstadt ist Papeete. Sie ist bei weitem die am weitesten entwickelte und urbanisierte Stadt. Die meisten Menschen genie\u00dfen auf Tahiti eine bessere Lebensqualit\u00e4t als auf den anderen Inseln. Aus diesem Grund gibt es eine starke Einwanderung nach Tahiti.<\/p>\n\n\n\n<p>Die meisten anderen Inseln sind l\u00e4ndlich und landwirtschaftlich gepr\u00e4gt. Die Einwohner siedeln in der N\u00e4he des Meeres. Viele der Bewohner der l\u00e4ndlicheren Inseln leben in Einfamilienh\u00e4usern. Dies sind die h\u00e4ufigsten Geb\u00e4udetypen auf den l\u00e4ndlicheren Inseln. Auf diesen Inseln gibt es auch Kirchen, Gesch\u00e4fte, Schulen und Regierungsgeb\u00e4ude.<\/p>\n\n\n\n<h2 class=\"wp-block-heading\">Schl\u00fcsselindustrien<\/h2>\n\n\n\n<p><\/p>\n\n\n\n<figure class=\"gb-block-image gb-block-image-b87ec831\"><img loading=\"lazy\" decoding=\"async\" width=\"1456\" height=\"816\" class=\"gb-image gb-image-b87ec831\" src=\"https:\/\/www.sisinternational.com\/wp-content\/uploads\/2025\/09\/French-Polynesia-1.jpg\" alt=\"SIS International Marktforschung &amp; Strategie\" title=\"French Polynesia (1)\" srcset=\"https:\/\/www.sisinternational.com\/wp-content\/uploads\/2025\/09\/French-Polynesia-1.jpg 1456w, https:\/\/www.sisinternational.com\/wp-content\/uploads\/2025\/09\/French-Polynesia-1-300x168.jpg 300w, https:\/\/www.sisinternational.com\/wp-content\/uploads\/2025\/09\/French-Polynesia-1-1024x574.jpg 1024w, https:\/\/www.sisinternational.com\/wp-content\/uploads\/2025\/09\/French-Polynesia-1-768x430.jpg 768w, https:\/\/www.sisinternational.com\/wp-content\/uploads\/2025\/09\/French-Polynesia-1-18x10.jpg 18w\" sizes=\"auto, (max-width: 1456px) 100vw, 1456px\"><\/figure>\n\n\n\n<p><\/p>\n\n\n\n<p>Franz\u00f6sisch-Polynesien ist ein bekanntes Reiseziel. Sein mildes tropisches Klima macht es zu einem beliebten Touristenziel. Die hier zuerst gebauten \u00dcberwasserbungalows sind weltweit bekannt. Aufgrund des gro\u00dfen Tourismussektors stehen viele Dienstleistungen zur Verf\u00fcgung, darunter Hotels, Fl\u00fcge und Touren.<\/p>\n\n\n\n<p>Weitere Wirtschaftszweige sind Fischerei und Landwirtschaft. Die Fischerei ist aufgrund der riesigen Meeresfl\u00e4che in der Region ein florierender Wirtschaftszweig. Obwohl die Landwirtschaft zur\u00fcckgegangen ist, werden immer noch viele Nutzpflanzen f\u00fcr den Eigenbedarf angebaut. Auch die verarbeitende Industrie ist ein florierender Wirtschaftszweig. Weitere Exportprodukte sind Perlen, \u00d6le, Kopra und Bier.<\/p>\n\n\n\n<h2 class=\"wp-block-heading\">Etwa ein Drittel der Energie Tahitis wird durch Wasserkraft gewonnen.<\/h2>\n\n\n\n<p>Die meisten Importe Polynesiens stammen aus Frankreich. Allerdings exportiert das Land die meisten seiner Waren in die Niederlande, nach Frankreich und Hongkong. Es betreibt auch Handel mit China, Neuseeland, S\u00fcdkorea und den USA.<\/p>\n\n\n\n<h2 class=\"wp-block-heading\">Vorteile und St\u00e4rken des Marktes<\/h2>\n\n\n\n<p>Die wichtigsten Exportg\u00fcter sind Perlen, Fisch, Vanille, Kokos\u00f6l und Flugzeugteile. Zu den wichtigsten Importg\u00fctern z\u00e4hlen raffiniertes Erd\u00f6l, Fahrzeuge und Medikamente. Die Niederlande, Australien und Polen sind die am schnellsten wachsenden Exportm\u00e4rkte. Die USA, die Philippinen und China sind die am schnellsten wachsenden Importm\u00e4rkte.<\/p>\n\n\n\n<p>Der Markt ist in den Bereichen Tourismus, Bauwesen sowie Lebensmittel und Getr\u00e4nke robust. Dennoch besteht Bedarf an mehr Diversifizierung. Die Inseln verf\u00fcgen \u00fcber einen etablierten Fertigungssektor, der jedoch noch Wachstumspotenzial bietet. Sie ben\u00f6tigen Investoren in diesen Sektoren, um die Entwicklung zu unterst\u00fctzen. Dar\u00fcber hinaus k\u00f6nnen franz\u00f6sische und EU-Unternehmen zus\u00e4tzliche Vorteile f\u00fcr die Teilnahme an der Wirtschaft erhalten.<\/p>\n\n\n\n<h2 class=\"wp-block-heading\">M\u00f6glichkeiten in der Marktforschung in Franz\u00f6sisch-Polynesien<\/h2>\n\n\n\n<p>Franz\u00f6sisch-Polynesien bietet Unternehmen, die diesen einzigartigen Markt erkunden m\u00f6chten, eine Vielzahl von M\u00f6glichkeiten. Marktforschung in Franz\u00f6sisch-Polynesien hilft dabei, diese M\u00f6glichkeiten zu identifizieren, sodass Unternehmen neue Trends und Verbraucherbed\u00fcrfnisse nutzen k\u00f6nnen.<\/p>\n\n\n\n<ul class=\"wp-block-list\">\n<li><strong>\u00d6kotourismus<\/strong>: Durch einen starken Fokus auf Nachhaltigkeit besteht erhebliches Potenzial f\u00fcr die Entwicklung umweltfreundlicher Tourismusunternehmen.<\/li>\n\n\n\n<li><strong>Luxustourismus<\/strong>: French Polynesia is known for high-end resorts and exclusive experiences, making it an attractive <a href=\"https:\/\/www.sisinternational.com\/de\/marktforschung-fur-luxusparfums\/\" title=\"Marktforschung f\u00fcr Luxusparfums\"  data-wpil-monitor-id=\"7583\">market for luxury<\/a> tourism services.<\/li>\n\n\n\n<li><strong>Perlenzucht<\/strong>: Tahitiperlen sind ein Premiumprodukt, und Unternehmen k\u00f6nnen M\u00f6glichkeiten in der Perlenzucht und im Perlenexport erkunden.<\/li>\n\n\n\n<li><strong>Erneuerbare Energie<\/strong>: Der Fokus der Regierung auf die Reduzierung der Kohlendioxidemissionen er\u00f6ffnet M\u00f6glichkeiten f\u00fcr Projekte im Bereich Solar-, Wind- und andere erneuerbare Energien.<\/li>\n\n\n\n<li><span style=\"box-sizing: border-box; margin: 0px; padding: 0px;\"><strong>Nachhaltige Landwirtschaft<\/strong>: Es besteht eine wachsende Nachfrage nach lokal erzeugten, nachhaltigen Agrarprodukten, die M\u00f6glichkeiten f\u00fcr den \u00f6kologischen Landbau bieten.<\/span><\/li>\n\n\n\n<li><strong>Kulturelle Produkte<\/strong>: Das reiche kulturelle Erbe Franz\u00f6sisch-Polynesiens schafft M\u00f6glichkeiten f\u00fcr Unternehmen in den Bereichen Kunsthandwerk, Mode und Kunst.<\/li>\n\n\n\n<li><strong>Wassersport und Abenteuertourismus<\/strong>: Unber\u00fchrte Gew\u00e4sser und eine sch\u00f6ne Natur bieten Unternehmen die M\u00f6glichkeit, Wassersport- und Abenteuertourismus-Dienstleistungen zu entwickeln.<\/li>\n\n\n\n<li><strong>Digitale Services<\/strong>: Die zunehmende Nutzung digitaler Tourismusdienstleistungen wie Buchungsplattformen und virtuelle Touren bietet Wachstumschancen.<\/li>\n\n\n\n<li><strong>Gesundheit und Wellness<\/strong>: Mit seiner ruhigen Umgebung ist Franz\u00f6sisch-Polynesien ein idealer Standort f\u00fcr Unternehmen der Wellness- und Spa-Branche.<\/li>\n\n\n\n<li><strong>Nachhaltige Infrastruktur<\/strong>: Es gibt Chancen f\u00fcr Unternehmen, die an der Entwicklung umweltfreundlicher Infrastruktur beteiligt sind, wie etwa energieeffiziente Geb\u00e4ude und Abfallmanagementl\u00f6sungen.<\/li>\n<\/ul>\n\n\n\n<h2 class=\"wp-block-heading\">Verbraucherbasis<\/h2>\n\n\n\n<p>Die Arbeitslosenquote ist auf den Inseln sehr hoch. Etwa zwei Drittel der Besch\u00e4ftigten arbeiten im Dienstleistungssektor und ein Drittel in der Industrie und Landwirtschaft. Die meisten der 286.000 Einwohner leben also in st\u00e4dtischen Gebieten Tahitis. Die Elite genie\u00dft eine hohe Lebensqualit\u00e4t, doch viele Menschen leben in Armut.<\/p>\n\n\n\n<h2 class=\"wp-block-heading\">Gr\u00fcnde, Ihr Gesch\u00e4ft auf dem Markt auszubauen<\/h2>\n\n\n\n<p>Die Erschlie\u00dfung eines der boomenden M\u00e4rkte kann gro\u00dfe Gewinne einbringen. Dar\u00fcber hinaus hat die Region Zugang zu vielen gro\u00dfen M\u00e4rkten, zu denen sie gute Beziehungen unterh\u00e4lt. Viele ihrer M\u00e4rkte brauchen Investoren. Neue Investitionen werden die Wirtschaft und das Wachstum ankurbeln.<\/p>\n\n\n\n<p>Wenn Ihr Unternehmen in der EU oder in Frankreich ans\u00e4ssig ist, ist dies sogar noch besser, da Sie von noch mehr Vorteilen profitieren k\u00f6nnen.<\/p>\n\n\n\n<h3 class=\"wp-block-heading\">Wie die Marktforschung von SIS International in Franz\u00f6sisch-Polynesien Unternehmen hilft<\/h3>\n\n\n\n<p>Mit unserem fundierten Wissen und unserem datengesteuerten Ansatz <a href=\"https:\/\/www.linkedin.com\/company\/sisinternationalresearch\/\" target=\"_blank\" rel=\"noopener\"><span style=\"font-weight: 400;\">SIS International<\/span><\/a> bietet Unternehmen die Einblicke, die sie ben\u00f6tigen, um fundierte Entscheidungen zu treffen und Chancen zu nutzen. Unsere Marktforschung in Franz\u00f6sisch-Polynesien hilft Unternehmen, lokale Herausforderungen zu meistern und in diesem besonderen Umfeld erfolgreich zu sein.<\/p>\n\n\n\n<p><strong>Verbesserte strategische Planung<\/strong>: Our market research in <a href=\"https:\/\/www.sisinternational.com\/de\/direktmarketing\/\" title=\"Was ist Direktmarketing?\" data-wpil-monitor-id=\"6979\">French Polynesia helps businesses develop effective strategies<\/a> by providing a clear understanding of local consumer behaviors, market trends, and competitor actions. This enables companies to align their efforts with real market needs and opportunities.<\/p>\n\n\n\n<p><strong>Erh\u00f6hter Umsatz<\/strong>: Durch die Identifizierung wichtiger Verbraucherpr\u00e4ferenzen und wachsender Sektoren wie \u00d6kotourismus und Luxusdienstleistungen, <a href=\"https:\/\/twitter.com\/SISIntlResearch\" target=\"_blank\" rel=\"noopener\"><span style=\"font-weight: 400;\">SIS<\/span><\/a> erm\u00f6glicht Unternehmen, ihre Angebote individuell anzupassen und so den Umsatz zu steigern.<\/p>\n\n\n\n<p><strong>Risikominderung<\/strong>: Der Eintritt in einen neuen Markt ist mit Risiken verbunden, aber unsere Marktforschung in Franz\u00f6sisch-Polynesien reduziert die Unsicherheit, indem sie detaillierte Einblicke in regulatorische Anforderungen, lokale Gesch\u00e4ftspraktiken und wirtschaftliche Bedingungen bietet.<\/p>\n\n\n\n<p><strong>Verbesserte Marketingeffizienz<\/strong>: Unser <a href=\"https:\/\/www.sisinternational.com\/de\/sachverstand\/branchen\/marktforschung-fur-herrenmode\/\" title=\"Marktforschung f\u00fcr Herrenmode\" data-wpil-monitor-id=\"3727\">research helps businesses refine their marketing<\/a> strategies, ensuring that campaigns are targeted and cost-effective and reach the right audience with the right message.<\/p>\n\n\n\n<p><strong>Beschleunigtes Wachstum und Innovation<\/strong>: Die Expertise von SIS International bei der Erkennung neuer Trends wie erneuerbarer Energie und nachhaltiger Infrastruktur hilft Unternehmen, ihr Wachstum zu beschleunigen und Innovationen in diesen Sektoren zu f\u00f6rdern.<\/p>\n\n\n\n<p><strong>Verbesserter ROI<\/strong>: Mit einem datengesteuerten Ansatz zur Entscheidungsfindung k\u00f6nnen Unternehmen ihre Investitionen optimieren und eine h\u00f6here Kapitalrendite erzielen, wodurch ein nachhaltiges Wachstum auf dem wettbewerbsintensiven Markt Franz\u00f6sisch-Polynesiens sichergestellt wird.<\/p>\n\n\n\n<h2 class=\"wp-block-heading\"><strong>\u00dcber SIS International<\/strong><\/h2>\n\n\n\n<p><a href=\"https:\/\/www.sisinternational.com\/de\/\"><span style=\"font-weight: 400;\">SIS International<\/span><\/a><span style=\"font-weight: 400;\"> bietet quantitative, qualitative und strategische Forschung an. Wir liefern Daten, Tools, Strategien, Berichte und Erkenntnisse zur Entscheidungsfindung. Wir f\u00fchren auch Interviews, Umfragen, Fokusgruppen und andere Methoden und Ans\u00e4tze der Marktforschung durch.<\/span><a href=\"https:\/\/www.sisinternational.com\/de\/uber-sis-international-research\/contact-sis-international-market-research\/\"><span style=\"font-weight: 400;\"> Kontakt<\/span><\/a><span style=\"font-weight: 400;\"> f\u00fcr Ihr n\u00e4chstes Marktforschungsprojekt.<\/span><\/p>\n\n\n\n<p><\/p>","protected":false},"excerpt":{"rendered":"<p>Market Research in French Polynesia French Polynesia is more than just a tropical paradise\u2014it\u2019s a dynamic market full of opportunities. Market research in French Polynesia can help businesses understand the unique challenges and opportunities this region offers, from tourism to agriculture. Are you looking to expand your business in the South Pacific? Market research in &#8230; <a title=\"Marktforschung in Franz\u00f6sisch-Polynesien\" class=\"read-more\" href=\"https:\/\/www.sisinternational.com\/de\/abdeckung\/marktforschung-asien\/franzosisch-polynesien\/\" aria-label=\"Mehr Informationen \u00fcber Marktforschung in Franz\u00f6sisch-Polynesien\">Weiterlesen \u2026<\/a><\/p>","protected":false},"author":1,"featured_media":65677,"parent":14508,"menu_order":43,"comment_status":"closed","ping_status":"closed","template":"","meta":{"footnotes":""},"class_list":["post-39947","page","type-page","status-publish","has-post-thumbnail"],"_links":{"self":[{"href":"https:\/\/www.sisinternational.com\/de\/wp-json\/wp\/v2\/pages\/39947","targetHints":{"allow":["GET"]}}],"collection":[{"href":"https:\/\/www.sisinternational.com\/de\/wp-json\/wp\/v2\/pages"}],"about":[{"href":"https:\/\/www.sisinternational.com\/de\/wp-json\/wp\/v2\/types\/page"}],"author":[{"embeddable":true,"href":"https:\/\/www.sisinternational.com\/de\/wp-json\/wp\/v2\/users\/1"}],"replies":[{"embeddable":true,"href":"https:\/\/www.sisinternational.com\/de\/wp-json\/wp\/v2\/comments?post=39947"}],"version-history":[{"count":8,"href":"https:\/\/www.sisinternational.com\/de\/wp-json\/wp\/v2\/pages\/39947\/revisions"}],"predecessor-version":[{"id":81206,"href":"https:\/\/www.sisinternational.com\/de\/wp-json\/wp\/v2\/pages\/39947\/revisions\/81206"}],"up":[{"embeddable":true,"href":"https:\/\/www.sisinternational.com\/de\/wp-json\/wp\/v2\/pages\/14508"}],"wp:featuredmedia":[{"embeddable":true,"href":"https:\/\/www.sisinternational.com\/de\/wp-json\/wp\/v2\/media\/65677"}],"wp:attachment":[{"href":"https:\/\/www.sisinternational.com\/de\/wp-json\/wp\/v2\/media?parent=39947"}],"curies":[{"name":"wp","href":"https:\/\/api.w.org\/{rel}","templated":true}]}}