{"id":39909,"date":"2022-02-28T23:57:24","date_gmt":"2022-02-28T23:57:24","guid":{"rendered":"https:\/\/www.sisinternational.com\/?page_id=39909"},"modified":"2026-01-25T16:48:52","modified_gmt":"2026-01-25T21:48:52","slug":"petrochemische-marktforschung","status":"publish","type":"page","link":"https:\/\/www.sisinternational.com\/de\/sachverstand\/petrochemische-marktforschung\/","title":{"rendered":"Petrochemische Marktforschung"},"content":{"rendered":"<h1 class=\"wp-block-heading\">Petrochemische Marktforschung<\/h1>\n\n\n\n<figure class=\"gb-block-image gb-block-image-b9db8642\"><img loading=\"lazy\" decoding=\"async\" width=\"1456\" height=\"816\" class=\"gb-image gb-image-b9db8642\" src=\"https:\/\/www.sisinternational.com\/wp-content\/uploads\/2025\/08\/Oit-petroleum-petrochemical-4.jpg\" alt=\"SIS International Marktforschung &amp; Strategie\" title=\"Oit petroleum petrochemical (4)\" srcset=\"https:\/\/www.sisinternational.com\/wp-content\/uploads\/2025\/08\/Oit-petroleum-petrochemical-4.jpg 1456w, https:\/\/www.sisinternational.com\/wp-content\/uploads\/2025\/08\/Oit-petroleum-petrochemical-4-300x168.jpg 300w, https:\/\/www.sisinternational.com\/wp-content\/uploads\/2025\/08\/Oit-petroleum-petrochemical-4-1024x574.jpg 1024w, https:\/\/www.sisinternational.com\/wp-content\/uploads\/2025\/08\/Oit-petroleum-petrochemical-4-768x430.jpg 768w, https:\/\/www.sisinternational.com\/wp-content\/uploads\/2025\/08\/Oit-petroleum-petrochemical-4-18x10.jpg 18w\" sizes=\"auto, (max-width: 1456px) 100vw, 1456px\"><\/figure>\n\n\n\n<p><\/p>\n\n\n\n<h2 class=\"wp-block-heading\">Was sind Petrochemikalien?<\/h2>\n\n\n\n<p>Petrochemikalien sind eine gro\u00dfe Gruppe von Chemikalien, die aus Erd\u00f6l und Erdgas gewonnen werden. Wir verwenden sie f\u00fcr verschiedene chemische Zwecke. Tats\u00e4chlich sind sie im modernen Alltag sehr wichtig. Sie bilden den Kern vieler Branchen, darunter:<\/p>\n\n\n\n<ul class=\"wp-block-list\">\n<li>Kunststoffe<\/li>\n\n\n\n<li>Kosmetika<\/li>\n\n\n\n<li>Textilien<\/li>\n\n\n\n<li>Verpackung<\/li>\n\n\n\n<li>Toilettenartikel<\/li>\n<\/ul>\n\n\n\n<h2 class=\"wp-block-heading\">Warum ist die Marktforschung im Petrochemiesektor wichtig?<\/h2>\n\n\n\n<p>Die Nachfrage aus mehreren Endverbrauchsbranchen ist im Aufw\u00e4rtstrend. Zu diesen Branchen geh\u00f6ren Bauwesen, Luft- und Raumfahrt, Lebensmittel und Getr\u00e4nke sowie Gesundheitswesen. Somit hat der Markt in den letzten Jahrzehnten ein starkes Wachstum erlebt. Dennoch haben viele ihre Besorgnis \u00fcber die Auswirkungen von Kunststoffen zum Ausdruck gebracht. Daher ist die Nachfrage nach Kunststoffen in mehreren Kernsektoren zur\u00fcckgegangen. Daher d\u00fcrfte sich das Wachstum auf dem Markt bald verlangsamen.<\/p>\n\n\n\n<p>Marktforschung ist f\u00fcr Unternehmen unerl\u00e4sslich, um solche Trends zu erkennen. In den Schwellenm\u00e4rkten beispielsweise ist ein Anstieg der Zahl petrochemischer Unternehmen zu verzeichnen. Marktprognostiker gehen davon aus, dass sich dieser Trend fortsetzt. Der Punkt ist, dass diese Daten f\u00fcr bestehende und aufstrebende Unternehmen in der Branche eine enorme Hilfe sind. Und Marktforschung ist der beste Weg, um an solche Daten zu gelangen.<\/p>\n\n\n\n<h2 class=\"wp-block-heading\">Warum Unternehmen Marktforschung brauchen<\/h2>\n\n\n\n<p>Ein Unternehmen muss sich selbst vermarkten, um erfolgreich zu sein. Wie wir gesehen haben, werden bei der Marktforschung Daten gesammelt, um mehr \u00fcber die Zielkunden zu erfahren. Unternehmen nutzen diese Daten, um herauszufinden, wo diese Kunden leben, wie sie einkaufen und wie hoch ihr Einkommen ist. Solche Forschung verhilft Unternehmen auf verschiedene Weise zum Erfolg. Sie liefert die Antworten, die sie f\u00fcr Entscheidungen ben\u00f6tigen, die sie weiterbringen. Marktforschung ist ein wesentlicher Bestandteil jeder Gesch\u00e4ftsstrategie, egal ob gro\u00df oder klein, B2B oder B2C, neu oder alt.<\/p>\n\n\n\n<p>Regelm\u00e4\u00dfige Marktforschung ist unerl\u00e4sslich, um mit den neuesten Trends Schritt zu halten. Sie hilft Unternehmen auch, wettbewerbsf\u00e4hig zu bleiben. Sie k\u00f6nnen neue Kunden identifizieren und mehr \u00fcber bestehende Kunden erfahren. Sie hilft ihnen auch, realisierbare Ziele f\u00fcr ihr Unternehmen zu setzen und neue und effektive Strategien zu entwickeln, mit denen sie ihre gr\u00f6\u00dften Marktherausforderungen meistern k\u00f6nnen. Mit Marktforschung erhalten diese Unternehmen die Werkzeuge, um ihre Expansion zu pr\u00fcfen. Sie sehen auch, wie sie ihr Produktangebot erweitern k\u00f6nnen.<\/p>\n\n\n\n<h2 class=\"wp-block-heading\">Wichtige Berufsbezeichnungen<\/h2>\n\n\n\n<p>Diese Branche ist nach wie vor ein wichtiger Akteur im Energiemix. Die Arbeitgeber investieren in neues Personal, darunter:<\/p>\n\n\n\n<ul class=\"wp-block-list\">\n<li>Prozessingenieure<\/li>\n\n\n\n<li>HVAC-Ingenieure\/Spezialisten<\/li>\n\n\n\n<li>Ingenieure f\u00fcr rotierende Ger\u00e4te<\/li>\n<\/ul>\n\n\n\n<h2 class=\"wp-block-heading\">Schl\u00fcsselfaktoren f\u00fcr den Erfolg<\/h2>\n\n\n\n<p>Fr\u00fcher war der Standort entscheidend f\u00fcr den Erfolg in dieser Branche. Doch die Nachfrage in den Schwellenl\u00e4ndern ist zur\u00fcckgegangen und die Rohstoffvorkommen sind knapper geworden. Daher m\u00fcssen die Unternehmen ihre Expansion wahrscheinlich diszipliniert angehen. Die Akteure der Branche m\u00fcssen auch st\u00e4rker an ihrer Strategie arbeiten. Sie m\u00fcssen bei den Gro\u00dfprojekten der Branche mehr produzieren. Eine der Methoden, die dabei helfen werden, sind digitale und fortschrittliche Analysen zur Verbesserung der Produktion.<\/p>\n\n\n\n<h2 class=\"wp-block-heading\">\u00dcber Petrochemical Market Research<\/h2>\n\n\n\n<p>Marktforschung kann f\u00fcr den zeitarmen Gesch\u00e4ftsinhaber eine entmutigende Aussicht sein. Doch sowohl qualitative als auch quantitative Forschung haben ihre St\u00e4rken. Wenn sie gemeinsam verwendet werden, liefern sie wertvolle Ergebnisse mit gemischten Methoden. Diese Ergebnisse helfen den Akteuren in der Branche, die Bed\u00fcrfnisse ihrer Zielkunden zu verstehen. Sie helfen ihnen auch, die Qualit\u00e4t ihrer Konkurrenz einzusch\u00e4tzen. Wenn diese Firmen Strategieforschung einbeziehen, beheben sie ihre Schw\u00e4chen. So vermeiden sie Ausrutscher, die zum Scheitern des Unternehmens f\u00fchren k\u00f6nnen.<\/p>\n\n\n\n<p>Forschern stehen f\u00fcr die Arbeit in dieser Branche mehrere Tools zur Verf\u00fcgung. Sie k\u00f6nnen Fokusgruppen nutzen, um die Ideen, Meinungen und \u00dcberzeugungen der Menschen zu sammeln. Dieses Forschungstool hilft Unternehmen bei der Entwicklung neuer Produkte. Umfragen und Interviews sind ebenfalls hilfreich. Sobald das Unternehmen die relevanten Daten gesammelt hat, kann es seine Produkte optimieren. Auf diese Weise stellen sie sicher, dass sie die Bed\u00fcrfnisse der Zielkunden erf\u00fcllen.<\/p>\n\n\n\n<h2 class=\"wp-block-heading\">Nachfrage nach petrochemischer Marktforschung<\/h2>\n\n\n\n<figure class=\"gb-block-image gb-block-image-6fa72726\"><img loading=\"lazy\" decoding=\"async\" width=\"1456\" height=\"816\" class=\"gb-image gb-image-6fa72726\" src=\"https:\/\/www.sisinternational.com\/wp-content\/uploads\/2025\/08\/Oit-petroleum-petrochemical-9.jpg\" alt=\"SIS International Marktforschung &amp; Strategie\" title=\"Oit petroleum petrochemical (9)\" srcset=\"https:\/\/www.sisinternational.com\/wp-content\/uploads\/2025\/08\/Oit-petroleum-petrochemical-9.jpg 1456w, https:\/\/www.sisinternational.com\/wp-content\/uploads\/2025\/08\/Oit-petroleum-petrochemical-9-300x168.jpg 300w, https:\/\/www.sisinternational.com\/wp-content\/uploads\/2025\/08\/Oit-petroleum-petrochemical-9-1024x574.jpg 1024w, https:\/\/www.sisinternational.com\/wp-content\/uploads\/2025\/08\/Oit-petroleum-petrochemical-9-768x430.jpg 768w, https:\/\/www.sisinternational.com\/wp-content\/uploads\/2025\/08\/Oit-petroleum-petrochemical-9-18x10.jpg 18w\" sizes=\"auto, (max-width: 1456px) 100vw, 1456px\"><\/figure>\n\n\n\n<p><\/p>\n\n\n\n<p>Petrochemikalien sind Chemikalien, die aus Erd\u00f6l und Erdgas gewonnen werden und Bestandteil vieler der beliebtesten Produkte der Welt sind. Zu den Petrochemikalien z\u00e4hlen Ethylen, Propylen, Butylene, Benzol, Toluol und Xylole.<\/p>\n\n\n\n<p>Der zunehmende Anstieg der Nachfrage nach petrochemischen Produkten und deren Derivaten wird durch das Wachstum im Haushaltskonsum, bei K\u00f6rperpflegeprodukten, Verpackungen und Baumaterialien getrieben.<\/p>\n\n\n\n<p>Die weltweite Nachfrage nach Petrochemikalien w\u00e4chst weiterhin. Dies ist auf den Anstieg des Haushaltsverbrauchs, der K\u00f6rperpflegeprodukte, der Verpackungen und der Baumaterialien zur\u00fcckzuf\u00fchren.<\/p>\n\n\n\n<p>Es gibt einige Treiber f\u00fcr das Branchenwachstum und die Nachfrage:<\/p>\n\n\n\n<ul class=\"wp-block-list\">\n<li><strong>Haushaltsverbrauch<\/strong>: Die Verdoppelung der Zahl der Haushalte mit mindestens einem Auto hat erheblich zum Anstieg des Benzinverbrauchs beigetragen. Dar\u00fcber hinaus k\u00f6nnten Elektrofahrzeuge und andere neue Technologien den Dieselverbrauch im Laufe der Zeit steigern.<\/li>\n\n\n\n<li><strong>K\u00f6rperpflegeprodukte<\/strong>: Es gibt eine steigende Nachfrage nach Hautpflegeprodukten, was die Nachfrage nach Petrochemikalien ankurbeln kann. Gleichzeitig haben Daten gezeigt, dass die Babyboomer eher traditionelle Mainstream-Produkte bevorzugen als solche mit tierischen Inhaltsstoffen.<\/li>\n<\/ul>\n\n\n\n<p>Es ergeben sich neue Chancen sowohl f\u00fcr Neueinsteiger in diesen Markt als auch f\u00fcr etablierte Unternehmen, die ihre Gesch\u00e4ftst\u00e4tigkeit auf neue geografische M\u00e4rkte ausweiten m\u00f6chten, in denen sie die Nachfrage decken k\u00f6nnen.<\/p>\n\n\n\n<h2 class=\"wp-block-heading\">Entscheidungstr\u00e4ger in der Petrochemie<\/h2>\n\n\n\n<p>Petrochemische Marktforschung kann in Form von Interviews mit den folgenden Interessengruppen durchgef\u00fchrt werden:<\/p>\n\n\n\n<ul class=\"wp-block-list\">\n<li>Steuerungsingenieure<\/li>\n\n\n\n<li>Politikanalysten<\/li>\n\n\n\n<li>Umwelt-, Gesundheits- und Sicherheitsmanager<\/li>\n\n\n\n<li>Exportmanager<\/li>\n\n\n\n<li>Petrochemische Berater<\/li>\n\n\n\n<li>Fachexperten<\/li>\n\n\n\n<li>Raffinerie-Experten<\/li>\n\n\n\n<li>Vertrieb Turbomaschinen<\/li>\n\n\n\n<li>Sicherheitsmanager f\u00fcr Petrochemie<\/li>\n\n\n\n<li>Prozessoptimierungsingenieure<\/li>\n\n\n\n<li>Qualit\u00e4tssicherungsingenieure<\/li>\n\n\n\n<li>Petrochemische Handelsmanager<\/li>\n\n\n\n<li>Betriebsleiter f\u00fcr Erd\u00f6l und Petrochemie<\/li>\n\n\n\n<li>Konstrukteure<\/li>\n\n\n\n<li>Instrumenten- und Messtechniker<\/li>\n\n\n\n<li>Chemieingenieur<\/li>\n\n\n\n<li>Automatisierungsingenieure<\/li>\n\n\n\n<li>Technische Ingenieure<\/li>\n\n\n\n<li>Ger\u00e4te- und Facility-Manager<\/li>\n\n\n\n<li>Werksleiter<\/li>\n<\/ul>\n\n\n\n<h2 class=\"wp-block-heading\">Branchentrends<\/h2>\n\n\n\n<p>Zu den wichtigsten Trends in der Branche z\u00e4hlen der Wettbewerbsdruck zur Verbesserung der Betriebseffizienz, die Senkung der Rohstoffkosten und Nachhaltigkeitsbem\u00fchungen.<br>The petrochemical industry is one of the most competitive industries in the world, with companies competing on a global scale. The sector experiences high levels of overcapacity and weak demand growth, resulting in a decline in its share price over the past few years. In addition to this, there are also increasing concerns about environmental protection around production sites, as well as energy conservation efforts made by governments to reduce carbon emissions.<\/p>\n\n\n\n<h2 class=\"wp-block-heading\">\u00dcber die Petrochemieindustrie im Nahen Osten<\/h2>\n\n\n\n<p>Der <a href=\"https:\/\/www.sisinternational.com\/de\/marktforschung-im-nahen-osten\/\" title=\"Marktforschung im Nahen Osten\"  data-wpil-monitor-id=\"2931\">Naher Osten<\/a> is one of the fastest-growing petrochemical markets in the world. The region produces one-third of the world&#8217;s polyethylene, which is used in everything from packaging to consumer goods.<\/p>\n\n\n\n<p>The rise of the Middle East\u2019s demand for petrochemical products involves a number of factors. This includes increasing disposable income levels across various countries such as Saudi Arabia and the United Arab Emirates (UAE). Also, the growing urbanization levels across these regions are noticeably significant. In fact, consumers\u2019 spending on cosmetics and toiletries snatched a large portion of this trend.<\/p>\n\n\n\n<p>Der Nahe Osten befindet sich in einem Umbruch. Neben den reichlichen \u00d6lvorkommen erm\u00f6glichten niedrige Arbeitskosten und g\u00fcnstige Steuersysteme den lokalen Produktionsst\u00e4tten einen profitablen Betrieb.<\/p>\n\n\n\n<h3 class=\"wp-block-heading\">Der Anteil des Nahen Ostens an der Petrochemie d\u00fcrfte deutlich steigen.<\/h3>\n\n\n\n<p>Obwohl der Gro\u00dfteil des Wachstums im petrochemischen Sektor aus Schwellenl\u00e4ndern wie Indien und China stammen wird, wird f\u00fcr den Nahen Osten in den n\u00e4chsten f\u00fcnf Jahren ein rasantes Wachstum der Nachfrage nach petrochemischen Produkten erwartet.<\/p>\n\n\n\n<h3 class=\"wp-block-heading\">Saudi-Arabien ist ein weltweit f\u00fchrender Ethylenproduzent und wird seine Ethylen-Produktionskapazit\u00e4t in den kommenden Jahren voraussichtlich ausbauen.<\/h3>\n\n\n\n<p>Saudi-Arabien ist derzeit der weltgr\u00f6\u00dfte Ethylenproduzent. Da die Verbraucher immer mehr Polymere f\u00fcr ihre Produkte verlangen, plant Saudi-Arabien, seine Produktionskapazit\u00e4t durch gemeinsame Projekte mit mehreren gro\u00dfen internationalen Petrochemieproduzenten deutlich zu steigern. Diese Investitionen werden voraussichtlich andere Akteure in der Polymer-Wertsch\u00f6pfungskette anziehen, wie etwa Verarbeiter und Verpackungshersteller.<br>Dies w\u00fcrde bedeuten, dass Saudi-Arabien zu einem der gr\u00f6\u00dften Exporteure von Ethylen w\u00fcrde, das zur Herstellung von Polyethylen (dem am h\u00e4ufigsten verwendeten Kunststoff mit einem breiten Anwendungsspektrum von Verpackungen bis hin zu Konsumg\u00fctern) verwendet wird.<\/p>\n\n\n\n<h2 class=\"wp-block-heading\">\u00dcber Polyethylene Market Research<\/h2>\n\n\n\n<p>Polyethylene is an important material in the petrochemical industry. It plays a key role in manufacturing different types of chemicals, from plastics and paints to lubricants and sealants. The demand for this product has increased significantly because it can be produced at a lower cost than other materials such as petroleum-based ones or natural gas-based ones.<\/p>\n\n\n\n<p>This rise in demand for polyethylene has led many countries around world, including Saudi Arabia to invest heavily in their own production facilities. This does not only meet the domestic needs, but also exports them abroad where a huge potential market awaits just outside our borders.<\/p>\n\n\n\n<h2 class=\"wp-block-heading\">\u00dcber Petrochemical Market Research<\/h2>\n\n\n\n<p>Petrochemicals affect many aspects of daily life. Market Research uncovers the data, insights, tools and strategies to be competitive in this strategically important industry. SIS provide Market Research worldwide especially in important economies in the industry such as Saudi Arabia, the <a href=\"https:\/\/www.sisinternational.com\/de\/wirtschaftsausblick-fur-katar\/\" title=\"Wirtschaftsausblick und Marktforschung f\u00fcr Katar\"  data-wpil-monitor-id=\"3567\">Middle East and other markets<\/a>. We provide Qualitative <a href=\"https:\/\/www.sisinternational.com\/de\/abdeckung\/die-amerikaner\/marktforschung-in-lateinamerika-2\/marktforschung-in-franzosisch-guayana\/\" title=\"Marktforschung in Franz\u00f6sisch-Guayana\"  data-wpil-monitor-id=\"3739\">Marktforschung<\/a>, Quantitative Market Research, Market Entry Consulting and Strategy Research. Contact us for your next Petrochemical Market Research project.<\/p>\n\n\n\n<p><\/p>","protected":false},"excerpt":{"rendered":"<p>In zahlreichen Branchen, wie etwa der Bau- und Konstruktionsbranche, der Luft- und Raumfahrtindustrie, der Nahrungsmittel- und Getr\u00e4nkeindustrie sowie dem Gesundheitswesen, ist die Nachfrage nach Petrochemikalien gestiegen.<\/p>","protected":false},"author":1,"featured_media":64288,"parent":14514,"menu_order":104,"comment_status":"closed","ping_status":"closed","template":"","meta":{"footnotes":""},"class_list":["post-39909","page","type-page","status-publish","has-post-thumbnail"],"_links":{"self":[{"href":"https:\/\/www.sisinternational.com\/de\/wp-json\/wp\/v2\/pages\/39909","targetHints":{"allow":["GET"]}}],"collection":[{"href":"https:\/\/www.sisinternational.com\/de\/wp-json\/wp\/v2\/pages"}],"about":[{"href":"https:\/\/www.sisinternational.com\/de\/wp-json\/wp\/v2\/types\/page"}],"author":[{"embeddable":true,"href":"https:\/\/www.sisinternational.com\/de\/wp-json\/wp\/v2\/users\/1"}],"replies":[{"embeddable":true,"href":"https:\/\/www.sisinternational.com\/de\/wp-json\/wp\/v2\/comments?post=39909"}],"version-history":[{"count":6,"href":"https:\/\/www.sisinternational.com\/de\/wp-json\/wp\/v2\/pages\/39909\/revisions"}],"predecessor-version":[{"id":77938,"href":"https:\/\/www.sisinternational.com\/de\/wp-json\/wp\/v2\/pages\/39909\/revisions\/77938"}],"up":[{"embeddable":true,"href":"https:\/\/www.sisinternational.com\/de\/wp-json\/wp\/v2\/pages\/14514"}],"wp:featuredmedia":[{"embeddable":true,"href":"https:\/\/www.sisinternational.com\/de\/wp-json\/wp\/v2\/media\/64288"}],"wp:attachment":[{"href":"https:\/\/www.sisinternational.com\/de\/wp-json\/wp\/v2\/media?parent=39909"}],"curies":[{"name":"wp","href":"https:\/\/api.w.org\/{rel}","templated":true}]}}