{"id":39905,"date":"2022-02-28T20:04:59","date_gmt":"2022-02-28T20:04:59","guid":{"rendered":"https:\/\/www.sisinternational.com\/?page_id=39905"},"modified":"2025-09-23T20:23:17","modified_gmt":"2025-09-24T00:23:17","slug":"marktforschung-tonga","status":"publish","type":"page","link":"https:\/\/www.sisinternational.com\/de\/abdeckung\/marktforschung-asien\/marktforschung-tonga\/","title":{"rendered":"Marktforschung in Tonga"},"content":{"rendered":"<h1 class=\"wp-block-heading\">Marktforschung in Tonga<\/h1>\n\n\n\n<figure class=\"gb-block-image gb-block-image-13d00d65\"><img loading=\"lazy\" decoding=\"async\" width=\"1456\" height=\"816\" class=\"gb-image gb-image-13d00d65\" src=\"https:\/\/www.sisinternational.com\/wp-content\/uploads\/2025\/09\/Tonga-2.jpg\" srcset=\"https:\/\/www.sisinternational.com\/wp-content\/uploads\/2025\/09\/Tonga-2.jpg 1456w, https:\/\/www.sisinternational.com\/wp-content\/uploads\/2025\/09\/Tonga-2-300x168.jpg 300w, https:\/\/www.sisinternational.com\/wp-content\/uploads\/2025\/09\/Tonga-2-1024x574.jpg 1024w, https:\/\/www.sisinternational.com\/wp-content\/uploads\/2025\/09\/Tonga-2-768x430.jpg 768w, https:\/\/www.sisinternational.com\/wp-content\/uploads\/2025\/09\/Tonga-2-18x10.jpg 18w\" sizes=\"auto, (max-width: 1456px) 100vw, 1456px\" alt=\"SIS International Marktforschung &amp; Strategie\"><\/figure>\n\n\n\n<p><\/p>\n\n\n\n<hr class=\"wp-block-separator has-alpha-channel-opacity is-style-dots\"\/>\n\n\n\n<p>Wie k\u00f6nnen Unternehmen den tonganischen Markt und seine besonderen Verbraucherbed\u00fcrfnisse wirklich verstehen? F\u00fcr Unternehmen, die nach Tonga expandieren m\u00f6chten, ist eine gr\u00fcndliche Marktforschung in Tonga unerl\u00e4sslich. Angesichts einer kleinen, aber vielf\u00e4ltigen Bev\u00f6lkerung, unterschiedlicher kultureller Einfl\u00fcsse und eines wachsenden Interesses an internationalen Produkten k\u00f6nnten Unternehmen ohne angemessene Forschung wichtige Erkenntnisse verpassen, die ihren Erfolg bestimmen k\u00f6nnten.<\/p>\n\n\n\n<h2 class=\"wp-block-heading\">Was ist Marktforschung in Tonga?<\/h2>\n\n\n\n<p>Marktforschung in Tonga analysiert den tongaischen Markt, um Unternehmen dabei zu helfen, fundierte Entscheidungen zu treffen. Das Verst\u00e4ndnis des Verbraucherverhaltens, der Branchentrends und der Wettbewerbslandschaft ist f\u00fcr Unternehmen von entscheidender Bedeutung, die in den tongaischen Markt einsteigen oder dort expandieren m\u00f6chten.<\/p>\n\n\n\n<p>Zum Beispiel, <a href=\"https:\/\/www.linkedin.com\/pulse\/how-market-research-enables-growth-ruth-stanat-phekf\/\" target=\"_blank\" rel=\"noopener\"><span style=\"font-weight: 400;\">Marktforschung<\/span><\/a> in Tonga hilft Unternehmen, Schl\u00fcsselfaktoren wie Kaufgewohnheiten, Produktpr\u00e4ferenzen und den Einfluss kultureller Werte auf die Kaufentscheidungen der Verbraucher zu identifizieren. Der Tourismus ist ein wichtiger Teil der Wirtschaft Tongas, daher ist es entscheidend, die Anforderungen sowohl der Einheimischen als auch der internationalen Besucher zu verstehen.&nbsp;<\/p>\n\n\n\n<h2 class=\"wp-block-heading\">Warum brauchen Unternehmen Marktforschung in Tonga?<\/h2>\n\n\n\n<p>Unternehmen, die in Tonga erfolgreich sein wollen, ben\u00f6tigen Marktforschung in Tonga, um sich in der einzigartigen Wirtschafts- und Kulturlandschaft der Region zurechtzufinden. Die geringe Bev\u00f6lkerungszahl Tongas und die Abh\u00e4ngigkeit von bestimmten Branchen wie Landwirtschaft, Fischerei und Tourismus stellen Unternehmen, die mit dem lokalen Markt nicht vertraut sind, vor besondere Herausforderungen. Ohne ein klares Verst\u00e4ndnis dieser Dynamiken kann es f\u00fcr Unternehmen schwierig sein, Verbraucher anzusprechen oder ihre Angebote effektiv an die lokalen Bed\u00fcrfnisse anzupassen.<\/p>\n\n\n\n<p>Deshalb ist Marktforschung in Tonga unerl\u00e4sslich, um die Vorlieben, Ausgabemuster und regionalen Anforderungen der Verbraucher zu verstehen. So wird die Wirtschaft Tongas beispielsweise stark von \u00dcberweisungen ausl\u00e4ndischer Arbeitnehmer beeinflusst, was sich auf Kaufkraft und Verbraucherverhalten auswirkt. Dar\u00fcber hinaus ist das Verst\u00e4ndnis der Rolle von Tradition und Gemeinschaft bei Kaufentscheidungen von entscheidender Bedeutung f\u00fcr die Entwicklung von Marketingstrategien, die bei den lokalen Verbrauchern Anklang finden. Mit den Erkenntnissen aus umfassender Marktforschung k\u00f6nnen Unternehmen gezielte Ans\u00e4tze entwickeln, die ihnen helfen, sich auf die Bed\u00fcrfnisse der tongaischen Verbraucher einzustellen und auf diesem einzigartigen Markt erfolgreich zu sein.<\/p>\n\n\n\n<h2 class=\"wp-block-heading\">Schl\u00fcsselindustrien<\/h2>\n\n\n\n<p>Die Landwirtschaft ist ein wichtiger Teil der Wirtschaft Tongas, da sie sowohl Arbeitspl\u00e4tze als auch ausl\u00e4ndisches Geld schafft. In den l\u00e4ndlichen Gebieten des Landes ist die Landwirtschaft eine g\u00e4ngige Praxis. Kokosn\u00fcsse, Bohnen, Kaffee und Taro werden f\u00fcr den lokalen Markt angebaut. Die Menschen verwenden diese Produkte auch f\u00fcr den Eigenbedarf. Au\u00dferdem sind Wurzelgem\u00fcse auf den Inseln am weitesten verbreitet und bedecken etwa zwei Drittel des Ackerlandes. Die Haltung von Nutztieren wie Gefl\u00fcgel und Schweinen ist in Tonga \u00fcblich. Die Zahl der im Land gehaltenen Rinder ist gestiegen, was zu einem R\u00fcckgang der Rindfleischimporte gef\u00fchrt hat.<\/p>\n\n\n\n<h2 class=\"wp-block-heading\">Nachbarschaften<\/h2>\n\n\n\n<p>Tonga is a country in Oceania. This small island chain in the South Pacific Ocean, known as the Kingdom of Tonga, is northeast of Samoa, west of Vanuatu, and east of Niue. It is also northwest of Fiji and <a href=\"https:\/\/www.sisinternational.com\/de\/abdeckung\/marktforschung-asien\/marktforschung-wallis-futuna\/\" title=\"Marktforschung in Wallis und Futuna\" data-wpil-monitor-id=\"5711\">Wallis and Futuna<\/a> (France) and nearly two-thirds between Hawaii and New Zealand. It\u2019s about 1,100 miles east of Brisbane and about the same distance north of New Zealand\u2019s North Island. Nuku\u2019alofa is Tonga\u2019s largest city and capital.<\/p>\n\n\n\n<p>Tonga besteht aus 171 Inseln, von denen nur 45 bewohnbar sind. Zwei Drittel der Bev\u00f6lkerung leben auf der Insel Tongatapu. Fidschi, Samoa und Amerikanisch-Samoa liegen alle in der N\u00e4he von Tonga.<\/p>\n\n\n\n<p>Nukualofa, Tongas Hauptstadt und wichtigster Hafen, liegt an der Nordk\u00fcste der Insel Tongatapu im s\u00fcdwestlichen Pazifik. Riffe sch\u00fctzen den Tiefganghafen der Stadt. Die K\u00f6nigsgr\u00e4ber und das K\u00f6nigshaus (1865\u201367, Heimat der tongaischen K\u00f6nigsfamilie) liegen am Wasser am Ende des alten Kais. In der Stadt befinden sich auch die Lehrerausbildungsschule und das Vaiola-Krankenhaus. Besucher finden hier auch eine gro\u00dfe wesleyanische Kirche, ein Radiostudio und nat\u00fcrlich einen Stadtplatz. Au\u00dferhalb der Stadt befindet sich eine gro\u00dfe Wohnsiedlung mit Tischlereien und dem Copra Board.<\/p>\n\n\n\n<h2 class=\"wp-block-heading\">Trends<\/h2>\n\n\n\n<p>Der gr\u00f6\u00dfte Exportbedarf amerikanischer Unternehmen nach Tonga liegt im Rohstoffsektor. Das Land importiert au\u00dferdem Gefl\u00fcgel, Bedarfsg\u00fcter und Investitionsg\u00fcter.<\/p>\n\n\n\n<p>Die Zahl der Touristen, die Tonga besuchen, hat zugenommen. Dennoch ist es Ausl\u00e4ndern gesetzlich verboten, Land in Tonga zu besitzen. Auch die Frachtkosten sind sehr hoch, was US-Firmen ber\u00fccksichtigen sollten. Es ist jedoch wichtig zu wissen, dass Tongaer amerikanische Produkte wegen ihrer hervorragenden Qualit\u00e4t bevorzugen.<\/p>\n\n\n\n<h2 class=\"wp-block-heading\">M\u00f6glichkeiten in der Marktforschung in Tonga<\/h2>\n\n\n\n<figure class=\"gb-block-image gb-block-image-1313b82d\"><img loading=\"lazy\" decoding=\"async\" width=\"1456\" height=\"816\" class=\"gb-image gb-image-1313b82d\" src=\"https:\/\/www.sisinternational.com\/wp-content\/uploads\/2025\/09\/Tonga-1.jpg\" alt=\"SIS International Marktforschung &amp; Strategie\" title=\"Tonga (1)\" srcset=\"https:\/\/www.sisinternational.com\/wp-content\/uploads\/2025\/09\/Tonga-1.jpg 1456w, https:\/\/www.sisinternational.com\/wp-content\/uploads\/2025\/09\/Tonga-1-300x168.jpg 300w, https:\/\/www.sisinternational.com\/wp-content\/uploads\/2025\/09\/Tonga-1-1024x574.jpg 1024w, https:\/\/www.sisinternational.com\/wp-content\/uploads\/2025\/09\/Tonga-1-768x430.jpg 768w, https:\/\/www.sisinternational.com\/wp-content\/uploads\/2025\/09\/Tonga-1-18x10.jpg 18w\" sizes=\"auto, (max-width: 1456px) 100vw, 1456px\"><\/figure>\n\n\n\n<p><\/p>\n\n\n\n<p>Eine der gr\u00f6\u00dften Chancen liegt im Tourismussektor, der einen Eckpfeiler der Wirtschaft Tongas bildet. Angesichts atemberaubender Naturlandschaften, eines reichen kulturellen Erbes und des steigenden Interesses internationaler Touristen k\u00f6nnen Unternehmen im Gastgewerbe, der Reisebranche und verwandten Branchen stark von datengesteuerten Einblicken in Touristenpr\u00e4ferenzen und Markttrends profitieren.<\/p>\n\n\n\n<p>Eine weitere Chance, die durch Marktforschung in Tonga identifiziert wurde, ist die steigende Nachfrage nach importierten Waren, insbesondere in Bereichen wie Unterhaltungselektronik, verpackte Lebensmittel und Lifestyle-Produkte. Da sich Tongas Wirtschaft weiterentwickelt und immer mehr Tongaer \u00fcber verf\u00fcgbares Einkommen verf\u00fcgen, kann das Verst\u00e4ndnis von Ver\u00e4nderungen in den Konsummustern Unternehmen dabei helfen, auf neue Bed\u00fcrfnisse im Einzelhandel und bei Konsumg\u00fctern einzugehen.<\/p>\n\n\n\n<p>Dar\u00fcber hinaus bietet die digitale Transformation Chancen f\u00fcr Unternehmen in den Bereichen Telekommunikation und E-Commerce, insbesondere da immer mehr Tongaer Online-Shopping und mobile Technologien nutzen. Marktforschung in Tonga kann Unternehmen dabei helfen, diese aufkommenden Trends zu verstehen und Strategien zu entwickeln, um das Potenzial dieser wachsenden Sektoren auszusch\u00f6pfen.<\/p>\n\n\n\n<h2 class=\"wp-block-heading\">Verbraucherbasis<\/h2>\n\n\n\n<p>Marktstudien zeigen, dass der Preis bei der Kaufentscheidung die wichtigste Rolle spielt.<\/p>\n\n\n\n<p>Weitere Untersuchungen offenbaren einen starken Kontrast. Die Kaufgewohnheiten von Menschen mit h\u00f6herem und niedrigerem Einkommen sind unterschiedlich. Die Tongaer kaufen und verwenden Produkte auf der Grundlage ihres wirtschaftlichen und sozialen Status und ihres Zugangs zu Bargeld. Sie sind auch eher bereit, lokale Lebensmittel zu kaufen als importierte.<\/p>\n\n\n\n<h2 class=\"wp-block-heading\">Gr\u00fcnde, Ihr Gesch\u00e4ft auf dem Markt auszubauen<\/h2>\n\n\n\n<p>2010 unterzeichnete das Land einen Plan zur Steigerung seines Wachstums in den n\u00e4chsten f\u00fcnf Jahren. Sp\u00e4tere Fortschritte spiegeln das aktuelle politische Gleichgewicht des Landes wider. So baute die Regierung beispielsweise den Wirtschaftssektor von Nuku&#039;alofa wieder auf, nachdem dieser von Demonstranten zerst\u00f6rt worden war.<\/p>\n\n\n\n<p>Politische Korruption ist ein Hindernis f\u00fcr den \u00dcberseehandel. Trotzdem berichtet die Weltbank, dass Tonga bei der Eind\u00e4mmung der Korruption gro\u00dfe Fortschritte gemacht hat.<\/p>\n\n\n\n<p>Tonga ist mit Hilfe Neuseelands auf erneuerbare Energien umgestiegen. Ziel ist es, die Abh\u00e4ngigkeit von \u00d6limporten zu verringern.<\/p>\n\n\n\n<h2 class=\"wp-block-heading\">Wie die Marktforschung von SIS International in Tonga Unternehmen hilft<\/h2>\n\n\n\n<p><a href=\"https:\/\/www.linkedin.com\/company\/sisinternationalresearch\/\" target=\"_blank\" rel=\"noopener\"><span style=\"font-weight: 400;\">SIS International<\/span><\/a>&nbsp;bietet ma\u00dfgeschneiderte Marktforschung in Tonga an, um Unternehmen dabei zu unterst\u00fctzen, Herausforderungen zu meistern und Wachstumschancen zu nutzen. Unsere Forschung bietet wertvolle, umsetzbare Erkenntnisse speziell f\u00fcr den tongaischen Markt und erm\u00f6glicht fundierte Gesch\u00e4ftsstrategien. Zu den wichtigsten Vorteilen geh\u00f6ren:<\/p>\n\n\n\n<ul class=\"wp-block-list\">\n<li><strong>Lokalisierte Markteinblicke<\/strong>: Wir liefern detaillierte Daten zum Verbraucherverhalten, den Markttrends und der Wettbewerbsdynamik in Tonga und helfen Unternehmen damit, fundierte Entscheidungen zu treffen.<\/li>\n\n\n\n<li><strong>Branchenkompetenz<\/strong>: Unsere Forschung deckt verschiedene Sektoren wie Tourismus, Einzelhandel und Landwirtschaft ab und identifiziert Chancen und Wachstumspotenzial in Tongas Schl\u00fcsselindustrien.<\/li>\n\n\n\n<li><strong>Umfassende Forschungsmethoden<\/strong>: Wir verwenden sowohl qualitative als auch quantitative Techniken, darunter Umfragen, Fokusgruppen und Wettbewerbsanalysen, um einen umfassenden \u00dcberblick \u00fcber die Marktlandschaft in Tonga zu bieten.<\/li>\n\n\n\n<li><strong>Kulturelle Ausrichtung<\/strong>: Wir helfen Unternehmen, lokale Sitten und Br\u00e4uche sowie Verbraucherpr\u00e4ferenzen zu verstehen und in ihre Strategien zu integrieren, um so Anklang bei den tongaischen Verbrauchern zu finden.<\/li>\n\n\n\n<li><strong>Logistische und regulatorische Herausforderungen meistern<\/strong>: Unsere Forschung unterst\u00fctzt Unternehmen bei der Verwaltung des Vertriebs, bei Lieferkettenproblemen und der Einhaltung der Vorschriften Tongas und optimiert so ihren Markteintritt und ihre Gesch\u00e4ftst\u00e4tigkeit.<\/li>\n\n\n\n<li><strong>Nachhaltiger Erfolg<\/strong>: Durch die Nutzung der Erkenntnisse von SIS International k\u00f6nnen Unternehmen ma\u00dfgeschneiderte Strategien entwickeln, die langfristigen Erfolg und Wachstum auf dem tongaischen Markt sicherstellen.<\/li>\n<\/ul>\n\n\n\n<h2 class=\"wp-block-heading\"><span style=\"font-weight: 400;\">\u00dcber SIS International<\/span><\/h2>\n\n\n\n<p><a href=\"https:\/\/www.sisinternational.com\/de\/\"><span style=\"font-weight: 400;\">SIS International<\/span><\/a><span style=\"font-weight: 400;\"> bietet quantitative, qualitative und strategische Forschung an. Wir liefern Daten, Tools, Strategien, Berichte und Erkenntnisse zur Entscheidungsfindung. Wir f\u00fchren auch Interviews, Umfragen, Fokusgruppen und andere Methoden und Ans\u00e4tze der Marktforschung durch.<\/span><a href=\"https:\/\/www.sisinternational.com\/de\/uber-sis-international-research\/contact-sis-international-market-research\/\"><span style=\"font-weight: 400;\"> Kontakt<\/span><\/a><span style=\"font-weight: 400;\"> f\u00fcr Ihr n\u00e4chstes Marktforschungsprojekt.<\/span><\/p>\n\n\n\n<p><\/p>","protected":false},"excerpt":{"rendered":"<p>Market Research in Tonga How can businesses truly understand the Tongan market and its unique consumer needs? For companies looking to expand into Tonga, conducting thorough market research in Tonga is essential. With a small but diverse population, varying cultural influences, and a growing interest in international products \u2212 and without proper research, businesses may &#8230; <a title=\"Marktforschung in Tonga\" class=\"read-more\" href=\"https:\/\/www.sisinternational.com\/de\/abdeckung\/marktforschung-asien\/marktforschung-tonga\/\" aria-label=\"Mehr Informationen \u00fcber Marktforschung in Tonga\">Weiterlesen \u2026<\/a><\/p>","protected":false},"author":1,"featured_media":65743,"parent":14508,"menu_order":41,"comment_status":"closed","ping_status":"closed","template":"","meta":{"footnotes":""},"class_list":["post-39905","page","type-page","status-publish","has-post-thumbnail"],"_links":{"self":[{"href":"https:\/\/www.sisinternational.com\/de\/wp-json\/wp\/v2\/pages\/39905","targetHints":{"allow":["GET"]}}],"collection":[{"href":"https:\/\/www.sisinternational.com\/de\/wp-json\/wp\/v2\/pages"}],"about":[{"href":"https:\/\/www.sisinternational.com\/de\/wp-json\/wp\/v2\/types\/page"}],"author":[{"embeddable":true,"href":"https:\/\/www.sisinternational.com\/de\/wp-json\/wp\/v2\/users\/1"}],"replies":[{"embeddable":true,"href":"https:\/\/www.sisinternational.com\/de\/wp-json\/wp\/v2\/comments?post=39905"}],"version-history":[{"count":5,"href":"https:\/\/www.sisinternational.com\/de\/wp-json\/wp\/v2\/pages\/39905\/revisions"}],"predecessor-version":[{"id":79412,"href":"https:\/\/www.sisinternational.com\/de\/wp-json\/wp\/v2\/pages\/39905\/revisions\/79412"}],"up":[{"embeddable":true,"href":"https:\/\/www.sisinternational.com\/de\/wp-json\/wp\/v2\/pages\/14508"}],"wp:featuredmedia":[{"embeddable":true,"href":"https:\/\/www.sisinternational.com\/de\/wp-json\/wp\/v2\/media\/65743"}],"wp:attachment":[{"href":"https:\/\/www.sisinternational.com\/de\/wp-json\/wp\/v2\/media?parent=39905"}],"curies":[{"name":"wp","href":"https:\/\/api.w.org\/{rel}","templated":true}]}}