{"id":39903,"date":"2022-02-28T20:01:28","date_gmt":"2022-02-28T20:01:28","guid":{"rendered":"https:\/\/www.sisinternational.com\/?page_id=39903"},"modified":"2026-01-25T19:32:56","modified_gmt":"2026-01-26T00:32:56","slug":"marktforschung-samoa","status":"publish","type":"page","link":"https:\/\/www.sisinternational.com\/de\/abdeckung\/marktforschung-asien\/marktforschung-samoa\/","title":{"rendered":"Marktforschung in Samoa"},"content":{"rendered":"<h1 class=\"wp-block-heading\">Marktforschung in Samoa<\/h1>\n\n\n\n<figure class=\"gb-block-image gb-block-image-106664fb\"><img loading=\"lazy\" decoding=\"async\" width=\"1456\" height=\"816\" class=\"gb-image gb-image-106664fb\" src=\"https:\/\/www.sisinternational.com\/wp-content\/uploads\/2025\/09\/Samoa-4.jpg\" alt=\"SIS International Marktforschung &amp; Strategie\" title=\"Samoa (4)\" srcset=\"https:\/\/www.sisinternational.com\/wp-content\/uploads\/2025\/09\/Samoa-4.jpg 1456w, https:\/\/www.sisinternational.com\/wp-content\/uploads\/2025\/09\/Samoa-4-300x168.jpg 300w, https:\/\/www.sisinternational.com\/wp-content\/uploads\/2025\/09\/Samoa-4-1024x574.jpg 1024w, https:\/\/www.sisinternational.com\/wp-content\/uploads\/2025\/09\/Samoa-4-768x430.jpg 768w, https:\/\/www.sisinternational.com\/wp-content\/uploads\/2025\/09\/Samoa-4-18x10.jpg 18w\" sizes=\"auto, (max-width: 1456px) 100vw, 1456px\"><\/figure>\n\n\n\n<p><\/p>\n\n\n\n<p>Located in the Pacific Ocean, the nation of Samoa comprises two large islands and four smaller ones. The islands in Samoa are of volcanic origin. They are also unlike other places in the world. For example, the entire country has only one city. Samoa has a relaxed vibe, which is excellent for tourism. But it has other key industries:<\/p>\n\n\n\n<h2 class=\"wp-block-heading\">What Is Market Research in Samoa?<\/h2>\n\n\n\n<p><a href=\"https:\/\/www.sisinternational.com\/de\/abdeckung\/marktforschung-afrika\/marktforschung-in-mauritius-afrika\/\" title=\"Market Research in Mauritius \u2014 Island off Africa&#8217;s East Coast\"  data-wpil-monitor-id=\"5308\">Market research in Samoa<\/a> studies the economic and cultural context of this small island nation in the South Pacific, where community values and sustainability play a significant role in consumer behavior.<\/p>\n\n\n\n<p><strong>Wichtige Aspekte:<\/strong><\/p>\n\n\n\n<ul class=\"wp-block-list\">\n<li><strong>Wirtschaftlicher Kontext:<\/strong> The Samoan economy relies on agriculture, tourism, and remittances. Understanding the interplay between local traditions and modern consumer habits is crucial.<\/li>\n\n\n\n<li><strong>Methoden:<\/strong> Qualitative approaches, including interviews and focus groups, are often utilized to gather insights into consumer preferences and cultural influences.<\/li>\n\n\n\n<li><strong>Herausforderungen:<\/strong> The small population and geographic isolation can limit the scope of research and data availability.<\/li>\n\n\n\n<li><strong>Vorteile:<\/strong> Effective market research helps businesses identify opportunities for sustainable development and understand local consumer needs, allowing them to tailor offerings that resonate with the Samoan population.<\/li>\n<\/ul>\n\n\n\n<h2 class=\"wp-block-heading\">Schl\u00fcsselindustrien<\/h2>\n\n\n\n<p>Die Landwirtschaft ist ein wesentlicher Bestandteil der samoanischen Wirtschaft. Sie tr\u00e4gt zum Wachstum des Landes bei und besch\u00e4ftigt zwei Drittel aller Arbeitskr\u00e4fte. Die Landwirtschaft liefert au\u00dferdem einen Gro\u00dfteil der Rohstoffe f\u00fcr die verarbeitende Industrie Samoas.<\/p>\n\n\n\n<p>F\u00fcr die Samoaner ist die Fischerei von wesentlicher Bedeutung. Fisch ist eine wichtige Nahrungsquelle und ein Exportgut. Etwa ein Viertel aller samoanischen Haushalte verdient sein Einkommen mit dieser Industrie. Fisch ist auch ein wichtiger Bestandteil der samoanischen Ern\u00e4hrung.<\/p>\n\n\n\n<h2 class=\"wp-block-heading\">Nachbarschaften<\/h2>\n\n\n\n<p>Apia ist die Hauptstadt (und einzige) des Staates Samoa und liegt 25 Meilen vom Flughafen entfernt an der K\u00fcste von Upolu. Diese malerische Stadt ist Samoas Handels-, Regierungs- und Einkaufszentrum. Es ist auch ein gro\u00dfartiger Ort, um die Insel zu besuchen oder als Ausgangspunkt zu nutzen. Obwohl Apia klein ist, gibt es dort viele Restaurants, Clubs, M\u00e4rkte und Gesch\u00e4fte. Es gibt auch kulturelle Attraktionen, die Touristen unterhalten und besch\u00e4ftigen.<\/p>\n\n\n\n<h2 class=\"wp-block-heading\">Trends<\/h2>\n\n\n\n<p>Mit der Macht der Massenmedien wird der Zustrom ausl\u00e4ndischer Waren f\u00fcr Samoa zu einem unausweichlichen Schicksal. Da sich die Handelsdefizite verringert haben, str\u00f6men Importe in das Land. Gro\u00dfe Unternehmen und sogar Kleinbetriebe f\u00fchren ausl\u00e4ndische Waren ein. Seit dem Beitritt zur WTO hat der Import ausl\u00e4ndischer Waren in das Land zugenommen. Diese Ver\u00e4nderungen k\u00f6nnten der Bev\u00f6lkerung zu besseren und sichereren Verbrauchergewohnheiten verhelfen.<\/p>\n\n\n\n<h2 class=\"wp-block-heading\">Vorteile und St\u00e4rken auf dem Markt<\/h2>\n\n\n\n<figure class=\"gb-block-image gb-block-image-359f3e64\"><img loading=\"lazy\" decoding=\"async\" width=\"1456\" height=\"816\" class=\"gb-image gb-image-359f3e64\" src=\"https:\/\/www.sisinternational.com\/wp-content\/uploads\/2025\/09\/Samoa-2.jpg\" alt=\"SIS International Marktforschung &amp; Strategie\" title=\"Samoa (2)\" srcset=\"https:\/\/www.sisinternational.com\/wp-content\/uploads\/2025\/09\/Samoa-2.jpg 1456w, https:\/\/www.sisinternational.com\/wp-content\/uploads\/2025\/09\/Samoa-2-300x168.jpg 300w, https:\/\/www.sisinternational.com\/wp-content\/uploads\/2025\/09\/Samoa-2-1024x574.jpg 1024w, https:\/\/www.sisinternational.com\/wp-content\/uploads\/2025\/09\/Samoa-2-768x430.jpg 768w, https:\/\/www.sisinternational.com\/wp-content\/uploads\/2025\/09\/Samoa-2-18x10.jpg 18w\" sizes=\"auto, (max-width: 1456px) 100vw, 1456px\"><\/figure>\n\n\n\n<p><\/p>\n\n\n\n<p>The government of Samoa is trying to stir up foreign and local investment. It offers a stable political system based on strong social and cultural structures and values. Samoa also has a trained, productive, and adaptable workforce that communicates well in English. The economy is well-managed, with low labor costs and a favorable exchange rate. Samoa provides a good investment environment.<\/p>\n\n\n\n<h2 class=\"wp-block-heading\">Verbraucherbasis<\/h2>\n\n\n\n<p>Die Ertragskraft treibt die Produktnachfrage in Samoa an. Die F\u00e4higkeit der Samoaner, erstklassige Standorte zu erobern und den Ladenverkehr anzukurbeln, tr\u00e4gt ebenfalls zur Gewinnsteigerung bei. Unternehmen m\u00fcssen qualitativ hochwertige Produkte liefern, um ihren Platz auf dem Markt zu sichern. Kleine Unternehmen k\u00f6nnen auch eine Bedrohung f\u00fcr die gr\u00f6\u00dferen darstellen, wenn sie einzigartige Produkte herstellen. Unternehmen mit gutem Kundenservice haben in der Regel die Nase vorn.<\/p>\n\n\n\n<h2 class=\"wp-block-heading\">Gr\u00fcnde, Ihr Gesch\u00e4ft auf dem samoanischen Markt auszubauen<\/h2>\n\n\n\n<p>Samoa ist ein idealer Ort f\u00fcr Investoren aus aller Welt. Es ist gro\u00dfartig f\u00fcr Investitionen. Tats\u00e4chlich ist dieses Land weltweit als friedlich bekannt und seine Wirtschaft ist stets stabil. Samoas Gesetze tragen auch dazu bei, die besten Bedingungen f\u00fcr Investoren aus aller Welt zu schaffen. Dar\u00fcber hinaus macht seine Lage im Herzen des Pazifiks es zu einer wichtigen Verbindung zwischen den Kontinenten Australien, Asien und Amerika. Samoa ist der perfekte Hotspot, wenn Sie den Markt Ihres Unternehmens nach Ozeanien ausweiten m\u00f6chten.<\/p>\n\n\n\n<h2 class=\"wp-block-heading\">How SIS International\u2019s Market Research in Samoa Helps Businesses<\/h2>\n\n\n\n<p>SIS International provides expert <a href=\"https:\/\/www.sisinternational.com\/de\/abdeckung\/marktforschung-asien\/marktforschung-auf-den-cookinseln\/\" title=\"Marktforschung auf den Cookinseln\"  data-wpil-monitor-id=\"5739\">market research in Samoa<\/a> to help businesses navigate the unique opportunities and challenges of this Pacific Island nation. Samoa offers significant potential in tourism, agriculture, and sustainable development, and our market research ensures businesses have the insights needed to succeed. Here are the key benefits of working with SIS in Samoa:<\/p>\n\n\n\n<ul class=\"wp-block-list\">\n<li><strong>Verbesserte strategische Planung<\/strong>: Our market research in Samoa delivers crucial insights into local market trends, regulatory requirements, and consumer behaviors, helping businesses develop effective strategies that align with Samoa\u2019s market dynamics.<\/li>\n\n\n\n<li><strong>Erh\u00f6hter Umsatz<\/strong>: By identifying key growth sectors such as eco-tourism, agriculture, and renewable energy, SIS helps businesses optimize their market entry and revenue potential in Samoa\u2019s expanding economy.<\/li>\n\n\n\n<li><strong>Risikominderung<\/strong>: Navigating the regulatory environment and understanding local cultural nuances can be challenging. SIS International provides in-depth knowledge of Samoa\u2019s legal and business landscape, minimizing risks for businesses entering this market.<\/li>\n\n\n\n<li><strong>Verbesserte Marketingeffizienz<\/strong>: With a strong focus on eco-tourism and sustainability, market research in Samoa helps businesses craft targeted marketing strategies that resonate with both local consumers and international tourists.<\/li>\n\n\n\n<li><strong>Beschleunigtes Wachstum und Innovation<\/strong>: Samoa\u2019s growing sectors, especially in sustainable tourism and agriculture, offer exciting opportunities for businesses. SIS helps companies identify these trends and innovate in line with local market needs.<\/li>\n\n\n\n<li><strong>Verbesserter ROI<\/strong>: By delivering actionable insights and tailored recommendations, SIS ensures businesses investing in Samoa maximize their return on investment, leading to sustainable and profitable growth.<\/li>\n<\/ul>\n\n\n\n<h2 class=\"wp-block-heading\"><strong>\u00dcber SIS International<\/strong><\/h2>\n\n\n\n<p><a href=\"https:\/\/www.sisinternational.com\/de\/\"><span style=\"font-weight: 400;\">SIS International<\/span><\/a><span style=\"font-weight: 400;\"> bietet quantitative, qualitative und strategische Forschung an. Wir liefern Daten, Tools, Strategien, Berichte und Erkenntnisse zur Entscheidungsfindung. Wir f\u00fchren auch Interviews, Umfragen, Fokusgruppen und andere Methoden und Ans\u00e4tze der Marktforschung durch.<\/span><a href=\"https:\/\/www.sisinternational.com\/de\/uber-sis-international-research\/contact-sis-international-market-research\/\"><span style=\"font-weight: 400;\"> Kontakt<\/span><\/a><span style=\"font-weight: 400;\"> f\u00fcr Ihr n\u00e4chstes Marktforschungsprojekt.<\/span><\/p>\n\n\n\n<p><\/p>","protected":false},"excerpt":{"rendered":"<p>Market Research in Samoa Located in the Pacific Ocean, the nation of Samoa comprises two large islands and four smaller ones. The islands in Samoa are of volcanic origin. They are also unlike other places in the world. For example, the entire country has only one city. Samoa has a relaxed vibe, which is excellent &#8230; <a title=\"Marktforschung in Samoa\" class=\"read-more\" href=\"https:\/\/www.sisinternational.com\/de\/abdeckung\/marktforschung-asien\/marktforschung-samoa\/\" aria-label=\"Mehr Informationen \u00fcber Marktforschung in Samoa\">Weiterlesen \u2026<\/a><\/p>","protected":false},"author":1,"featured_media":65602,"parent":14508,"menu_order":40,"comment_status":"closed","ping_status":"closed","template":"","meta":{"footnotes":""},"class_list":["post-39903","page","type-page","status-publish","has-post-thumbnail"],"_links":{"self":[{"href":"https:\/\/www.sisinternational.com\/de\/wp-json\/wp\/v2\/pages\/39903","targetHints":{"allow":["GET"]}}],"collection":[{"href":"https:\/\/www.sisinternational.com\/de\/wp-json\/wp\/v2\/pages"}],"about":[{"href":"https:\/\/www.sisinternational.com\/de\/wp-json\/wp\/v2\/types\/page"}],"author":[{"embeddable":true,"href":"https:\/\/www.sisinternational.com\/de\/wp-json\/wp\/v2\/users\/1"}],"replies":[{"embeddable":true,"href":"https:\/\/www.sisinternational.com\/de\/wp-json\/wp\/v2\/comments?post=39903"}],"version-history":[{"count":7,"href":"https:\/\/www.sisinternational.com\/de\/wp-json\/wp\/v2\/pages\/39903\/revisions"}],"predecessor-version":[{"id":79430,"href":"https:\/\/www.sisinternational.com\/de\/wp-json\/wp\/v2\/pages\/39903\/revisions\/79430"}],"up":[{"embeddable":true,"href":"https:\/\/www.sisinternational.com\/de\/wp-json\/wp\/v2\/pages\/14508"}],"wp:featuredmedia":[{"embeddable":true,"href":"https:\/\/www.sisinternational.com\/de\/wp-json\/wp\/v2\/media\/65602"}],"wp:attachment":[{"href":"https:\/\/www.sisinternational.com\/de\/wp-json\/wp\/v2\/media?parent=39903"}],"curies":[{"name":"wp","href":"https:\/\/api.w.org\/{rel}","templated":true}]}}