{"id":39901,"date":"2022-02-28T19:49:43","date_gmt":"2022-02-28T19:49:43","guid":{"rendered":"https:\/\/www.sisinternational.com\/?page_id=39901"},"modified":"2025-09-23T20:35:18","modified_gmt":"2025-09-24T00:35:18","slug":"marktforschung-palau","status":"publish","type":"page","link":"https:\/\/www.sisinternational.com\/de\/abdeckung\/marktforschung-asien\/marktforschung-palau\/","title":{"rendered":"Marktforschung in Palau"},"content":{"rendered":"<h1 class=\"wp-block-heading\">Marktforschung in Palau<\/h1>\n\n\n\n<figure class=\"gb-block-image gb-block-image-9cfc2484\"><img loading=\"lazy\" decoding=\"async\" width=\"1456\" height=\"816\" class=\"gb-image gb-image-9cfc2484\" src=\"https:\/\/www.sisinternational.com\/wp-content\/uploads\/2025\/09\/Palau-4.jpg\" alt=\"SIS International Marktforschung &amp; Strategie\" title=\"Palau (4)\" srcset=\"https:\/\/www.sisinternational.com\/wp-content\/uploads\/2025\/09\/Palau-4.jpg 1456w, https:\/\/www.sisinternational.com\/wp-content\/uploads\/2025\/09\/Palau-4-300x168.jpg 300w, https:\/\/www.sisinternational.com\/wp-content\/uploads\/2025\/09\/Palau-4-1024x574.jpg 1024w, https:\/\/www.sisinternational.com\/wp-content\/uploads\/2025\/09\/Palau-4-768x430.jpg 768w, https:\/\/www.sisinternational.com\/wp-content\/uploads\/2025\/09\/Palau-4-18x10.jpg 18w\" sizes=\"auto, (max-width: 1456px) 100vw, 1456px\"><\/figure>\n\n\n\n<p><\/p>\n\n\n\n<h3 class=\"wp-block-heading\">Durch gr\u00fcndliche Marktforschung k\u00f6nnen sich Unternehmen vorteilhaft positionieren und datenbasierte Entscheidungen treffen.<\/h3>\n\n\n\n<p>Palaus einzigartiger Markt bietet sowohl Chancen als auch Herausforderungen f\u00fcr Unternehmen. Deshalb ist Marktforschung in Palau von entscheidender Bedeutung, um das Verbraucherverhalten, die regulatorische Landschaft und das wirtschaftliche Umfeld zu verstehen, die diese einzigartige Region pr\u00e4gen.<\/p>\n\n\n\n<h2 class=\"wp-block-heading\">Was ist Marktforschung in Palau?<\/h2>\n\n\n\n<p>Market research in Palau analyzes specific information about the local market&#8217;s needs, consumer behaviors, and industry trends. So, <a href=\"https:\/\/www.sisinternational.com\/de\/how-to-conduct-effective-quantitative-market-research\/\" title=\"How to Conduct Effective Quantitative Market Research\"  data-wpil-monitor-id=\"10308\">conducting market research<\/a> here involves examining different elements such as consumer preferences, tourism-driven market shifts, and challenges presented by the island&#8217;s geographical remoteness. It addresses issues like fluctuating demand, identifying key <a href=\"https:\/\/www.sisinternational.com\/de\/losungen\/strategieberatung\/marktchancenforschung\/\" title=\"Marktchancenforschung\"  data-wpil-monitor-id=\"10313\">opportunities in niche markets<\/a>, and dealing with logistical difficulties. Market research in Palau is essential for identifying these factors and making informed, strategic decisions.<\/p>\n\n\n\n<h2 class=\"wp-block-heading\">Warum brauchen Unternehmen Marktforschung in Palau?<\/h2>\n\n\n\n<p>Businesses need market research in Palau to understand the market&#8217;s specific opportunities and challenges. With Palau&#8217;s limited consumer base, fluctuating tourism demand, and logistical complexities, <a href=\"https:\/\/www.sisinternational.com\/de\/sis-fallstudie-zu-store-insights-weltweit\/\" title=\"Einblicke in die Kundenerfahrung im Gesch\u00e4ft \u2013 Fallstudie zur Marktforschung\"  data-wpil-monitor-id=\"10310\">market research helps provide insights<\/a> into local conditions and guides businesses to make data-driven decisions.<\/p>\n\n\n\n<p>So ist es f\u00fcr den Erfolg in Palau beispielsweise entscheidend, die Saisonalit\u00e4t des Tourismus und seine Auswirkungen auf die Verbrauchernachfrage zu verstehen. Aufgrund der abgelegenen Lage der Insel sind zudem Lieferkettenprobleme h\u00e4ufig eine Herausforderung. Marktforschung hilft, diese Hindernisse vorherzusehen und stellt sicher, dass Unternehmen ihre Beschaffungs-, Preis- und Vertriebsstrategien effektiv anpassen k\u00f6nnen. Indem sie ein differenziertes Verst\u00e4ndnis des Marktes entwickeln, k\u00f6nnen Unternehmen die einzigartigen M\u00f6glichkeiten optimal nutzen.<\/p>\n\n\n\n<h2 class=\"wp-block-heading\">Unser aktueller Markt\u00fcberblick und unsere Empfehlungen<\/h2>\n\n\n\n<p>Bei <a href=\"https:\/\/www.linkedin.com\/company\/sisinternationalresearch\/\" target=\"_blank\" rel=\"noopener\"><span style=\"font-weight: 400;\">SIS International<\/span><\/a>sind wir davon \u00fcberzeugt, dass Palau einzigartige M\u00f6glichkeiten bietet, insbesondere in Bereichen wie nachhaltiger Tourismus, lokale Nischenprodukte und umweltbewusste Dienstleistungen.<\/p>\n\n\n\n<p>Wir empfehlen Unternehmen, sich auf den Aufbau enger Beziehungen zur \u00f6rtlichen Gemeinschaft zu konzentrieren und gleichzeitig \u00f6kologisch nachhaltige Praktiken zu betonen, die f\u00fcr den Erfolg in Palau entscheidend sind. Der Tourismus bleibt ein entscheidender Treiber, und Unternehmen sollten ihre Angebote so anpassen, dass sie mit den kulturellen und \u00f6kologischen Werten von Palau \u00fcbereinstimmen. Dar\u00fcber hinaus halten wir es f\u00fcr wichtig, logistische Herausforderungen wie Lieferverz\u00f6gerungen zu bew\u00e4ltigen, indem Partnerschaften mit lokalen Lieferanten aufgebaut und Lieferketten optimiert werden.<\/p>\n\n\n\n<h2 class=\"wp-block-heading\">Schl\u00fcsselindustrien und f\u00fchrende Akteure in Palau<\/h2>\n\n\n\n<figure class=\"gb-block-image gb-block-image-f4fe4052\"><img loading=\"lazy\" decoding=\"async\" width=\"1456\" height=\"816\" class=\"gb-image gb-image-f4fe4052\" src=\"https:\/\/www.sisinternational.com\/wp-content\/uploads\/2025\/09\/Palau-2.jpg\" alt=\"SIS International Marktforschung &amp; Strategie\" title=\"Palau (2)\" srcset=\"https:\/\/www.sisinternational.com\/wp-content\/uploads\/2025\/09\/Palau-2.jpg 1456w, https:\/\/www.sisinternational.com\/wp-content\/uploads\/2025\/09\/Palau-2-300x168.jpg 300w, https:\/\/www.sisinternational.com\/wp-content\/uploads\/2025\/09\/Palau-2-1024x574.jpg 1024w, https:\/\/www.sisinternational.com\/wp-content\/uploads\/2025\/09\/Palau-2-768x430.jpg 768w, https:\/\/www.sisinternational.com\/wp-content\/uploads\/2025\/09\/Palau-2-18x10.jpg 18w\" sizes=\"auto, (max-width: 1456px) 100vw, 1456px\"><\/figure>\n\n\n\n<p><\/p>\n\n\n\n<p>Palaus Wirtschaft basiert gr\u00f6\u00dftenteils auf Tourismus, Fischerei und kleinb\u00e4uerlicher Landwirtschaft. Der Tourismus spielt eine wichtige Rolle f\u00fcr Palaus Wirtschaft und zieht Reisende an, die sich f\u00fcr die wundersch\u00f6nen Meeresumwelten und das kulturelle Erbe der Insel interessieren. Zu den wichtigsten Akteuren in dieser Branche z\u00e4hlen Palau Pacific Resort und Sam&#039;s Tours, die mit ihrem Angebot an Unterk\u00fcnften und einzigartigen gef\u00fchrten Erlebnissen einen wesentlichen Beitrag zur Tourismusinfrastruktur leisten.<\/p>\n\n\n\n<p>Die Fischereiindustrie ist ein weiterer wichtiger Wirtschaftsfaktor von Palau. Sie konzentriert sich auf nachhaltige Fischereipraktiken, um die Artenvielfalt der Meere zu bewahren. Lokale Genossenschaften und Unternehmen wie die Palau Conservation Society f\u00f6rdern verantwortungsvolle Fischerei und Naturschutzbem\u00fchungen. Dar\u00fcber hinaus liefert die kleinb\u00e4uerliche Landwirtschaft lokal angebaute Produkte, die zur Ern\u00e4hrungssicherheit in Palau beitragen. Diese Industrien spiegeln Palaus Engagement f\u00fcr \u00f6kologische Nachhaltigkeit und wirtschaftliche Belastbarkeit wider.<\/p>\n\n\n\n<h2 class=\"wp-block-heading\">Trends<\/h2>\n\n\n\n<p>Die Geschichte Palaus zeigt Bev\u00f6lkerungsbewegungen und Ansiedlungen in L\u00e4ndern wie Guam. Palauaner sind auch nach Hawaii und an die Westk\u00fcste der Vereinigten Staaten ausgewandert. Ebenso sind Einwanderer auf der Suche nach Arbeit in die Republik Palau gekommen. Die meisten dieser Einwanderer sind philippinische Staatsb\u00fcrger. Ausl\u00e4nder machen fast ein Viertel der Bev\u00f6lkerung aus.<\/p>\n\n\n\n<p>Die meisten Siedler leben in st\u00e4dtischen Gebieten. Somit sind sie n\u00e4her an den Aktivit\u00e4ten.<\/p>\n\n\n\n<p>Palaus Lage in der N\u00e4he von Asien versetzt das Land in die Lage, von den gro\u00dfen Handelsrouten zu profitieren. Es hat eine aktive Wirtschaft nach dem Motto \u201eIss, was du anbaust\u201c, indem es in Palau angebaute Lebensmittel produziert und exportiert. Daher besteht eine geringere Abh\u00e4ngigkeit von importierten Waren.<\/p>\n\n\n\n<h2 class=\"wp-block-heading\">Marktst\u00e4rken<\/h2>\n\n\n\n<p>Palau erh\u00e4lt au\u00dferdem Zahlungen aus der Vergabe von Lizenzen an ausl\u00e4ndische Fischereifahrzeuge. Diese Praxis f\u00fchrt zu einem hohen Pro-Kopf-Einkommen und einem hohen Lebensstandard. Mehr als die H\u00e4lfte der Bev\u00f6lkerung Palaus ist berufst\u00e4tig; daher weist das Land eine niedrige Arbeitslosenquote auf.<\/p>\n\n\n\n<p>Die Regierung ist stabil und das Land pflegt enge Beziehungen zu den USA. Eine weitere Marktst\u00e4rke ist das niedrige Steuersystem. Palau verf\u00fcgt au\u00dferdem \u00fcber ein gutes Kommunikationsnetz und ein erstklassiges Stra\u00dfennetz.<\/p>\n\n\n\n<h2 class=\"wp-block-heading\">M\u00f6glichkeiten in Palau<\/h2>\n\n\n\n<p>Das Marktumfeld in Palau bietet zahlreiche M\u00f6glichkeiten f\u00fcr Wachstum und Expansion. Im Folgenden finden Sie einige wichtige Chancen f\u00fcr Unternehmen:<\/p>\n\n\n<div class=\"wp-block-image\">\n<figure class=\"aligncenter\"><img loading=\"lazy\" decoding=\"async\" width=\"1024\" height=\"562\" src=\"https:\/\/www.sisinternational.com\/wp-content\/uploads\/2024\/10\/palau-1024x562.png\" alt=\"Marktforschung in Palau\" class=\"wp-image-53500\" srcset=\"https:\/\/www.sisinternational.com\/wp-content\/uploads\/2024\/10\/palau-1024x562.png 1024w, https:\/\/www.sisinternational.com\/wp-content\/uploads\/2024\/10\/palau-300x165.png 300w, https:\/\/www.sisinternational.com\/wp-content\/uploads\/2024\/10\/palau-768x422.png 768w, https:\/\/www.sisinternational.com\/wp-content\/uploads\/2024\/10\/palau-1536x843.png 1536w, https:\/\/www.sisinternational.com\/wp-content\/uploads\/2024\/10\/palau-18x10.png 18w, https:\/\/www.sisinternational.com\/wp-content\/uploads\/2024\/10\/palau.png 1632w\" sizes=\"auto, (max-width: 1024px) 100vw, 1024px\" \/><\/figure>\n<\/div>\n\n\n<p><\/p>\n\n\n\n<ul class=\"wp-block-list\">\n<li><strong>Nachhaltiger Tourismus<\/strong>: \u00d6kotourismus und Abenteuerreisen haben Wachstumspotenzial und sprechen Touristen an, die Wert auf Nachhaltigkeit legen.<\/li>\n\n\n\n<li><strong>Nischen-Agrarprodukte<\/strong>: Das zunehmende Interesse an lokal angebauten Bioprodukten bietet Chancen f\u00fcr landwirtschaftliche Unternehmen.<\/li>\n\n\n\n<li><strong>Initiativen zum Meeresschutz<\/strong>: Unternehmen, die sich auf nachhaltige Fischerei und Meeresschutz konzentrieren, k\u00f6nnen angesichts der Umweltpriorit\u00e4ten Palaus florieren.<\/li>\n\n\n\n<li><strong>Remote-Arbeit und digitale Nomaden<\/strong>: Die nat\u00fcrliche Sch\u00f6nheit Palaus zieht Telearbeiter an und schafft M\u00f6glichkeiten f\u00fcr Gastfreundschaft und arbeitsfreundliche Unterk\u00fcnfte.<\/li>\n\n\n\n<li><strong>Kulturerbe-Tourismus<\/strong>: Die Betonung des kulturellen Erbes von Palau kann Besucher anziehen, die an umfassenden Reiseerlebnissen interessiert sind.<\/li>\n\n\n\n<li><strong>Lokale Kunsthandwerkswaren<\/strong>: Die Nachfrage nach Kunsthandwerk und Spezialwaren w\u00e4chst und schafft Chancen f\u00fcr lokale Hersteller.<\/li>\n\n\n\n<li><strong>Gr\u00fcne Technologie<\/strong>: <a href=\"https:\/\/www.sisinternational.com\/de\/losungen\/fintech-strategieberatung-forschung\/marktforschung-fur-investmenttechnologien\/\" title=\"Marktforschung f\u00fcr Investmenttechnologien\" data-wpil-monitor-id=\"10314\">Investments in renewable energy and sustainable technology<\/a> are encouraged to support Palau&#8217;s environmental commitments.<\/li>\n<\/ul>\n\n\n\n<h2 class=\"wp-block-heading\">Verbraucherbasis<\/h2>\n\n\n\n<p>Die USA, die EU, Hongkong und Japan sind die gr\u00f6\u00dften Abnehmer von Palau-Meeresprodukten. Die Palauaner kaufen lieber lokale Produkte als ausl\u00e4ndische Waren.<\/p>\n\n\n\n<h2 class=\"wp-block-heading\">Gr\u00fcnde f\u00fcr die Expansion Ihres Unternehmens in Palau<\/h2>\n\n\n\n<p>Wenn Sie in Palau investieren und Ihr Gesch\u00e4ft ausbauen m\u00f6chten, gibt es viele Gr\u00fcnde daf\u00fcr:<\/p>\n\n\n\n<ol class=\"wp-block-list\">\n<li>Einfacher Zugang zu Bauland<\/li>\n\n\n\n<li>Ein hoher Lebensstandard<\/li>\n\n\n\n<li>Flie\u00dfende Kenntnisse in zwei Sprachen: Englisch und Palauisch<\/li>\n\n\n\n<li>Moderne Infrastruktur und Transportsystem<\/li>\n\n\n\n<li>Viele Touristenattraktionen, daher wird es Hotels und Touren unterst\u00fctzen<\/li>\n<\/ol>\n\n\n\n<p>Palau hat allerdings auch eine Schattenseite. Die Insel gilt als Paradies f\u00fcr Geldw\u00e4schereien, doch durch die j\u00fcngst versch\u00e4rften Gesetze wurde derartigen Aktivit\u00e4ten Einhalt geboten.<\/p>\n\n\n\n<h2 class=\"wp-block-heading\">Wie die Marktforschung von SIS International in Palau Unternehmen hilft<\/h2>\n\n\n\n<p>Marktforschung in Palau liefert Unternehmen wichtige Erkenntnisse, die sie ben\u00f6tigen, um den lokalen Markt zu verstehen und sich darin zurechtzufinden. SIS International unterst\u00fctzt Unternehmen in mehreren Schl\u00fcsselbereichen:<\/p>\n\n\n\n<ul class=\"wp-block-list\">\n<li><strong>Verbesserte strategische Planung<\/strong>: SIS International <a href=\"https:\/\/www.linkedin.com\/pulse\/how-market-research-enables-growth-ruth-stanat-phekf\/\" target=\"_blank\" rel=\"noopener\"><span style=\"font-weight: 400;\">Marktforschung<\/span><\/a> unterst\u00fctzt Unternehmen bei der Entwicklung datenbasierter Strategien, die speziell auf die einzigartigen Marktbedingungen von Palau zugeschnitten sind.<\/li>\n\n\n\n<li><strong>Erh\u00f6hter Umsatz<\/strong>: Our research provides <a href=\"https:\/\/www.sisinternational.com\/de\/global-beverage-market\/\" title=\"Global Beverage Market: Market Dynamics, Growth Projections &amp; Consumer Insights\" data-wpil-monitor-id=\"10312\">insights into customer preferences and local market<\/a> dynamics, allowing companies to identify key revenue-generating opportunities.<\/li>\n\n\n\n<li><strong>Risikominderung<\/strong>: <a href=\"https:\/\/www.sisinternational.com\/de\/der-datenschatz-der-sozialen-netzwerke-fur-marketingforscher\/\" title=\"Marktforschung zu sozialen Netzwerken: Chancen und Herausforderungen\" data-wpil-monitor-id=\"10311\">Market research from SIS anticipates challenges<\/a>, reducing risks related to logistical and market complexities.<\/li>\n\n\n\n<li><strong>Verbesserte Marketingeffizienz<\/strong>: Unsere Erkenntnisse helfen Unternehmen dabei, ihre Marketingkampagnen zu optimieren und die richtigen Zielgruppen mit effektiven Botschaften anzusprechen.<\/li>\n\n\n\n<li><strong>Beschleunigtes Wachstum und Innovation<\/strong>: Wir liefern Daten, die Innovationen vorantreiben und es Unternehmen erm\u00f6glichen, sich auf dem Markt von Palau anzupassen und zu wachsen.<\/li>\n\n\n\n<li><strong>Verbesserter ROI<\/strong>: <a href=\"https:\/\/www.sisinternational.com\/de\/losungen\/branding-und-kundenforschungslosungen\/produkttests-marktforschung\/sis-internationals-geschmackstest-fur-lebensmittel\/\" title=\"Was SIS International Research zum TOP-Marktforschungsunternehmen f\u00fcr Lebensmittelgeschmackstests in New York City macht\" data-wpil-monitor-id=\"10309\">SIS market research<\/a> helps companies allocate resources more effectively, ensuring higher returns on investment.<\/li>\n\n\n\n<li><strong>Marktanpassung<\/strong>: Unsere Forschung hilft Unternehmen, ihre Produkte und Dienstleistungen an die lokalen kulturellen und Verbraucherpr\u00e4ferenzen anzupassen.<\/li>\n\n\n\n<li><strong>Wettbewerbsanalyse<\/strong>: Wir bieten Einblicke in die Wettbewerbslandschaft und helfen Unternehmen, sich effektiv auf dem Markt zu positionieren.<\/li>\n\n\n\n<li><strong>Einblicke der Kunden<\/strong>: Es ist wichtig, das lokale Verbraucherverhalten zu verstehen und unsere Forschung hilft Unternehmen dabei, ihre Produkte und Dienstleistungen an diese Bed\u00fcrfnisse anzupassen.<\/li>\n\n\n\n<li><strong>Supply Chain Optimierung<\/strong>: SIS hilft bei der Identifizierung lokaler Partnerschaften und der Verbesserung der Lieferkettenlogistik, was f\u00fcr die Bew\u00e4ltigung der Herausforderungen der abgelegenen Lage von Palau von entscheidender Bedeutung ist.<\/li>\n<\/ul>\n\n\n\n<h2 class=\"wp-block-heading\"><strong>\u00dcber SIS International<\/strong><\/h2>\n\n\n\n<p><a href=\"https:\/\/www.sisinternational.com\/de\/\"><span style=\"font-weight: 400;\">SIS International<\/span><\/a><span style=\"font-weight: 400;\"> offers Quantitative, Qualitative, and Strategy Research. We provide data, tools, strategies, reports, and insights for decision-making. We also conduct interviews, surveys, focus groups, and other <a href=\"https:\/\/www.sisinternational.com\/de\/quantitative-market-research-methods-and-techniques\/\" title=\"Quantitative Market Research Methods and Techniques\" data-wpil-monitor-id=\"10307\">Market Research methods<\/a> and approaches.<\/span><a href=\"https:\/\/www.sisinternational.com\/de\/uber-sis-international-research\/contact-sis-international-market-research\/\"><span style=\"font-weight: 400;\"> Kontakt<\/span><\/a><span style=\"font-weight: 400;\"> f\u00fcr Ihr n\u00e4chstes Marktforschungsprojekt.<\/span><\/p>\n\n\n\n<p><\/p>","protected":false},"excerpt":{"rendered":"<p>Market Research in Palau With in-depth market research, businesses can position themselves advantageously and make data-driven decisions. Palau&#8217;s distinct market presents both opportunities and challenges for businesses. That&#8217;s why market research in Palau is crucial for understanding the consumer behavior, regulatory landscape, and economic environment that shape this unique region. What Is Market Research in &#8230; <a title=\"Marktforschung in Palau\" class=\"read-more\" href=\"https:\/\/www.sisinternational.com\/de\/abdeckung\/marktforschung-asien\/marktforschung-palau\/\" aria-label=\"Mehr Informationen \u00fcber Marktforschung in Palau\">Weiterlesen \u2026<\/a><\/p>","protected":false},"author":1,"featured_media":65586,"parent":14508,"menu_order":39,"comment_status":"closed","ping_status":"closed","template":"","meta":{"footnotes":""},"class_list":["post-39901","page","type-page","status-publish","has-post-thumbnail"],"_links":{"self":[{"href":"https:\/\/www.sisinternational.com\/de\/wp-json\/wp\/v2\/pages\/39901","targetHints":{"allow":["GET"]}}],"collection":[{"href":"https:\/\/www.sisinternational.com\/de\/wp-json\/wp\/v2\/pages"}],"about":[{"href":"https:\/\/www.sisinternational.com\/de\/wp-json\/wp\/v2\/types\/page"}],"author":[{"embeddable":true,"href":"https:\/\/www.sisinternational.com\/de\/wp-json\/wp\/v2\/users\/1"}],"replies":[{"embeddable":true,"href":"https:\/\/www.sisinternational.com\/de\/wp-json\/wp\/v2\/comments?post=39901"}],"version-history":[{"count":5,"href":"https:\/\/www.sisinternational.com\/de\/wp-json\/wp\/v2\/pages\/39901\/revisions"}],"predecessor-version":[{"id":81700,"href":"https:\/\/www.sisinternational.com\/de\/wp-json\/wp\/v2\/pages\/39901\/revisions\/81700"}],"up":[{"embeddable":true,"href":"https:\/\/www.sisinternational.com\/de\/wp-json\/wp\/v2\/pages\/14508"}],"wp:featuredmedia":[{"embeddable":true,"href":"https:\/\/www.sisinternational.com\/de\/wp-json\/wp\/v2\/media\/65586"}],"wp:attachment":[{"href":"https:\/\/www.sisinternational.com\/de\/wp-json\/wp\/v2\/media?parent=39901"}],"curies":[{"name":"wp","href":"https:\/\/api.w.org\/{rel}","templated":true}]}}