{"id":39896,"date":"2022-02-28T19:28:37","date_gmt":"2022-02-28T19:28:37","guid":{"rendered":"https:\/\/www.sisinternational.com\/?page_id=39896"},"modified":"2025-09-23T20:41:42","modified_gmt":"2025-09-24T00:41:42","slug":"republik-kiribati","status":"publish","type":"page","link":"https:\/\/www.sisinternational.com\/de\/abdeckung\/marktforschung-asien\/republik-kiribati\/","title":{"rendered":"Marktforschung in der Republik Kiribati"},"content":{"rendered":"<h1 class=\"wp-block-heading\">Marktforschung in der Republik Kiribati<\/h1>\n\n\n\n<figure class=\"gb-block-image gb-block-image-4b3a7670\"><img loading=\"lazy\" decoding=\"async\" width=\"1456\" height=\"816\" class=\"gb-image gb-image-4b3a7670\" src=\"https:\/\/www.sisinternational.com\/wp-content\/uploads\/2025\/09\/Kiribati-4.jpg\" alt=\"SIS International Marktforschung &amp; Strategie\" title=\"Kiribati (4)\" srcset=\"https:\/\/www.sisinternational.com\/wp-content\/uploads\/2025\/09\/Kiribati-4.jpg 1456w, https:\/\/www.sisinternational.com\/wp-content\/uploads\/2025\/09\/Kiribati-4-300x168.jpg 300w, https:\/\/www.sisinternational.com\/wp-content\/uploads\/2025\/09\/Kiribati-4-1024x574.jpg 1024w, https:\/\/www.sisinternational.com\/wp-content\/uploads\/2025\/09\/Kiribati-4-768x430.jpg 768w, https:\/\/www.sisinternational.com\/wp-content\/uploads\/2025\/09\/Kiribati-4-18x10.jpg 18w\" sizes=\"auto, (max-width: 1456px) 100vw, 1456px\"><\/figure>\n\n\n\n<p><\/p>\n\n\n\n<p>Die Republik Kiribati (Ki. ri. bas) ist ein Inselstaat im Pazifischen Ozean. Sie besteht aus 33 Inseln. Allerdings leben nur auf 20 davon Menschen. Die 16 Gilbertinseln und die 3 Line Islands sind bewohnt. Die Line Islands bestehen zum gr\u00f6\u00dften Teil aus Riffen und Atollen.<\/p>\n\n\n\n<h2 class=\"wp-block-heading\">Nachbarschaften<\/h2>\n\n\n\n<p>Die Hauptstadt Kiribatis ist Tarawa. Es handelt sich um eine Inselkette, die durch D\u00e4mme und eine Stra\u00dfe miteinander verbunden ist. Tarawa ist das am weitesten entwickelte Gebiet der Inseln. Daher ziehen viele Menschen von den anderen Inseln in die Hauptstadt.<\/p>\n\n\n\n<p>In the urban areas, the people <a href=\"https:\/\/www.sisinternational.com\/de\/sachverstand\/branchen\/marktforschung-zu-umweltfreundlichen-baumaterialien\/\" title=\"Marktforschung zu umweltfreundlichen Baumaterialien\"  data-wpil-monitor-id=\"10295\">build their houses with materials<\/a> such as blocks and concrete. But in the villages, the houses have thatched roofs and raised floors. There are also Western-style churches and hospitals throughout the island.<\/p>\n\n\n\n<h2 class=\"wp-block-heading\">Schl\u00fcsselindustrien<\/h2>\n\n\n\n<p>Die Landwirtschaft ist ein wichtiger Wirtschaftszweig auf den Inseln. Zu den wichtigsten Nutzpflanzen, die auf den Inseln angebaut werden, z\u00e4hlen Kopra, Brotfrucht und S\u00fc\u00dfkartoffel.<\/p>\n\n\n\n<p>Fishing is also one of the country&#8217;s most important jobs. In the Pacific Ocean, Kiribati is one of the best tuna sources. Finally, <a href=\"https:\/\/www.sisinternational.com\/de\/losungen\/ai-marktforschung-und-strategieberatung\/ki-einfuhrung-reise-gastgewerbe-tourismusbranche-beratung\/\" title=\"Einf\u00fchrung von KI in der Reise-, Gastgewerbe- und Tourismusbranche \u2013 Beratung\"  data-wpil-monitor-id=\"10296\">tourism is a major industry<\/a>. It creates thousands of jobs.<\/p>\n\n\n\n<p>Exporte st\u00fctzen die Wirtschaft. So besitzt die Regierung beispielsweise das bedeutendste Agrarunternehmen der Insel. Kopra ist das wichtigste Exportprodukt. Zu den L\u00e4ndern, in die sie exportieren, z\u00e4hlen unter anderem Taiwan, Australien und Marokko.<\/p>\n\n\n\n<p>Es ist auch wichtig, die Importe zu betrachten. Das Land importiert viele Lebensmittel. \u00d6l, Reis und Fahrzeuge sind einige der beliebtesten Artikel. Sie importieren aus L\u00e4ndern wie Australien, Japan und Singapur.<\/p>\n\n\n\n<h2 class=\"wp-block-heading\">Trends<\/h2>\n\n\n\n<p>Kiribati uses the Australian currency. There was strong fiscal growth in recent years, followed by a decline. The economy is trending upward again.<\/p>\n\n\n\n<p>The increased population has created a larger workforce. Yet, the country&#8217;s narrow economic base prevents job creation, resulting in many unemployed people.<\/p>\n\n\n\n<p>Furthermore, the country is near the equator, making it a good place for satellite telemetry and spacecraft launching. National and transnational space companies invest in space projects, which bring jobs and capital to the country.<\/p>\n\n\n\n<h2 class=\"wp-block-heading\">Vorteile und St\u00e4rken im Markt<\/h2>\n\n\n\n<figure class=\"gb-block-image gb-block-image-fb63ddf6\"><img loading=\"lazy\" decoding=\"async\" width=\"1456\" height=\"816\" class=\"gb-image gb-image-fb63ddf6\" src=\"https:\/\/www.sisinternational.com\/wp-content\/uploads\/2025\/09\/Kiribati-1.jpg\" alt=\"SIS International Marktforschung &amp; Strategie\" title=\"Kiribati (1)\" srcset=\"https:\/\/www.sisinternational.com\/wp-content\/uploads\/2025\/09\/Kiribati-1.jpg 1456w, https:\/\/www.sisinternational.com\/wp-content\/uploads\/2025\/09\/Kiribati-1-300x168.jpg 300w, https:\/\/www.sisinternational.com\/wp-content\/uploads\/2025\/09\/Kiribati-1-1024x574.jpg 1024w, https:\/\/www.sisinternational.com\/wp-content\/uploads\/2025\/09\/Kiribati-1-768x430.jpg 768w, https:\/\/www.sisinternational.com\/wp-content\/uploads\/2025\/09\/Kiribati-1-18x10.jpg 18w\" sizes=\"auto, (max-width: 1456px) 100vw, 1456px\"><\/figure>\n\n\n\n<p><\/p>\n\n\n\n<p>F\u00fcr Investoren sind die Branchen Tourismus, Handwerk und Fischerei die besten Einstiegspunkte.<\/p>\n\n\n\n<p>Some of the private sector entities on the island are small. With more investments, the clothing, furniture, and beverage industries will grow. This will also employ skilled people and create more jobs.<\/p>\n\n\n\n<p>Investment in the capital will promote the development of the other islands. It will also lead to better industries and more exports. Citizens will welcome commercial engagement in the public sector. It will give people more options and create healthy competition.<\/p>\n\n\n\n<h2 class=\"wp-block-heading\">Verbraucherbasis<\/h2>\n\n\n\n<p>Kiribati is a lower-middle-income country. The island&#8217;s economy is reviving, and the government plans to <a href=\"https:\/\/www.sisinternational.com\/de\/losungen\/reise-tourismus-und-gastgewerbeberatung\/tourismusentwicklungsberatung\/\" title=\"Tourismusentwicklungsberatung\"  data-wpil-monitor-id=\"10298\">develop the tourism<\/a> sector.<\/p>\n\n\n\n<p>Still, close to a quarter of the people live below the poverty line. The country has few employment prospects. However, many people with jobs have started living an urban lifestyle, thus increasing the cost of living.<\/p>\n\n\n\n<h2 class=\"wp-block-heading\">Gr\u00fcnde f\u00fcr das Wachstum Ihres Unternehmens<\/h2>\n\n\n\n<p>Kiribati has a large labor force for tourism investors. Furthermore, the islands in the chain bring all kinds of tourist attractions. There is a <a href=\"https:\/\/www.sisinternational.com\/de\/zum-hidden-champion-im-nischenmarketing-werden\/\" title=\"Hidden Champions Marketingstrategie und Nischenmarketing\"  data-wpil-monitor-id=\"10297\">market for both niche<\/a> and more common commercial attractions. The government is also raising the people&#8217;s education levels. This project will create a better workforce for investors.<\/p>\n\n\n\n<p>Finally, long-term investment is needed. Such investment will create more jobs, lower the poverty level, and increase the island&#8217;s development.<\/p>\n\n\n\n<h2 class=\"wp-block-heading\"><strong>\u00dcber SIS International<\/strong><\/h2>\n\n\n\n<p><a href=\"https:\/\/www.sisinternational.com\/de\/\"><span style=\"font-weight: 400;\">SIS International<\/span><\/a><span style=\"font-weight: 400;\"> offers Quantitative, Qualitative, and Strategy Research. We provide data, tools, strategies, reports, and insights for decision-making. We also conduct interviews, surveys, focus groups, and other <a href=\"https:\/\/www.sisinternational.com\/de\/quantitative-market-research-methods-and-techniques\/\" title=\"Quantitative Market Research Methods and Techniques\"  data-wpil-monitor-id=\"10294\">Market Research methods<\/a> and approaches.<\/span><a href=\"https:\/\/www.sisinternational.com\/de\/uber-sis-international-research\/contact-sis-international-market-research\/\"><span style=\"font-weight: 400;\"> Kontakt<\/span><\/a><span style=\"font-weight: 400;\"> f\u00fcr Ihr n\u00e4chstes Marktforschungsprojekt.<\/span><\/p>\n\n\n\n<p><\/p>","protected":false},"excerpt":{"rendered":"<p>Market Research in the Republic of Kiribati The Republic of Kiribati (Ki. ri. bas) is an island nation in the Pacific Ocean. It consists of 33 islands. But people only live on 20 of them. People live on the 16 Gilbert Islands and the 3 of the Line Islands. The Line Islands are, for the &#8230; <a title=\"Marktforschung in der Republik Kiribati\" class=\"read-more\" href=\"https:\/\/www.sisinternational.com\/de\/abdeckung\/marktforschung-asien\/republik-kiribati\/\" aria-label=\"Mehr Informationen \u00fcber Marktforschung in der Republik Kiribati\">Weiterlesen \u2026<\/a><\/p>","protected":false},"author":1,"featured_media":65691,"parent":14508,"menu_order":37,"comment_status":"closed","ping_status":"closed","template":"","meta":{"footnotes":""},"class_list":["post-39896","page","type-page","status-publish","has-post-thumbnail"],"_links":{"self":[{"href":"https:\/\/www.sisinternational.com\/de\/wp-json\/wp\/v2\/pages\/39896","targetHints":{"allow":["GET"]}}],"collection":[{"href":"https:\/\/www.sisinternational.com\/de\/wp-json\/wp\/v2\/pages"}],"about":[{"href":"https:\/\/www.sisinternational.com\/de\/wp-json\/wp\/v2\/types\/page"}],"author":[{"embeddable":true,"href":"https:\/\/www.sisinternational.com\/de\/wp-json\/wp\/v2\/users\/1"}],"replies":[{"embeddable":true,"href":"https:\/\/www.sisinternational.com\/de\/wp-json\/wp\/v2\/comments?post=39896"}],"version-history":[{"count":4,"href":"https:\/\/www.sisinternational.com\/de\/wp-json\/wp\/v2\/pages\/39896\/revisions"}],"predecessor-version":[{"id":81699,"href":"https:\/\/www.sisinternational.com\/de\/wp-json\/wp\/v2\/pages\/39896\/revisions\/81699"}],"up":[{"embeddable":true,"href":"https:\/\/www.sisinternational.com\/de\/wp-json\/wp\/v2\/pages\/14508"}],"wp:featuredmedia":[{"embeddable":true,"href":"https:\/\/www.sisinternational.com\/de\/wp-json\/wp\/v2\/media\/65691"}],"wp:attachment":[{"href":"https:\/\/www.sisinternational.com\/de\/wp-json\/wp\/v2\/media?parent=39896"}],"curies":[{"name":"wp","href":"https:\/\/api.w.org\/{rel}","templated":true}]}}