{"id":39890,"date":"2022-02-28T18:44:10","date_gmt":"2022-02-28T18:44:10","guid":{"rendered":"https:\/\/www.sisinternational.com\/?page_id=39890"},"modified":"2026-03-12T11:36:24","modified_gmt":"2026-03-12T15:36:24","slug":"marktforschung-im-industriedesign","status":"publish","type":"page","link":"https:\/\/www.sisinternational.com\/de\/sachverstand\/industrielle-marktforschung\/marktforschung-im-industriedesign\/","title":{"rendered":"Marktforschung f\u00fcr Industriedesign"},"content":{"rendered":"<h1 class=\"wp-block-heading\">Marktforschung f\u00fcr Industriedesign<\/h1>\n\n\n\n<figure class=\"gb-block-image gb-block-image-0dacd377\"><img loading=\"lazy\" decoding=\"async\" width=\"1456\" height=\"816\" class=\"gb-image gb-image-0dacd377\" src=\"https:\/\/www.sisinternational.com\/wp-content\/uploads\/2025\/08\/Industrial-design-4.jpg\" alt=\"SIS International Marktforschung &amp; Strategie\" title=\"Industrial design (4)\" srcset=\"https:\/\/www.sisinternational.com\/wp-content\/uploads\/2025\/08\/Industrial-design-4.jpg 1456w, https:\/\/www.sisinternational.com\/wp-content\/uploads\/2025\/08\/Industrial-design-4-300x168.jpg 300w, https:\/\/www.sisinternational.com\/wp-content\/uploads\/2025\/08\/Industrial-design-4-1024x574.jpg 1024w, https:\/\/www.sisinternational.com\/wp-content\/uploads\/2025\/08\/Industrial-design-4-768x430.jpg 768w, https:\/\/www.sisinternational.com\/wp-content\/uploads\/2025\/08\/Industrial-design-4-18x10.jpg 18w\" sizes=\"auto, (max-width: 1456px) 100vw, 1456px\"><\/figure>\n\n\n\n<p><\/p>\n\n\n\n<h2 class=\"wp-block-heading\">Was ist es?<\/h2>\n\n\n\n<p>Industriedesign ist ein kreativer Prozess. Unternehmen nutzen ihn, um neue Probleml\u00f6sungen zu finden. Dieser Prozess umfasst das Design von Produkten und Dienstleistungen, die wir in unserem t\u00e4glichen Leben verwenden. Designer in diesem Bereich konzentrieren sich auf drei Hauptmerkmale: Das erste ist das Erscheinungsbild des Produkts. Ein weiteres ist, wie gut es funktioniert. Das letzte ist, wie einfach es herzustellen ist.<\/p>\n\n\n\n<p>Der Designprozess unterscheidet sich vom eigentlichen Produktionsprozess. Der Unterschied besteht darin, dass sich Designer auf die Optimierung des Designs des Endprodukts konzentrieren. Auf diese Weise k\u00f6nnen sie gutes Kundenfeedback erhalten.<\/p>\n\n\n\n<h2 class=\"wp-block-heading\">Warum ist es wichtig?<\/h2>\n\n\n\n<p>Jeder Gegenstand, den wir benutzen, ist das Ergebnis eines Designprozesses. Dazu geh\u00f6ren Gegenst\u00e4nde, die wir zu Hause, im B\u00fcro, in der Schule oder in \u00f6ffentlichen R\u00e4umen finden. Industriedesign versucht, unseren Alltag mit kreativen L\u00f6sungen in Form von nutzbaren Produkten zu verbessern. Daher ist es f\u00fcr Unternehmen, die physische Produkte herstellen, von zentraler Bedeutung.<\/p>\n\n\n\n<p>Industriell <a href=\"https:\/\/www.sisinternational.com\/de\/die-rolle-der-prozess-und-systementwicklung-fur-den-unternehmenserfolg\/\" title=\"Organisationsdesign Marktforschung\"  data-wpil-monitor-id=\"2932\">design market research<\/a> is essential for many reasons. It allows the designers to maximize product sales. They can do so while using only a tiny amount of material. In this way, they use fewer resources to produce their goods. Also, this advanced design process helps ensure products are safe for use. With this research, a company can save money during the early stages as it develops a product. Hence, a company will last longer due to lower expenses.<\/p>\n\n\n\n<h2 class=\"wp-block-heading\">Wichtige Berufsbezeichnungen<\/h2>\n\n\n\n<p>Ein Industriedesigner hilft bei der Entwicklung von Produkten. Er hilft dabei, die Designsprache eines Produkts zu etablieren. Au\u00dferdem legt er das Branding und die Identit\u00e4t des Produkts fest.<\/p>\n\n\n\n<p>Fachleute in diesem Bereich k\u00f6nnen viele verschiedene Berufsbezeichnungen haben. Die drei wichtigsten Karrierewege sind:<\/p>\n\n\n\n<ul class=\"wp-block-list\">\n<li>Inhouse-Designer in einem Unternehmen<\/li>\n\n\n\n<li>Freiberuflicher Designer \/ Inhaber eines Designstudios<\/li>\n\n\n\n<li>Eigent\u00fcmer\/CEO: In diesem Fall erstellen sie ein Produkt und gr\u00fcnden ein Unternehmen<\/li>\n<\/ul>\n\n\n\n<h2 class=\"wp-block-heading\">Warum Unternehmen Marktforschung im Bereich Industriedesign ben\u00f6tigen<\/h2>\n\n\n\n<p>Durch Marktforschung lernen Unternehmen ihre Kunden kennen. Mit diesem Wissen kann ein Unternehmen ein Produkt entwickeln, das den spezifischen Anforderungen seiner Kunden entspricht. So bleiben die entwickelten Produkte f\u00fcr den Markt relevant.<\/p>\n\n\n\n<p>Eine angemessene Marktforschung hilft, die \u201eVersuch-und-Irrtum\u201c-Phase zu vermeiden. Diese Phase tritt ein, wenn neue Produkte auf den Markt kommen. Daher wird ein Produkt gut funktionieren, sobald es auf den Markt kommt.<\/p>\n\n\n\n<p>Dar\u00fcber hinaus erm\u00f6glicht diese Forschung den Unternehmen, intelligent zu werben. Sie k\u00f6nnen in gezielte Anzeigen investieren. So k\u00f6nnen sie Ressourcen sparen.<\/p>\n\n\n\n<p>Most products have rivals in the market. Good <a href=\"https:\/\/www.sisinternational.com\/de\/sachverstand\/branchen\/designfirma-marktforschung\/\" title=\"Marktforschung f\u00fcr Designfirmen\"  data-wpil-monitor-id=\"5596\">market research helps inform design<\/a>. Thus, a business can gain more market share.<\/p>\n\n\n\n<h2 class=\"wp-block-heading\">Schl\u00fcsselfaktoren f\u00fcr den Erfolg<\/h2>\n\n\n\n<p>Designer m\u00fcssen viele Bedingungen erf\u00fcllen, um den Erfolg ihrer Produkte sicherzustellen. Sie m\u00fcssen auch die Bed\u00fcrfnisse ihrer Benutzer verstehen. Industriedesign kann eine Geschichte erz\u00e4hlen. Au\u00dferdem ist es wichtig, vorherzusagen, wie jemand auf etwas reagieren wird. So kann der Designer sagen, ob ein Produkt beliebt sein wird. Ein Unternehmen sollte sicherstellen, dass es diese Bedingungen erf\u00fcllt, um Erfolg zu haben.<\/p>\n\n\n\n<h2 class=\"wp-block-heading\">\u00dcber Industrial Design Market Research<\/h2>\n\n\n\n<p>Marktforschung ist immer wichtig. Sie ist in Wissenschaft und Technik genauso wichtig wie in jedem anderen Bereich. Im Bereich Industriedesign hilft Marktforschung Unternehmen, ihre Kunden kennenzulernen. Durch Forschung k\u00f6nnen sie wichtige Fakten \u00fcber den Wohnort eines Kunden erfahren. Forscher k\u00f6nnen auch etwas \u00fcber seine Ausgabegewohnheiten erfahren. Auf diese Weise kann ein Unternehmen den Kunden mit seinem Produkt erreichen. Den Kunden zu erreichen ist entscheidend f\u00fcr den Erfolg des Produkts.<\/p>\n\n\n\n<p>Unternehmen k\u00f6nnen quantitative, qualitative und strategische Forschung nutzen, um relevante Untersuchungen durchzuf\u00fchren. Forschungsmethoden k\u00f6nnen auch die Form von Interviews, Umfragen oder Fokusgruppen annehmen.<\/p>\n\n\n\n<p>For industrial design, this research can help businesses develop innovative solutions. Companies can determine the best way to <a href=\"https:\/\/www.sisinternational.com\/de\/sachverstand\/branchen\/marktforschung-in-der-fotoindustrie\/\" title=\"Marktforschung f\u00fcr die Fotoindustrie\"  data-wpil-monitor-id=\"3212\">market these solutions through this research<\/a>.<\/p>\n\n\n\n<p><\/p>","protected":false},"excerpt":{"rendered":"<p>Industriedesign ist ein kreativer Prozess, bei dem es um die Gestaltung von Produkten und Dienstleistungen f\u00fcr den allt\u00e4glichen Gebrauch geht, die von Unternehmen zur L\u00f6sung von Problemen eingesetzt werden.<\/p>","protected":false},"author":1,"featured_media":63537,"parent":14181,"menu_order":103,"comment_status":"closed","ping_status":"closed","template":"","meta":{"footnotes":""},"class_list":["post-39890","page","type-page","status-publish","has-post-thumbnail"],"_links":{"self":[{"href":"https:\/\/www.sisinternational.com\/de\/wp-json\/wp\/v2\/pages\/39890","targetHints":{"allow":["GET"]}}],"collection":[{"href":"https:\/\/www.sisinternational.com\/de\/wp-json\/wp\/v2\/pages"}],"about":[{"href":"https:\/\/www.sisinternational.com\/de\/wp-json\/wp\/v2\/types\/page"}],"author":[{"embeddable":true,"href":"https:\/\/www.sisinternational.com\/de\/wp-json\/wp\/v2\/users\/1"}],"replies":[{"embeddable":true,"href":"https:\/\/www.sisinternational.com\/de\/wp-json\/wp\/v2\/comments?post=39890"}],"version-history":[{"count":6,"href":"https:\/\/www.sisinternational.com\/de\/wp-json\/wp\/v2\/pages\/39890\/revisions"}],"predecessor-version":[{"id":79328,"href":"https:\/\/www.sisinternational.com\/de\/wp-json\/wp\/v2\/pages\/39890\/revisions\/79328"}],"up":[{"embeddable":true,"href":"https:\/\/www.sisinternational.com\/de\/wp-json\/wp\/v2\/pages\/14181"}],"wp:featuredmedia":[{"embeddable":true,"href":"https:\/\/www.sisinternational.com\/de\/wp-json\/wp\/v2\/media\/63537"}],"wp:attachment":[{"href":"https:\/\/www.sisinternational.com\/de\/wp-json\/wp\/v2\/media?parent=39890"}],"curies":[{"name":"wp","href":"https:\/\/api.w.org\/{rel}","templated":true}]}}