{"id":39829,"date":"2022-01-28T18:56:43","date_gmt":"2022-01-28T18:56:43","guid":{"rendered":"https:\/\/www.sisinternational.com\/?page_id=39829"},"modified":"2026-01-25T18:36:21","modified_gmt":"2026-01-25T23:36:21","slug":"zoologie-marktforschung","status":"publish","type":"page","link":"https:\/\/www.sisinternational.com\/de\/sachverstand\/zoologie-marktforschung\/","title":{"rendered":"Zoologie Marktforschung"},"content":{"rendered":"<h1 class=\"wp-block-heading\">Zoologie Marktforschung<\/h1>\n\n\n\n<figure class=\"gb-block-image gb-block-image-aaeb69f3\"><img loading=\"lazy\" decoding=\"async\" width=\"1456\" height=\"816\" class=\"gb-image gb-image-aaeb69f3\" src=\"https:\/\/www.sisinternational.com\/wp-content\/uploads\/2025\/08\/Zoology-animals-6-2.jpg\" alt=\"SIS International Marktforschung &amp; Strategie\" title=\"Zoology animals 6 (2)\" srcset=\"https:\/\/www.sisinternational.com\/wp-content\/uploads\/2025\/08\/Zoology-animals-6-2.jpg 1456w, https:\/\/www.sisinternational.com\/wp-content\/uploads\/2025\/08\/Zoology-animals-6-2-300x168.jpg 300w, https:\/\/www.sisinternational.com\/wp-content\/uploads\/2025\/08\/Zoology-animals-6-2-1024x574.jpg 1024w, https:\/\/www.sisinternational.com\/wp-content\/uploads\/2025\/08\/Zoology-animals-6-2-768x430.jpg 768w, https:\/\/www.sisinternational.com\/wp-content\/uploads\/2025\/08\/Zoology-animals-6-2-18x10.jpg 18w\" sizes=\"auto, (max-width: 1456px) 100vw, 1456px\"><\/figure>\n\n\n\n<p><\/p>\n\n\n\n<hr class=\"wp-block-separator has-alpha-channel-opacity is-style-dots\"\/>\n\n\n\n<h2 class=\"wp-block-heading\">Was ist es?<\/h2>\n\n\n\n<p>Zoologie, ein Zweig der Biologie, den manche Experten Tierwissenschaften nennen, untersucht das Tierreich und das Leben der Tiere. Sie bietet Informationen \u00fcber die Struktur und molekulare Zusammensetzung der Tiere. Auch die Verwandtschaftsbeziehungen der Tiere untereinander, mit Pflanzen und unbelebten Dingen werden untersucht.<\/p>\n\n\n\n<p>Zoologie ist sowohl eine Grundlagenwissenschaft als auch eine angewandte Wissenschaft. Wissenschaftler in der Grundlagenwissenschaft konzentrieren sich auf das Wissen \u00fcber Tiere. Sie besch\u00e4ftigen sich nicht mit der Anwendung dieses Wissens. Die angewandte Wissenschaft hingegen konzentriert sich auf die Art und Weise, wie diese Forschung Menschen und Tieren helfen kann. Beispielsweise wird im Bereich der Medizin angewandte Wissenschaft eingesetzt.<\/p>\n\n\n\n<p>In diesem breiten Feld gibt es viele Unterdisziplinen. Diese konzentrieren sich auf bestimmte Teile des Tierlebens. Die Entomologie konzentriert sich beispielsweise auf Insekten.<\/p>\n\n\n\n<h2 class=\"wp-block-heading\">Warum ist Marktforschung im Bereich Zoologie wichtig?<\/h2>\n\n\n\n<p>The science of zoology helps humans understand the world around us. People who <a href=\"https:\/\/www.sisinternational.com\/de\/sis-fallstudie-zu-store-insights-weltweit\/\" title=\"Einblicke in die Kundenerfahrung im Gesch\u00e4ft \u2013 Fallstudie zur Marktforschung\"  data-wpil-monitor-id=\"10288\">study animals gain critical insights<\/a>. They know the ways these animals interact with humans and the ways we relate to them. Also, this study helps improve our health and well-being. For instance, through this science, we may learn:<\/p>\n\n\n\n<ul class=\"wp-block-list\">\n<li>Die Ursache von Krankheiten und M\u00f6glichkeiten zu ihrer Behandlung und Vorbeugung<\/li>\n\n\n\n<li>M\u00f6glichkeiten zur Vorbeugung von durch Tiere verursachten Krankheiten<\/li>\n\n\n\n<li>Informationen zu den Parallelen zwischen Tier- und Menschenkrankheiten<\/li>\n\n\n\n<li>Informationen zu Tiermodellen abnormaler und normaler menschlicher Funktionen<\/li>\n<\/ul>\n\n\n\n<p>Die Zoologie hilft uns auch dabei, die Zahl der Tiere, die uns Eier, Fleisch und Milch liefern, zu erh\u00f6hen und ihre Qualit\u00e4t zu verbessern. Sie steht in engem Kontakt mit der Industrie und hilft uns dabei, die besten Verwendungsm\u00f6glichkeiten f\u00fcr tierische Produkte zu finden.<\/p>\n\n\n\n<p>Au\u00dferdem kommt diese Wissenschaft der Landwirtschaft zugute. Sie hilft uns, die Lebenszyklen von Insekten zu verstehen, die unseren Nutzpflanzen schaden. Mit diesem Wissen k\u00f6nnen wir diese Insekten kontrollieren und unsere Nutzpflanzen sch\u00fctzen.<\/p>\n\n\n\n<h2 class=\"wp-block-heading\">Wichtige Berufsbezeichnungen<\/h2>\n\n\n\n<p>There are many roles in the field of zoology. Yet, the most basic is a zoologist. Within this, many focus on different aspects of zoology. Some focus on the biology of a specific <a href=\"https:\/\/www.sisinternational.com\/de\/losungen\/schwerpunktgruppen\/einrichtungen-fur-fokusgruppen-in-nyc\/\" title=\"Einrichtungen f\u00fcr Fokusgruppen in New York City\"  data-wpil-monitor-id=\"10289\">group<\/a> of animals. In contrast, others focus on the structure and function of animal bodies. Still, others study the emergence of new animals and their attributes.<\/p>\n\n\n\n<h3 class=\"wp-block-heading\">Zu den weiteren wichtigen Aufgaben geh\u00f6ren:<\/h3>\n\n\n\n<ul class=\"wp-block-list\">\n<li>Umweltberater<\/li>\n\n\n\n<li>Tierern\u00e4hrungsberaterin<\/li>\n\n\n\n<li>Biomedizinischer Wissenschaftler<\/li>\n\n\n\n<li>Wissenschaftsautor<\/li>\n<\/ul>\n\n\n\n<h2 class=\"wp-block-heading\">Warum Unternehmen Marktforschung im Bereich Zoologie ben\u00f6tigen<\/h2>\n\n\n\n<p><a href=\"https:\/\/www.sisinternational.com\/de\/sachverstand\/branchen\/entscheidungswissenschaft-marktforschung\/\" title=\"Decision Science Marktforschung\"  data-wpil-monitor-id=\"4990\">Market research into this branch of science<\/a> is helpful to particular business niches. For example, this is a crucial part of <a href=\"https:\/\/www.sisinternational.com\/de\/sachverstand\/branchen\/losungen-fur-die-marktforschung-im-gesundheitswesen\/\" title=\"Marktforschungsunternehmen f\u00fcr das Gesundheitswesen\"  data-wpil-monitor-id=\"10285\">firms dealing with health and disease research<\/a>. Investments in science and tech often make profits for their investors.<\/p>\n\n\n\n<p>In the same way, market research in this field can help companies make wise choices. For example, a gap for disease prevention <a href=\"https:\/\/www.sisinternational.com\/de\/sachverstand\/branchen\/marktforschung-fur-orphan-drugs\/\" title=\"Marktforschung f\u00fcr Orphan Drugs\"  data-wpil-monitor-id=\"10286\">drugs may exist in the market<\/a>. Knowledge of this helps more investments into zoology, which will, in turn, help fill the void.<\/p>\n\n\n\n<h3 class=\"wp-block-heading\">Schl\u00fcsselfaktoren f\u00fcr den Erfolg<\/h3>\n\n\n\n<p>Ein erfolgreicher Zoologe muss \u00fcber kritische F\u00e4higkeiten verf\u00fcgen. Er muss sich zum Beispiel gut mit Wissenschaft, Denken und Kommunikation auskennen. Au\u00dferdem braucht er Geduld und Engagement. Kenntnisse in der Analyse sind wichtig. Zoologen m\u00fcssen auch Computererfahrung haben. Dieser Beruf lebt von hervorragender F\u00fchrung und der F\u00e4higkeit, gut im Team zu arbeiten.<\/p>\n\n\n\n<h2 class=\"wp-block-heading\">\u00dcber Zoology Market Research<\/h2>\n\n\n\n<p>It is always essential to do market research. It is as necessary for science and tech as in any other field. Businesses can use Quantitative, Qualitative, and Strategy <a href=\"https:\/\/www.sisinternational.com\/de\/how-to-conduct-effective-desk-research\/\" title=\"How to Conduct Effective Desk Research\"  data-wpil-monitor-id=\"10287\">research to conduct<\/a> relevant research. Also, research methods may take the form of Interviews, Surveys, or Focus Groups. In zoology, this research can aid potential investors in solving world health problems. Businesses can also determine the best way to <a href=\"https:\/\/www.sisinternational.com\/de\/abdeckung\/die-amerikaner\/marktforschung-in-lateinamerika-2\/marktforschung-in-franzosisch-guayana\/\" title=\"Marktforschung in Franz\u00f6sisch-Guayana\"  data-wpil-monitor-id=\"3744\">market these solutions through this research<\/a>.<\/p>\n\n\n\n<p><\/p>","protected":false},"excerpt":{"rendered":"<p>Zoologie ist eine angewandte Wissenschaft, die sich auf die Frage konzentriert, wie bestimmte Studienbereiche Menschen und Tieren zugute kommen k\u00f6nnen. <\/p>","protected":false},"author":1,"featured_media":63473,"parent":14514,"menu_order":100,"comment_status":"closed","ping_status":"closed","template":"","meta":{"footnotes":""},"class_list":["post-39829","page","type-page","status-publish","has-post-thumbnail"],"_links":{"self":[{"href":"https:\/\/www.sisinternational.com\/de\/wp-json\/wp\/v2\/pages\/39829","targetHints":{"allow":["GET"]}}],"collection":[{"href":"https:\/\/www.sisinternational.com\/de\/wp-json\/wp\/v2\/pages"}],"about":[{"href":"https:\/\/www.sisinternational.com\/de\/wp-json\/wp\/v2\/types\/page"}],"author":[{"embeddable":true,"href":"https:\/\/www.sisinternational.com\/de\/wp-json\/wp\/v2\/users\/1"}],"replies":[{"embeddable":true,"href":"https:\/\/www.sisinternational.com\/de\/wp-json\/wp\/v2\/comments?post=39829"}],"version-history":[{"count":5,"href":"https:\/\/www.sisinternational.com\/de\/wp-json\/wp\/v2\/pages\/39829\/revisions"}],"predecessor-version":[{"id":81701,"href":"https:\/\/www.sisinternational.com\/de\/wp-json\/wp\/v2\/pages\/39829\/revisions\/81701"}],"up":[{"embeddable":true,"href":"https:\/\/www.sisinternational.com\/de\/wp-json\/wp\/v2\/pages\/14514"}],"wp:featuredmedia":[{"embeddable":true,"href":"https:\/\/www.sisinternational.com\/de\/wp-json\/wp\/v2\/media\/63473"}],"wp:attachment":[{"href":"https:\/\/www.sisinternational.com\/de\/wp-json\/wp\/v2\/media?parent=39829"}],"curies":[{"name":"wp","href":"https:\/\/api.w.org\/{rel}","templated":true}]}}