{"id":39823,"date":"2022-01-28T18:58:16","date_gmt":"2022-01-28T18:58:16","guid":{"rendered":"https:\/\/www.sisinternational.com\/?page_id=39823"},"modified":"2026-01-25T18:34:52","modified_gmt":"2026-01-25T23:34:52","slug":"wassertechnologie-marktforschung","status":"publish","type":"page","link":"https:\/\/www.sisinternational.com\/de\/sachverstand\/wassertechnologie-marktforschung\/","title":{"rendered":"Marktforschung f\u00fcr Wassertechnologie"},"content":{"rendered":"<h1 class=\"wp-block-heading\">Marktforschung f\u00fcr Wassertechnologie<\/h1>\n\n\n\n<figure class=\"gb-block-image gb-block-image-a9891a6d\"><img loading=\"lazy\" decoding=\"async\" width=\"1456\" height=\"816\" class=\"gb-image gb-image-a9891a6d\" src=\"https:\/\/www.sisinternational.com\/wp-content\/uploads\/2025\/08\/Water-27.jpg\" alt=\"SIS International Marktforschung &amp; Strategie\" title=\"Water (27)\" srcset=\"https:\/\/www.sisinternational.com\/wp-content\/uploads\/2025\/08\/Water-27.jpg 1456w, https:\/\/www.sisinternational.com\/wp-content\/uploads\/2025\/08\/Water-27-300x168.jpg 300w, https:\/\/www.sisinternational.com\/wp-content\/uploads\/2025\/08\/Water-27-1024x574.jpg 1024w, https:\/\/www.sisinternational.com\/wp-content\/uploads\/2025\/08\/Water-27-768x430.jpg 768w, https:\/\/www.sisinternational.com\/wp-content\/uploads\/2025\/08\/Water-27-18x10.jpg 18w\" sizes=\"auto, (max-width: 1456px) 100vw, 1456px\"><\/figure>\n\n\n\n<p><\/p>\n\n\n\n<hr class=\"wp-block-separator has-alpha-channel-opacity is-style-dots\"\/>\n\n\n\n<h2 class=\"wp-block-heading\">Was ist Wassertechnologie-Marktforschung?<\/h2>\n\n\n\n<p>Die Marktforschung f\u00fcr Wassertechnologie ist ein ziemlich neues Verfahren. Im Rahmen dieses Verfahrens bieten Dienstleister den Menschen Wasserdienstleistungen von h\u00f6chster Qualit\u00e4t an. Seit Jahren sagen wir \u201eWasser ist Leben\u201c. Dieses Sprichwort ist v\u00f6llig zutreffend, da Menschen, Pflanzen und Tiere nicht ohne Wasser auskommen k\u00f6nnen. Daher muss der Dienstleister das Wasser reinigen, bevor er es in die Haushalte leitet.<\/p>\n\n\n\n<h2 class=\"wp-block-heading\">Warum ist Marktforschung im Bereich Wassertechnologie wichtig?<\/h2>\n\n\n\n<p>Water <a href=\"https:\/\/www.sisinternational.com\/de\/sachverstand\/branchen\/medizintechnik-medtech-marktforschung\/\" title=\"Marktforschung f\u00fcr Medizintechnik (Med Tech)\"  data-wpil-monitor-id=\"3766\">Tech Market Research<\/a> helps service providers put measures to avoid significant health risks. It removes pollutants from drinking water. These pollutants can cause severe and sometimes deadly illnesses. Water Techs must apply these measures in our dams and reservoirs, and, once installed, they can inspect the water. Also, they can treat and <a href=\"https:\/\/www.sisinternational.com\/de\/losungen\/bildungstechnologie-edtech-losungen\/lernmanagementsysteme-lms-marktforschung\/\" title=\"Marktforschung f\u00fcr Lernmanagementsysteme (LMS)\"  data-wpil-monitor-id=\"10290\">manage filter systems<\/a>.<\/p>\n\n\n\n<p>Dar\u00fcber hinaus helfen die angewandten Ma\u00dfnahmen Water Techs dabei, Abwasser aus Fabriken zu filtern. Dar\u00fcber hinaus k\u00f6nnen Dienstleister Wasser speichern. So k\u00f6nnen sie den Menschen sauberes Wasser sicher zur Verf\u00fcgung stellen. Water Techs m\u00fcssen sich also der Bedeutung der Systeme bewusst sein. Nur so k\u00f6nnen sie sicherstellen, dass den Menschen ausreichend sauberes Wasser f\u00fcr den t\u00e4glichen Gebrauch zur Verf\u00fcgung steht.<\/p>\n\n\n\n<h3 class=\"wp-block-heading\">Wichtige Berufsbezeichnungen<\/h3>\n\n\n\n<p>\u00b7 Wassertechniker<\/p>\n\n\n\n<p>\u00b7 Betreiber der Wasserressourcenr\u00fcckgewinnung (Abwasserbehandlung)<\/p>\n\n\n\n<p>\u00b7 Trinkwasseraufbereitungstechniker<\/p>\n\n\n\n<p>\u00b7 Wasserversorgungsunternehmen<\/p>\n\n\n\n<p>\u00b7 Labortechniker<\/p>\n\n\n\n<h2 class=\"wp-block-heading\">Warum Unternehmen Marktforschung im Bereich Wassertechnologie ben\u00f6tigen<\/h2>\n\n\n\n<p>Businesses need <a href=\"https:\/\/www.sisinternational.com\/de\/sachverstand\/branchen\/marktforschung-fur-flaschenwasser\/\" title=\"Marktforschung f\u00fcr Flaschenwasser\"  data-wpil-monitor-id=\"4963\">Marktforschung f\u00fcr Wassertechnologie<\/a> now more than ever. Around the globe, the amount of water consumed by people continues to increase. Yet, in some countries, water is scarce. In other countries, the population continues to grow, leading to an increase in water demand. That\u2019s where the term \u201csmart water management\u201d comes in. Many countries have considered using this approach.<\/p>\n\n\n\n<p>Bisher hat dieses neue System vielen Unternehmen geholfen. Es erm\u00f6glicht ihnen, proaktiv vorzugehen, um die Wasserverschwendung zu reduzieren. Viele Unternehmen nutzen dieses System auch, um Energie effizient zu nutzen. \u201eIntelligentes Wassermanagement\u201c verwendet Wasserz\u00e4hler, Sensoren und L\u00f6sungen.<\/p>\n\n\n\n<p>Today, bill payment is easier for many people in lesser developed countries. Before, they had to go into the service company to pay their bills. But, in the early 2020s, service providers relooked that system. They had to subscribe to ways where <a href=\"https:\/\/www.sisinternational.com\/de\/umfassende-marketingstrategie-fur-ein-amerikanisches-online-unternehmen-fur-privatfinanzen\/\" title=\"Umfassende Marketingstrategie f\u00fcr ein amerikanisches Online-Unternehmen f\u00fcr Privatfinanzen\"  data-wpil-monitor-id=\"10293\">persons could pay their bills online<\/a>. Without a doubt, it worked out for the greater good as it reduced the long lines and the cluster of people.<\/p>\n\n\n\n<h2 class=\"wp-block-heading\">Schl\u00fcsselfaktoren f\u00fcr den Erfolg<\/h2>\n\n\n\n<p>Die entwickelten Regionen der Welt sind Vorreiter in der Abwasserbehandlung. In der Vergangenheit installierten viele Unternehmen ein manuelles Wasseraufbereitungssystem. Dieses System ist im Laufe der Zeit ausgefallen, da der Wasserbedarf weiter steigt. Daher ist es kostspielig, diese veralteten Strukturen weiterhin zu reparieren.<\/p>\n\n\n\n<h3 class=\"wp-block-heading\">Die gute Nachricht ist, dass wir uns jetzt auf dem H\u00f6hepunkt des Technologiezeitalters befinden. Daher mussten Unternehmen:<\/h3>\n\n\n\n<ul class=\"wp-block-list\">\n<li>Suchen Sie nach M\u00f6glichkeiten, Ihre Dienstleistungen f\u00fcr die Menschen zu verbessern<\/li>\n\n\n\n<li>Effektive Methoden zur Verwaltung der Wasserversorgung<\/li>\n\n\n\n<li>Suchen Sie nach Ideen zur Reduzierung der hohen Wartungskosten<\/li>\n<\/ul>\n\n\n\n<p>Likewise, many governments aim to use \u201csmart water management\u201d methods. These methods <a href=\"https:\/\/www.sisinternational.com\/de\/sachverstand\/branchen\/baumarkt-marktforschung\/\" title=\"Marktforschung f\u00fcr Baum\u00e4rkte und Heimwerkerbedarf\"  data-wpil-monitor-id=\"10292\">improve their marketing<\/a>. They are confident that these methods will foster economic growth in their countries.<\/p>\n\n\n\n<h2 class=\"wp-block-heading\">\u00dcber Water Tech Market Research<\/h2>\n\n\n\n<p>Die Wirtschaft und das Gesundheitssystem eines Landes k\u00f6nnen ohne ein angemessenes Wassersystem nicht gedeihen. Aus diesem Grund f\u00fchrt das Fehlen eines gesunden Wassersystems zu folgenden Problemen: \u2013<\/p>\n\n\n\n<ul class=\"wp-block-list\">\n<li>Ernsthafte Gesundheitsgefahren<\/li>\n\n\n\n<li>D\u00fcrre und Hungersnot<\/li>\n\n\n\n<li>Unordnung im Tourismussektor<\/li>\n\n\n\n<li>Ein N\u00e4hrboden f\u00fcr Armut und Krankheiten<\/li>\n<\/ul>\n\n\n\n<p>We can solve this problem as we provide <a href=\"https:\/\/www.sisinternational.com\/de\/how-to-design-effective-surveys-for-quantitative-research\/\" title=\"How to Design Effective Surveys for Quantitative Research\"  data-wpil-monitor-id=\"10291\">Quantitative und qualitative Forschung<\/a> services. We also offer Surveys, Interviews, Focus Groups, and Strategy Research. Our tools work well. Contact us now for more info!<\/p>\n\n\n\n<p><\/p>","protected":false},"excerpt":{"rendered":"<p>Wasser ist lebensnotwendig, doch in vielen L\u00e4ndern ist S\u00fc\u00dfwasser knapp und verunreinigt. In Industriel\u00e4ndern haben Regierungen und Unternehmen L\u00f6sungen f\u00fcr ein \u201eintelligentes Wassermanagement\u201c und Abwasseraufbereitungssysteme eingef\u00fchrt.<\/p>","protected":false},"author":1,"featured_media":63550,"parent":14514,"menu_order":101,"comment_status":"closed","ping_status":"closed","template":"","meta":{"footnotes":""},"class_list":["post-39823","page","type-page","status-publish","has-post-thumbnail"],"_links":{"self":[{"href":"https:\/\/www.sisinternational.com\/de\/wp-json\/wp\/v2\/pages\/39823","targetHints":{"allow":["GET"]}}],"collection":[{"href":"https:\/\/www.sisinternational.com\/de\/wp-json\/wp\/v2\/pages"}],"about":[{"href":"https:\/\/www.sisinternational.com\/de\/wp-json\/wp\/v2\/types\/page"}],"author":[{"embeddable":true,"href":"https:\/\/www.sisinternational.com\/de\/wp-json\/wp\/v2\/users\/1"}],"replies":[{"embeddable":true,"href":"https:\/\/www.sisinternational.com\/de\/wp-json\/wp\/v2\/comments?post=39823"}],"version-history":[{"count":5,"href":"https:\/\/www.sisinternational.com\/de\/wp-json\/wp\/v2\/pages\/39823\/revisions"}],"predecessor-version":[{"id":81697,"href":"https:\/\/www.sisinternational.com\/de\/wp-json\/wp\/v2\/pages\/39823\/revisions\/81697"}],"up":[{"embeddable":true,"href":"https:\/\/www.sisinternational.com\/de\/wp-json\/wp\/v2\/pages\/14514"}],"wp:featuredmedia":[{"embeddable":true,"href":"https:\/\/www.sisinternational.com\/de\/wp-json\/wp\/v2\/media\/63550"}],"wp:attachment":[{"href":"https:\/\/www.sisinternational.com\/de\/wp-json\/wp\/v2\/media?parent=39823"}],"curies":[{"name":"wp","href":"https:\/\/api.w.org\/{rel}","templated":true}]}}