{"id":39820,"date":"2022-01-28T19:00:13","date_gmt":"2022-01-28T19:00:13","guid":{"rendered":"https:\/\/www.sisinternational.com\/?page_id=39820"},"modified":"2025-09-23T21:39:50","modified_gmt":"2025-09-24T01:39:50","slug":"mrna-marktforschung","status":"publish","type":"page","link":"https:\/\/www.sisinternational.com\/de\/sachverstand\/mrna-marktforschung\/","title":{"rendered":"mRNA-Marktforschung"},"content":{"rendered":"<h1 class=\"wp-block-heading p1\"><span class=\"s1\">mRNA-Marktforschung<\/span><\/h1>\n\n\n\n<figure class=\"gb-block-image gb-block-image-2b2d6a3a\"><img loading=\"lazy\" decoding=\"async\" width=\"1456\" height=\"816\" class=\"gb-image gb-image-2b2d6a3a\" src=\"https:\/\/www.sisinternational.com\/wp-content\/uploads\/2025\/08\/DNA-genomics-genetics-3.jpg\" srcset=\"https:\/\/www.sisinternational.com\/wp-content\/uploads\/2025\/08\/DNA-genomics-genetics-3.jpg 1456w, https:\/\/www.sisinternational.com\/wp-content\/uploads\/2025\/08\/DNA-genomics-genetics-3-300x168.jpg 300w, https:\/\/www.sisinternational.com\/wp-content\/uploads\/2025\/08\/DNA-genomics-genetics-3-1024x574.jpg 1024w, https:\/\/www.sisinternational.com\/wp-content\/uploads\/2025\/08\/DNA-genomics-genetics-3-768x430.jpg 768w, https:\/\/www.sisinternational.com\/wp-content\/uploads\/2025\/08\/DNA-genomics-genetics-3-18x10.jpg 18w\" sizes=\"auto, (max-width: 1456px) 100vw, 1456px\" alt=\"SIS International Marktforschung &amp; Strategie\"><\/figure>\n\n\n\n<p><\/p>\n\n\n\n<hr class=\"wp-block-separator has-alpha-channel-opacity is-style-dots\"\/>\n\n\n\n<h2 class=\"wp-block-heading p3\">Was ist mRNA?<\/h2>\n\n\n\n<p class=\"p4\">Messenger-RNAs, auch mRNA genannt, sind Molek\u00fcle, die es schon seit Jahren gibt. Der Ausbruch der COVID-19-Pandemie hat diese neue Art der Forschung in den Vordergrund ger\u00fcckt. T\u00e4glich suchen Forscher nach neuen Wegen, um Impfstoffe zu entwickeln. Impfstoffe trainieren den K\u00f6rper, Viren und Bakterien zu erkennen. Au\u00dferdem lehren sie den K\u00f6rper, auf Proteine in ihm zu reagieren.<span class=\"Apple-converted-space\">&nbsp;<\/span><\/p>\n\n\n\n<p class=\"p4\">mRNA ist ein RNA-Typ, der andere Zellen im menschlichen K\u00f6rper dazu veranlasst, Proteine zu produzieren. Die Proteine ahmen das Verhalten des COVID-19-Virus nach. Der Zweck von mRNA-Impfstoffen besteht darin, das Immunsystem einer Person darauf zu trainieren, auf einen Keim zu reagieren. Sobald der K\u00f6rper einer Person dem COVID-19-Virus ausgesetzt ist, bereitet er sich darauf vor, es zu bek\u00e4mpfen.<span class=\"Apple-converted-space\">&nbsp;<\/span><\/p>\n\n\n\n<h2 class=\"wp-block-heading p3\">Warum ist mRNA-Marktforschung wichtig?<\/h2>\n\n\n\n<p class=\"p4\">T\u00e4glich steigt die Zahl der COVID-19-F\u00e4lle weiter an. Auch die Zahl der mutierten St\u00e4mme wie Delta und Omikron hat rapide zugenommen. Aus diesem Grund betreiben Wissenschaftler mRNA-Forschung zur Bek\u00e4mpfung des Virus. Neben dem COVID-19-Virus wollen Wissenschaftler mRNA zur Behandlung von Krebs, Malaria und Grippe einsetzen. Sie planen auch, mRNA zur Behandlung seltener genetischer Krankheiten, Grippe, Zika, Malaria und Tollwut einzusetzen. Au\u00dferdem gehen sie an ihre Grenzen, da sie Impfstoffe gegen HIV und Sichelzellen entwickeln wollen.<span class=\"Apple-converted-space\">&nbsp;<\/span><\/p>\n\n\n\n<p class=\"p4\">Wie wir immer sagen: \u201eGesundheit ist Reichtum.\u201c Eine gesunde Gesellschaft f\u00f6rdert also Wachstum und Produktion. Eine ungesunde Gemeinschaft l\u00f6st jedoch schwere Krankheiten und wirtschaftliche Probleme aus. Dies wiederum verk\u00fcrzt die Lebenserwartung der Menschen. Daher tun Regierungen weltweit ihr Bestes, um die Ausbreitung von Viren zu bek\u00e4mpfen. Diese Notwendigkeit, die Ausbreitung zu bek\u00e4mpfen, ist der Grund, warum mRNA-Marktforschung so wichtig ist. Die Menschen m\u00fcssen sich wohl dabei f\u00fchlen, was sie ihrem K\u00f6rper zuf\u00fchren. Und Wissenschaftler m\u00fcssen die \u00d6ffentlichkeit \u00fcber die Vor- und Nachteile von Impfstoffen aufkl\u00e4ren. Die Verantwortung liegt bei jeder Person, ob sie sich impfen l\u00e4sst oder nicht. Die Impfstoffe tragen dazu bei, das Risiko einer Person zu senken, sich mit Viren anzustecken und diese zu verbreiten.<\/p>\n\n\n\n<h2 class=\"wp-block-heading p3\">Wichtige Berufsbezeichnungen<span class=\"Apple-converted-space\">&nbsp;<\/span><\/h2>\n\n\n\n<p class=\"p4\">\u2022 Forscher<\/p>\n\n\n\n<p class=\"p4\">\u2022 Wissenschaftler<\/p>\n\n\n\n<p class=\"p4\">\u2022 Mikrobiologe<\/p>\n\n\n\n<p class=\"p4\">\u2022 Impfstoffspezialist<\/p>\n\n\n\n<p class=\"p4\">\u2022 Freiwilliger f\u00fcr klinische Studien<\/p>\n\n\n\n<h2 class=\"wp-block-heading p3\">Warum Unternehmen mRNA-Marktforschung brauchen<\/h2>\n\n\n\n<p class=\"p4\">Die Entwicklung herk\u00f6mmlicher Impfstoffe dauerte viel l\u00e4nger. Doch dank fortschrittlicher Technologie k\u00f6nnen Unternehmen heute in kurzer Zeit Impfstoffe herstellen. Derzeit erregt der mRNA-Impfstoff gro\u00dfe Aufmerksamkeit. Der Impfstoff beeindruckte die Unternehmen durch seine Durchlaufzeit, Produktionsgeschwindigkeit und Kosteneinsparungen. Au\u00dferdem ist er einzigartig und f\u00fcr Impfstoffentwickler von gro\u00dfem Interesse.<\/p>\n\n\n\n<h3 class=\"wp-block-heading p3\">Schl\u00fcsselfaktoren f\u00fcr den Erfolg<\/h3>\n\n\n\n<p class=\"p4\">mRNA vaccines are now recognized and accepted. Many companies approved such vaccines and are <a href=\"https:\/\/www.sisinternational.com\/de\/losungen\/fintech-strategieberatung-forschung\/hedgefonds-und-investmentmarktforschung\/\" title=\"Hedgefonds- und Investmentmarktforschung\"  data-wpil-monitor-id=\"8441\">investing and funding<\/a> the donors. As such, vaccine creators will keep the mRNA vaccine on the shelf.<\/p>\n\n\n\n<p class=\"p4\">Moreover, compared to traditional medicines, mRNA vaccines are more effective, advanced, and cost-effective. The delivery of the mRNA vaccine is creating a <a href=\"https:\/\/www.sisinternational.com\/de\/losungen\/branding-und-kundenforschungslosungen\/marktforschung-zur-markenpositionierung\/\" title=\"Marktforschung zur Markenpositionierung\"  data-wpil-monitor-id=\"8440\">positive outlook on the market<\/a>. In conclusion, the mRNA vaccine helps with improving the healthcare system.<\/p>\n\n\n\n<h2 class=\"wp-block-heading p3\">\u00dcber mRNA Market Research<\/h2>\n\n\n\n<p class=\"p4\">Viele Menschen hoffen, zu einem Zustand der Normalit\u00e4t zur\u00fcckzukehren. Wissenschaftler sagen jedoch voraus, dass die COVID-19-Pandemie weiterhin mit den Menschen koexistieren wird. Die Menschen m\u00fcssen die Tatsache akzeptieren, dass COVID-19 \u201ehier bleiben wird\u201c. Daher m\u00fcssen sie die folgenden Ma\u00dfnahmen und Protokolle einhalten: \u2013<\/p>\n\n\n\n<p class=\"p4\">\u2022 Akzeptanz von Impfungen<\/p>\n\n\n\n<p class=\"p4\">\u2022 H\u00e4ufige Verwendung von Desinfektionsmitteln<\/p>\n\n\n\n<p class=\"p4\">\u2022 Das Tragen von Masken<\/p>\n\n\n\n<p class=\"p4\">\u2022 Tests, wenn Sie dem Virus ausgesetzt waren oder durch ihn beeintr\u00e4chtigt wurden<\/p>\n\n\n\n<p class=\"p4\">Our tools can help to flatten the COVID-19 curve. We provide <a href=\"https:\/\/www.sisinternational.com\/de\/abdeckung\/europa\/quantitative-research-in-london\/\" title=\"Quantitative Research in London\"  data-wpil-monitor-id=\"8439\">Quantitative und qualitative Forschung<\/a> services and also surveys and interviews. <a href=\"https:\/\/www.sisinternational.com\/de\/losungen\/fokusgruppen-marktforschung\/\" title=\"Fokusgruppe Marktforschung\"  data-wpil-monitor-id=\"8438\">Focus groups and Strategy Research<\/a> are also a part of our package. Contact us now for more info!<\/p>\n\n\n\n<p><\/p>","protected":false},"excerpt":{"rendered":"<p>Forscher entdecken neue Wege zur Herstellung von mRNA-Impfstoffen. Impfstoffe konditionieren den K\u00f6rper, Viren und Bakterien zu erkennen und auf Proteine zu reagieren.<\/p>","protected":false},"author":1,"featured_media":63645,"parent":14514,"menu_order":102,"comment_status":"closed","ping_status":"closed","template":"","meta":{"footnotes":""},"class_list":["post-39820","page","type-page","status-publish","has-post-thumbnail"],"_links":{"self":[{"href":"https:\/\/www.sisinternational.com\/de\/wp-json\/wp\/v2\/pages\/39820","targetHints":{"allow":["GET"]}}],"collection":[{"href":"https:\/\/www.sisinternational.com\/de\/wp-json\/wp\/v2\/pages"}],"about":[{"href":"https:\/\/www.sisinternational.com\/de\/wp-json\/wp\/v2\/types\/page"}],"author":[{"embeddable":true,"href":"https:\/\/www.sisinternational.com\/de\/wp-json\/wp\/v2\/users\/1"}],"replies":[{"embeddable":true,"href":"https:\/\/www.sisinternational.com\/de\/wp-json\/wp\/v2\/comments?post=39820"}],"version-history":[{"count":4,"href":"https:\/\/www.sisinternational.com\/de\/wp-json\/wp\/v2\/pages\/39820\/revisions"}],"predecessor-version":[{"id":81415,"href":"https:\/\/www.sisinternational.com\/de\/wp-json\/wp\/v2\/pages\/39820\/revisions\/81415"}],"up":[{"embeddable":true,"href":"https:\/\/www.sisinternational.com\/de\/wp-json\/wp\/v2\/pages\/14514"}],"wp:featuredmedia":[{"embeddable":true,"href":"https:\/\/www.sisinternational.com\/de\/wp-json\/wp\/v2\/media\/63645"}],"wp:attachment":[{"href":"https:\/\/www.sisinternational.com\/de\/wp-json\/wp\/v2\/media?parent=39820"}],"curies":[{"name":"wp","href":"https:\/\/api.w.org\/{rel}","templated":true}]}}