{"id":39815,"date":"2022-01-28T18:52:57","date_gmt":"2022-01-28T18:52:57","guid":{"rendered":"https:\/\/www.sisinternational.com\/?page_id=39815"},"modified":"2026-01-26T16:54:15","modified_gmt":"2026-01-26T21:54:15","slug":"biologie-marktforschung","status":"publish","type":"page","link":"https:\/\/www.sisinternational.com\/de\/sachverstand\/biologie-marktforschung\/","title":{"rendered":"Biologie Marktforschung"},"content":{"rendered":"<h1 class=\"wp-block-heading p1\"><span class=\"s1\">Biologie Marktforschung<\/span><\/h1>\n\n\n\n<figure class=\"gb-block-image gb-block-image-f720d27e\"><img loading=\"lazy\" decoding=\"async\" width=\"1456\" height=\"816\" class=\"gb-image gb-image-f720d27e\" src=\"https:\/\/www.sisinternational.com\/wp-content\/uploads\/2025\/08\/Hospitan-urgent-care-7.jpg\" alt=\"SIS International Marktforschung &amp; Strategie\" title=\"Hospita\u00f1 urgent care (7)\" srcset=\"https:\/\/www.sisinternational.com\/wp-content\/uploads\/2025\/08\/Hospitan-urgent-care-7.jpg 1456w, https:\/\/www.sisinternational.com\/wp-content\/uploads\/2025\/08\/Hospitan-urgent-care-7-300x168.jpg 300w, https:\/\/www.sisinternational.com\/wp-content\/uploads\/2025\/08\/Hospitan-urgent-care-7-1024x574.jpg 1024w, https:\/\/www.sisinternational.com\/wp-content\/uploads\/2025\/08\/Hospitan-urgent-care-7-768x430.jpg 768w, https:\/\/www.sisinternational.com\/wp-content\/uploads\/2025\/08\/Hospitan-urgent-care-7-18x10.jpg 18w\" sizes=\"auto, (max-width: 1456px) 100vw, 1456px\"><\/figure>\n\n\n\n<p><\/p>\n\n\n\n<p class=\"p2\">Die Biologie besch\u00e4ftigt sich mit Lebewesen und ihren Lebensvorg\u00e4ngen. Eine andere Definition k\u00f6nnte das Studium des Lebens sein. \u201eBiologie\u201c kommt vom griechischen Wort bios, das Leben bedeutet, und auch logos, was Studium bedeutet. Dieses Pr\u00e4fix und Suffix bilden das Wort, das wir heute kennen. Lebewesen umfassen in diesem Fall Lebewesen mit einer Zelle, wie Bakterien und Pilze.<\/p>\n\n\n\n<p class=\"p2\">This field is a natural science with a wide range of topics. Yet, it has several further themes. It covers conservation, ecology, evolution, genetics, marine biology, and more. Another <a href=\"https:\/\/www.sisinternational.com\/de\/abdeckung\/die-amerikaner\/usa-berichterstattung\/marktforschung-in-key-west-florida\/\" title=\"Marktforschung in Key West, Florida\"  data-wpil-monitor-id=\"9368\">key point is that research<\/a> now deals with the everyday habits of living things and their reactions towards cross disciplines.<\/p>\n\n\n\n<h2 class=\"wp-block-heading p3\">Warum ist Biologie wichtig?<\/h2>\n\n\n\n<p class=\"p2\">Dieses Feld hilft, das Leben der Lebewesen zu verbessern. Dar\u00fcber hinaus hilft uns dieses Feld, die lebende Welt und ihr Verhalten und Wachstum zu verstehen. Tats\u00e4chlich muss das gesamte medizinische Personal, einschlie\u00dflich \u00c4rzte und Krankenschwestern, in diesem Bereich studieren. So lernen sie, wie sie Tieren und Menschen helfen k\u00f6nnen. Es ist wichtig, alles \u00fcber die inneren Funktionen des K\u00f6rpers zu lernen. Die Biologie erz\u00e4hlt uns von den Organen, dem Blut, der Fortpflanzung, der Entwicklung und Krankheiten. Wir brauchen dieses Wissen, um Heilmittel zu finden und f\u00fcr weitere Forschungen. Mit dem Wachstum dieses Feldes wird auch die Lebensqualit\u00e4t im Alltag besser.<\/p>\n\n\n\n<p class=\"p2\">Without biology, we would not understand how diseases and cells mesh. Moreover, without <a href=\"https:\/\/www.sisinternational.com\/de\/losungen\/qualitative-quantitative-forschungslosungen\/marktforschung-im-ausendienst\/\" title=\"Marktforschung im Au\u00dfendienst\"  data-wpil-monitor-id=\"9367\">research in this field<\/a>, we would have relied on vague ideas of how plants and animals work. We wouldn\u2019t know how cells and bacteria work, so we would use outdated approaches to cure disease.<\/p>\n\n\n\n<h2 class=\"wp-block-heading p3\">Wichtige Berufsbezeichnungen<\/h2>\n\n\n\n<h3 class=\"wp-block-heading p2\">Einige Berufe, die Menschen mit einem Abschluss in diesem Bereich aus\u00fcben k\u00f6nnen:<\/h3>\n\n\n\n<ul class=\"wp-block-list ul1\">\n<li>Forschungswissenschaftler<\/li>\n\n\n\n<li>Pharmakologe<\/li>\n\n\n\n<li>Biologe<\/li>\n\n\n\n<li>Naturschutzbeauftragter<\/li>\n\n\n\n<li>Mitarbeiter einer Regierungsbeh\u00f6rde<\/li>\n<\/ul>\n\n\n\n<p class=\"p2\">Die Liste geht noch weiter, denn Biologie ist eines der umfangreichsten Studienf\u00e4cher \u00fcberhaupt. Die Biologie umfasst Studien vom Lebensprozess bis hin zum Studium des Tier- und Pflanzenlebens. Dadurch entstehen neue Arbeitspl\u00e4tze, und die Arbeitspl\u00e4tze werden jetzt auch besser.<\/p>\n\n\n\n<h2 class=\"wp-block-heading p3\">Warum Unternehmen Marktforschung im Bereich Biologie ben\u00f6tigen<\/h2>\n\n\n\n<p class=\"p2\">Biology, at its core, is a set of critical and necessary processes. In a way, it\u2019s like business processes. We can even build companies based on the basic principles of biology. At least, we can <a href=\"https:\/\/www.sisinternational.com\/de\/sachverstand\/branchen\/baumarkt-marktforschung\/\" title=\"Marktforschung f\u00fcr Baum\u00e4rkte und Heimwerkerbedarf\"  data-wpil-monitor-id=\"9366\">improve several areas by the research<\/a> done in this field. Examples are contact systems, resource management, culture, and electing.<\/p>\n\n\n\n<p class=\"p2\"><a href=\"https:\/\/www.sisinternational.com\/de\/veroffentlichungen\/japans-mittelstandsexporte\/\" title=\"Ausbau Ihres Gesch\u00e4fts in Japan\"  data-wpil-monitor-id=\"9364\">Businesses are also constantly growing<\/a>. By the same token, new biotech businesses are starting up, and <a href=\"https:\/\/www.sisinternational.com\/de\/losungen\/branding-und-kundenforschungslosungen\/marktforschung-zur-kundengewinnung\/\" title=\"Marktforschung zur Kundengewinnung\"  data-wpil-monitor-id=\"9365\">research on drug discovery<\/a> is improving. Market <a href=\"https:\/\/www.sisinternational.com\/de\/sachverstand\/branchen\/marktforschung-zur-kauferabsicht\/\" title=\"Marktforschung zur K\u00e4uferabsicht\"  data-wpil-monitor-id=\"6265\">Forschung<\/a> can help companies to find buyers for their products. It takes the guesswork out of buying and selling.<\/p>\n\n\n\n<h2 class=\"wp-block-heading p3\">Schl\u00fcsselfaktoren f\u00fcr den Erfolg<\/h2>\n\n\n\n<p class=\"p2\">Success factors are required for a <a href=\"https:\/\/www.sisinternational.com\/de\/losungen\/reise-tourismus-und-gastgewerbeberatung\/marktforschung-fur-reiseleiterunternehmen\/\" title=\"Marktforschung f\u00fcr Reiseleiterunternehmen\"  data-wpil-monitor-id=\"9363\">company to compete in the target market<\/a>. They are also known as strategic postures. In simpler terms, it is what a company must do to be successful and achieve its goal. Biology has risen above views and is succeeding in every area. It continues to grow and grow by the day. It is finding new drugs coupled with solutions to diseases and ways to improve the lives of living things.<\/p>\n\n\n\n<h3 class=\"wp-block-heading p2\">Einige der besten Erkenntnisse in der Geschichte der Biologie:<\/h3>\n\n\n\n<ul class=\"wp-block-list ul1\">\n<li>Vererbung<\/li>\n\n\n\n<li>Antibiotika<\/li>\n\n\n\n<li>DNA-Polymerase<\/li>\n\n\n\n<li>Umgekehrte Transkriptase<\/li>\n\n\n\n<li>Die Struktur der DNA<\/li>\n\n\n\n<li>Bakterielle Insulinsynthese<\/li>\n\n\n\n<li>Gentherapie<\/li>\n\n\n\n<li>Transgene Organismen<\/li>\n\n\n\n<li>Transplantationstechnologie<\/li>\n<\/ul>\n\n\n\n<h2 class=\"wp-block-heading p3\">\u00dcber Biology Market Research<\/h2>\n\n\n\n<p class=\"p2\">Ein erfolgreiches Gesch\u00e4ft im Bereich Biologie aufzubauen, kann ganz einfach sein. Unser Unternehmen ist sich der Bedeutung dieses Bereichs f\u00fcr das t\u00e4gliche Leben der Menschen bewusst. Deshalb richten wir Fokusgruppen ein, um strategische, qualitative und quantitative Forschung zu betreiben. Au\u00dferdem f\u00fchren wir Umfragen und Interviews durch. Wir m\u00f6chten Sie zufriedenstellen, indem wir Ihrem Unternehmen zum Erfolg verhelfen. Au\u00dferdem behandeln wir alle Kunden mit dem gleichen Respekt. Bitte z\u00f6gern Sie nicht, uns zu kontaktieren.<\/p>\n\n\n\n<p class=\"p4\">Wir freuen uns mit dir zu arbeiten.<\/p>\n\n\n\n<p><\/p>","protected":false},"excerpt":{"rendered":"<p>Der Bereich Biologie ist eine Naturwissenschaft mit umfassenden Themen. Unternehmen k\u00f6nnen mithilfe der Marktforschung im Bereich Biologie mehrere Bereiche verbessern. <\/p>","protected":false},"author":1,"featured_media":63574,"parent":14514,"menu_order":97,"comment_status":"closed","ping_status":"closed","template":"","meta":{"footnotes":""},"class_list":["post-39815","page","type-page","status-publish","has-post-thumbnail"],"_links":{"self":[{"href":"https:\/\/www.sisinternational.com\/de\/wp-json\/wp\/v2\/pages\/39815","targetHints":{"allow":["GET"]}}],"collection":[{"href":"https:\/\/www.sisinternational.com\/de\/wp-json\/wp\/v2\/pages"}],"about":[{"href":"https:\/\/www.sisinternational.com\/de\/wp-json\/wp\/v2\/types\/page"}],"author":[{"embeddable":true,"href":"https:\/\/www.sisinternational.com\/de\/wp-json\/wp\/v2\/users\/1"}],"replies":[{"embeddable":true,"href":"https:\/\/www.sisinternational.com\/de\/wp-json\/wp\/v2\/comments?post=39815"}],"version-history":[{"count":5,"href":"https:\/\/www.sisinternational.com\/de\/wp-json\/wp\/v2\/pages\/39815\/revisions"}],"predecessor-version":[{"id":81566,"href":"https:\/\/www.sisinternational.com\/de\/wp-json\/wp\/v2\/pages\/39815\/revisions\/81566"}],"up":[{"embeddable":true,"href":"https:\/\/www.sisinternational.com\/de\/wp-json\/wp\/v2\/pages\/14514"}],"wp:featuredmedia":[{"embeddable":true,"href":"https:\/\/www.sisinternational.com\/de\/wp-json\/wp\/v2\/media\/63574"}],"wp:attachment":[{"href":"https:\/\/www.sisinternational.com\/de\/wp-json\/wp\/v2\/media?parent=39815"}],"curies":[{"name":"wp","href":"https:\/\/api.w.org\/{rel}","templated":true}]}}