{"id":39745,"date":"2022-01-26T20:54:07","date_gmt":"2022-01-26T20:54:07","guid":{"rendered":"https:\/\/www.sisinternational.com\/?page_id=39745"},"modified":"2025-09-23T22:06:51","modified_gmt":"2025-09-24T02:06:51","slug":"multivariate-analyse-marktforschung","status":"publish","type":"page","link":"https:\/\/www.sisinternational.com\/de\/sachverstand\/multivariate-analyse-marktforschung\/","title":{"rendered":"Multivariate Analyse Marktforschung"},"content":{"rendered":"<h1 class=\"wp-block-heading p1\"><span class=\"s1\">Multivariate Analyse Marktforschung<\/span><\/h1>\n\n\n\n<figure class=\"gb-block-image gb-block-image-92735762\"><img loading=\"lazy\" decoding=\"async\" width=\"1456\" height=\"816\" class=\"gb-image gb-image-92735762\" src=\"https:\/\/www.sisinternational.com\/wp-content\/uploads\/2025\/08\/Strategy-consulting-10.jpg\" alt=\"SIS International Marktforschung &amp; Strategie\" title=\"Strategy consulting (10)\" srcset=\"https:\/\/www.sisinternational.com\/wp-content\/uploads\/2025\/08\/Strategy-consulting-10.jpg 1456w, https:\/\/www.sisinternational.com\/wp-content\/uploads\/2025\/08\/Strategy-consulting-10-300x168.jpg 300w, https:\/\/www.sisinternational.com\/wp-content\/uploads\/2025\/08\/Strategy-consulting-10-1024x574.jpg 1024w, https:\/\/www.sisinternational.com\/wp-content\/uploads\/2025\/08\/Strategy-consulting-10-768x430.jpg 768w, https:\/\/www.sisinternational.com\/wp-content\/uploads\/2025\/08\/Strategy-consulting-10-18x10.jpg 18w\" sizes=\"auto, (max-width: 1456px) 100vw, 1456px\"><\/figure>\n\n\n\n<p><\/p>\n\n\n\n<hr class=\"wp-block-separator has-alpha-channel-opacity is-style-dots\"\/>\n\n\n\n<p class=\"p2\">Bei der multivariaten Analyse werden mehr als zwei Variablen untersucht, um m\u00f6gliche Verbindungen zwischen ihnen zu finden. Sie hilft Marketingfachleuten, unterschiedliche Ergebnisse zu verstehen. Au\u00dferdem werden die einzelnen Formen der Forschung miteinander verkn\u00fcpft.<\/p>\n\n\n\n<p class=\"p2\">Die Verwendung der Analyse zur L\u00f6sung eines Problems kann mehrere Arten multivariater Analysen umfassen. Sie kann auch andere Studien umfassen, um die Beziehung zwischen Variablen und ihren Zusammenhang mit dem Problem zu untersuchen.<\/p>\n\n\n\n<p class=\"p2\">This form of <a href=\"https:\/\/www.sisinternational.com\/de\/sis-application-of-quantitative-data-analytics-to-sensory-testing\/\" title=\"SIS Application of Quantitative Data Analytics to Sensory Testing\"  data-wpil-monitor-id=\"7974\">testing studies more hard data<\/a> sets than any other analysis could manage. Researchers tend to use software to do this type of <a href=\"https:\/\/www.sisinternational.com\/de\/welt-autismus-tag\/\" title=\"Marktforschungsstudien zum Thema Autismus\"  data-wpil-monitor-id=\"7976\">Studie<\/a> as it dealing with so much data by hand can be a bit much.<\/p>\n\n\n\n<p class=\"p2\">Diese Studie kann manchmal schwierig und auch schwer zu l\u00f6sen sein. Dennoch geht es darum, was eine Person sucht. Diese Schwierigkeit verursacht manchmal ein Problem und verlangsamt den Fortschritt. Dieses Ergebnis kann bedeuten, dass die Ergebnisse aufgrund von Fehlern m\u00f6glicherweise keine Bedeutung haben.<\/p>\n\n\n\n<h2 class=\"wp-block-heading p3\">Warum ist die multivariate Analyse wichtig?<\/h2>\n\n\n\n<p class=\"p2\">Die Analyse ist kritisch und hilfreich. Ihr Hauptvorteil besteht darin, dass sie mehr als einen Satz von Variablen, Problemen und anderen Daten verarbeitet. Dies wiederum hilft, genauere Schlussfolgerungen zu ziehen. Diese L\u00f6sungen sind realistischer und korrekter, um bessere Entscheidungen zu treffen. Die Studie erm\u00f6glicht das Testen aller Variablen zusammen, anstatt vieler Antworten.<\/p>\n\n\n\n<p class=\"p2\">Apart from that, multivariate testing is a necessary part of biostatistics. It is a valued part of public health. That is because <a href=\"https:\/\/www.sisinternational.com\/de\/was-ist-offentlichkeitsarbeit\/\" title=\"\u00d6ffentlichkeitsarbeit und Marktforschung\"  data-wpil-monitor-id=\"7975\">public health research<\/a> has been expanding. It is also attracting more attention. Furthermore, when people use this method, they can help explain complex problems in simple ways.<\/p>\n\n\n\n<h2 class=\"wp-block-heading p3\">Wichtige Berufsbezeichnungen<\/h2>\n\n\n\n<h3 class=\"wp-block-heading p2\">Dies sind einige Berufe, bei denen multivariate Analysen zum Einsatz kommen:<\/h3>\n\n\n\n<ul class=\"wp-block-list ul1\">\n<li>i-Gaming-Analyst<\/li>\n\n\n\n<li>Datenwissenschaftler<\/li>\n\n\n\n<li>Kriminalanalytiker<\/li>\n\n\n\n<li>Wissenschaftliche Mitarbeiterin<\/li>\n\n\n\n<li>Kundenerfahrungsanalyst<\/li>\n<\/ul>\n\n\n\n<h2 class=\"wp-block-heading p3\">Warum brauchen Unternehmen multivariate Analysen?<\/h2>\n\n\n\n<p class=\"p2\">This study measures many variables and how they relate to each other. This method can help in all areas of a business. By using the correct data, a business can do many things. Also, it tests several sets at once, which saves <a href=\"https:\/\/www.sisinternational.com\/de\/losungen\/branding-und-kundenforschungslosungen\/produkttests-marktforschung\/fuhrendes-usability-marktforschungsunternehmen\/\" title=\"Usability testing Company\"  data-wpil-monitor-id=\"7971\">companies much time compared to testing<\/a> single or only two at a time. This method finds answers to problems with more than two values.<\/p>\n\n\n\n<p class=\"p2\">Experten sind diejenigen, die die Regeln der Studie schreiben. Eigent\u00fcmer, Vertriebsleiter, Marketingmanager und Investoren sind die Kunden. Das System \u00e4hnelt dem eines Lieferanten und Kunden.<\/p>\n\n\n\n<h3 class=\"wp-block-heading p3\">Schl\u00fcsselfaktoren f\u00fcr den Erfolg<\/h3>\n\n\n\n<p class=\"p2\">Wie bereits erw\u00e4hnt, besteht der Hauptvorteil dieser Analyse darin, dass sie sich mit mehreren Faktoren gleichzeitig befasst. Sie kann Ihrem Unternehmen ein besseres Verst\u00e4ndnis der Variablen vermitteln und dabei helfen, richtige Schlussfolgerungen zu ziehen. Doch sie hat noch viele weitere Vorteile. Bei richtiger Durchf\u00fchrung kann diese Analyse die Notwendigkeit nicht ersetzen, zwei Tests mit demselben Ziel nacheinander durchzuf\u00fchren. Stattdessen werden die Tests in k\u00fcrzeren Zeitr\u00e4umen durchgef\u00fchrt. Au\u00dferdem macht der Einsatz von Software die Arbeit viel einfacher.<\/p>\n\n\n\n<h2 class=\"wp-block-heading p3\">\u00dcber multivariate Analyse Marktforschung<\/h2>\n\n\n\n<p class=\"p4\">Using the multivariate <a href=\"https:\/\/www.sisinternational.com\/de\/losungen\/fintech-strategieberatung-forschung\/kosten-nutzen-analyse-marktforschung\/\" title=\"Kosten-Nutzen-Analyse Marktforschung\"  data-wpil-monitor-id=\"7970\">analysis can benefit<\/a> businesses in many ways. One of the main benefits is gains in profit. If your company is willing to use these methods, our business is here to help. We arrange focus groups to assist in this and other areas as well. We also conduct strategic, quantitative, and qualitative research in all areas. The <a href=\"https:\/\/www.sisinternational.com\/de\/losungen\/fokusgruppen-marktforschung\/\" title=\"Fokusgruppe Marktforschung\"  data-wpil-monitor-id=\"7973\">groups do all the research<\/a> needed to give the best results. With the help of our team, we can help improve the choices you make in the company to increase profits. Get in touch with us. Let\u2019s start building your business today. <a href=\"https:\/\/www.sisinternational.com\/de\/predictive-analytics\/\" title=\"Predictive Analytics: Your Crystal Ball for Business Success\"  data-wpil-monitor-id=\"7972\">Success will be in your business&#8217;s<\/a> future.<\/p>\n\n\n\n<p><\/p>","protected":false},"excerpt":{"rendered":"<p>Multivariate Analyse Marktforschung verwaltet mehr als einen Satz von Variablen, Problemen und anderen Daten. Sie hilft, eine genauere Bestimmung zu treffen. Die Verwendung der multivariaten Analyse kommt Unternehmen zugute, insbesondere bei Gewinnsteigerungen.<\/p>","protected":false},"author":1,"featured_media":62536,"parent":14514,"menu_order":94,"comment_status":"closed","ping_status":"closed","template":"","meta":{"footnotes":""},"class_list":["post-39745","page","type-page","status-publish","has-post-thumbnail"],"_links":{"self":[{"href":"https:\/\/www.sisinternational.com\/de\/wp-json\/wp\/v2\/pages\/39745","targetHints":{"allow":["GET"]}}],"collection":[{"href":"https:\/\/www.sisinternational.com\/de\/wp-json\/wp\/v2\/pages"}],"about":[{"href":"https:\/\/www.sisinternational.com\/de\/wp-json\/wp\/v2\/types\/page"}],"author":[{"embeddable":true,"href":"https:\/\/www.sisinternational.com\/de\/wp-json\/wp\/v2\/users\/1"}],"replies":[{"embeddable":true,"href":"https:\/\/www.sisinternational.com\/de\/wp-json\/wp\/v2\/comments?post=39745"}],"version-history":[{"count":4,"href":"https:\/\/www.sisinternational.com\/de\/wp-json\/wp\/v2\/pages\/39745\/revisions"}],"predecessor-version":[{"id":81344,"href":"https:\/\/www.sisinternational.com\/de\/wp-json\/wp\/v2\/pages\/39745\/revisions\/81344"}],"up":[{"embeddable":true,"href":"https:\/\/www.sisinternational.com\/de\/wp-json\/wp\/v2\/pages\/14514"}],"wp:featuredmedia":[{"embeddable":true,"href":"https:\/\/www.sisinternational.com\/de\/wp-json\/wp\/v2\/media\/62536"}],"wp:attachment":[{"href":"https:\/\/www.sisinternational.com\/de\/wp-json\/wp\/v2\/media?parent=39745"}],"curies":[{"name":"wp","href":"https:\/\/api.w.org\/{rel}","templated":true}]}}