{"id":39741,"date":"2022-01-26T20:54:58","date_gmt":"2022-01-26T20:54:58","guid":{"rendered":"https:\/\/www.sisinternational.com\/?page_id=39741"},"modified":"2026-01-25T19:37:07","modified_gmt":"2026-01-26T00:37:07","slug":"monadisches-testen-marktforschung","status":"publish","type":"page","link":"https:\/\/www.sisinternational.com\/de\/sachverstand\/monadisches-testen-marktforschung\/","title":{"rendered":"Monadische Test-Marktforschung"},"content":{"rendered":"<h1 class=\"wp-block-heading\">Monadische Test-Marktforschung<\/h1>\n\n\n\n<figure class=\"gb-block-image gb-block-image-3dd5f693\"><img loading=\"lazy\" decoding=\"async\" width=\"1456\" height=\"816\" class=\"gb-image gb-image-3dd5f693\" src=\"https:\/\/www.sisinternational.com\/wp-content\/uploads\/2025\/09\/Research-9.jpg\" alt=\"SIS International Marktforschung &amp; Strategie\" title=\"Research (9)\" srcset=\"https:\/\/www.sisinternational.com\/wp-content\/uploads\/2025\/09\/Research-9.jpg 1456w, https:\/\/www.sisinternational.com\/wp-content\/uploads\/2025\/09\/Research-9-300x168.jpg 300w, https:\/\/www.sisinternational.com\/wp-content\/uploads\/2025\/09\/Research-9-1024x574.jpg 1024w, https:\/\/www.sisinternational.com\/wp-content\/uploads\/2025\/09\/Research-9-768x430.jpg 768w, https:\/\/www.sisinternational.com\/wp-content\/uploads\/2025\/09\/Research-9-18x10.jpg 18w\" sizes=\"auto, (max-width: 1456px) 100vw, 1456px\"><\/figure>\n\n\n\n<p><\/p>\n\n\n\n<hr class=\"wp-block-separator has-alpha-channel-opacity is-style-dots\"\/>\n\n\n\n<h2 class=\"wp-block-heading\">Was ist monadische Testmarktforschung?<\/h2>\n\n\n\n<p class=\"p3\">Monadic Testing is a method of consumer testing. With this method, the respondent rates one thing by itself. In essence, it\u2019s done in isolation, separate from the influence of other choices. It is unlike comparison testing, which uses many options and respondents. Monadic Testing is suitable for <a href=\"https:\/\/www.sisinternational.com\/de\/losungen\/branding-und-kundenforschungslosungen\/produkttests-marktforschung\/new-product-concept-testing-methods\/\" title=\"New Product Concept Testing Methods\"  data-wpil-monitor-id=\"8633\">concept<\/a> testing and packing research. Areas like this need specific information that can grab a new customer\u2019s attention. Why? Because they represent the brand itself in a way. In most cases, a monadic test operates like this:<\/p>\n\n\n\n<div class=\"table-1\">\n<table width=\"100%\">\n<thead>\n<tr>\n<th align=\"left\">Gruppe 1<\/th>\n<th align=\"left\">Gruppe 2<\/th>\n<th align=\"left\">Gruppe 3<\/th>\n<\/tr>\n<\/thead>\n<tbody>\n<tr>\n<td align=\"left\">Idee 1<\/td>\n<td align=\"left\">Idee 2<\/td>\n<td align=\"left\">Aktuelles Produkt<\/td>\n<\/tr>\n<\/tbody>\n<\/table>\n<\/div>\n\n\n\n<p class=\"p1\"><strong>Abb. 1.0 zeigt einen monadischen Test<\/strong><\/p>\n\n\n\n<p class=\"p3\">In Abb. 1.0 gibt der Forscher jeder Gruppe eine Idee und stellt Fragen, um herauszufinden, was sie von der Idee halten. Eine Kontrollgruppe dient auch als Benchmark, um die \u00c4nderungen zu messen. Wenn sie dann den Test durchf\u00fchren, sammelt der Forscher die Ergebnisse und analysiert sie. Bei diesem Test m\u00fcssen die Leute die Produkte\/Ideen\/Designs nicht selbst vergleichen. Sie m\u00fcssen sich nur auf das konzentrieren, was direkt vor ihnen liegt. Ihre Entscheidungen werden daher nicht von den anderen Produkten in der Umgebung beeinflusst.<\/p>\n\n\n\n<h2 class=\"wp-block-heading p2\"><b>Warum ist die Marktforschung zum monadischen Testen wichtig?<\/b><\/h2>\n\n\n\n<p class=\"p3\">The main advantage of the monadic test is that it can realistically measure the appeal of a product or service. In other words, it gets an accurate opinion of the potential customers. Even better, it does so without outside influences. Monadic tests are essential to get a more realistic view of <a href=\"https:\/\/www.sisinternational.com\/de\/sachverstand\/branchen\/marktforschung-zu-stimme-des-kunden-im-lebensmittel-und-getrankebereich\/\" title=\"Marktforschung zur Stimme des Kunden im Lebensmittel- und Getr\u00e4nkebereich\"  data-wpil-monitor-id=\"8634\">customers\u2019 choices in the market<\/a>. In contrast, a comparison test usually provides information that lacks context. Thus, it is less valuable. When doing market research, getting the most accurate information is crucial.<\/p>\n\n\n\n<p class=\"p3\">To summarize, the better the info, the better the insights. And the better the insights, the better the predictions. <a href=\"https:\/\/www.sisinternational.com\/de\/sachverstand\/branchen\/chief-information-officer-cio-marktforschung\/\" title=\"Chief Information Officer (CIO) Marktforschung\"  data-wpil-monitor-id=\"8632\">Market research seeks to produce accurate information<\/a> with practical application. And you can\u2019t do that if your methods lack depth.<\/p>\n\n\n\n<h2 class=\"wp-block-heading p2\"><b>Wichtige Berufsbezeichnungen<\/b><\/h2>\n\n\n\n<h3 class=\"wp-block-heading p3\">Einige bemerkenswerte Jobs sind:<\/h3>\n\n\n\n<ul class=\"wp-block-list ul1\">\n<li>Marktforschungsanalyst<\/li>\n\n\n\n<li>Datenforschungsanalyst<\/li>\n\n\n\n<li>Produktanalyst<\/li>\n<\/ul>\n\n\n\n<h2 class=\"wp-block-heading p2\"><b>Warum Unternehmen monadische Test-Marktforschung ben\u00f6tigen<\/b><\/h2>\n\n\n\n<p class=\"p3\">One of the main things to note when running a business is efficiency. You have to make sure you\u2019re getting the most bang for your buck. You have to look at it spending-wise and consider the time and effort spent on your new projects. <a href=\"https:\/\/www.sisinternational.com\/de\/sachverstand\/branchen\/monadische-vs-sequenzielle-marktforschung\/\" title=\"Monadische vs. sequentielle Marktforschung\"  data-wpil-monitor-id=\"5815\">Monadic Testing<\/a> is an excellent way of getting more in-depth and valuable info for your market research. Furthermore, monadic tests need fewer people to run, saving time and money.<\/p>\n\n\n\n<h3 class=\"wp-block-heading p2\"><b>Schl\u00fcsselfaktoren f\u00fcr den Erfolg<\/b><\/h3>\n\n\n\n<p class=\"p3\">Auch wenn die menschliche Note immer wichtig ist, w\u00e4re es Verschwendung, die neuen Tools, die uns zur Verf\u00fcgung stehen, nicht zu nutzen. Mit Algorithmen k\u00f6nnen Sie Tausende von Datens\u00e4tzen durchgehen. Sie verk\u00fcrzen Ihre Forschungszeit um Monate. Im Wesentlichen beschleunigt ein st\u00e4rker softwarebasierter Ansatz die Marktforschung.<\/p>\n\n\n\n<p class=\"p3\">So, one solution is to use other <a href=\"https:\/\/www.sisinternational.com\/de\/fallstudien\/\" title=\"Fallstudien\"  data-wpil-monitor-id=\"8629\">market research studies<\/a> and learn from them. Many businesses use <a href=\"https:\/\/www.sisinternational.com\/de\/losungen\/geschmackstest\/monadische-geschmackstests-marktforschung\/\" title=\"Monadische Geschmackstests Marktforschung\"  data-wpil-monitor-id=\"8630\">monadic market research<\/a> to help fine-tune their operations. Some of this information is available online and is easy to access. While it\u2019s best to do your <a href=\"https:\/\/www.sisinternational.com\/de\/sachverstand\/branchen\/trainingsdaten-marktforschung\/\" title=\"Marktforschung zu Trainingsdaten\"  data-wpil-monitor-id=\"8631\">market research for the kind of data<\/a> most relevant to your needs, it doesn\u2019t hurt to read up.<\/p>\n\n\n\n<p class=\"p3\">It is worth noting that people\u2019s choices can influence results. So, for Monadic Testing, researchers show them different scenarios. For example, a person who starts the <a href=\"https:\/\/www.sisinternational.com\/de\/losungen\/branding-und-kundenforschungslosungen\/produkttests-marktforschung\/\" title=\"Produkttests Marktforschung\"  data-wpil-monitor-id=\"8635\">test with a product<\/a> design they like may give the ones that come after a lower score. If the <a href=\"https:\/\/www.sisinternational.com\/de\/losungen\/qualitative-quantitative-forschungslosungen\/marktforschungsdesignunternehmen\/\" title=\"Design-Forschungsunternehmen\"  data-wpil-monitor-id=\"8636\">researcher only showed people each design<\/a> without prior knowledge, that wouldn\u2019t happen. They would give a more accurate representation of a new consumer. So, it\u2019s essential to make a note of that.<\/p>\n\n\n\n<h2 class=\"wp-block-heading p2\"><b>\u00dcber Monadic Testing Market Research<\/b><\/h2>\n\n\n\n<p class=\"p4\">Forscher verwenden monadische Tests in Preisstudien. Sie verwenden in ihren Tests sowohl qualitative als auch quantitative Forschung. Es ist auch gut, Ihren Datensatz durch die Einbeziehung von Fokusgruppen und Umfragen zu erweitern. Interviews sind ein weiteres gro\u00dfartiges Werkzeug, das Sie in Ihren Prozess einbauen k\u00f6nnen. Diese k\u00f6nnen auch helfen, L\u00fccken zu f\u00fcllen und bessere \u201eEinblicke\u201c zu liefern.<\/p>\n\n\n\n<p><\/p>","protected":false},"excerpt":{"rendered":"<p> Monadisches Testen eignet sich f\u00fcr Konzepttests und Verpackungsforschung. Monadisches Testen ist f\u00fcr Ihr Unternehmen eine ideale M\u00f6glichkeit, detailliertere und praktischere Informationen f\u00fcr Ihre Marktforschung zu erhalten und Ihren Betrieb zu verbessern. <\/p>","protected":false},"author":1,"featured_media":69505,"parent":14514,"menu_order":95,"comment_status":"closed","ping_status":"closed","template":"","meta":{"footnotes":""},"class_list":["post-39741","page","type-page","status-publish","has-post-thumbnail"],"_links":{"self":[{"href":"https:\/\/www.sisinternational.com\/de\/wp-json\/wp\/v2\/pages\/39741","targetHints":{"allow":["GET"]}}],"collection":[{"href":"https:\/\/www.sisinternational.com\/de\/wp-json\/wp\/v2\/pages"}],"about":[{"href":"https:\/\/www.sisinternational.com\/de\/wp-json\/wp\/v2\/types\/page"}],"author":[{"embeddable":true,"href":"https:\/\/www.sisinternational.com\/de\/wp-json\/wp\/v2\/users\/1"}],"replies":[{"embeddable":true,"href":"https:\/\/www.sisinternational.com\/de\/wp-json\/wp\/v2\/comments?post=39741"}],"version-history":[{"count":5,"href":"https:\/\/www.sisinternational.com\/de\/wp-json\/wp\/v2\/pages\/39741\/revisions"}],"predecessor-version":[{"id":81447,"href":"https:\/\/www.sisinternational.com\/de\/wp-json\/wp\/v2\/pages\/39741\/revisions\/81447"}],"up":[{"embeddable":true,"href":"https:\/\/www.sisinternational.com\/de\/wp-json\/wp\/v2\/pages\/14514"}],"wp:featuredmedia":[{"embeddable":true,"href":"https:\/\/www.sisinternational.com\/de\/wp-json\/wp\/v2\/media\/69505"}],"wp:attachment":[{"href":"https:\/\/www.sisinternational.com\/de\/wp-json\/wp\/v2\/media?parent=39741"}],"curies":[{"name":"wp","href":"https:\/\/api.w.org\/{rel}","templated":true}]}}