{"id":39736,"date":"2022-01-26T20:57:21","date_gmt":"2022-01-26T20:57:21","guid":{"rendered":"https:\/\/www.sisinternational.com\/?page_id=39736"},"modified":"2025-09-23T22:33:34","modified_gmt":"2025-09-24T02:33:34","slug":"botanik-marktforschung","status":"publish","type":"page","link":"https:\/\/www.sisinternational.com\/de\/sachverstand\/botanik-marktforschung\/","title":{"rendered":"Botanik-Marktforschung"},"content":{"rendered":"<h1 class=\"wp-block-heading p1\"><span class=\"s1\">Botanik-Marktforschung<\/span><\/h1>\n\n\n\n<figure class=\"gb-block-image gb-block-image-b86c8209\"><img loading=\"lazy\" decoding=\"async\" width=\"1456\" height=\"816\" class=\"gb-image gb-image-b86c8209\" src=\"https:\/\/www.sisinternational.com\/wp-content\/uploads\/2025\/09\/Botany-3.jpg\" alt=\"SIS International Marktforschung &amp; Strategie\" title=\"Botany (3)\" srcset=\"https:\/\/www.sisinternational.com\/wp-content\/uploads\/2025\/09\/Botany-3.jpg 1456w, https:\/\/www.sisinternational.com\/wp-content\/uploads\/2025\/09\/Botany-3-300x168.jpg 300w, https:\/\/www.sisinternational.com\/wp-content\/uploads\/2025\/09\/Botany-3-1024x574.jpg 1024w, https:\/\/www.sisinternational.com\/wp-content\/uploads\/2025\/09\/Botany-3-768x430.jpg 768w, https:\/\/www.sisinternational.com\/wp-content\/uploads\/2025\/09\/Botany-3-18x10.jpg 18w\" sizes=\"auto, (max-width: 1456px) 100vw, 1456px\"><\/figure>\n\n\n\n<p><\/p>\n\n\n\n<hr class=\"wp-block-separator has-alpha-channel-opacity is-style-dots\"\/>\n\n\n\n<p>&nbsp;<\/p>\n\n\n\n<h2 class=\"wp-block-heading p3\">Was ist Botanik?<\/h2>\n\n\n\n<p class=\"p4\">Pflanzen sind \u00fcberall um uns herum. Wir alle wissen, dass sie unverzichtbar sind. Sie versorgen uns mit Nahrung und Sauerstoff. Sie helfen sogar im Kampf gegen den Klimawandel. Aufgrund ihrer Bedeutung ist es umso besser, je mehr wir \u00fcber Pflanzen wissen. Botanik ist, vereinfacht ausgedr\u00fcckt, die Wissenschaft der Pflanzen. Sie besch\u00e4ftigt sich damit, zu erfahren, wie Pflanzen tun, was sie tun. Sie behandelt sogar, wie sich manche Dinge f\u00fcr den Anbau und die Nebenprodukte von Pflanzen verbessern lassen. Die Botanik umfasst auch die Genetik und wie dieses aufstrebende Feld bei der L\u00f6sung einiger unserer Probleme helfen kann. Beispielsweise k\u00f6nnen manche Pflanzen anf\u00e4llig f\u00fcr l\u00e4stige Krankheiten sein. Die Botanik w\u00fcrde dann einen Weg finden, die Pflanzen so zu ver\u00e4ndern, dass sie diesen Krankheiten widerstehen.<\/p>\n\n\n\n<h2 class=\"wp-block-heading\">Warum ist Botanik wichtig?<\/h2>\n\n\n\n<p class=\"p4\">Das gesamte Tierreich ist auf Pflanzen angewiesen, um zu \u00fcberleben, und in manchen F\u00e4llen sind sie ihre einzige Nahrungs- und Schutzquelle. Pflanzen liefern in jedem Fall mehr als nur Nahrung. Menschen verwenden Pflanzen zum Bau von H\u00e4usern und sogar zur Befestigung von Stromleitungen. Viele lebensrettende Medikamente werden aus allen Teilen verschiedener Pflanzen gewonnen. Wir verwenden Pflanzen sogar aus \u00e4sthetischen und therapeutischen Gr\u00fcnden. Nat\u00fcrlich d\u00fcrfen wir ihre entscheidende Rolle bei der Versorgung mit Sauerstoff und der Beseitigung von Kohlendioxid nicht vergessen. Das Studium der Pflanzen ist weitreichend und dringend erforderlich. Aus diesem Grund kann die Botanik alle Branchen und sogar das t\u00e4gliche Leben beeinflussen.<\/p>\n\n\n\n<h2 class=\"wp-block-heading p3\">Wichtige Berufsbezeichnungen<\/h2>\n\n\n\n<p class=\"p5\">Da die Botanik ein so breites Anwendungsspektrum hat, k\u00f6nnen Menschen mit den unterschiedlichsten Hintergr\u00fcnden in diesem Bereich einen Job finden. Botanik, \u00d6kologie und Chemie sind einige verwandte Bereiche. Weitere Bereiche sind Mathematik, Physik und Forschung.<\/p>\n\n\n\n<h3 class=\"wp-block-heading p5\">Zu den wichtigsten Berufsbezeichnungen z\u00e4hlen:<\/h3>\n\n\n\n<ul class=\"wp-block-list\">\n<li>Wildbiologen<\/li>\n\n\n\n<li>Boden- und Pflanzenwissenschaftler<\/li>\n\n\n\n<li>Botaniker<\/li>\n\n\n\n<li>Pflanzen\u00f6kologen<\/li>\n\n\n\n<li>Taxonomen<\/li>\n\n\n\n<li>Umweltsch\u00fctzer<\/li>\n\n\n\n<li>Forschungstechniker<\/li>\n<\/ul>\n\n\n\n<h2 class=\"wp-block-heading p3\">Warum Unternehmen Botanik brauchen<\/h2>\n\n\n\n<p class=\"p4\">We have already agreed that plants, and by extension botany, affects many industries. Hence, many different businesses need botany. For example, the <a href=\"https:\/\/www.sisinternational.com\/de\/sachverstand\/branchen\/marktforschung-zu-lebensmittel-und-getrankezutaten\/\" title=\"Marktforschung f\u00fcr Lebensmittel- und Getr\u00e4nkezutaten\"  data-wpil-monitor-id=\"7955\">food industry benefits by finding new ingredients<\/a>, flavors, and preservatives. The construction industry can find better processes to make some materials more durable. Also, the medical industry can discover new properties of traditional and non-traditional plants. Even agriculture can benefit. It pays for agricultural experts to learn more about better care for some plants. Though we have touched on many industries here, there are many more ways that botany can apply to each one. There are even a lot more industries that botany can impact for the better.<\/p>\n\n\n\n<h3 class=\"wp-block-heading p3\">Schl\u00fcsselfaktoren f\u00fcr den Erfolg<\/h3>\n\n\n\n<p class=\"p4\"><a href=\"https:\/\/www.sisinternational.com\/de\/top-5-benefits-of-qualitative-market-research-for-businesses\/\" title=\"Top 5 Benefits of Qualitative Market Research for Businesses\"  data-wpil-monitor-id=\"7957\">Businesses can tap into the benefits<\/a> of applying botany to their current industry. Or they can even enter the <a href=\"https:\/\/www.sisinternational.com\/de\/losungen\/qualitative-quantitative-forschungslosungen\/marktforschung-im-ausendienst\/\" title=\"Marktforschung im Au\u00dfendienst\"  data-wpil-monitor-id=\"7956\">field of botany research<\/a> in and of itself. <a href=\"https:\/\/www.sisinternational.com\/de\/sachverstand\/branchen\/automobilmarktforschung\/automobil-konsumentenforschung-fur-elektrofahrzeuge\/\" title=\"Warum die Verbraucherforschung im Automobilbereich angesichts der Zukunft von Elektrofahrzeugen heute so wichtig ist\"  data-wpil-monitor-id=\"7958\">Research is vital<\/a> no matter how you use it to benefit your business. Plants need lots of scientific research. So companies need to understand the what\u2019s, how\u2019s, and why\u2019s. Only then will they be able to provide solutions for the existing problems. Knowing the <a href=\"https:\/\/www.sisinternational.com\/de\/abdeckung\/die-amerikaner\/usa-berichterstattung\/marktforschung-in-key-west-florida\/\" title=\"Marktforschung in Key West, Florida\"  data-wpil-monitor-id=\"7953\">market and its needs are also key<\/a> to guiding your company. With research comes new ideas. Being open-minded to creating things outside of the box is also something to consider. Non-traditional ways may be what your company needs to succeed using botany.<\/p>\n\n\n\n<h2 class=\"wp-block-heading p3\">\u00dcber Botanik<\/h2>\n\n\n\n<p class=\"p6\">Botany is very important to human and animal life. The field thrives on new data and discoveries. Due to this, research is vital when it comes to botany. You can use a wide range of research types to do this. These <a href=\"https:\/\/www.sisinternational.com\/de\/how-to-design-effective-surveys-for-quantitative-research\/\" title=\"How to Design Effective Surveys for Quantitative Research\"  data-wpil-monitor-id=\"7948\">research types include quantitative<\/a>, qualitative, and strategy research. The <a href=\"https:\/\/www.sisinternational.com\/de\/quantitative-market-research-methods-and-techniques\/\" title=\"Quantitative Market Research Methods and Techniques\"  data-wpil-monitor-id=\"7951\">methods used to carry out such research<\/a> are, for example, interviews and surveys. You can also use focus groups and experiments.<\/p>\n\n\n\n<p><\/p>","protected":false},"excerpt":{"rendered":"<p>Botanik ist die Wissenschaft der Pflanzen und das Fachgebiet steht einer enormen Bandbreite an Unternehmen und Industrien offen. <\/p>","protected":false},"author":1,"featured_media":69922,"parent":14514,"menu_order":96,"comment_status":"closed","ping_status":"closed","template":"","meta":{"footnotes":""},"class_list":["post-39736","page","type-page","status-publish","has-post-thumbnail"],"_links":{"self":[{"href":"https:\/\/www.sisinternational.com\/de\/wp-json\/wp\/v2\/pages\/39736","targetHints":{"allow":["GET"]}}],"collection":[{"href":"https:\/\/www.sisinternational.com\/de\/wp-json\/wp\/v2\/pages"}],"about":[{"href":"https:\/\/www.sisinternational.com\/de\/wp-json\/wp\/v2\/types\/page"}],"author":[{"embeddable":true,"href":"https:\/\/www.sisinternational.com\/de\/wp-json\/wp\/v2\/users\/1"}],"replies":[{"embeddable":true,"href":"https:\/\/www.sisinternational.com\/de\/wp-json\/wp\/v2\/comments?post=39736"}],"version-history":[{"count":4,"href":"https:\/\/www.sisinternational.com\/de\/wp-json\/wp\/v2\/pages\/39736\/revisions"}],"predecessor-version":[{"id":81340,"href":"https:\/\/www.sisinternational.com\/de\/wp-json\/wp\/v2\/pages\/39736\/revisions\/81340"}],"up":[{"embeddable":true,"href":"https:\/\/www.sisinternational.com\/de\/wp-json\/wp\/v2\/pages\/14514"}],"wp:featuredmedia":[{"embeddable":true,"href":"https:\/\/www.sisinternational.com\/de\/wp-json\/wp\/v2\/media\/69922"}],"wp:attachment":[{"href":"https:\/\/www.sisinternational.com\/de\/wp-json\/wp\/v2\/media?parent=39736"}],"curies":[{"name":"wp","href":"https:\/\/api.w.org\/{rel}","templated":true}]}}