{"id":39699,"date":"2022-01-19T04:28:16","date_gmt":"2022-01-19T04:28:16","guid":{"rendered":"https:\/\/www.sisinternational.com\/?page_id=39699"},"modified":"2025-09-23T22:31:30","modified_gmt":"2025-09-24T02:31:30","slug":"genetik-marktforschung","status":"publish","type":"page","link":"https:\/\/www.sisinternational.com\/de\/losungen\/innovation\/genetik-marktforschung\/","title":{"rendered":"Genetik-Marktforschung"},"content":{"rendered":"<h1 class=\"wp-block-heading\">Genetik-Marktforschung<\/h1>\n\n\n\n<figure class=\"gb-block-image gb-block-image-1d9e735c\"><img loading=\"lazy\" decoding=\"async\" width=\"1456\" height=\"816\" class=\"gb-image gb-image-1d9e735c\" src=\"https:\/\/www.sisinternational.com\/wp-content\/uploads\/2025\/09\/DNA-Genetics-27.jpg\" alt=\"SIS International Marktforschung &amp; Strategie\" title=\"DNA Genetics (27)\" srcset=\"https:\/\/www.sisinternational.com\/wp-content\/uploads\/2025\/09\/DNA-Genetics-27.jpg 1456w, https:\/\/www.sisinternational.com\/wp-content\/uploads\/2025\/09\/DNA-Genetics-27-300x168.jpg 300w, https:\/\/www.sisinternational.com\/wp-content\/uploads\/2025\/09\/DNA-Genetics-27-1024x574.jpg 1024w, https:\/\/www.sisinternational.com\/wp-content\/uploads\/2025\/09\/DNA-Genetics-27-768x430.jpg 768w, https:\/\/www.sisinternational.com\/wp-content\/uploads\/2025\/09\/DNA-Genetics-27-18x10.jpg 18w\" sizes=\"auto, (max-width: 1456px) 100vw, 1456px\"><\/figure>\n\n\n\n<p><\/p>\n\n\n\n<h2 class=\"wp-block-heading\">Was ist Genetik?<\/h2>\n\n\n\n<p>Genetik ist ein Bereich der Biologie, der alle Lebensformen untersucht. Dazu geh\u00f6rt die DNA, wie Gene entstehen und wie Pflanzen und Tiere diese Gene erben. Sie untersucht, wie Organismen Gene und Merkmale von einer Generation an die n\u00e4chste weitergeben. Die in den Genen enthaltenen Daten beeinflussen die Gesundheit und das Aussehen eines Menschen. Sie beeinflussen sogar die Pers\u00f6nlichkeit!<\/p>\n\n\n\n<h2 class=\"wp-block-heading\">Warum ist Genetik wichtig?<\/h2>\n\n\n\n<p>Die Genetik spielt eine sehr wichtige Rolle bei der Vorbeugung der Ursachen einiger Erkrankungen. Um die beste Behandlung f\u00fcr jede Krankheit zu entwickeln, m\u00fcssen \u00c4rzte \u00fcber die richtigen Informationen verf\u00fcgen. Dar\u00fcber hinaus besteht f\u00fcr etwa die H\u00e4lfte der Weltbev\u00f6lkerung das Risiko, chronische Krankheiten zu entwickeln. Gro\u00dfe Probleme sind beispielsweise Krebs, Diabetes und Herzprobleme. Die Genetik kann Aufschluss \u00fcber die Wahrscheinlichkeit geben, an einer Krankheit zu erkranken. Wenn man sich dar\u00fcber informiert, kann man die Krankheit vermeiden. Sie kann auch die Grundursache beheben, sodass die kommenden Generationen nicht daran erkranken. Die Genetik er\u00f6ffnet viele M\u00f6glichkeiten und kann auch zum Wachstum jeder Art beitragen.<\/p>\n\n\n\n<h2 class=\"wp-block-heading\">Wichtige Berufsbezeichnungen<\/h2>\n\n\n\n<figure class=\"gb-block-image gb-block-image-40fe0f21\"><img loading=\"lazy\" decoding=\"async\" width=\"1456\" height=\"816\" class=\"gb-image gb-image-40fe0f21\" src=\"https:\/\/www.sisinternational.com\/wp-content\/uploads\/2025\/09\/DNA-Genetics-16.jpg\" alt=\"SIS International Marktforschung &amp; Strategie\" title=\"DNA Genetics (16)\" srcset=\"https:\/\/www.sisinternational.com\/wp-content\/uploads\/2025\/09\/DNA-Genetics-16.jpg 1456w, https:\/\/www.sisinternational.com\/wp-content\/uploads\/2025\/09\/DNA-Genetics-16-300x168.jpg 300w, https:\/\/www.sisinternational.com\/wp-content\/uploads\/2025\/09\/DNA-Genetics-16-1024x574.jpg 1024w, https:\/\/www.sisinternational.com\/wp-content\/uploads\/2025\/09\/DNA-Genetics-16-768x430.jpg 768w, https:\/\/www.sisinternational.com\/wp-content\/uploads\/2025\/09\/DNA-Genetics-16-18x10.jpg 18w\" sizes=\"auto, (max-width: 1456px) 100vw, 1456px\"><\/figure>\n\n\n\n<p><\/p>\n\n\n\n<h3 class=\"wp-block-heading\">Klinischer Genetiker<\/h3>\n\n\n\n<p>Ein klinischer Genetiker hilft bei der Durchf\u00fchrung der richtigen Labortests der Gene. Er ber\u00e4t auch Patienten, bei denen aufgrund ihrer genetischen Veranlagung das Risiko besteht, gesundheitliche Probleme zu entwickeln.<\/p>\n\n\n\n<h3 class=\"wp-block-heading\">Genetischer Berater<\/h3>\n\n\n\n<p>Diese Berater unterst\u00fctzen Patienten dabei, gute Entscheidungen hinsichtlich ihrer genetischen Gesundheit zu treffen. Ihre Fachgebiete umfassen sowohl Grundlagenwissenschaften als auch medizinische Genetik. Daher k\u00f6nnen sie mit Klienten \u00fcber eine Vielzahl von Genindikatoren sprechen.<\/p>\n\n\n\n<h3 class=\"wp-block-heading\">Pflanzenz\u00fcchter<\/h3>\n\n\n\n<p>Pflanzenz\u00fcchter zielen darauf ab, gute Eigenschaften bei Pflanzen zu entwickeln. Sie z\u00fcchten beispielsweise Pflanzen, die Krankheiten und D\u00fcrre widerstehen. Ein Z\u00fcchter kann sich selten auf eine einzige Eigenschaft konzentrieren. Stattdessen muss er viele Eigenschaften bewerten, die die Pflanze n\u00fctzlicher machen.<\/p>\n\n\n\n<h2 class=\"wp-block-heading\">Warum brauchen Unternehmen genetische Marktforschung?<\/h2>\n\n\n\n<p>Der <a href=\"https:\/\/www.sisinternational.com\/de\/losungen\/qualitative-quantitative-forschungslosungen\/marktforschung-im-ausendienst\/\" title=\"Marktforschung im Au\u00dfendienst\"  data-wpil-monitor-id=\"7969\">field of genetic research<\/a> has seen constant growth. It helped in the development of better plants, for instance, food crops such as corn, rice, and wheat. Geneticists are also able to harness better quality seeds. Another benefit is investing in the cross-breeding of plants for better quality produce. These plants help treat various kinds of diseases. Geneticists use these plants to place genes into individual cells. This type of therapy helps treat some forms of cancer. It replaces harmful mutant alleles with essential cells.<\/p>\n\n\n\n<h2 class=\"wp-block-heading\">Wichtige Erfolgsfaktoren<\/h2>\n\n\n\n<p>In der Natur entwickeln sich alle Organismen weiter. Das Gras auf einem offenen Feld ist eine nat\u00fcrliche Population. Dasselbe gilt f\u00fcr die W\u00f6lfe in einem Wald und sogar f\u00fcr die Bakterien im K\u00f6rper eines Menschen. In jeder dieser Populationen werden zumindest einige ihrer Gene weiterentwickelt.<\/p>\n\n\n\n<p>These populations will never reach some final state of perfection. Their <a href=\"https:\/\/www.sisinternational.com\/de\/global-beverage-market\/\" title=\"Global Beverage Market: Market Dynamics, Growth Projections &amp; Consumer Insights\"  data-wpil-monitor-id=\"7968\">growth is dynamic<\/a> and their genetic makeup will change over generations. The changes are subtle. For instance, there may be a shift in the number of genes for black instead of grey fur in a wolf pack. Sometimes this kind of change happens because of a natural process. Or, it comes from new members moving into the population. Or it can be from random events\u2014the organic process\u2019s \u201cluck of the draw.\u201d<\/p>\n\n\n\n<p>Im Folgenden sind einige der entscheidenden Faktoren aufgef\u00fchrt, die das genetische Gleichgewicht und Ver\u00e4nderungen beeinflussen:<\/p>\n\n\n\n<ul class=\"wp-block-list\">\n<li>Mutationen<\/li>\n\n\n\n<li>Zuf\u00e4llige Paarung<\/li>\n\n\n\n<li>Gendrift<\/li>\n\n\n\n<li>Genfluss<\/li>\n\n\n\n<li>Nat\u00fcrliche Auslese<\/li>\n<\/ul>\n\n\n\n<h2 class=\"wp-block-heading\">\u00dcber Genetic Market Research<\/h2>\n\n\n\n<p><a href=\"https:\/\/www.sisinternational.com\/de\/kontaktieren-sie-sis-international-market-research\/\" title=\"Kontaktiere uns\"  data-wpil-monitor-id=\"7964\">SIS International Forschung<\/a> carries out surveys to collect data on what customers think. We also do focus groups and live interviews. These <a href=\"https:\/\/www.sisinternational.com\/de\/quantitative-market-research-methods-and-techniques\/\" title=\"Quantitative Market Research Methods and Techniques\"  data-wpil-monitor-id=\"7965\">market research methods<\/a> are excellent for gathering in-depth insights. Focus groups also reveal customers\u2019 actual opinions and points of view.<\/p>\n\n\n\n<p>Qualitativ <a href=\"https:\/\/www.sisinternational.com\/de\/veroffentlichungen\/kauferverhalten-nach-corona-neue-verbraucher\/\" title=\"K\u00e4uferverhalten nach Corona \u2013 Verbrauchermarktforschung\"  data-wpil-monitor-id=\"7966\">research helps us to understand consumer behavior<\/a> in the field of genetics. It also identifies who the customers are and their reasons for buying. Quantitative analysis, in contrast, gives us impartial data about customers\u2019 buying habits. With our strategy research, we help <a href=\"https:\/\/www.sisinternational.com\/de\/sachverstand\/branchen\/losungen-fur-die-marktforschung-im-gesundheitswesen\/\" title=\"Marktforschungsunternehmen f\u00fcr das Gesundheitswesen\"  data-wpil-monitor-id=\"7967\">firms and researchers<\/a> save money and ensure business success.<\/p>\n\n\n\n<p><\/p>","protected":false},"excerpt":{"rendered":"<p>Genetik-Marktforschung Was ist Genetik? Genetik ist ein Bereich der Biologie, der alle Lebensformen untersucht. Dazu geh\u00f6rt die DNA, wie Gene entstehen und wie Pflanzen und Tiere diese Gene erben. Sie untersucht, wie Organismen Gene und Merkmale von einer Generation an die n\u00e4chste weitergeben. Die von Genen getragenen Daten beeinflussen die Gesundheit und \u2026 <a title=\"Genetik-Marktforschung\" class=\"read-more\" href=\"https:\/\/www.sisinternational.com\/de\/losungen\/innovation\/genetik-marktforschung\/\" aria-label=\"Mehr Informationen \u00fcber Genetics Market Research\">Weiterlesen \u2026<\/a><\/p>","protected":false},"author":1,"featured_media":69918,"parent":14459,"menu_order":9,"comment_status":"closed","ping_status":"closed","template":"","meta":{"footnotes":""},"class_list":["post-39699","page","type-page","status-publish","has-post-thumbnail"],"_links":{"self":[{"href":"https:\/\/www.sisinternational.com\/de\/wp-json\/wp\/v2\/pages\/39699","targetHints":{"allow":["GET"]}}],"collection":[{"href":"https:\/\/www.sisinternational.com\/de\/wp-json\/wp\/v2\/pages"}],"about":[{"href":"https:\/\/www.sisinternational.com\/de\/wp-json\/wp\/v2\/types\/page"}],"author":[{"embeddable":true,"href":"https:\/\/www.sisinternational.com\/de\/wp-json\/wp\/v2\/users\/1"}],"replies":[{"embeddable":true,"href":"https:\/\/www.sisinternational.com\/de\/wp-json\/wp\/v2\/comments?post=39699"}],"version-history":[{"count":3,"href":"https:\/\/www.sisinternational.com\/de\/wp-json\/wp\/v2\/pages\/39699\/revisions"}],"predecessor-version":[{"id":81343,"href":"https:\/\/www.sisinternational.com\/de\/wp-json\/wp\/v2\/pages\/39699\/revisions\/81343"}],"up":[{"embeddable":true,"href":"https:\/\/www.sisinternational.com\/de\/wp-json\/wp\/v2\/pages\/14459"}],"wp:featuredmedia":[{"embeddable":true,"href":"https:\/\/www.sisinternational.com\/de\/wp-json\/wp\/v2\/media\/69918"}],"wp:attachment":[{"href":"https:\/\/www.sisinternational.com\/de\/wp-json\/wp\/v2\/media?parent=39699"}],"curies":[{"name":"wp","href":"https:\/\/api.w.org\/{rel}","templated":true}]}}