{"id":39697,"date":"2022-01-18T15:54:41","date_gmt":"2022-01-18T15:54:41","guid":{"rendered":"https:\/\/www.sisinternational.com\/?page_id=39697"},"modified":"2025-09-23T22:16:12","modified_gmt":"2025-09-24T02:16:12","slug":"marktforschung-fur-drittanbieterlogistik","status":"publish","type":"page","link":"https:\/\/www.sisinternational.com\/de\/sachverstand\/marktforschung-fur-drittanbieterlogistik\/","title":{"rendered":"Marktforschung f\u00fcr Drittanbieterlogistik"},"content":{"rendered":"<h1 class=\"wp-block-heading\">Marktforschung f\u00fcr Drittanbieterlogistik<\/h1>\n\n\n\n<figure class=\"gb-block-image gb-block-image-0bf0614a\"><img loading=\"lazy\" decoding=\"async\" width=\"1456\" height=\"816\" class=\"gb-image gb-image-0bf0614a\" src=\"https:\/\/www.sisinternational.com\/wp-content\/uploads\/2025\/08\/Logisticv-6.jpg\" srcset=\"https:\/\/www.sisinternational.com\/wp-content\/uploads\/2025\/08\/Logisticv-6.jpg 1456w, https:\/\/www.sisinternational.com\/wp-content\/uploads\/2025\/08\/Logisticv-6-300x168.jpg 300w, https:\/\/www.sisinternational.com\/wp-content\/uploads\/2025\/08\/Logisticv-6-1024x574.jpg 1024w, https:\/\/www.sisinternational.com\/wp-content\/uploads\/2025\/08\/Logisticv-6-768x430.jpg 768w, https:\/\/www.sisinternational.com\/wp-content\/uploads\/2025\/08\/Logisticv-6-18x10.jpg 18w\" sizes=\"auto, (max-width: 1456px) 100vw, 1456px\" alt=\"SIS International Marktforschung &amp; Strategie\"><\/figure>\n\n\n\n<hr class=\"wp-block-separator has-alpha-channel-opacity is-style-dots\"\/>\n\n\n\n<p><\/p>\n\n\n\n<h2 class=\"wp-block-heading\">Was ist Third-Party Logistics?<\/h2>\n\n\n\n<p>Third-Party Logistics (3PL) ist eine Methode, die Unternehmen in ihrem Versandprozess verwenden, um die Nachfrage der Verbraucher zu erf\u00fcllen. Dabei beauftragt das Unternehmen ein anderes Unternehmen mit dem Versand seiner Produkte an die Kunden. Third-Party Logistics kann au\u00dferdem einige oder alle Versandprozesse eines Unternehmens unterst\u00fctzen. Zu den von 3PL abgedeckten Dienstleistungen geh\u00f6ren:<\/p>\n\n\n\n<ul class=\"wp-block-list\">\n<li>Transport<\/li>\n\n\n\n<li>Lagerung<\/li>\n\n\n\n<li>Beschaffung<\/li>\n\n\n\n<li>Sendungsverfolgung<\/li>\n<\/ul>\n\n\n\n<p>Ein typischer Third-Party Logistics-Prozess umfasst die folgenden Schritte:<\/p>\n\n\n\n<ol class=\"wp-block-list\">\n<li>Der 3PL-Anbieter erh\u00e4lt die Waren von dem Unternehmen, das ihn beauftragt hat. Dieser Bestand geht in sein Lager. Ein Mitarbeiter k\u00fcmmert sich dort um den Versand.<\/li>\n\n\n\n<li>Der Kunde gibt eine Bestellung auf der E-Commerce-Website des Unternehmens auf. Das Unternehmen leitet diese Bestellung wiederum an seinen 3PL-Anbieter weiter. Dieser Prozess kann entweder automatisch oder manuell erfolgen.<\/li>\n\n\n\n<li>Ein Teammitglied im Lager erh\u00e4lt eine Liste zum Abholen der bestellten Artikel.<\/li>\n\n\n\n<li>Der Versandaufkleber wird vom Anbieter selbst gedruckt. Alternativ kann er auch einen seiner Versanddienstleister-Partner nutzen.<\/li>\n\n\n\n<li>Der Spediteur holt das Paket im 3PL-Center ab und liefert es dann an den Kunden.<\/li>\n\n\n\n<li>Der Spediteur platziert Tracking-Informationen im 3PL-System.<\/li>\n<\/ol>\n\n\n\n<h2 class=\"wp-block-heading\">Warum ist es wichtig?<\/h2>\n\n\n\n<p>Using Third-Party Logistics allows <a href=\"https:\/\/www.sisinternational.com\/de\/losungen\/verbrauchermarktforschung\/\" title=\"Consumer Market Research Services for Smarter Business Decisions\"  data-wpil-monitor-id=\"7981\">businesses to improve their services<\/a>. Furthermore, it helps them to be more efficient and productive. 3PL providers also provide extra expertise in some logistic areas. They are customer-focused and adapt to different consumer needs. Besides, a business can reduce the pressure of handling the details of delivering their goods. Using Third-Party Logistics also helps reduce the risk of losing customer products and decreases wait times. It makes customers happy because they can receive their orders much faster. 3PLs are also crucial because they can locate and fill the gaps in a business supply chain.<\/p>\n\n\n\n<h2 class=\"wp-block-heading\">Wichtige Berufsbezeichnungen<\/h2>\n\n\n\n<p>Die wichtigsten Berufsbezeichnungen f\u00fcr Mitarbeiter in der Third-Party Logistics lauten wie folgt:<\/p>\n\n\n\n<ul class=\"wp-block-list\">\n<li>3PL-Manager<\/li>\n\n\n\n<li>Gabelstaplerfahrer<\/li>\n\n\n\n<li>Logistikspezialist<\/li>\n\n\n\n<li>Betriebsleiter<\/li>\n\n\n\n<li>Logistikanalyst<\/li>\n<\/ul>\n\n\n\n<p>3PL-Mitarbeiter sind f\u00fcr den Versand-, Vertriebs- und Lagerbereich eines Unternehmens zust\u00e4ndig. Dies spiegelt sich auch in den Berufsbezeichnungen wider.<\/p>\n\n\n\n<h2 class=\"wp-block-heading\">Warum Unternehmen Marktforschung f\u00fcr Drittanbieterlogistik ben\u00f6tigen<\/h2>\n\n\n\n<p>As a business expands, its operations and consumer demand increase. Moreover, this increase can overwhelm some <a href=\"https:\/\/www.sisinternational.com\/de\/multikulturelle-werbedienstleistungen-fur-ein-bekanntes-eisenbahnunternehmen\/\" title=\"Multikulturelle Werbedienstleistungen f\u00fcr ein bekanntes Eisenbahnunternehmen\"  data-wpil-monitor-id=\"7982\">companies and result in slower service<\/a>. But, with 3PL, another agency makes product distribution easy.<\/p>\n\n\n\n<p>3PL-Anbieter erleichtern auch den \u00dcbergang zwischen Saisonzeiten und Branchenschwankungen. So verwalten sie Arbeitsabl\u00e4ufe w\u00e4hrend arbeitsintensiver Zeiten.<\/p>\n\n\n\n<p>3PL erm\u00f6glicht einem Unternehmen, Platz und Arbeitskr\u00e4fte basierend auf dem aktuellen Lagerbestand zu skalieren.<\/p>\n\n\n\n<h2 class=\"wp-block-heading\">Schl\u00fcsselfaktoren f\u00fcr den Erfolg<\/h2>\n\n\n\n<p>Der <a href=\"https:\/\/www.sisinternational.com\/de\/schlusselfaktoren-fur-den-erfolg-in-der-automobilmarktforschung\/\" title=\"Erfolgsfaktoren in der Automobilmarktforschung\"  data-wpil-monitor-id=\"7979\">key to success<\/a> lies within strategies used by Third-Party Logistics industry leaders. Some of these factors are as follows:<\/p>\n\n\n\n<ol class=\"wp-block-list\">\n<li>A 3PL <a href=\"https:\/\/www.sisinternational.com\/de\/analysis-b2b\/\" title=\"What Business Leaders Need to Know Right Now\"  data-wpil-monitor-id=\"7983\">business should know<\/a> who it is and what type of service it provides. It must also be aware of customers who seek the products.<\/li>\n\n\n\n<li>Der 3PL-Anbieter sollte in der Lage sein, sich schnell an Ver\u00e4nderungen anzupassen. Die Branche ver\u00e4ndert sich st\u00e4ndig. Daher ist Agilit\u00e4t f\u00fcr den Erfolg von entscheidender Bedeutung.<\/li>\n\n\n\n<li>Der 3PL-Anbieter sollte wissen, wie man Lagerpersonal besch\u00e4ftigt.<\/li>\n\n\n\n<li>Eine genaue Verfolgung der Lagerdaten ist von entscheidender Bedeutung.<\/li>\n\n\n\n<li>Aktualisieren Sie die 3PL-Technologie regelm\u00e4\u00dfig.<\/li>\n<\/ol>\n\n\n\n<h2 class=\"wp-block-heading\">\u00dcber Third-Party Logistics Market Research<\/h2>\n\n\n\n<p>All in all, it is always essential to <a href=\"https:\/\/www.sisinternational.com\/de\/how-to-conduct-effective-quantitative-market-research\/\" title=\"How to Conduct Effective Quantitative Market Research\"  data-wpil-monitor-id=\"7978\">conduct market research<\/a>. Quantitative, Qualitative, and Strategy Research are helpful for this purpose. Research methods may take the form of Interviews, Surveys, or Focus Groups. For 3PLs, a <a href=\"https:\/\/www.sisinternational.com\/de\/multiplattform-marketing-kampagnenstrategie-fur-eine-holdinggesellschaft-und-einen-unternehmenskonglomerat-aus-den-emiraten\/\" title=\"Multikulturelle Werbedienstleistungen f\u00fcr eine Holdinggesellschaft und einen Unternehmenskonglomerat aus den Emiraten\"  data-wpil-monitor-id=\"7984\">business can use the service<\/a> to analyze the effects on profits. It can also use 3PL to measure whether <a href=\"https:\/\/www.sisinternational.com\/de\/losungen\/geschmackstest\/verbraucherprodukttests-in-new-york\/\" title=\"Verbraucherprodukttests in New York\"  data-wpil-monitor-id=\"7980\">consumers are happy with a product<\/a>.<\/p>\n\n\n\n<p>Wenn Ihr Unternehmen materielle Produkte verkauft und das Wachstumspotenzial maximieren m\u00f6chte, sollten Sie 3PL in Betracht ziehen. Dieses System ist f\u00fcr solche Unternehmen von entscheidender Bedeutung, insbesondere in der \u00dcbergangszeit zwischen Hochsaisons.<\/p>\n\n\n\n<p><\/p>","protected":false},"excerpt":{"rendered":"<p>3PL ist eine Methode, die Unternehmen zum Versenden von Produkten an Kunden nutzen, indem sie ein anderes Unternehmen mit dem Versandprozess beauftragen.<\/p>","protected":false},"author":1,"featured_media":63705,"parent":14514,"menu_order":93,"comment_status":"closed","ping_status":"closed","template":"","meta":{"footnotes":""},"class_list":["post-39697","page","type-page","status-publish","has-post-thumbnail"],"_links":{"self":[{"href":"https:\/\/www.sisinternational.com\/de\/wp-json\/wp\/v2\/pages\/39697","targetHints":{"allow":["GET"]}}],"collection":[{"href":"https:\/\/www.sisinternational.com\/de\/wp-json\/wp\/v2\/pages"}],"about":[{"href":"https:\/\/www.sisinternational.com\/de\/wp-json\/wp\/v2\/types\/page"}],"author":[{"embeddable":true,"href":"https:\/\/www.sisinternational.com\/de\/wp-json\/wp\/v2\/users\/1"}],"replies":[{"embeddable":true,"href":"https:\/\/www.sisinternational.com\/de\/wp-json\/wp\/v2\/comments?post=39697"}],"version-history":[{"count":4,"href":"https:\/\/www.sisinternational.com\/de\/wp-json\/wp\/v2\/pages\/39697\/revisions"}],"predecessor-version":[{"id":81345,"href":"https:\/\/www.sisinternational.com\/de\/wp-json\/wp\/v2\/pages\/39697\/revisions\/81345"}],"up":[{"embeddable":true,"href":"https:\/\/www.sisinternational.com\/de\/wp-json\/wp\/v2\/pages\/14514"}],"wp:featuredmedia":[{"embeddable":true,"href":"https:\/\/www.sisinternational.com\/de\/wp-json\/wp\/v2\/media\/63705"}],"wp:attachment":[{"href":"https:\/\/www.sisinternational.com\/de\/wp-json\/wp\/v2\/media?parent=39697"}],"curies":[{"name":"wp","href":"https:\/\/api.w.org\/{rel}","templated":true}]}}