{"id":39690,"date":"2022-01-18T05:11:24","date_gmt":"2022-01-18T05:11:24","guid":{"rendered":"https:\/\/www.sisinternational.com\/?page_id=39690"},"modified":"2025-09-23T22:27:15","modified_gmt":"2025-09-24T02:27:15","slug":"deep-learning-marktforschung","status":"publish","type":"page","link":"https:\/\/www.sisinternational.com\/de\/losungen\/innovation\/deep-learning-marktforschung\/","title":{"rendered":"Deep Learning Marktforschung"},"content":{"rendered":"<h1 class=\"wp-block-heading\">Deep Learning Marktforschung<\/h1>\n\n\n\n<figure class=\"gb-block-image gb-block-image-e95e2686\"><img loading=\"lazy\" decoding=\"async\" width=\"1456\" height=\"816\" class=\"gb-image gb-image-e95e2686\" src=\"https:\/\/www.sisinternational.com\/wp-content\/uploads\/2025\/08\/Deep-learning-machine-learning-42.jpg\" alt=\"SIS International Marktforschung &amp; Strategie\" title=\"Deep learning machine learning (42)\" srcset=\"https:\/\/www.sisinternational.com\/wp-content\/uploads\/2025\/08\/Deep-learning-machine-learning-42.jpg 1456w, https:\/\/www.sisinternational.com\/wp-content\/uploads\/2025\/08\/Deep-learning-machine-learning-42-300x168.jpg 300w, https:\/\/www.sisinternational.com\/wp-content\/uploads\/2025\/08\/Deep-learning-machine-learning-42-1024x574.jpg 1024w, https:\/\/www.sisinternational.com\/wp-content\/uploads\/2025\/08\/Deep-learning-machine-learning-42-768x430.jpg 768w, https:\/\/www.sisinternational.com\/wp-content\/uploads\/2025\/08\/Deep-learning-machine-learning-42-18x10.jpg 18w\" sizes=\"auto, (max-width: 1456px) 100vw, 1456px\"><\/figure>\n\n\n\n<p><\/p>\n\n\n\n<h2 class=\"wp-block-heading\">Was ist Deep Learning?<\/h2>\n\n\n\n<p>Deep Learning ist Teil des maschinellen Lernens. Das Ziel von Deep Learning ist es, k\u00fcnstliche Intelligenz intelligenter zu machen. Dies geschieht, indem die Art und Weise nachgeahmt wird, wie das menschliche Gehirn lernt. Das menschliche Gehirn verf\u00fcgt \u00fcber neuronale Netzwerke, die uns helfen, die Informationen zu verarbeiten, die wir aus der Welt erhalten. Beim Deep Learning gibt es drei oder mehr Schichten k\u00fcnstlicher neuronaler Netzwerke. Die Schichten erm\u00f6glichen es dem Computer, mehr Daten zu verarbeiten. Der Computer verwendet die Daten, um aus Beispielen zu \u201elernen\u201c. Dadurch k\u00f6nnen sie bessere Vorhersagen treffen, was zu korrekteren Ergebnissen f\u00fchrt.<\/p>\n\n\n\n<h2 class=\"wp-block-heading\">Warum ist Deep Learning wichtig?<\/h2>\n\n\n\n<p>Computer tragen heute mehr Verantwortung als je zuvor. In Zukunft wird ihre Rolle in unserem Leben noch zunehmen. Wir vertrauen beispielsweise darauf, dass Maschinen Zeitpl\u00e4ne f\u00fcr uns erstellen. Und dass sie Banken vor Kreditkartenbetrug warnen. Unternehmen bauen sogar selbstfahrende Autos und bringen Maschinen bei, an Menschen zu operieren. Daher ist es wichtig, KIs zu haben, die aus fr\u00fcheren Interaktionen lernen k\u00f6nnen und weniger menschliches Eingreifen ben\u00f6tigen.<\/p>\n\n\n\n<h2 class=\"wp-block-heading\">Hier sind einige wichtige Jobs im Bereich Deep Learning<\/h2>\n\n\n\n<ul class=\"wp-block-list\">\n<li>Forschungsanalytiker<\/li>\n\n\n\n<li>Datenwissenschaftler<\/li>\n\n\n\n<li>Dateningenieur<\/li>\n\n\n\n<li>Angewandter Wissenschaftler<\/li>\n\n\n\n<li>Softwareentwickler<\/li>\n<\/ul>\n\n\n\n<h2 class=\"wp-block-heading\">Warum brauchen Unternehmen Deep Learning?<\/h2>\n\n\n\n<h3 class=\"wp-block-heading\">Sch\u00fctzt vor Betrug<\/h3>\n\n\n\n<p>Many businesses keep essential information <a href=\"https:\/\/www.sisinternational.com\/de\/sachverstand\/branchen\/unternehmen-fur-online-panel-marktforschung\/\" title=\"Online-Panel-Marktforschungsunternehmen\"  data-wpil-monitor-id=\"7937\">online since it protects company<\/a> and client information. But they are still open to cyber-attacks such as fraud. This fraud might cost the company money. It could also give the company a bad name and cause them to lose clients.<\/p>\n\n\n\n<p>Mit einer Deep-Learning-KI bemerkt der Computer ungew\u00f6hnliche Aktivit\u00e4ten. Nachdem die KI den Betrug erkannt hat, schl\u00e4gt sie m\u00f6glicherweise M\u00f6glichkeiten vor, um ihn in Zukunft zu verhindern.<\/p>\n\n\n\n<h3 class=\"wp-block-heading\">Liefert aktuelle Daten<\/h3>\n\n\n\n<p>Der <a href=\"https:\/\/www.sisinternational.com\/de\/losungen\/strategieberatung\/datenanalyse\/\" title=\"Datenanalyse-Unternehmen\"  data-wpil-monitor-id=\"7935\">data that can affect the company<\/a> is fluid. It changes often and fast. Keeping up with these changes helps <a href=\"https:\/\/www.sisinternational.com\/de\/weltweit-fuhrendes-unternehmen-fur-quantitative-marktforschung\/\" title=\"Weltweit f\u00fchrendes Unternehmen f\u00fcr quantitative Marktforschung\"  data-wpil-monitor-id=\"7932\">companies to compete in the global market<\/a>. But, it would be hard to do so without AI. Deep Learning takes data and turns it into useful information for the company. Thus, business owners will use the information to make choices. Of course, these choices should benefit the company.<\/p>\n\n\n\n<h2 class=\"wp-block-heading\">Schl\u00fcsselfaktoren f\u00fcr den Erfolg von Deep Learning<\/h2>\n\n\n\n<h3 class=\"wp-block-heading\">Viele Daten<\/h3>\n\n\n\n<p>Wenn ein Unternehmen eine KI f\u00fcr seine Website oder App verwenden m\u00f6chte, muss es die Maschine trainieren. Durch dieses \u201eTraining\u201c lernt sie, die Daten, die sie verarbeiten wird, wahrzunehmen und zu verstehen. Wenn sich das Unternehmen also f\u00fcr Deep Learning entscheidet, m\u00fcssen die Ingenieure eine gro\u00dfe Datenmenge verarbeiten.<\/p>\n\n\n\n<p>Dar\u00fcber hinaus ist das Ziel eine effiziente KI, die wie das menschliche Gehirn funktioniert. Daher muss die Maschine auch qualitativ hochwertige Daten erhalten, die sie annotieren muss. Der Annotationsprozess stellt sicher, dass die Daten f\u00fcr den Computer zug\u00e4nglich sind, um sie zu verstehen und zu verwenden.<\/p>\n\n\n\n<h3 class=\"wp-block-heading\">Arbeiten Sie mit dem Entwickler<\/h3>\n\n\n\n<p>Obwohl das Unternehmen keine KI entwickelt, wird es sie st\u00e4ndig nutzen. Daher sollte es mit dem Entwickler zusammenarbeiten. Wenn die Techniker alleine arbeiten, ist die KI m\u00f6glicherweise zu komplex. Aber wenn sie zusammenarbeiten, k\u00f6nnen sie entscheiden, welche Probleme ML l\u00f6sen wird. Diese Zusammenarbeit wird die Nutzung von KI in Zukunft einfacher machen.<\/p>\n\n\n\n<h3 class=\"wp-block-heading\">Sei geduldig<\/h3>\n\n\n\n<p>Eine KI zu bauen, die wie ein Gehirn funktioniert, ist nicht einfach. Es ist unwahrscheinlich, dass der Prozess beim ersten Mal perfekt ist. Unternehmen m\u00fcssen bedenken, dass es viele Faktoren zu ber\u00fccksichtigen gibt. Daher m\u00fcssen sie mit Versuch und Irrtum klarkommen. Es braucht Zeit, das richtige KI-System zu entwickeln.<\/p>\n\n\n\n<h3 class=\"wp-block-heading\">\u00dcber Deep Learning<\/h3>\n\n\n\n<p><a href=\"https:\/\/www.sisinternational.com\/de\/sachverstand\/branchen\/pop-up-fokusgruppen-marktforschungsunternehmen\/\" title=\"Pop Up Focus Group Marktforschungsunternehmen\"  data-wpil-monitor-id=\"7931\">Schwerpunktgruppen<\/a> and interviews will help the company decide why they need Deep Learning. <a href=\"https:\/\/www.sisinternational.com\/de\/losungen\/qualitative-quantitative-forschungslosungen\/umfrage-marktforschung\/\" title=\"Umfrage Marktforschung\"  data-wpil-monitor-id=\"7936\">Surveys are another way to do research<\/a>. The survey will inform consumers of Deep Learning. It will also get their views on this kind of Machine Learning.<\/p>\n\n\n\n<p>It is safe to say that Deep Learning is the future of business. But each company needs to do its homework before choosing to add it. That\u2019s why companies need to do <a href=\"https:\/\/www.sisinternational.com\/de\/losungen\/qualitative-quantitative-forschungslosungen\/qualitative-forschung-rekrutierung\/\" title=\"Qualitative Forschung Rekrutierung\"  data-wpil-monitor-id=\"7933\">Qualitative and Quantitative research<\/a>. Der <a href=\"https:\/\/www.sisinternational.com\/de\/sachverstand\/lebenslaufe\/markenforschung\/\" title=\"Markenforschungsunternehmen\"  data-wpil-monitor-id=\"7934\">research will inform the company<\/a> of the best data for machine training.<\/p>\n\n\n\n<p><\/p>","protected":false},"excerpt":{"rendered":"<p>Marktforschung zu Deep Learning Was ist Deep Learning? Deep Learning ist ein Teil des maschinellen Lernens. Das Ziel von Deep Learning ist es, k\u00fcnstliche Intelligenz intelligenter zu machen. Dies geschieht, indem die Art und Weise nachgeahmt wird, wie das menschliche Gehirn lernt. Das menschliche Gehirn verf\u00fcgt \u00fcber neuronale Netzwerke, die uns helfen, die Informationen zu verarbeiten, die wir aus der Welt erhalten. \u2026 <a title=\"Deep Learning Marktforschung\" class=\"read-more\" href=\"https:\/\/www.sisinternational.com\/de\/losungen\/innovation\/deep-learning-marktforschung\/\" aria-label=\"Weitere Informationen \u00fcber Deep Learning Market Research\">Weiterlesen \u2026<\/a><\/p>","protected":false},"author":1,"featured_media":64419,"parent":14459,"menu_order":7,"comment_status":"closed","ping_status":"closed","template":"","meta":{"footnotes":""},"class_list":["post-39690","page","type-page","status-publish","has-post-thumbnail"],"_links":{"self":[{"href":"https:\/\/www.sisinternational.com\/de\/wp-json\/wp\/v2\/pages\/39690","targetHints":{"allow":["GET"]}}],"collection":[{"href":"https:\/\/www.sisinternational.com\/de\/wp-json\/wp\/v2\/pages"}],"about":[{"href":"https:\/\/www.sisinternational.com\/de\/wp-json\/wp\/v2\/types\/page"}],"author":[{"embeddable":true,"href":"https:\/\/www.sisinternational.com\/de\/wp-json\/wp\/v2\/users\/1"}],"replies":[{"embeddable":true,"href":"https:\/\/www.sisinternational.com\/de\/wp-json\/wp\/v2\/comments?post=39690"}],"version-history":[{"count":3,"href":"https:\/\/www.sisinternational.com\/de\/wp-json\/wp\/v2\/pages\/39690\/revisions"}],"predecessor-version":[{"id":81339,"href":"https:\/\/www.sisinternational.com\/de\/wp-json\/wp\/v2\/pages\/39690\/revisions\/81339"}],"up":[{"embeddable":true,"href":"https:\/\/www.sisinternational.com\/de\/wp-json\/wp\/v2\/pages\/14459"}],"wp:featuredmedia":[{"embeddable":true,"href":"https:\/\/www.sisinternational.com\/de\/wp-json\/wp\/v2\/media\/64419"}],"wp:attachment":[{"href":"https:\/\/www.sisinternational.com\/de\/wp-json\/wp\/v2\/media?parent=39690"}],"curies":[{"name":"wp","href":"https:\/\/api.w.org\/{rel}","templated":true}]}}