{"id":39688,"date":"2022-01-18T04:55:48","date_gmt":"2022-01-18T04:55:48","guid":{"rendered":"https:\/\/www.sisinternational.com\/?page_id=39688"},"modified":"2026-03-12T11:41:05","modified_gmt":"2026-03-12T15:41:05","slug":"marktforschung-fur-industriepumpen","status":"publish","type":"page","link":"https:\/\/www.sisinternational.com\/de\/sachverstand\/industrielle-marktforschung\/marktforschung-fur-industriepumpen\/","title":{"rendered":"Marktforschung f\u00fcr Industriepumpen"},"content":{"rendered":"<h1 class=\"wp-block-heading\">Marktforschung f\u00fcr Industriepumpen<\/h1>\n\n\n\n<figure class=\"gb-block-image gb-block-image-e924b313\"><img loading=\"lazy\" decoding=\"async\" width=\"1456\" height=\"816\" class=\"gb-image gb-image-e924b313\" src=\"https:\/\/www.sisinternational.com\/wp-content\/uploads\/2025\/09\/Industrial-pump-3.jpg\" alt=\"SIS International Marktforschung &amp; Strategie\" title=\"Industrial pump (3)\" srcset=\"https:\/\/www.sisinternational.com\/wp-content\/uploads\/2025\/09\/Industrial-pump-3.jpg 1456w, https:\/\/www.sisinternational.com\/wp-content\/uploads\/2025\/09\/Industrial-pump-3-300x168.jpg 300w, https:\/\/www.sisinternational.com\/wp-content\/uploads\/2025\/09\/Industrial-pump-3-1024x574.jpg 1024w, https:\/\/www.sisinternational.com\/wp-content\/uploads\/2025\/09\/Industrial-pump-3-768x430.jpg 768w, https:\/\/www.sisinternational.com\/wp-content\/uploads\/2025\/09\/Industrial-pump-3-18x10.jpg 18w\" sizes=\"auto, (max-width: 1456px) 100vw, 1456px\"><\/figure>\n\n\n\n<p><\/p>\n\n\n\n<hr class=\"wp-block-separator has-alpha-channel-opacity is-style-dots\"\/>\n\n\n\n<div class=\"wp-block-columns has-global-color-9-color has-text-color has-background has-link-color wp-elements-144666793a0313a40d4cc4acf9ba1244 is-layout-flex wp-container-core-columns-is-layout-9d6595d7 wp-block-columns-is-layout-flex\" style=\"background-color:#f7f9fa6e\">\n<div class=\"wp-block-column is-layout-flow wp-block-column-is-layout-flow\" style=\"flex-basis:18%\"><\/div>\n\n\n\n<div class=\"wp-block-column is-vertically-aligned-center is-layout-flow wp-block-column-is-layout-flow\" style=\"flex-basis:71.28%\">\n<div class=\"wp-block-rank-math-toc-block aligncenter has-global-color-9-color has-text-color has-link-color wp-elements-c5f73956f2563da662c8ee1652636c99\" style=\"font-size:16px\" id=\"rank-math-toc\"><h2><br><strong>T<\/strong>able of Contents<\/h2><nav><ul><li class=\"\"><a href=\"#what-is-industrial-pump-market-research\">Was ist Marktforschung f\u00fcr Industriepumpen?<\/a><\/li><li class=\"\"><a href=\"#why-is-industrial-pump-market-research-important\">Warum ist die Marktforschung f\u00fcr Industriepumpen wichtig?<\/a><\/li><li class=\"\"><a href=\"#key-job-titles\">Wichtige Berufsbezeichnungen<\/a><\/li><li class=\"\"><a href=\"#why-businesses-need-industrial-pump-market-research\">Warum Unternehmen Marktforschung zu Industriepumpen ben\u00f6tigen<\/a><\/li><li class=\"\"><a href=\"#key-success-factors\">Schl\u00fcsselfaktoren f\u00fcr den Erfolg<\/a><\/li><li class=\"\"><a href=\"#about-industrial-pump-market-research\">\u00dcber die Marktforschung f\u00fcr Industriepumpen<\/a><\/li><\/ul><\/nav><\/div>\n<\/div>\n<\/div>\n\n\n\n<p><\/p>\n\n\n\n<h2 class=\"wp-block-heading\" id=\"what-is-industrial-pump-market-research\">Was ist Marktforschung f\u00fcr Industriepumpen?<\/h2>\n\n\n\n<p>Pumps are pieces of equipment used to move fluids and gases. And as such, a wide range of industries use them for many different tasks. For example, utility companies use them to pump water through filtration machines. Other companies use them to drive hydraulic machines like cranes and excavators. Also, HVAC providers use pumps in heating and ventilation systems. <\/p>\n\n\n\n<p>There is a large pool of industries. As a pump manufacturer, you can choose one in which to specialize. But understanding which field would be the most lucrative requires good information. And you can only get that good information from good market research.<\/p>\n\n\n\n<h2 class=\"wp-block-heading\" id=\"why-is-industrial-pump-market-research-important\">Warum ist die Marktforschung f\u00fcr Industriepumpen wichtig?<\/h2>\n\n\n\n<figure class=\"gb-block-image gb-block-image-49f2ff68\"><img loading=\"lazy\" decoding=\"async\" width=\"1456\" height=\"816\" class=\"gb-image gb-image-49f2ff68\" src=\"https:\/\/www.sisinternational.com\/wp-content\/uploads\/2025\/09\/Industrial-pump-5.jpg\" alt=\"SIS International Marktforschung &amp; Strategie\" title=\"Industrial pump (5)\" srcset=\"https:\/\/www.sisinternational.com\/wp-content\/uploads\/2025\/09\/Industrial-pump-5.jpg 1456w, https:\/\/www.sisinternational.com\/wp-content\/uploads\/2025\/09\/Industrial-pump-5-300x168.jpg 300w, https:\/\/www.sisinternational.com\/wp-content\/uploads\/2025\/09\/Industrial-pump-5-1024x574.jpg 1024w, https:\/\/www.sisinternational.com\/wp-content\/uploads\/2025\/09\/Industrial-pump-5-768x430.jpg 768w, https:\/\/www.sisinternational.com\/wp-content\/uploads\/2025\/09\/Industrial-pump-5-18x10.jpg 18w\" sizes=\"auto, (max-width: 1456px) 100vw, 1456px\"><\/figure>\n\n\n\n<p><\/p>\n\n\n\n<p>With the wide range of pump types, it can be hard to navigate. From the cost of materials to the design of the pump itself, the whole process can be confusing. Thus, you need good data to find what works and what doesn\u2019t. It is essential to understand what exactly your customers want. <\/p>\n\n\n\n<p>Technological advances are coming out every day. So, It would be necessary to recognize them. It\u2019s also essential for your business to take advantage of them. It can spell success (or failure) for your company.<\/p>\n\n\n\n<h2 class=\"wp-block-heading\" id=\"key-job-titles\">Wichtige Berufsbezeichnungen<\/h2>\n\n\n\n<p>Zu den bemerkenswerten Berufen z\u00e4hlen:<\/p>\n\n\n\n<ul class=\"wp-block-list\">\n<li>Marktforschungsanalysten<\/li>\n\n\n\n<li>Verbraucheranalysten<\/li>\n\n\n\n<li>Datenanalysten<\/li>\n\n\n\n<li>Produktanalyst<\/li>\n\n\n\n<li>Maschinenbauingenieur<\/li>\n<\/ul>\n\n\n\n<p><\/p>\n\n\n\n<h2 class=\"wp-block-heading\" id=\"why-businesses-need-industrial-pump-market-research\">Warum Unternehmen Marktforschung zu Industriepumpen ben\u00f6tigen<\/h2>\n\n\n\n<p>Industrial Pump businesses need clear direction on how they operate. It helps them to be efficient with their time, effort, and resources. Good management of this enables them to cut costs and increase profits. That\u2019s why market research is vital. The expert data and insights gained can give a business the most precise idea of what the customers want. <\/p>\n\n\n\n<p>Then, a company can make plans with its manufacturers and suppliers. It\u2019s the best way to create the optimal design for them. One that creates the most consumer attention while reducing unnecessary costs. In the end, a company should be working with its consumer base and not against them. Maintaining goodwill between a company and its customers is key to success.<\/p>\n\n\n\n<h2 class=\"wp-block-heading\" id=\"key-success-factors\">Schl\u00fcsselfaktoren f\u00fcr den Erfolg<\/h2>\n\n\n\n<h3 class=\"wp-block-heading\">Einige Hinweise:<\/h3>\n\n\n\n<figure class=\"gb-block-image gb-block-image-8c2fb03b\"><img loading=\"lazy\" decoding=\"async\" width=\"1456\" height=\"816\" class=\"gb-image gb-image-8c2fb03b\" src=\"https:\/\/www.sisinternational.com\/wp-content\/uploads\/2025\/09\/Industrial-pump-6.jpg\" alt=\"SIS International Marktforschung &amp; Strategie\" title=\"Industrial pump (6)\" srcset=\"https:\/\/www.sisinternational.com\/wp-content\/uploads\/2025\/09\/Industrial-pump-6.jpg 1456w, https:\/\/www.sisinternational.com\/wp-content\/uploads\/2025\/09\/Industrial-pump-6-300x168.jpg 300w, https:\/\/www.sisinternational.com\/wp-content\/uploads\/2025\/09\/Industrial-pump-6-1024x574.jpg 1024w, https:\/\/www.sisinternational.com\/wp-content\/uploads\/2025\/09\/Industrial-pump-6-768x430.jpg 768w, https:\/\/www.sisinternational.com\/wp-content\/uploads\/2025\/09\/Industrial-pump-6-18x10.jpg 18w\" sizes=\"auto, (max-width: 1456px) 100vw, 1456px\"><\/figure>\n\n\n\n<p><\/p>\n\n\n\n<p><strong>Nutzen Sie viele Methoden f\u00fcr Ihre Forschung<\/strong>. One general technique can\u2019t cover everything. You\u2019ll need a range of research methods to get a more comprehensive view of the data. As a result, you get better insights. And you use these insights to win the game. <\/p>\n\n\n\n<p><strong>Verwenden Sie Algorithmen in Ihrer Analyse<\/strong>. Auch wenn die menschliche Note immer wichtig ist, w\u00e4re es Verschwendung, die neuen Tools, die Ihnen zur Verf\u00fcgung stehen, nicht zu nutzen. Mit Algorithmen k\u00f6nnen Sie Tausende von Datens\u00e4tzen durchforsten. F\u00fcr diese Methode w\u00fcrden Menschen Monate brauchen. Ein Algorithmus hingegen schafft das in wenigen Wochen. Und dieser Zeitunterschied kann Ihnen einen meilenweiten Vorsprung vor Ihren Mitbewerbern in Ihrer Branche verschaffen.<\/p>\n\n\n\n<p><strong>Nutzen Sie andere Marktforschungsstudien und lernen Sie daraus<\/strong>. Many <a href=\"https:\/\/www.sisinternational.com\/de\/sachverstand\/branchen\/marktforschung-in-der-fotoindustrie\/\" title=\"Marktforschung f\u00fcr die Fotoindustrie\"  data-wpil-monitor-id=\"3205\">industrial pumps businesses use market research<\/a> to help fine-tune their operations. Some of this information is available and accessible online. So, they are great case studies to see how specific tactics and strategies work in practice. In other words, you can also see for yourself which parts and designs gain the most traction.<\/p>\n\n\n\n<p><\/p>\n\n\n\n<!DOCTYPE html>\n<html lang=\"en\">\n<head>\n    <meta charset=\"UTF-8\">\n    <meta name=\"viewport\" content=\"width=device-width, initial-scale=1.0\">\n    <title>AI Blog Banner<\/title>\n    <style>\n        * {\n            margin: 0;\n            padding: 0;\n            box-sizing: border-box;\n        }\n\n        .banner {\n            position: relative;\n            width: 100%;\n            height: 350px;\n            overflow: hidden;\n            display: flex;\n            align-items: center;\n            justify-content: center;\n            font-family: 'Arial', sans-serif;\n            border-radius: 25px;\n        }\n\n        .animated-background {\n            position: absolute;\n            top: 0;\n            left: 0;\n            width: 100%;\n            height: 100%;\n            background: linear-gradient(45deg, #003f6b, #2d5a7b, #003f6b, #2d5a7b);\n            background-size: 400% 400%;\n            animation: gradientMove 8s ease-in-out infinite;\n        }\n\n        .ai-pattern {\n            position: absolute;\n            top: 0;\n            left: 0;\n            width: 100%;\n            height: 100%;\n            opacity: 0.1;\n            background-image: \n                radial-gradient(circle at 20% 20%, rgba(255,255,255,0.3) 2px, transparent 2px),\n                radial-gradient(circle at 80% 80%, rgba(255,255,255,0.2) 1px, transparent 1px),\n                radial-gradient(circle at 40% 60%, rgba(255,255,255,0.15) 1.5px, transparent 1.5px),\n                radial-gradient(circle at 60% 20%, rgba(255,255,255,0.25) 1px, transparent 1px),\n                radial-gradient(circle at 80% 40%, rgba(255,255,255,0.2) 2px, transparent 2px);\n            background-size: 100px 100px, 150px 150px, 80px 80px, 120px 120px, 90px 90px;\n            animation: patternFloat 12s linear infinite;\n        }\n\n        .neural-network {\n            position: absolute;\n            top: 0;\n            left: 0;\n            width: 100%;\n            height: 100%;\n            opacity: 0.08;\n        }\n\n        .neural-line {\n            position: absolute;\n            height: 1px;\n            background: linear-gradient(90deg, transparent, rgba(255,255,255,0.5), transparent);\n            animation: neuralPulse 6s ease-in-out infinite;\n        }\n\n        .neural-line:nth-child(1) {\n            top: 30%;\n            left: 0;\n            width: 60%;\n            animation-delay: 0s;\n        }\n\n        .neural-line:nth-child(2) {\n            top: 50%;\n            right: 0;\n            width: 70%;\n            animation-delay: 2s;\n        }\n\n        .neural-line:nth-child(3) {\n            top: 70%;\n            left: 20%;\n            width: 50%;\n            animation-delay: 4s;\n        }\n\n        .content {\n            position: relative;\n            z-index: 10;\n            text-align: center;\n            color: white !important;\n            max-width: 800px;\n            padding: 30px;\n        }\n\n        .content * {\n            color: white !important;\n        }\n\n        .cta-text {\n            font-size: 1.9rem;\n            font-weight: 700;\n            margin-bottom: 15px;\n            color: white !important;\n            background: linear-gradient(90deg, rgba(255,255,255,0.6), rgba(255,255,255,1), rgba(230,230,230,1), rgba(255,255,255,1), rgba(240,240,240,0.8), rgba(255,255,255,0.6));\n            background-size: 200% 100%;\n            -webkit-background-clip: text;\n            -webkit-text-fill-color: transparent;\n            background-clip: text;\n            animation: shineEffect 10s ease-in-out infinite;\n            line-height: 1.3;\n        }\n\n        .cta-subheading {\n            font-size: 1rem;\n            font-weight: 400;\n            margin-bottom: 25px;\n            color: white !important;\n            line-height: 1.6;\n            opacity: 0.95;\n        }\n\n        .cta-button {\n            background: linear-gradient(135deg, #8a6b0f, #bd9013, #d4a519);\n            border: 2px solid #8a6b0f;\n            color: white !important;\n            padding: 18px 40px;\n            font-size: 1.2rem;\n            font-weight: 600;\n            border-radius: 50px;\n            cursor: pointer;\n            transition: all 0.3s ease;\n            text-decoration: none;\n            display: inline-block;\n            position: relative;\n            overflow: hidden;\n        }\n\n        .cta-button::before {\n            content: '';\n            position: absolute;\n            top: 0;\n            left: -100%;\n            width: 100%;\n            height: 100%;\n            background: linear-gradient(90deg, \n                transparent 0%, \n                rgba(255, 255, 255, 0.3) 25%,\n                rgba(255, 255, 255, 0.6) 50%,\n                rgba(255, 255, 255, 0.3) 75%,\n                transparent 100%);\n            animation: shine 3s ease-in-out infinite;\n        }\n\n        .cta-button:hover {\n            transform: translateY(-3px);\n            box-shadow: 0 10px 25px rgba(0,0,0,0.2);\n            border-color: #bd9013;\n            background: linear-gradient(135deg, #bd9013, #d4a519, #e6b61f);\n        }\n\n        .floating-elements {\n            position: absolute;\n            top: 0;\n            left: 0;\n            width: 100%;\n            height: 100%;\n            pointer-events: none;\n        }\n\n        .floating-circle {\n            position: absolute;\n            border-radius: 50%;\n            background: rgba(255,255,255,0.1);\n            animation: float 8s ease-in-out infinite;\n        }\n\n        .floating-circle:nth-child(1) {\n            width: 80px;\n            height: 80px;\n            top: 20%;\n            left: 10%;\n            animation-delay: 0s;\n        }\n\n        .floating-circle:nth-child(2) {\n            width: 60px;\n            height: 60px;\n            top: 60%;\n            right: 15%;\n            animation-delay: 3s;\n        }\n\n        .floating-circle:nth-child(3) {\n            width: 40px;\n            height: 40px;\n            top: 80%;\n            left: 80%;\n            animation-delay: 6s;\n        }\n\n        .floating-circle:nth-child(4) {\n            width: 70px;\n            height: 70px;\n            top: 10%;\n            right: 20%;\n            animation-delay: 1.5s;\n        }\n\n        .floating-circle:nth-child(5) {\n            width: 50px;\n            height: 50px;\n            top: 75%;\n            left: 30%;\n            animation-delay: 4.5s;\n        }\n\n        @keyframes gradientMove {\n            0% { background-position: 0% 50%; }\n            25% { background-position: 100% 50%; }\n            50% { background-position: 100% 100%; }\n            75% { background-position: 0% 100%; }\n            100% { background-position: 0% 50%; }\n        }\n\n        @keyframes patternFloat {\n            0% { transform: translateX(0) translateY(0); }\n            33% { transform: translateX(30px) translateY(-20px); }\n            66% { transform: translateX(-20px) translateY(10px); }\n            100% { transform: translateX(0) translateY(0); }\n        }\n\n        @keyframes neuralPulse {\n            0%, 100% { opacity: 0.08; }\n            50% { opacity: 0.2; }\n        }\n\n        @keyframes shineEffect {\n            0% { background-position: 200% 0; }\n            100% { background-position: -200% 0; }\n        }\n\n        @keyframes shine {\n            0% {\n                left: -100%;\n            }\n            20%, 100% {\n                left: 100%;\n            }\n        }\n\n        @keyframes float {\n            0%, 100% { transform: translateY(0px) rotate(0deg); }\n            33% { transform: translateY(-30px) rotate(120deg); }\n            66% { transform: translateY(15px) rotate(240deg); }\n        }\n\n        @media (max-width: 768px) {\n            .banner {\n                height: 320px;\n                padding: 30px 0;\n            }\n            \n            .content {\n                padding: 40px 20px;\n            }\n            \n            .cta-text {\n                font-size: 1.3rem;\n                margin-bottom: 12px;\n            }\n            \n            .cta-subheading {\n                font-size: 0.85rem;\n                margin-bottom: 20px;\n            }\n            \n            .cta-button {\n                padding: 14px 28px;\n                font-size: 0.95rem;\n            }\n        }\n    <\/style>\n<\/head>\n<body>\n    <div class=\"banner\">\n        <div class=\"animated-background\"><\/div>\n        \n        <div class=\"ai-pattern\"><\/div>\n        \n        <div class=\"neural-network\">\n            <div class=\"neural-line\"><\/div>\n            <div class=\"neural-line\"><\/div>\n            <div class=\"neural-line\"><\/div>\n        <\/div>\n        \n        <div class=\"floating-elements\">\n            <div class=\"floating-circle\"><\/div>\n            <div class=\"floating-circle\"><\/div>\n            <div class=\"floating-circle\"><\/div>\n            <div class=\"floating-circle\"><\/div>\n            <div class=\"floating-circle\"><\/div>\n        <\/div>\n        \n        <div class=\"content\">\n            <div class=\"cta-text\">Ready to explore the insights that drive smarter decisions?<\/div>\n            <div class=\"cta-subheading\">Contact our Research experts today.<\/div>\n            <a href=\"mailto:Research@sisinternational.com\" class=\"cta-button\">Contact us now!<\/a>\n        <\/div>\n    <\/div>\n<\/body>\n<\/html>\n\n\n\n<p><\/p>\n\n\n\n<h2 class=\"wp-block-heading\" id=\"about-industrial-pump-market-research\">\u00dcber die Marktforschung f\u00fcr Industriepumpen<\/h2>\n\n\n\n<p>It\u2019s essential to understand which products your consumers demand. Thus, it\u2019s necessary to use qualitative research. Quantitative research will also help you obtain precise, valuable figures. It\u2019s also to good increase your data set. You can do so by incorporating focus groups, surveys, and interviews into your process. These can help fill in the blanks and provide better \u201cinsights.\u201d<\/p>\n\n\n<h2>Unser Standort in New York<\/h2>\n<p><!-- \/wp:post-content --> <!-- wp:html --> <iframe loading=\"lazy\" src=\"https:\/\/www.google.com\/maps\/embed?pb=!1m18!1m12!1m3!1d3022.976188376966!2d-73.99130312499956!3d40.740549471389315!2m3!1f0!2f0!3f0!3m2!1i1024!2i768!4f13.1!3m3!1m2!1s0x89c259a15798c731%3A0xd695d09bdd495f25!2s11%20E%2022nd%20St%20FL%202%2C%20New%20York%2C%20NY%2010010%2C%20USA!5e0!3m2!1sen!2spe!4v1726171763526!5m2!1sen!2spe\" width=\"600\" height=\"450\" allowfullscreen=\"allowfullscreen\" data-mce-fragment=\"1\"><\/iframe> <!-- \/wp:html --> <!-- wp:paragraph --><\/p>\n<h3 class=\"wp-block-heading\">11 E 22nd Street, Floor 2, New York, NY 10010 T: +1(212) 505-6805<\/h3>\n<hr \/>\n<h2><span style=\"font-weight: 400;\">\u00dcber SIS International<\/span><\/h2>\n<p><a href=\"https:\/\/www.sisinternational.com\/de\/\"><span style=\"font-weight: 400;\">SIS International<\/span><\/a><span style=\"font-weight: 400;\"> bietet quantitative, qualitative und strategische Forschung an. Wir liefern Daten, Tools, Strategien, Berichte und Erkenntnisse zur Entscheidungsfindung. Wir f\u00fchren auch Interviews, Umfragen, Fokusgruppen und andere Methoden und Ans\u00e4tze der Marktforschung durch.<\/span><a href=\"https:\/\/www.sisinternational.com\/de\/uber-sis-international-research\/contact-sis-international-market-research\/\"><span style=\"font-weight: 400;\"> Kontakt<\/span><\/a><span style=\"font-weight: 400;\"> f\u00fcr Ihr n\u00e4chstes Marktforschungsprojekt.<\/span><\/p>\n<\/p>\n<p><!-- wp:heading --><\/p>\n<p><!-- \/wp:heading --><\/p>","protected":false},"excerpt":{"rendered":"<p>Die Marktforschung f\u00fcr Industriepumpen hilft solchen Unternehmen durch die Gewinnung von Kundeneinblicken dabei, effizienter zu arbeiten, Kosten zu senken und ihre Gewinne zu steigern.<\/p>","protected":false},"author":1,"featured_media":69959,"parent":14181,"menu_order":92,"comment_status":"closed","ping_status":"closed","template":"","meta":{"footnotes":""},"class_list":["post-39688","page","type-page","status-publish","has-post-thumbnail"],"_links":{"self":[{"href":"https:\/\/www.sisinternational.com\/de\/wp-json\/wp\/v2\/pages\/39688","targetHints":{"allow":["GET"]}}],"collection":[{"href":"https:\/\/www.sisinternational.com\/de\/wp-json\/wp\/v2\/pages"}],"about":[{"href":"https:\/\/www.sisinternational.com\/de\/wp-json\/wp\/v2\/types\/page"}],"author":[{"embeddable":true,"href":"https:\/\/www.sisinternational.com\/de\/wp-json\/wp\/v2\/users\/1"}],"replies":[{"embeddable":true,"href":"https:\/\/www.sisinternational.com\/de\/wp-json\/wp\/v2\/comments?post=39688"}],"version-history":[{"count":13,"href":"https:\/\/www.sisinternational.com\/de\/wp-json\/wp\/v2\/pages\/39688\/revisions"}],"predecessor-version":[{"id":77492,"href":"https:\/\/www.sisinternational.com\/de\/wp-json\/wp\/v2\/pages\/39688\/revisions\/77492"}],"up":[{"embeddable":true,"href":"https:\/\/www.sisinternational.com\/de\/wp-json\/wp\/v2\/pages\/14181"}],"wp:featuredmedia":[{"embeddable":true,"href":"https:\/\/www.sisinternational.com\/de\/wp-json\/wp\/v2\/media\/69959"}],"wp:attachment":[{"href":"https:\/\/www.sisinternational.com\/de\/wp-json\/wp\/v2\/media?parent=39688"}],"curies":[{"name":"wp","href":"https:\/\/api.w.org\/{rel}","templated":true}]}}