{"id":39686,"date":"2022-01-18T04:47:09","date_gmt":"2022-01-18T04:47:09","guid":{"rendered":"https:\/\/www.sisinternational.com\/?page_id=39686"},"modified":"2025-09-23T22:36:54","modified_gmt":"2025-09-24T02:36:54","slug":"metaverse-marktforschung","status":"publish","type":"page","link":"https:\/\/www.sisinternational.com\/de\/sachverstand\/metaverse-marktforschung\/","title":{"rendered":"Metaverse-Marktforschung"},"content":{"rendered":"<h1 class=\"wp-block-heading\">Metaverse-Marktforschung<\/h1>\n\n\n\n<figure class=\"gb-block-image gb-block-image-35aa4790\"><img loading=\"lazy\" decoding=\"async\" width=\"1456\" height=\"816\" class=\"gb-image gb-image-35aa4790\" src=\"https:\/\/www.sisinternational.com\/wp-content\/uploads\/2025\/08\/Virtual-reality-metaverse-17.jpg\" alt=\"SIS International Marktforschung &amp; Strategie\" title=\"Virtual reality metaverse (17)\" srcset=\"https:\/\/www.sisinternational.com\/wp-content\/uploads\/2025\/08\/Virtual-reality-metaverse-17.jpg 1456w, https:\/\/www.sisinternational.com\/wp-content\/uploads\/2025\/08\/Virtual-reality-metaverse-17-300x168.jpg 300w, https:\/\/www.sisinternational.com\/wp-content\/uploads\/2025\/08\/Virtual-reality-metaverse-17-1024x574.jpg 1024w, https:\/\/www.sisinternational.com\/wp-content\/uploads\/2025\/08\/Virtual-reality-metaverse-17-768x430.jpg 768w, https:\/\/www.sisinternational.com\/wp-content\/uploads\/2025\/08\/Virtual-reality-metaverse-17-18x10.jpg 18w\" sizes=\"auto, (max-width: 1456px) 100vw, 1456px\"><\/figure>\n\n\n\n<p><\/p>\n\n\n\n<h2 class=\"wp-block-heading\">Was ist das Metaverse?<\/h2>\n\n\n\n<p>Das Metaverse wird eine digitale Welt sein, die auf der physischen Welt basiert. Es wird also eine alternative Form der Realit\u00e4t sein. Es ist eine Mischung aus virtueller Realit\u00e4t (VR) und erweiterter Realit\u00e4t (AR). Ein weiteres Merkmal ist, dass Benutzer mithilfe digitaler Technologie mit ihrer Umgebung und anderen Menschen interagieren k\u00f6nnen. Das Metaverse wird eine neue Erfahrung f\u00fcr Menschen schaffen. Viele haben den Begriff \u201eMetaverse\u201c vielleicht geh\u00f6rt, nachdem Facebook an die B\u00f6rse gegangen war und sagte, es w\u00fcrde versuchen, es weiterzuentwickeln. Das Metaverse-Konzept existierte jedoch schon lange vorher in B\u00fcchern und Filmen, und man kann es sich als ein fortgeschritteneres Virtual-Reality-Spiel vorstellen. Das Metaverse wird viele Online-Funktionen und -Dienste kombinieren. Beispielsweise wird es Online-Shopping, Zahlungen, Meetings und Gaming zusammenbringen. Es wird ein Rundum-Erlebnis sein.<\/p>\n\n\n\n<h2 class=\"wp-block-heading\">Warum ist das Metaverse wichtig?<\/h2>\n\n\n\n<p>The Metaverse is the direction that tech is heading. So, like it or not, it will soon be a part of our lives. Furthermore, many <a href=\"https:\/\/www.sisinternational.com\/de\/losungen\/geschmackstest\/product-testing-for-companies\/\" title=\"Product Testing for Companies\"  data-wpil-monitor-id=\"8413\">companies have been going into creating products<\/a> and services for Metaverse use. Other companies have been trying out the benefits that the Metaverse will offer. For instance, one business entity was able to host a virtual gallery and art show. The Metaverse will change how we conduct business and even our everyday lives. Above all, it will create easy ways to connect, socialize and work. Knowing what it is and how to stay ahead of the game is essential in business.<\/p>\n\n\n\n<h2 class=\"wp-block-heading\">Wichtige Berufsbezeichnungen<\/h2>\n\n\n\n<p>Aufgrund der enormen Gr\u00f6\u00dfe des Metaverse wird es eine gro\u00dfe Bandbreite an Arbeitspl\u00e4tzen geben, die sich darauf beziehen. Es werden also Stellen geschaffen, die mit seiner Schaffung, den von ihm angebotenen Dienstleistungen und Freizeitaktivit\u00e4ten zu tun haben. Die Bandbreite dieser Berufsbezeichnungen und Funktionen kann derzeit nur unserer Vorstellungskraft entstammen. Daher werden diese neuen Arbeitspl\u00e4tze verschiedene Bereiche umfassen, darunter IT, Wirtschaft und Marketing.<\/p>\n\n\n\n<h2 class=\"wp-block-heading\">Berufsbezeichnungen:<\/h2>\n\n\n\n<ul class=\"wp-block-list\">\n<li>Softwareentwickler<\/li>\n\n\n\n<li>Marketing Manager<\/li>\n\n\n\n<li>Verm\u00f6gensberater<\/li>\n\n\n\n<li>Rechtsanwalt<\/li>\n\n\n\n<li>Spieledesigner<\/li>\n\n\n\n<li>Videofilmer<\/li>\n\n\n\n<li>Hersteller<\/li>\n\n\n\n<li>Datenproduzent<\/li>\n\n\n\n<li>K\u00fcnstlerCharacter Designer<\/li>\n\n\n\n<li>Motion-Capture-Ersteller<\/li>\n\n\n\n<li>Geotagger<\/li>\n\n\n\n<li>R\u00e4umlicher Mapper<\/li>\n<\/ul>\n\n\n\n<h2 class=\"wp-block-heading\">Warum Unternehmen das Metaverse brauchen<\/h2>\n\n\n\n<p>The Metaverse will help companies step up their game, allow them to market to a broader audience, and increase innovation. Moreover, it will revamp <a href=\"https:\/\/www.sisinternational.com\/de\/losungen\/geschmackstest\/produkttestdienste-in-new-york\/\" title=\"Produkttestdienste in New York\"  data-wpil-monitor-id=\"8414\">products and services<\/a>. It will also make business systems and customer relations work better. Businesses will have the chance to thrive in unique ways. The Metaverse will bring about a lot of notable changes. The companies that adopt it early will benefit most. Businesses need the Metaverse to push a new era and new opportunities.<\/p>\n\n\n\n<h2 class=\"wp-block-heading\">Schl\u00fcsselfaktoren f\u00fcr den Erfolg<\/h2>\n\n\n\n<p>For companies to be successful in the Metaverse, they have to think ahead. Hence creative thinking is essential to take advantage of opportunities. Companies have also to be willing to adapt. Staying hooked on old <a href=\"https:\/\/www.sisinternational.com\/de\/veroffentlichungen\/skalierbare-geschaftsmarktforschung-7-moglichkeiten-zum-aufbau-eines-skalierbaren-geschafts\/\" title=\"Marktforschung f\u00fcr skalierbare Unternehmen: 7 M\u00f6glichkeiten zum Aufbau eines skalierbaren Unternehmens\"  data-wpil-monitor-id=\"8412\">ways will blind businesses<\/a> from jumping on lucrative trends. The new marketing tactics the Metaverse will afford will also be essential. The virtual reality world will provide many options to get products to new audiences. As a result, using them will skyrocket popularity and, if done well, profits.<\/p>\n\n\n\n<h2 class=\"wp-block-heading\">\u00dcber das Metaverse<\/h2>\n\n\n\n<p>Das Metaverse steckt voller Potenzial und wird eine neue Lebensweise erm\u00f6glichen. In gesch\u00e4ftlicher Hinsicht gibt es viel, worauf man sich freuen kann. Die Entwickler arbeiten noch daran. Dieses riesige Konzept wird viel Arbeit erfordern, um in Gang zu kommen. Quantitative, qualitative und strategische Forschung ist ein gro\u00dfer Teil dieser Arbeit. Diese Methoden erm\u00f6glichen eine eingehende Analyse, damit ein so gro\u00dfes Unternehmen gut starten kann. Solche Forschung wird h\u00f6chstwahrscheinlich in Form von Interviews, Fokusgruppen und Umfragen erfolgen.<\/p>\n\n\n\n<p><\/p>","protected":false},"excerpt":{"rendered":"<p>Das Metaverse ist eine digitale Welt, die auf der physischen Welt basiert. Es ist eine Mischung aus virtueller Realit\u00e4t (VR) und erweiterter Realit\u00e4t (AR).<\/p>","protected":false},"author":1,"featured_media":64018,"parent":14514,"menu_order":91,"comment_status":"closed","ping_status":"closed","template":"","meta":{"footnotes":""},"class_list":["post-39686","page","type-page","status-publish","has-post-thumbnail"],"_links":{"self":[{"href":"https:\/\/www.sisinternational.com\/de\/wp-json\/wp\/v2\/pages\/39686","targetHints":{"allow":["GET"]}}],"collection":[{"href":"https:\/\/www.sisinternational.com\/de\/wp-json\/wp\/v2\/pages"}],"about":[{"href":"https:\/\/www.sisinternational.com\/de\/wp-json\/wp\/v2\/types\/page"}],"author":[{"embeddable":true,"href":"https:\/\/www.sisinternational.com\/de\/wp-json\/wp\/v2\/users\/1"}],"replies":[{"embeddable":true,"href":"https:\/\/www.sisinternational.com\/de\/wp-json\/wp\/v2\/comments?post=39686"}],"version-history":[{"count":4,"href":"https:\/\/www.sisinternational.com\/de\/wp-json\/wp\/v2\/pages\/39686\/revisions"}],"predecessor-version":[{"id":81411,"href":"https:\/\/www.sisinternational.com\/de\/wp-json\/wp\/v2\/pages\/39686\/revisions\/81411"}],"up":[{"embeddable":true,"href":"https:\/\/www.sisinternational.com\/de\/wp-json\/wp\/v2\/pages\/14514"}],"wp:featuredmedia":[{"embeddable":true,"href":"https:\/\/www.sisinternational.com\/de\/wp-json\/wp\/v2\/media\/64018"}],"wp:attachment":[{"href":"https:\/\/www.sisinternational.com\/de\/wp-json\/wp\/v2\/media?parent=39686"}],"curies":[{"name":"wp","href":"https:\/\/api.w.org\/{rel}","templated":true}]}}