{"id":39684,"date":"2022-01-18T04:33:24","date_gmt":"2022-01-18T04:33:24","guid":{"rendered":"https:\/\/www.sisinternational.com\/?page_id=39684"},"modified":"2026-01-25T16:48:55","modified_gmt":"2026-01-25T21:48:55","slug":"rasenmarktforschung","status":"publish","type":"page","link":"https:\/\/www.sisinternational.com\/de\/losungen\/qualitative-quantitative-forschungslosungen\/rasenmarktforschung\/","title":{"rendered":"TURF Marktforschung"},"content":{"rendered":"<h1 class=\"wp-block-heading\">TURF Marktforschung<\/h1>\n\n\n\n<figure class=\"gb-block-image gb-block-image-92f58603\"><img loading=\"lazy\" decoding=\"async\" width=\"1456\" height=\"816\" class=\"gb-image gb-image-92f58603\" src=\"https:\/\/www.sisinternational.com\/wp-content\/uploads\/2025\/09\/Research-18.jpg\" srcset=\"https:\/\/www.sisinternational.com\/wp-content\/uploads\/2025\/09\/Research-18.jpg 1456w, https:\/\/www.sisinternational.com\/wp-content\/uploads\/2025\/09\/Research-18-300x168.jpg 300w, https:\/\/www.sisinternational.com\/wp-content\/uploads\/2025\/09\/Research-18-1024x574.jpg 1024w, https:\/\/www.sisinternational.com\/wp-content\/uploads\/2025\/09\/Research-18-768x430.jpg 768w, https:\/\/www.sisinternational.com\/wp-content\/uploads\/2025\/09\/Research-18-18x10.jpg 18w\" sizes=\"auto, (max-width: 1456px) 100vw, 1456px\" alt=\"SIS International Marktforschung &amp; Strategie\"><\/figure>\n\n\n\n<p><\/p>\n\n\n\n<hr class=\"wp-block-separator has-alpha-channel-opacity is-style-dots\"\/>\n\n\n\n<h2 class=\"wp-block-heading\">Was ist TURF-Marktforschung?<\/h2>\n\n\n\n<p>TURF analysis is a method used in statistical research. It stands for Total Unduplicated Reach and Frequency Analysis, and it allows users to assess market research potential. TURF analysis is possible for many products and services. It uses a ranking system. For example, it may rank a mix of products based on how many people like that blend.<\/p>\n\n\n\n<p>\u201eReichweite\u201c (das R in TURF) beschreibt, wie viele Personen Sie kontaktieren. Die \u201eH\u00e4ufigkeit\u201c bedeutet, wie oft Sie diese Personen anrufen.<\/p>\n\n\n\n<p>TURF bietet eine Methode, mit der sich maximale Produktverk\u00e4ufe erzielen lassen. Dabei wird ein TURF-Algorithmus-Tool verwendet, das alle m\u00f6glichen Kombinationen untersucht. Verbraucher m\u00fcssen an einer Multiple-Choice-Umfrage teilnehmen. Der Analyst bewertet dann die Antwortoptionen aus dieser Umfrage. Am Ende bietet eine TURF-Analyse Auswahlm\u00f6glichkeiten, die der Benutzer nicht in Betracht gezogen hat.<\/p>\n\n\n\n<p>Trotz ihrer Vorteile weist die TURF-Analyse einige Einschr\u00e4nkungen auf. Beispielsweise wird dabei der Wert der Verbraucher nicht ber\u00fccksichtigt. Aus der Perspektive des Wertverkaufs ist sie daher nicht optimal.<\/p>\n\n\n\n<p>Warum ist die TURF-Analyse wichtig?<\/p>\n\n\n\n<p>TURF ist ein wirksames Tool, das in vielen Gesch\u00e4ftskontexten von entscheidender Bedeutung ist. Es hilft bei der Optimierung von Produkt- und Serviceangeboten. Au\u00dferdem hilft es bei der Feinabstimmung der Wirksamkeit einer Kommunikationsstrategie.<\/p>\n\n\n\n<p>Another feature of TURF <a href=\"https:\/\/www.sisinternational.com\/de\/losungen\/ai-marktforschung-und-strategieberatung\/ki-sentiment-marktforschungsanalyse\/\" title=\"Marktforschungsanalyse zur KI-Stimmung\"  data-wpil-monitor-id=\"10282\">analysis is that it helps researchers<\/a> understand the effect of removing or including a product offering. To add, it makes the most of the market strategy used.<\/p>\n\n\n\n<p>TURF funktioniert besser als die Verwendung einfacher Summen oder Prozents\u00e4tze f\u00fcr Entscheidungen. Es ber\u00fccksichtigt komplexe Produktkombinationen.<\/p>\n\n\n\n<h2 class=\"wp-block-heading\">Wichtige Berufsbezeichnungen<\/h2>\n\n\n\n<p>Aufgrund der Art von TURF sind die folgenden Berufsbezeichnungen am relevantesten:<\/p>\n\n\n\n<p>\u2013 Statistiker<\/p>\n\n\n\n<p>- Marketing Manager<\/p>\n\n\n\n<p>- Marketing Spezialist<\/p>\n\n\n\n<p>- Produkt Entwickler<\/p>\n\n\n\n<h2 class=\"wp-block-heading\">Warum Unternehmen TURF-Marktforschung ben\u00f6tigen<\/h2>\n\n\n\n<p>This method provides high valued insights to companies. Thus, it is helpful for those who wish to expand product portfolios. Its ability to spot the potential and reach of products is crucial. A TURF analysis can suggest <a href=\"https:\/\/www.sisinternational.com\/de\/sachverstand\/lebenslaufe\/marktforschung-fur-korperpflegeprodukte\/\" title=\"Marktforschung f\u00fcr K\u00f6rperpflegeprodukte\"  data-wpil-monitor-id=\"10280\">products that will further improve market<\/a> reach.<\/p>\n\n\n\n<p>It allows a business to devise an ideal product and <a href=\"https:\/\/www.sisinternational.com\/de\/losungen\/fintech-strategieberatung-forschung\/banking-as-a-service-marktforschung-und-strategieberatung\/\" title=\"Banking as a Service Marktforschung und Strategieberatung\"  data-wpil-monitor-id=\"10277\">service marketing strategy<\/a>. This strategy is essential for brands.<\/p>\n\n\n\n<p>TURF unterst\u00fctzt Unternehmen bei der Suche nach:<\/p>\n\n\n\n<p>\u2013 Potential market share when <a href=\"https:\/\/www.sisinternational.com\/de\/losungen\/strategieberatung\/marktforschung-zur-einfuhrung-neuer-produkte\/\" title=\"Forschung zur Einf\u00fchrung neuer Produkte\"  data-wpil-monitor-id=\"10281\">launching new products<\/a><\/p>\n\n\n\n<p>\u2013 Optimale Produktlinie, die eine Marke anbieten kann<\/p>\n\n\n\n<p>\u2013 Welche Eigenschaften ein Produkt haben sollte<\/p>\n\n\n\n<p>\u2013 Die besten Nachrichtenkomponenten zum Mischen, um Verbraucher zu erreichen<\/p>\n\n\n\n<p><a href=\"https:\/\/www.sisinternational.com\/de\/veroffentlichungen\/kauferverhalten-nach-corona-neue-verbraucher\/\" title=\"K\u00e4uferverhalten nach Corona \u2013 Verbrauchermarktforschung\"  data-wpil-monitor-id=\"10283\">\u2013 Beste Kan\u00e4le, um neue Verbraucher zu erreichen<\/a><\/p>\n\n\n\n<p>\u2013 Wichtige Verkaufsargumente f\u00fcr Kampagnen<\/p>\n\n\n\n<p>Es eignet sich am besten, wenn ein Unternehmen etwas Neues entwickeln oder in den Markt eindringen m\u00f6chte. Dar\u00fcber hinaus bietet es gute Einblicke f\u00fcr Unternehmen mit knappem Budget. Auf diese Weise kann ein Unternehmen entscheiden, wie es sein Marketingbudget am besten ausgeben m\u00f6chte.<\/p>\n\n\n\n<h2 class=\"wp-block-heading\">Schl\u00fcsselfaktoren f\u00fcr den Erfolg<\/h2>\n\n\n\n<p>Eine TURF-Analyse basiert auf vielen Annahmen, die ihre Genauigkeit einschr\u00e4nken k\u00f6nnen. Dies kann jedoch ausgeglichen werden. Dazu m\u00fcssen die Fragen in der Umfrage angeben, wie h\u00e4ufig der Befragte das Produkt verwendet.<\/p>\n\n\n\n<p>Vor der Durchf\u00fchrung der Analyse muss der Benutzer genaue Beschreibungen liefern. Beispielsweise muss definiert werden, was eine \u201eReichweite\u201c ausmacht. Eine Reichweite liegt vor, wenn eine Person mindestens ein Produkt aus jeder Produktmischung w\u00fcnscht.<\/p>\n\n\n\n<h2 class=\"wp-block-heading\">\u00dcber TURF Market Research<\/h2>\n\n\n\n<p>Quantitative, qualitative, and strategy <a href=\"https:\/\/www.sisinternational.com\/de\/sachverstand\/branchen\/impfmarktforschung\/\" title=\"Marktforschung zu Impfungen\"  data-wpil-monitor-id=\"3751\">research are helpful for market<\/a> research. These methods may take the form of interviews, surveys, or focus groups. TURF Analysis is another tool that aids <a href=\"https:\/\/www.sisinternational.com\/de\/losungen\/qualitative-quantitative-forschungslosungen\/chaid-analyse-marktforschung\/\" title=\"CHAID Analyse Marktforschung\"  data-wpil-monitor-id=\"10278\">Marktforschung<\/a>.<\/p>\n\n\n\n<p>Its ability to predict market trends makes it ideal. It\u2019s also a boon when a <a href=\"https:\/\/www.sisinternational.com\/de\/veroffentlichungen\/skalierbare-geschaftsmarktforschung-7-moglichkeiten-zum-aufbau-eines-skalierbaren-geschafts\/\" title=\"Marktforschung f\u00fcr skalierbare Unternehmen: 7 M\u00f6glichkeiten zum Aufbau eines skalierbaren Unternehmens\"  data-wpil-monitor-id=\"10284\">business wants to penetrate the market<\/a>. Thus, it is crucial for a company that deals with a product or service.<\/p>\n\n\n\n<p>Analysts can mix <a href=\"https:\/\/www.sisinternational.com\/de\/losungen\/qualitative-quantitative-forschungslosungen\/turf-analysis-market-research\/\" title=\"TURF Analysis Market Research\"  data-wpil-monitor-id=\"1527\">TURF with other market research<\/a> strategies. In this way, they can get a complete picture. Thus, the user will have more significant <a href=\"https:\/\/www.sisinternational.com\/de\/global-beverage-market\/\" title=\"Global Beverage Market: Market Dynamics, Growth Projections &amp; Consumer Insights\"  data-wpil-monitor-id=\"10279\">insights into consumer preference and market<\/a> potential.<\/p>\n\n\n\n<p><\/p>","protected":false},"excerpt":{"rendered":"<p>TURF Market Research What is TURF Market Research? TURF analysis is a method used in statistical research. It stands for Total Unduplicated Reach and Frequency Analysis, and it allows users to assess market research potential. TURF analysis is possible for many products and services. It uses a ranking system. For example, it may rank a &#8230; <a title=\"TURF Marktforschung\" class=\"read-more\" href=\"https:\/\/www.sisinternational.com\/de\/losungen\/qualitative-quantitative-forschungslosungen\/rasenmarktforschung\/\" aria-label=\"Mehr Informationen \u00fcber TURF Market Research\">Weiterlesen \u2026<\/a><\/p>","protected":false},"author":1,"featured_media":69513,"parent":14660,"menu_order":26,"comment_status":"closed","ping_status":"closed","template":"","meta":{"footnotes":""},"class_list":["post-39684","page","type-page","status-publish","has-post-thumbnail"],"_links":{"self":[{"href":"https:\/\/www.sisinternational.com\/de\/wp-json\/wp\/v2\/pages\/39684","targetHints":{"allow":["GET"]}}],"collection":[{"href":"https:\/\/www.sisinternational.com\/de\/wp-json\/wp\/v2\/pages"}],"about":[{"href":"https:\/\/www.sisinternational.com\/de\/wp-json\/wp\/v2\/types\/page"}],"author":[{"embeddable":true,"href":"https:\/\/www.sisinternational.com\/de\/wp-json\/wp\/v2\/users\/1"}],"replies":[{"embeddable":true,"href":"https:\/\/www.sisinternational.com\/de\/wp-json\/wp\/v2\/comments?post=39684"}],"version-history":[{"count":5,"href":"https:\/\/www.sisinternational.com\/de\/wp-json\/wp\/v2\/pages\/39684\/revisions"}],"predecessor-version":[{"id":81695,"href":"https:\/\/www.sisinternational.com\/de\/wp-json\/wp\/v2\/pages\/39684\/revisions\/81695"}],"up":[{"embeddable":true,"href":"https:\/\/www.sisinternational.com\/de\/wp-json\/wp\/v2\/pages\/14660"}],"wp:featuredmedia":[{"embeddable":true,"href":"https:\/\/www.sisinternational.com\/de\/wp-json\/wp\/v2\/media\/69513"}],"wp:attachment":[{"href":"https:\/\/www.sisinternational.com\/de\/wp-json\/wp\/v2\/media?parent=39684"}],"curies":[{"name":"wp","href":"https:\/\/api.w.org\/{rel}","templated":true}]}}