{"id":39682,"date":"2022-01-18T04:17:17","date_gmt":"2022-01-18T04:17:17","guid":{"rendered":"https:\/\/www.sisinternational.com\/?page_id=39682"},"modified":"2025-11-16T12:27:57","modified_gmt":"2025-11-16T17:27:57","slug":"architektenmarktforschung","status":"publish","type":"page","link":"https:\/\/www.sisinternational.com\/de\/sachverstand\/architektenmarktforschung\/","title":{"rendered":"Architektenmarktforschung"},"content":{"rendered":"<h1 class=\"wp-block-heading\">Architektenmarktforschung<\/h1>\n\n\n\n<figure class=\"gb-block-image gb-block-image-cbaa89b4\"><img loading=\"lazy\" decoding=\"async\" width=\"1456\" height=\"816\" class=\"gb-image gb-image-cbaa89b4\" src=\"https:\/\/www.sisinternational.com\/wp-content\/uploads\/2025\/08\/Architect-3.jpg\" alt=\"SIS International Marktforschung &amp; Strategie\" title=\"Architect (3)\" srcset=\"https:\/\/www.sisinternational.com\/wp-content\/uploads\/2025\/08\/Architect-3.jpg 1456w, https:\/\/www.sisinternational.com\/wp-content\/uploads\/2025\/08\/Architect-3-300x168.jpg 300w, https:\/\/www.sisinternational.com\/wp-content\/uploads\/2025\/08\/Architect-3-1024x574.jpg 1024w, https:\/\/www.sisinternational.com\/wp-content\/uploads\/2025\/08\/Architect-3-768x430.jpg 768w, https:\/\/www.sisinternational.com\/wp-content\/uploads\/2025\/08\/Architect-3-18x10.jpg 18w\" sizes=\"auto, (max-width: 1456px) 100vw, 1456px\"><\/figure>\n\n\n\n<p><\/p>\n\n\n\n<hr class=\"wp-block-separator has-alpha-channel-opacity is-style-dots\"\/>\n\n\n\n<p><\/p>\n\n\n\n<div class=\"wp-block-columns has-global-color-9-color has-text-color has-background has-link-color wp-elements-ea836ca1358d8d92df43ace648dca55a is-layout-flex wp-container-core-columns-is-layout-9d6595d7 wp-block-columns-is-layout-flex\" style=\"background-color:#f7f9fa6e\">\n<div class=\"wp-block-column is-layout-flow wp-block-column-is-layout-flow\" style=\"flex-basis:18%\"><\/div>\n\n\n\n<div class=\"wp-block-column is-vertically-aligned-center is-layout-flow wp-block-column-is-layout-flow\" style=\"flex-basis:71.28%\">\n<div class=\"wp-block-rank-math-toc-block aligncenter has-global-color-9-color has-text-color has-link-color wp-elements-881eb15995ada343bdd9e159bae8e5f2\" style=\"font-size:16px\" id=\"rank-math-toc\"><h2><br><strong>T<\/strong>able of Contents<\/h2><nav><ul><li class=\"\"><a href=\"#what-is-a-design-architect\">Was ist ein Designarchitekt?<\/a><\/li><li class=\"\"><a href=\"#why-is-a-design-architect-important\">Warum ist ein Designarchitekt wichtig?<\/a><\/li><li class=\"\"><a href=\"#key-job-titles\">Wichtige Berufsbezeichnungen<\/a><\/li><li class=\"\"><a href=\"#key-success-factors\">Schl\u00fcsselfaktoren f\u00fcr den Erfolg<\/a><\/li><li class=\"\"><a href=\"#why-businesses-need-it\">Warum Unternehmen es brauchen<\/a><\/li><li class=\"\"><a href=\"#about-architect-market-research\">\u00dcber Architect Market Research<\/a><\/li><\/ul><\/nav><\/div>\n<\/div>\n<\/div>\n\n\n\n<p><\/p>\n\n\n\n<h2 class=\"wp-block-heading\" id=\"what-is-a-design-architect\">Was ist ein Designarchitekt?<\/h2>\n\n\n\n<p>Ein Entwurfsarchitekt entspricht der Vorstellung, die die meisten Menschen von der Arbeit eines Architekten haben. Diese qualifizierten Fachleute erstellen den Entwurf eines Projekts. Sie nehmen die Ideen, die ihnen ihre Kunden pr\u00e4sentieren, und analysieren sie, um das gew\u00fcnschte Ergebnis zu erzielen. Dazu untersuchen sie das Baugrundst\u00fcck und die Umgebung des zuk\u00fcnftigen Geb\u00e4udes. Dann erstellen sie einen Kostenplan f\u00fcr das gesamte Projekt. Diese Ma\u00dfnahmen stellen die Qualit\u00e4t der Arbeit sicher. Au\u00dferdem helfen sie den Kunden, zu testen, wie gut der Architekt ist.<\/p>\n\n\n\n<h2 class=\"wp-block-heading\" id=\"why-is-a-design-architect-important\">Warum ist ein Designarchitekt wichtig?<\/h2>\n\n\n\n<figure class=\"gb-block-image gb-block-image-3c108e5c\"><img loading=\"lazy\" decoding=\"async\" width=\"1456\" height=\"816\" class=\"gb-image gb-image-3c108e5c\" src=\"https:\/\/www.sisinternational.com\/wp-content\/uploads\/2025\/08\/Architect-5.jpg\" alt=\"SIS International Marktforschung &amp; Strategie\" title=\"Architect (5)\" srcset=\"https:\/\/www.sisinternational.com\/wp-content\/uploads\/2025\/08\/Architect-5.jpg 1456w, https:\/\/www.sisinternational.com\/wp-content\/uploads\/2025\/08\/Architect-5-300x168.jpg 300w, https:\/\/www.sisinternational.com\/wp-content\/uploads\/2025\/08\/Architect-5-1024x574.jpg 1024w, https:\/\/www.sisinternational.com\/wp-content\/uploads\/2025\/08\/Architect-5-768x430.jpg 768w, https:\/\/www.sisinternational.com\/wp-content\/uploads\/2025\/08\/Architect-5-18x10.jpg 18w\" sizes=\"auto, (max-width: 1456px) 100vw, 1456px\"><\/figure>\n\n\n\n<p><\/p>\n\n\n\n<p>The title \u201carchitect\u201d is one of the most critical in building construction. They receive training to produce a buildable project. They are also artists who have to create a good plan for their clients.<\/p>\n\n\n\n<p>Ein Architekt muss die Vision des Kunden so genau und sicher wie m\u00f6glich umsetzen. Das Geb\u00e4ude spiegelt die \u00c4sthetik der Inhalte und Geschehnisse im Inneren wider.<\/p>\n\n\n\n<p>Das Entwerfen von Geb\u00e4uden ist eine sehr komplexe Aufgabe, bei der es kaum Spielraum f\u00fcr Fehler gibt. Dar\u00fcber hinaus ist es mit vielen Bedingungen und Einschr\u00e4nkungen verbunden, und die Erstellung einer physischen Kopie der Vision des Kunden ist nicht die einzige Aufgabe des Entwurfsarchitekten. Er muss auch an alle damit verbundenen Sicherheitsma\u00dfnahmen denken. Diese Architekten sind f\u00fcr die Sicherheit und das Leben aller verantwortlich, die das Geb\u00e4ude nutzen.<\/p>\n\n\n\n<p>Architekten m\u00fcssen au\u00dferdem \u00fcber ausgepr\u00e4gte Probleml\u00f6sungsf\u00e4higkeiten verf\u00fcgen. Auch bei scheinbar perfekten Projekten k\u00f6nnen Probleme auftreten. Die Beauftragung eines Architekten verringert die Wahrscheinlichkeit, dass gr\u00f6\u00dfere Probleme auftauchen. Architekten sind flexibel und k\u00f6nnen solche Hindernisse auch umschiffen. Unabh\u00e4ngig vom Dilemma k\u00f6nnen sie eine alternative L\u00f6sung vorschlagen.<\/p>\n\n\n\n<h2 class=\"wp-block-heading\" id=\"key-job-titles\">Wichtige Berufsbezeichnungen<\/h2>\n\n\n\n<p>Neben dem Designarchitekten gibt es noch einige weitere Architektentitel. Diese lauten:<\/p>\n\n\n\n<h3 class=\"wp-block-heading\">Technische Architekten<\/h3>\n\n\n\n<p>Sie helfen bei der Erstellung der Blaupausen und Konstruktionszeichnungen. Sie stellen sicher, dass der Plan umsetzbar ist und gut funktioniert.<\/p>\n\n\n\n<h3 class=\"wp-block-heading\">Landschaftsarchitekten<\/h3>\n\n\n\n<p>Diese Architekten entwerfen Au\u00dfenanlagen. Sie gestalten beispielsweise Parks, G\u00e4rten und die darin befindlichen Geb\u00e4ude. Sie sind auch Experten im Regenwassermanagement.<\/p>\n\n\n\n<h3 class=\"wp-block-heading\">Innenarchitekten<\/h3>\n\n\n\n<p>Das sind die modeintuitiven Architekten. Sie helfen dabei, das Aussehen und die Atmosph\u00e4re eines Geb\u00e4udes zu ver\u00e4ndern. Um dies zu erreichen, spielen sie mit Beleuchtung, Materialien, Abst\u00e4nden und Farben.<\/p>\n\n\n\n<h2 class=\"wp-block-heading\" id=\"key-success-factors\">Schl\u00fcsselfaktoren f\u00fcr den Erfolg<\/h2>\n\n\n\n<figure class=\"gb-block-image gb-block-image-17399855\"><img loading=\"lazy\" decoding=\"async\" width=\"1456\" height=\"816\" class=\"gb-image gb-image-17399855\" src=\"https:\/\/www.sisinternational.com\/wp-content\/uploads\/2025\/08\/Architect-2.jpg\" alt=\"SIS International Marktforschung &amp; Strategie\" title=\"Architect (2)\" srcset=\"https:\/\/www.sisinternational.com\/wp-content\/uploads\/2025\/08\/Architect-2.jpg 1456w, https:\/\/www.sisinternational.com\/wp-content\/uploads\/2025\/08\/Architect-2-300x168.jpg 300w, https:\/\/www.sisinternational.com\/wp-content\/uploads\/2025\/08\/Architect-2-1024x574.jpg 1024w, https:\/\/www.sisinternational.com\/wp-content\/uploads\/2025\/08\/Architect-2-768x430.jpg 768w, https:\/\/www.sisinternational.com\/wp-content\/uploads\/2025\/08\/Architect-2-18x10.jpg 18w\" sizes=\"auto, (max-width: 1456px) 100vw, 1456px\"><\/figure>\n\n\n\n<p><\/p>\n\n\n\n<p>Unternehmen brauchen vielseitige Architekten, um den Erfolg ihrer Projekte sicherzustellen. Gute organisatorische F\u00e4higkeiten sind entscheidend. Auch die vielen Besprechungen, in denen Ideen besprochen werden, erfordern viel Geduld. Architekten m\u00fcssen au\u00dferdem sehr kreativ sein, um die Vorstellungen eines Kunden zum Leben zu erwecken. Die Kommunikationsf\u00e4higkeiten von Architekten sollten nahezu perfekt sein.<\/p>\n\n\n\n<p>Nach der Planung kann nicht sofort mit dem Bau begonnen werden. Zun\u00e4chst muss viel Abstimmungsarbeit geleistet werden. Der Entwurfsarchitekt muss sich mit Bauarbeitern, Anw\u00e4lten, Bauingenieuren und Regierungsbeamten absprechen. In diesem Fall reicht es nicht aus, den Plan vorzulegen. Eine effektive Kommunikation stellt sicher, dass alle auf dem gleichen Stand sind.<\/p>\n\n\n\n<p>Auch hervorragende Rechenf\u00e4higkeiten sind unverzichtbar. Architekten entwerfen nicht nur einen sch\u00f6nen Plan. Sie m\u00fcssen die Kosten berechnen und wissen, wie viel von was wohin geh\u00f6rt. Sie m\u00fcssen auch genaue Messungen durchf\u00fchren, um die Sch\u00f6nheit und Sicherheit des Projekts zu gew\u00e4hrleisten.<\/p>\n\n\n\n<p><\/p>\n\n\n\n<!DOCTYPE html>\n<html lang=\"en\">\n<head>\n    <meta charset=\"UTF-8\">\n    <meta name=\"viewport\" content=\"width=device-width, initial-scale=1.0\">\n    <title>AI Blog Banner<\/title>\n    <style>\n        * {\n            margin: 0;\n            padding: 0;\n            box-sizing: border-box;\n        }\n\n        .banner {\n            position: relative;\n            width: 100%;\n            height: 350px;\n            overflow: hidden;\n            display: flex;\n            align-items: center;\n            justify-content: center;\n            font-family: 'Arial', sans-serif;\n            border-radius: 25px;\n        }\n\n        .animated-background {\n            position: absolute;\n            top: 0;\n            left: 0;\n            width: 100%;\n            height: 100%;\n            background: linear-gradient(45deg, #003f6b, #2d5a7b, #003f6b, #2d5a7b);\n            background-size: 400% 400%;\n            animation: gradientMove 8s ease-in-out infinite;\n        }\n\n        .ai-pattern {\n            position: absolute;\n            top: 0;\n            left: 0;\n            width: 100%;\n            height: 100%;\n            opacity: 0.1;\n            background-image: \n                radial-gradient(circle at 20% 20%, rgba(255,255,255,0.3) 2px, transparent 2px),\n                radial-gradient(circle at 80% 80%, rgba(255,255,255,0.2) 1px, transparent 1px),\n                radial-gradient(circle at 40% 60%, rgba(255,255,255,0.15) 1.5px, transparent 1.5px),\n                radial-gradient(circle at 60% 20%, rgba(255,255,255,0.25) 1px, transparent 1px),\n                radial-gradient(circle at 80% 40%, rgba(255,255,255,0.2) 2px, transparent 2px);\n            background-size: 100px 100px, 150px 150px, 80px 80px, 120px 120px, 90px 90px;\n            animation: patternFloat 12s linear infinite;\n        }\n\n        .neural-network {\n            position: absolute;\n            top: 0;\n            left: 0;\n            width: 100%;\n            height: 100%;\n            opacity: 0.08;\n        }\n\n        .neural-line {\n            position: absolute;\n            height: 1px;\n            background: linear-gradient(90deg, transparent, rgba(255,255,255,0.5), transparent);\n            animation: neuralPulse 6s ease-in-out infinite;\n        }\n\n        .neural-line:nth-child(1) {\n            top: 30%;\n            left: 0;\n            width: 60%;\n            animation-delay: 0s;\n        }\n\n        .neural-line:nth-child(2) {\n            top: 50%;\n            right: 0;\n            width: 70%;\n            animation-delay: 2s;\n        }\n\n        .neural-line:nth-child(3) {\n            top: 70%;\n            left: 20%;\n            width: 50%;\n            animation-delay: 4s;\n        }\n\n        .content {\n            position: relative;\n            z-index: 10;\n            text-align: center;\n            color: white !important;\n            max-width: 800px;\n            padding: 30px;\n        }\n\n        .content * {\n            color: white !important;\n        }\n\n        .cta-text {\n            font-size: 1.9rem;\n            font-weight: 700;\n            margin-bottom: 15px;\n            color: white !important;\n            background: linear-gradient(90deg, rgba(255,255,255,0.6), rgba(255,255,255,1), rgba(230,230,230,1), rgba(255,255,255,1), rgba(240,240,240,0.8), rgba(255,255,255,0.6));\n            background-size: 200% 100%;\n            -webkit-background-clip: text;\n            -webkit-text-fill-color: transparent;\n            background-clip: text;\n            animation: shineEffect 10s ease-in-out infinite;\n            line-height: 1.3;\n        }\n\n        .cta-subheading {\n            font-size: 1rem;\n            font-weight: 400;\n            margin-bottom: 25px;\n            color: white !important;\n            line-height: 1.6;\n            opacity: 0.95;\n        }\n\n        .cta-button {\n            background: linear-gradient(135deg, #8a6b0f, #bd9013, #d4a519);\n            border: 2px solid #8a6b0f;\n            color: white !important;\n            padding: 18px 40px;\n            font-size: 1.2rem;\n            font-weight: 600;\n            border-radius: 50px;\n            cursor: pointer;\n            transition: all 0.3s ease;\n            text-decoration: none;\n            display: inline-block;\n            position: relative;\n            overflow: hidden;\n        }\n\n        .cta-button::before {\n            content: '';\n            position: absolute;\n            top: 0;\n            left: -100%;\n            width: 100%;\n            height: 100%;\n            background: linear-gradient(90deg, \n                transparent 0%, \n                rgba(255, 255, 255, 0.3) 25%,\n                rgba(255, 255, 255, 0.6) 50%,\n                rgba(255, 255, 255, 0.3) 75%,\n                transparent 100%);\n            animation: shine 3s ease-in-out infinite;\n        }\n\n        .cta-button:hover {\n            transform: translateY(-3px);\n            box-shadow: 0 10px 25px rgba(0,0,0,0.2);\n            border-color: #bd9013;\n            background: linear-gradient(135deg, #bd9013, #d4a519, #e6b61f);\n        }\n\n        .floating-elements {\n            position: absolute;\n            top: 0;\n            left: 0;\n            width: 100%;\n            height: 100%;\n            pointer-events: none;\n        }\n\n        .floating-circle {\n            position: absolute;\n            border-radius: 50%;\n            background: rgba(255,255,255,0.1);\n            animation: float 8s ease-in-out infinite;\n        }\n\n        .floating-circle:nth-child(1) {\n            width: 80px;\n            height: 80px;\n            top: 20%;\n            left: 10%;\n            animation-delay: 0s;\n        }\n\n        .floating-circle:nth-child(2) {\n            width: 60px;\n            height: 60px;\n            top: 60%;\n            right: 15%;\n            animation-delay: 3s;\n        }\n\n        .floating-circle:nth-child(3) {\n            width: 40px;\n            height: 40px;\n            top: 80%;\n            left: 80%;\n            animation-delay: 6s;\n        }\n\n        .floating-circle:nth-child(4) {\n            width: 70px;\n            height: 70px;\n            top: 10%;\n            right: 20%;\n            animation-delay: 1.5s;\n        }\n\n        .floating-circle:nth-child(5) {\n            width: 50px;\n            height: 50px;\n            top: 75%;\n            left: 30%;\n            animation-delay: 4.5s;\n        }\n\n        @keyframes gradientMove {\n            0% { background-position: 0% 50%; }\n            25% { background-position: 100% 50%; }\n            50% { background-position: 100% 100%; }\n            75% { background-position: 0% 100%; }\n            100% { background-position: 0% 50%; }\n        }\n\n        @keyframes patternFloat {\n            0% { transform: translateX(0) translateY(0); }\n            33% { transform: translateX(30px) translateY(-20px); }\n            66% { transform: translateX(-20px) translateY(10px); }\n            100% { transform: translateX(0) translateY(0); }\n        }\n\n        @keyframes neuralPulse {\n            0%, 100% { opacity: 0.08; }\n            50% { opacity: 0.2; }\n        }\n\n        @keyframes shineEffect {\n            0% { background-position: 200% 0; }\n            100% { background-position: -200% 0; }\n        }\n\n        @keyframes shine {\n            0% {\n                left: -100%;\n            }\n            20%, 100% {\n                left: 100%;\n            }\n        }\n\n        @keyframes float {\n            0%, 100% { transform: translateY(0px) rotate(0deg); }\n            33% { transform: translateY(-30px) rotate(120deg); }\n            66% { transform: translateY(15px) rotate(240deg); }\n        }\n\n        @media (max-width: 768px) {\n            .banner {\n                height: 320px;\n                padding: 30px 0;\n            }\n            \n            .content {\n                padding: 40px 20px;\n            }\n            \n            .cta-text {\n                font-size: 1.3rem;\n                margin-bottom: 12px;\n            }\n            \n            .cta-subheading {\n                font-size: 0.85rem;\n                margin-bottom: 20px;\n            }\n            \n            .cta-button {\n                padding: 14px 28px;\n                font-size: 0.95rem;\n            }\n        }\n    <\/style>\n<\/head>\n<body>\n    <div class=\"banner\">\n        <div class=\"animated-background\"><\/div>\n        \n        <div class=\"ai-pattern\"><\/div>\n        \n        <div class=\"neural-network\">\n            <div class=\"neural-line\"><\/div>\n            <div class=\"neural-line\"><\/div>\n            <div class=\"neural-line\"><\/div>\n        <\/div>\n        \n        <div class=\"floating-elements\">\n            <div class=\"floating-circle\"><\/div>\n            <div class=\"floating-circle\"><\/div>\n            <div class=\"floating-circle\"><\/div>\n            <div class=\"floating-circle\"><\/div>\n            <div class=\"floating-circle\"><\/div>\n        <\/div>\n        \n        <div class=\"content\">\n            <div class=\"cta-text\">Ready to explore the insights that drive smarter decisions?<\/div>\n            <div class=\"cta-subheading\">Contact our Research experts today.<\/div>\n            <a href=\"mailto:Research@sisinternational.com\" class=\"cta-button\">Contact us now!<\/a>\n        <\/div>\n    <\/div>\n<\/body>\n<\/html>\n\n\n\n<p><\/p>\n\n\n\n<h2 class=\"wp-block-heading\" id=\"why-businesses-need-it\">Warum Unternehmen es brauchen<\/h2>\n\n\n\n<p>All businesses hope for success. One of the ways to achieve success is by having their customers get a good experience in-store. An architect has both practical knowledge and creative skills. They can bring your brick-and-mortar vision to life.<\/p>\n\n\n\n<p>The experience of your customer in and about your store is another crucial factor. It gives an impression of the level your business is on. Interior is essential, but what they see outside is also a deciding factor. The exterior decides their first impression of your business. Architects ensure it is a good one.<\/p>\n\n\n\n<p>Design Architects take the stress of planning and designing. Both first-time and seasoned business owners need help. Design architects give them the help in bringing their dream projects. Yet, this can be very stressful. An architect helps to take that stress off the shoulders of the clients. They will find suitable materials and help budget costs. Whether the project is a small cafe or a grand building, the owners and users must make hundreds of decisions about it. Design architects help clients manage their budget and time. Architects also help clients focus on critical tasks before the doors open to the public.<\/p>\n\n\n\n<h2 class=\"wp-block-heading\" id=\"about-architect-market-research\">\u00dcber Architect Market Research<\/h2>\n\n\n\n<figure class=\"gb-block-image gb-block-image-3438a9a0\"><img loading=\"lazy\" decoding=\"async\" width=\"1456\" height=\"816\" class=\"gb-image gb-image-3438a9a0\" src=\"https:\/\/www.sisinternational.com\/wp-content\/uploads\/2025\/08\/Architect-1.jpg\" alt=\"SIS International Marktforschung &amp; Strategie\" title=\"Architect (1)\" srcset=\"https:\/\/www.sisinternational.com\/wp-content\/uploads\/2025\/08\/Architect-1.jpg 1456w, https:\/\/www.sisinternational.com\/wp-content\/uploads\/2025\/08\/Architect-1-300x168.jpg 300w, https:\/\/www.sisinternational.com\/wp-content\/uploads\/2025\/08\/Architect-1-1024x574.jpg 1024w, https:\/\/www.sisinternational.com\/wp-content\/uploads\/2025\/08\/Architect-1-768x430.jpg 768w, https:\/\/www.sisinternational.com\/wp-content\/uploads\/2025\/08\/Architect-1-18x10.jpg 18w\" sizes=\"auto, (max-width: 1456px) 100vw, 1456px\"><\/figure>\n\n\n\n<p><\/p>\n\n\n\n<p>Architekten m\u00fcssen verschiedene Formen der Forschung durchf\u00fchren, um den Erfolg ihrer Projekte sicherzustellen. Bevor ein Entwurf erstellt wird, m\u00fcssen sie m\u00f6glicherweise Fokusgruppen einsetzen. Sie k\u00f6nnen auch Interviews und Umfragen durchf\u00fchren. Die gesammelten Daten sind sowohl quantitativ als auch qualitativ. Strategieforschung ist auch in der eigentlichen Bauphase wichtig.<\/p>\n\n\n<h2>Unser Standort in New York<\/h2>\n<p><!-- \/wp:post-content --> <!-- wp:html --> <iframe loading=\"lazy\" src=\"https:\/\/www.google.com\/maps\/embed?pb=!1m18!1m12!1m3!1d3022.976188376966!2d-73.99130312499956!3d40.740549471389315!2m3!1f0!2f0!3f0!3m2!1i1024!2i768!4f13.1!3m3!1m2!1s0x89c259a15798c731%3A0xd695d09bdd495f25!2s11%20E%2022nd%20St%20FL%202%2C%20New%20York%2C%20NY%2010010%2C%20USA!5e0!3m2!1sen!2spe!4v1726171763526!5m2!1sen!2spe\" width=\"600\" height=\"450\" allowfullscreen=\"allowfullscreen\" data-mce-fragment=\"1\"><\/iframe> <!-- \/wp:html --> <!-- wp:paragraph --><\/p>\n<h3 class=\"wp-block-heading\">11 E 22nd Street, Floor 2, New York, NY 10010 T: +1(212) 505-6805<\/h3>\n<hr \/>\n<h2><span style=\"font-weight: 400;\">\u00dcber SIS International<\/span><\/h2>\n<p><a href=\"https:\/\/www.sisinternational.com\/de\/\"><span style=\"font-weight: 400;\">SIS International<\/span><\/a><span style=\"font-weight: 400;\"> bietet quantitative, qualitative und strategische Forschung an. Wir liefern Daten, Tools, Strategien, Berichte und Erkenntnisse zur Entscheidungsfindung. Wir f\u00fchren auch Interviews, Umfragen, Fokusgruppen und andere Methoden und Ans\u00e4tze der Marktforschung durch.<\/span><a href=\"https:\/\/www.sisinternational.com\/de\/uber-sis-international-research\/contact-sis-international-market-research\/\"><span style=\"font-weight: 400;\"> Kontakt<\/span><\/a><span style=\"font-weight: 400;\"> f\u00fcr Ihr n\u00e4chstes Marktforschungsprojekt.<\/span><\/p>","protected":false},"excerpt":{"rendered":"<p>Marktforschung f\u00fcr Architekten Was ist ein Designarchitekt? Ein Designarchitekt entspricht der Vorstellung, die die meisten Menschen von der Arbeit eines Architekten haben. Diese qualifizierten Fachleute erstellen das Design eines Projekts. Sie nehmen die Ideen, die ihnen ihre Kunden pr\u00e4sentieren, und analysieren sie, um das gew\u00fcnschte Ergebnis zu erzielen. Dazu \u2026 <a title=\"Architektenmarktforschung\" class=\"read-more\" href=\"https:\/\/www.sisinternational.com\/de\/sachverstand\/architektenmarktforschung\/\" aria-label=\"Mehr Informationen \u00fcber Architect Market Research\">Weiterlesen \u2026<\/a><\/p>","protected":false},"author":1,"featured_media":64730,"parent":14514,"menu_order":90,"comment_status":"closed","ping_status":"closed","template":"","meta":{"footnotes":""},"class_list":["post-39682","page","type-page","status-publish","has-post-thumbnail"],"_links":{"self":[{"href":"https:\/\/www.sisinternational.com\/de\/wp-json\/wp\/v2\/pages\/39682","targetHints":{"allow":["GET"]}}],"collection":[{"href":"https:\/\/www.sisinternational.com\/de\/wp-json\/wp\/v2\/pages"}],"about":[{"href":"https:\/\/www.sisinternational.com\/de\/wp-json\/wp\/v2\/types\/page"}],"author":[{"embeddable":true,"href":"https:\/\/www.sisinternational.com\/de\/wp-json\/wp\/v2\/users\/1"}],"replies":[{"embeddable":true,"href":"https:\/\/www.sisinternational.com\/de\/wp-json\/wp\/v2\/comments?post=39682"}],"version-history":[{"count":7,"href":"https:\/\/www.sisinternational.com\/de\/wp-json\/wp\/v2\/pages\/39682\/revisions"}],"predecessor-version":[{"id":73469,"href":"https:\/\/www.sisinternational.com\/de\/wp-json\/wp\/v2\/pages\/39682\/revisions\/73469"}],"up":[{"embeddable":true,"href":"https:\/\/www.sisinternational.com\/de\/wp-json\/wp\/v2\/pages\/14514"}],"wp:featuredmedia":[{"embeddable":true,"href":"https:\/\/www.sisinternational.com\/de\/wp-json\/wp\/v2\/media\/64730"}],"wp:attachment":[{"href":"https:\/\/www.sisinternational.com\/de\/wp-json\/wp\/v2\/media?parent=39682"}],"curies":[{"name":"wp","href":"https:\/\/api.w.org\/{rel}","templated":true}]}}