{"id":39676,"date":"2022-01-18T03:46:41","date_gmt":"2022-01-18T03:46:41","guid":{"rendered":"https:\/\/www.sisinternational.com\/?page_id=39676"},"modified":"2026-01-25T16:48:56","modified_gmt":"2026-01-25T21:48:56","slug":"marktforschung-austin-texas","status":"publish","type":"page","link":"https:\/\/www.sisinternational.com\/de\/abdeckung\/north-america\/usa-berichterstattung\/marktforschung-austin-texas\/","title":{"rendered":"Marktforschung in Austin"},"content":{"rendered":"<h1 class=\"wp-block-heading\">Marktforschung in Austin<\/h1>\n\n\n\n<figure class=\"gb-block-image gb-block-image-69c822d6\"><img loading=\"lazy\" decoding=\"async\" width=\"1456\" height=\"816\" class=\"gb-image gb-image-69c822d6\" src=\"https:\/\/www.sisinternational.com\/wp-content\/uploads\/2025\/09\/Austin-Texas-4-2.jpg\" alt=\"SIS International Marktforschung &amp; Strategie\" title=\"Austin Texas 4 (2)\" srcset=\"https:\/\/www.sisinternational.com\/wp-content\/uploads\/2025\/09\/Austin-Texas-4-2.jpg 1456w, https:\/\/www.sisinternational.com\/wp-content\/uploads\/2025\/09\/Austin-Texas-4-2-300x168.jpg 300w, https:\/\/www.sisinternational.com\/wp-content\/uploads\/2025\/09\/Austin-Texas-4-2-1024x574.jpg 1024w, https:\/\/www.sisinternational.com\/wp-content\/uploads\/2025\/09\/Austin-Texas-4-2-768x430.jpg 768w, https:\/\/www.sisinternational.com\/wp-content\/uploads\/2025\/09\/Austin-Texas-4-2-18x10.jpg 18w\" sizes=\"auto, (max-width: 1456px) 100vw, 1456px\"><\/figure>\n\n\n\n<p><\/p>\n\n\n\n<hr class=\"wp-block-separator has-alpha-channel-opacity is-style-dots\"\/>\n\n\n\n<p><span style=\"font-weight: 400;\">Austin entwickelt sich schnell zu einem Wirtschaftszentrum, das eine dynamische Technologieszene mit einer lebendigen Kulturlandschaft verbindet. Daher ist Marktforschung in Austin f\u00fcr Unternehmen, die von diesem Wachstum profitieren und in einem wettbewerbsintensiven Umfeld die Nase vorn behalten m\u00f6chten, von entscheidender Bedeutung.<\/span><\/p>\n\n\n\n<h2 class=\"wp-block-heading\"><strong>Was ist Marktforschung in Austin?<\/strong><\/h2>\n\n\n\n<p><span style=\"font-weight: 400;\">Marktforschung in Austin umfasst das Verst\u00e4ndnis von Verbraucherverhalten, Markttrends und Wettbewerbsdynamiken, die speziell f\u00fcr Austin gelten. Sie liefert umsetzbare Erkenntnisse, die strategische Planung und Innovation vorantreiben. Sie erm\u00f6glicht es Unternehmen, Chancen zu erkennen, Risiken zu mindern und ihren Wettbewerbsvorteil zu steigern.&nbsp;<\/span><\/p>\n\n\n\n<h2 class=\"wp-block-heading\"><strong>Warum brauchen Unternehmen Marktforschung in Austin?<\/strong><\/h2>\n\n\n\n<p><span style=\"font-weight: 400;\">Durch Marktforschung in Austin k\u00f6nnen Unternehmen ihre Zielgruppe identifizieren und verstehen. Dieses Wissen ist entscheidend f\u00fcr die Entwicklung von Produkten und Dienstleistungen, die den Bed\u00fcrfnissen und Vorlieben der Einwohner von Austin entsprechen.&nbsp;<\/span><\/p>\n\n\n\n<p><span style=\"font-weight: 400;\">Dar\u00fcber hinaus ist Marktforschung in Austin f\u00fcr die Wettbewerbsanalyse unerl\u00e4sslich. Durch das schnelle Wachstum der Stadt tauchen st\u00e4ndig neue Wettbewerber auf. Marktforschung hilft Unternehmen, die Nase vorn zu behalten, indem sie Einblicke in die Strategien, St\u00e4rken und Schw\u00e4chen der Wettbewerber bietet.&nbsp; <\/span><span style=\"font-weight: 400;\">Dar\u00fcber hinaus unterst\u00fctzt die Marktforschung in Austin die strategische Entscheidungsfindung. Sie liefert datengest\u00fctzte Erkenntnisse, die die Gesch\u00e4ftsstrategien von der Produktentwicklung bis hin zu Marketing und Vertrieb leiten.&nbsp;<\/span><\/p>\n\n\n\n<h2 class=\"wp-block-heading\"><strong>Wer nutzt in Austin Marktforschung?<\/strong><\/h2>\n\n\n\n<p><b>Technologieunternehmen<\/b><span style=\"font-weight: 400;\"> geh\u00f6ren zu den Hauptnutzern und nutzen Marktforschung in Austin, um Verbrauchertrends und -pr\u00e4ferenzen in einer Stadt zu verstehen, die f\u00fcr ihre Innovation und Startup-Kultur bekannt ist. Diese Erkenntnisse helfen ihnen, innovative Produkte und Dienstleistungen zu entwickeln, die den Bed\u00fcrfnissen einer technisch versierten Bev\u00f6lkerung gerecht werden.<\/span><\/p>\n\n\n\n<p><b>Einzelhandelsunternehmen<\/b><span style=\"font-weight: 400;\"> verlassen sich in Austin ebenfalls stark auf Marktforschung. Indem sie das lokale Einkaufsverhalten und die Vorlieben verstehen, k\u00f6nnen Einzelh\u00e4ndler ihre Angebote und Marketingstrategien anpassen, um Kunden anzuziehen und zu halten. Dies ist besonders wichtig in einer Stadt mit einer vielf\u00e4ltigen und wachsenden Bev\u00f6lkerung, in der die Geschm\u00e4cker der Verbraucher sehr unterschiedlich sind.<\/span><\/p>\n\n\n\n<p><a href=\"https:\/\/www.sisinternational.com\/de\/organherstellung-mit-3d-druckern\/\" title=\"Marktforschung zur Organherstellung und zum 3D-Druck\"  data-wpil-monitor-id=\"2314\">Healthcare organizations in Austin use market research<\/a> to better understand patient needs and improve service delivery. With the city&#8217;s expanding healthcare sector, these insights are crucial for enhancing patient experiences and outcomes.<\/span><\/p>\n\n\n\n<p><b>Bildungsinstitutionen<\/b><span style=\"font-weight: 400;\"> Und <\/span><b>Regierungsbeh\u00f6rden<\/b><span style=\"font-weight: 400;\"> Auch in Austin profitieren die Menschen von der Marktforschung. Schulen und Universit\u00e4ten nutzen sie, um die demografische Zusammensetzung und den Bildungsbedarf der Sch\u00fcler zu verstehen, w\u00e4hrend Regierungsbeh\u00f6rden sie f\u00fcr politische Entscheidungen und Gemeinschaftsprogramme nutzen.<\/span><\/p>\n\n\n\n<h2 class=\"wp-block-heading\"><strong>Erwartete Ergebnisse der SIS-Marktforschung in Austin<\/strong><\/h2>\n\n\n\n<p><b>Verbesserte Entscheidungsfindung<\/b><span style=\"font-weight: 400;\">&nbsp;<\/span><\/p>\n\n\n\n<p><span style=\"font-weight: 400;\">Marktforschung in Austin liefert Unternehmen die Daten und Erkenntnisse, die sie f\u00fcr fundierte Entscheidungen ben\u00f6tigen. Unternehmen k\u00f6nnen effektive und effiziente Strategien entwickeln, indem sie Markttrends, Verbraucherverhalten und Wettbewerbsdynamik verstehen.<\/span><\/p>\n\n\n\n<p><b>Verbesserte Kundenansprache<\/b><span style=\"font-weight: 400;\">&nbsp;<\/span><\/p>\n\n\n\n<p><span style=\"font-weight: 400;\">Durch die Analyse der lokalen Demografie und der Verbraucherpr\u00e4ferenzen k\u00f6nnen Unternehmen ihre Marketingbem\u00fchungen gezielter ausrichten. Dies f\u00fchrt zu mehr Engagement und verbesserten Konversionsraten, was letztlich zu mehr Umsatz und Gewinn f\u00fchrt.<\/span><\/p>\n\n\n\n<p><b>Erh\u00f6hter Wettbewerbsvorteil<\/b><span style=\"font-weight: 400;\">&nbsp;<\/span><\/p>\n\n\n\n<p><a href=\"https:\/\/www.linkedin.com\/company\/sisinternationalresearch\/\" target=\"_blank\" rel=\"noopener\"><span style=\"font-weight: 400;\">SIS International<\/span><\/a><span style=\"font-weight: 400;\"> bietet Einblicke in die St\u00e4rken und Schw\u00e4chen der Wettbewerber. Durch die Nutzung dieser Informationen k\u00f6nnen Unternehmen Strategien entwickeln, die Marktchancen nutzen und sich von der Konkurrenz abheben.<\/span><\/p>\n\n\n\n<p><b>Optimierte Produktentwicklung<\/b><span style=\"font-weight: 400;\">&nbsp;<\/span><\/p>\n\n\n\n<p><span style=\"font-weight: 400;\">Wenn Unternehmen die Bed\u00fcrfnisse und Vorlieben der Verbraucher in Austin verstehen, k\u00f6nnen sie Produkte und Dienstleistungen entwickeln, die den Marktanforderungen besser entsprechen. Dies erh\u00f6ht die Wahrscheinlichkeit des Produkterfolgs und der Kundenzufriedenheit.<\/span><\/p>\n\n\n\n<p><b>Risikominimierung<\/b><span style=\"font-weight: 400;\">&nbsp;<\/span><\/p>\n\n\n\n<p><span style=\"font-weight: 400;\">Identifying potential <a href=\"https:\/\/www.sisinternational.com\/de\/sachverstand\/branchen\/impfmarktforschung\/\" title=\"Marktforschung zu Impfungen\" data-wpil-monitor-id=\"3753\">market risks through research<\/a> erm\u00f6glicht es Unternehmen, Strategien zur Minderung dieser Risiken zu entwickeln. Dieser proaktive Ansatz tr\u00e4gt dazu bei, langfristige Stabilit\u00e4t und Erfolg sicherzustellen.<\/span><\/p>\n\n\n\n<h2 class=\"wp-block-heading\"><strong>Schl\u00fcsselindustrien in Austin<\/strong><\/h2>\n\n\n\n<p><span style=\"font-weight: 400;\">Die vielf\u00e4ltige Wirtschaft Austins wird von mehreren Schl\u00fcsselindustrien angetrieben, die jeweils erheblich zum Wachstum und zur Entwicklung der Stadt beitragen.<\/span><\/p>\n\n\n\n<p><b>Technologie<\/b><\/p>\n\n\n\n<p><span style=\"font-weight: 400;\">Austin wird aufgrund seiner florierenden Tech-Szene oft \u201eSilicon Hills\u201c genannt. Unternehmen wie Dell Technologies, Apple und IBM haben hier gro\u00dfe Niederlassungen und f\u00f6rdern ein robustes \u00d6kosystem f\u00fcr Innovation und Unternehmertum. Die Pr\u00e4senz zahlreicher Startups st\u00e4rkt den Ruf der Stadt als Technologiezentrum zus\u00e4tzlich.<\/span><\/p>\n\n\n\n<p><b>Gesundheitswesen<\/b><\/p>\n\n\n\n<p><span style=\"font-weight: 400;\">Der Gesundheitssektor in Austin w\u00e4chst rasant. Institutionen wie St. David&#039;s HealthCare und Seton Healthcare Family sind hier f\u00fchrend. Fortschritte in der Medizintechnik und eine wachsende Bev\u00f6lkerung haben die Nachfrage nach Gesundheitsdienstleistungen gesteigert und diese zu einer wichtigen Branche in der Stadt gemacht.<\/span><\/p>\n\n\n\n<p><b>Ausbildung<\/b><\/p>\n\n\n\n<p><span style=\"font-weight: 400;\">Der Bildungssektor mit namhaften Institutionen wie der University of Texas in Austin leistet einen wichtigen Beitrag zur lokalen Wirtschaft. Diese Institutionen bieten Bildung und f\u00f6rdern Forschung und Innovation in verschiedenen Bereichen.<\/span><\/p>\n\n\n\n<p><b>Einzelhandel<\/b><\/p>\n\n\n\n<p><span style=\"font-weight: 400;\">Austins Einzelhandelsunternehmen profitieren von der wachsenden Bev\u00f6lkerung und der Tourismusbranche der Stadt. Unternehmen wie Whole Foods Market, das in Austin gegr\u00fcndet wurde, und verschiedene lokale Boutiquen und Gesch\u00e4fte bedienen einen vielf\u00e4ltigen und wohlhabenden Kundenstamm.<\/span><\/p>\n\n\n\n<p><b>Unterhaltung und Tourismus<\/b><\/p>\n\n\n\n<p><span style=\"font-weight: 400;\">Austin ist bekannt f\u00fcr seine Musikszene, Kulturfestivals und sein pulsierendes Nachtleben. Das South by Southwest (SXSW)-Festival zieht jedes Jahr Tausende von Besuchern an und kurbelt die lokale Wirtschaft an. Dieser Sektor ist entscheidend f\u00fcr die Gestaltung der kulturellen Identit\u00e4t und der Wirtschaftslandschaft der Stadt.<\/span><\/p>\n\n\n\n<h2 class=\"wp-block-heading\"><strong>F\u00fchrende Akteure auf dem Austin-Markt<\/strong><\/h2>\n\n\n\n<p><span style=\"font-weight: 400;\">Der Markt von Austin ist die Heimat mehrerer f\u00fchrender Akteure aus unterschiedlichen Branchen, die alle zum dynamischen Gesch\u00e4ftsumfeld der Stadt beitragen.<\/span><\/p>\n\n\n\n<p><b>\u2022 Dell-Technologien<\/b><span style=\"font-weight: 400;\"> ist ein Eckpfeiler der Technologiebranche in Austin. Das Unternehmen bietet eine Reihe von Computerl\u00f6sungen und besch\u00e4ftigt Tausende von Einwohnern. Seine Pr\u00e4senz hat das Wachstum zahlreicher Technologie-Startups und Nebenunternehmen beschleunigt.<\/span><\/p>\n\n\n\n<p><b>\u2022 Vollwert-Markt<\/b><span style=\"font-weight: 400;\">mit Sitz in Austin hat den Lebensmittelsektor revolutioniert und sich auf Bio- und Naturkost konzentriert. Als Tochtergesellschaft von Amazon beeinflusst das Unternehmen weiterhin die Einzelhandelslandschaft auf lokaler und nationaler Ebene.<\/span><\/p>\n\n\n\n<p><b>\u2022 SXSW<\/b><span style=\"font-weight: 400;\"> ist ein wichtiger kultureller und wirtschaftlicher Motor in Austin. Diese j\u00e4hrliche Veranstaltung bringt Fachleute aus den Bereichen Musik, Film und Technik zusammen und sorgt f\u00fcr erhebliche wirtschaftliche Aktivit\u00e4t und weltweite Aufmerksamkeit f\u00fcr die Stadt.<\/span><\/p>\n\n\n\n<p><b>\u2022 The University of Texas at <a href=\"https:\/\/www.sisinternational.com\/de\/abdeckung\/die-amerikaner\/usa-berichterstattung\/marktforschung-in-texas\/\" title=\"Marktforschung in Texas\" data-wpil-monitor-id=\"6082\">Austin<\/a><\/b><span style=\"font-weight: 400;\"> ist von entscheidender Bedeutung f\u00fcr Bildung und Forschung. Seine Beitr\u00e4ge zu Technologie, Gesundheitswesen und anderen Bereichen wirken sich tiefgreifend auf die lokale Wirtschaft und dar\u00fcber hinaus aus.<\/span><\/p>\n\n\n\n<h2 class=\"wp-block-heading\"><strong>Haupttouristenattraktionen in Austin<\/strong><\/h2>\n\n\n\n<p><span style=\"font-weight: 400;\">Austin ist ber\u00fchmt f\u00fcr seine lebendige Kultur und einzigartigen Attraktionen und ist daher ein beliebtes Touristenziel. Der vielseitige Mix aus Musik, Kunst und Outdoor-Aktivit\u00e4ten der Stadt bietet f\u00fcr jeden etwas.<\/span><\/p>\n\n\n\n<ol class=\"wp-block-list\">\n<li><b> Das Texas State Capitol<\/b><span style=\"font-weight: 400;\"> ist ein architektonisches Wunderwerk und gr\u00f6\u00dfer als das Kapitol in Washington, D.C. Besucher k\u00f6nnen das historische Geb\u00e4ude und sein wundersch\u00f6nes Gel\u00e4nde erkunden und etwas \u00fcber die Geschichte und Regierung von Texas erfahren.<\/span><\/li>\n\n\n\n<li><b> Der Lady Bird See<\/b><span style=\"font-weight: 400;\"> ist ein malerischer Stausee im Herzen von Austin, der sich perfekt f\u00fcr Outdoor-Fans eignet. Besucher k\u00f6nnen Kajak fahren, paddeln oder einfach auf dem Ann and Roy Butler Hike-and-Bike Trail spazieren gehen, der den See umrundet.<\/span><\/li>\n\n\n\n<li><b> Barton Springs Schwimmbad<\/b><span style=\"font-weight: 400;\">&nbsp;ist ein nat\u00fcrlicher Quellteich, der das ganze Jahr \u00fcber eine erfrischende Temperatur hat. Es ist ein beliebter Ort zum Schwimmen und Picknicken und bietet eine Erholung von der Hitze in Texas.<\/span><\/li>\n\n\n\n<li><b> S\u00fcd-Congress Avenue (SoCo)<\/b><span style=\"font-weight: 400;\"> ist ein lebendiges Viertel, das f\u00fcr seine vielseitigen Gesch\u00e4fte, trendigen Restaurants und Veranstaltungsorte f\u00fcr Livemusik bekannt ist. Es verk\u00f6rpert den Geist von Austin und ist ein Muss f\u00fcr alle, die die einzigartige Kultur der Stadt erleben m\u00f6chten.<\/span><\/li>\n\n\n\n<li><b>5. Die LBJ-Pr\u00e4sidentenbibliothek<\/b> bietet eine F\u00fclle von Informationen \u00fcber seine Pr\u00e4sidentschaft und sein Verm\u00e4chtnis. Die Exponate des Museums geben Einblick in eine entscheidende \u00c4ra der amerikanischen Geschichte.<\/li>\n<\/ol>\n\n\n\n<h2 class=\"wp-block-heading\">Nachbarschaften<\/h2>\n\n\n\n<figure class=\"gb-block-image gb-block-image-23742671\"><img loading=\"lazy\" decoding=\"async\" width=\"1456\" height=\"816\" class=\"gb-image gb-image-23742671\" src=\"https:\/\/www.sisinternational.com\/wp-content\/uploads\/2025\/09\/Austin-Texas-4-1.jpg\" alt=\"SIS International Marktforschung &amp; Strategie\" title=\"Austin Texas 4 (1)\" srcset=\"https:\/\/www.sisinternational.com\/wp-content\/uploads\/2025\/09\/Austin-Texas-4-1.jpg 1456w, https:\/\/www.sisinternational.com\/wp-content\/uploads\/2025\/09\/Austin-Texas-4-1-300x168.jpg 300w, https:\/\/www.sisinternational.com\/wp-content\/uploads\/2025\/09\/Austin-Texas-4-1-1024x574.jpg 1024w, https:\/\/www.sisinternational.com\/wp-content\/uploads\/2025\/09\/Austin-Texas-4-1-768x430.jpg 768w, https:\/\/www.sisinternational.com\/wp-content\/uploads\/2025\/09\/Austin-Texas-4-1-18x10.jpg 18w\" sizes=\"auto, (max-width: 1456px) 100vw, 1456px\"><\/figure>\n\n\n\n<p><\/p>\n\n\n\n<p>The Hills ist f\u00fcr diejenigen, die das Leben in einem Country Club lieben. Es bietet den Bewohnern Schwimmen, ein Spa, Golf und Fitnesscenter. Die H\u00e4user sind wundersch\u00f6n und die G\u00e4rten sind ebenfalls auf dem gleichen Niveau. The Hills bietet den Bewohnern auch einen zwanglosen Speisestil.<\/p>\n\n\n\n<p>Wimberley ist eine weitere gro\u00dfartige Option. In diesem Viertel gibt es Familienh\u00e4user mit vielen Zimmern und Grundst\u00fccken, die sich \u00fcber mehrere Hektar erstrecken. Lokale Kunst im Wimberley Fine Art Center ist immer f\u00fcr Einheimische ge\u00f6ffnet. Au\u00dferdem k\u00f6nnen sie sich an hei\u00dfen Tagen im Schwimmloch Blue Hole abk\u00fchlen. Wenn Sie einen einzigartigen Blick auf die Stadt genie\u00dfen m\u00f6chten, gibt es auch Wimberley Zipline Adventures.<\/p>\n\n\n\n<p>Hutto ist einer der sichersten Vororte von Austin. Die Kriminalit\u00e4tsrate ist niedrig und es stehen viele ger\u00e4umige H\u00e4user zum Verkauf, was ideal f\u00fcr gro\u00dfe Familien ist.<\/p>\n\n\n\n<h2 class=\"wp-block-heading\">Schl\u00fcsselindustrien<\/h2>\n\n\n\n<p>Der Staat verf\u00fcgt \u00fcber eine starke Wirtschaft, die mit Wirtschaftszweigen wie Fertigung und Telekommunikation verbunden ist. Weitere Wirtschaftszweige sind Finanzdienstleistungen, IT-Verteidigung, Sicherheit, Datenmanagement, Weltraumtechnologie und Biowissenschaften.<\/p>\n\n\n\n<p>Heu und Viehfutter sind die zweitbeliebtesten Feldfr\u00fcchte, die von Landwirten angebaut und verkauft werden. Derzeit werden \u00fcber 37.000 Hektar Land bewirtschaftet. Weitere wichtige Feldfr\u00fcchte sind Mais, Baumwolle, Reis, Melonen, Weintrauben und Spezialkulturen.<\/p>\n\n\n\n<h2 class=\"wp-block-heading\">Trends<\/h2>\n\n\n\n<p>Austins Wirtschaft ist stark und gesund, und die Stadt w\u00e4chst schnell. Die treibenden Sektoren der Wirtschaft sind professionelle und gesch\u00e4ftliche Dienstleistungen. Heute ist die Atmosph\u00e4re technologiegetrieben. Daher ist die Stadt ein ausgezeichneter Ort f\u00fcr fortschrittliche Fertigung. Sie ist auch ideal f\u00fcr Innovationen in den Bereichen Halbleiter, Nanotechnologie und Automobiltechnologie.<\/p>\n\n\n\n<h2 class=\"wp-block-heading\"><strong>Marktf\u00fchrer<\/strong><\/h2>\n\n\n\n<p><span style=\"font-weight: 400;\">Die Technologiebranche ist ein wichtiger Motor der Wirtschaft von Austin. Kontinuierliche Innovationen und ein starker Unternehmergeist treiben das Wachstum voran. Die Pr\u00e4senz gro\u00dfer Technologieunternehmen und eines florierenden Startup-\u00d6kosystems zieht Talente und Investitionen an und f\u00f6rdert so die Wirtschaftst\u00e4tigkeit und die Schaffung von Arbeitspl\u00e4tzen.<\/span><\/p>\n\n\n\n<p><span style=\"font-weight: 400;\">Das Bev\u00f6lkerungswachstum von Austin ist ein weiterer wichtiger Markttreiber. Die attraktive Lebensqualit\u00e4t der Stadt, einschlie\u00dflich ihres kulturellen Angebots und der im Vergleich zu anderen Technologiezentren relativ niedrigen Lebenshaltungskosten, zieht weiterhin neue Einwohner an. Dieser Zustrom von Menschen stimuliert die Nachfrage nach Wohnraum, Einzelhandel und Dienstleistungen und tr\u00e4gt zum allgemeinen Wirtschaftswachstum bei.<\/span><\/p>\n\n\n\n<p><span style=\"font-weight: 400;\">Tourismus und Unterhaltung sind wichtige Treiber, wobei Veranstaltungen wie SXSW und Austin City Limits Besucher aus aller Welt anziehen. Diese Veranstaltungen sorgen f\u00fcr erhebliche wirtschaftliche Aktivit\u00e4t, kommen lokalen Unternehmen zugute und machen Austin zu einem pulsierenden Reiseziel.<\/span><\/p>\n\n\n\n<h2 class=\"wp-block-heading\"><strong>Marktbeschr\u00e4nkungen<\/strong><\/h2>\n\n\n\n<p><span style=\"font-weight: 400;\">Eine gro\u00dfe Einschr\u00e4nkung ist das rasante Bev\u00f6lkerungswachstum, das zu einem erheblichen Druck auf die Infrastruktur der Stadt gef\u00fchrt hat. Verkehrsstaus und steigende Wohnkosten sind anhaltende Probleme, die die Lebensqualit\u00e4t und den Gesch\u00e4ftsbetrieb beeintr\u00e4chtigen. Um diese Herausforderungen zu bew\u00e4ltigen, sind koordinierte Anstrengungen sowohl des \u00f6ffentlichen als auch des privaten Sektors erforderlich.<\/span><\/p>\n\n\n\n<p><span style=\"font-weight: 400;\">In Austin herrscht ein harter Konkurrenzkampf, insbesondere in der Technologiebranche. Dies f\u00f6rdert zwar Innovationen, bedeutet aber auch, dass sich Unternehmen kontinuierlich weiterentwickeln m\u00fcssen, um ihren Wettbewerbsvorteil zu erhalten. Der hohe Wettbewerbsdruck kann f\u00fcr Neueinsteiger und kleinere Unternehmen, die sich etablieren m\u00f6chten, eine H\u00fcrde darstellen.<\/span><\/p>\n\n\n\n<p><span style=\"font-weight: 400;\">Eine weitere Herausforderung stellen die wirtschaftlichen Ungleichheiten innerhalb der Stadt dar. W\u00e4hrend einige Stadtteile von Austin florieren, k\u00e4mpfen andere mit Armut und eingeschr\u00e4nktem Zugang zu Ressourcen. Diese Ungleichheit kann sich auf das Verbraucherverhalten und das Marktpotenzial auswirken und erfordert gezielte Strategien, um unterversorgte Gemeinden anzusprechen.<\/span><\/p>\n\n\n\n<h2 class=\"wp-block-heading\">Verbraucherbasis<\/h2>\n\n\n\n<p>In Austin, Texas, geben die Menschen ihr Einkommen f\u00fcr Haushaltsgegenst\u00e4nde aus. Au\u00dferdem m\u00f6gen sie Unterhaltung. Diese beiden Dinge spielen im Leben der Menschen in Austin eine gro\u00dfe Rolle.<\/p>\n\n\n\n<h2 class=\"wp-block-heading\">Gr\u00fcnde f\u00fcr eine Unternehmensgr\u00fcndung in Austin, Texas<\/h2>\n\n\n\n<p>Austin ist die Hauptstadt von Texas, was die Gr\u00fcndung eines Unternehmens dort wesentlich einfacher macht. Dieser wundersch\u00f6ne Ort bietet ein hervorragendes Nachtleben, eine atemberaubende Berglandschaft und andere kulturelle Attraktionen, was ihn zu einem der besten Orte f\u00fcr ein Start-up macht. Viele Immobilienplattformen haben Daten ver\u00f6ffentlicht, die zeigen, dass Austin gro\u00dfartige Gr\u00fcndungsraten aufweist.<\/p>\n\n\n\n<h2 class=\"wp-block-heading\"><strong>Wie die Marktforschung von SIS International in Austin Unternehmen hilft<\/strong><\/h2>\n\n\n\n<p><a href=\"https:\/\/twitter.com\/SISIntlResearch\" target=\"_blank\" rel=\"noopener\"><span style=\"font-weight: 400;\">SIS<\/span><\/a><span style=\"font-weight: 400;\"> hilft Unternehmen, Risiken zu reduzieren, den Umsatz zu steigern und das Wachstum zu beschleunigen. SIS International bef\u00e4higt Unternehmen, fundierte Entscheidungen zu treffen, die den Erfolg vorantreiben, indem es umsetzbare Einblicke in Markttrends und Verbraucherverhalten bietet.<\/span><\/p>\n\n\n\n<p><b>Risikominderung<\/b><span style=\"font-weight: 400;\">&nbsp;<\/span><\/p>\n\n\n\n<p><span style=\"font-weight: 400;\">SIS identifiziert potenzielle Risiken und Herausforderungen durch umfassende Marktanalysen und erm\u00f6glicht es Unternehmen, Minderungsstrategien zu entwickeln. Dieser proaktive Ansatz gew\u00e4hrleistet langfristige Stabilit\u00e4t und minimiert die Auswirkungen unvorhergesehener Ereignisse.<\/span><\/p>\n\n\n\n<p><b>Umsatzsteigerung<\/b><span style=\"font-weight: 400;\">&nbsp;<\/span><\/p>\n\n\n\n<p><span style=\"font-weight: 400;\">Marktforschung in Austin hilft Unternehmen, die Vorlieben und Verhaltensweisen der Verbraucher zu verstehen, sodass sie ihre Angebote und Marketingstrategien effektiv anpassen k\u00f6nnen. Dies f\u00fchrt zu einer h\u00f6heren Kundenzufriedenheit und h\u00f6heren Ums\u00e4tzen, was letztendlich den Umsatz steigert.<\/span><\/p>\n\n\n\n<p><b>Beschleunigtes Wachstum<\/b><span style=\"font-weight: 400;\">&nbsp;<\/span><\/p>\n\n\n\n<p><span style=\"font-weight: 400;\">SIS International hilft Unternehmen, ihr Wachstumspotenzial auszusch\u00f6pfen, indem es Marktchancen und neue Trends erkennt. Dazu geh\u00f6rt die Erschlie\u00dfung neuer M\u00e4rkte, die Entwicklung innovativer Produkte und die Ausweitung der Gesch\u00e4ftst\u00e4tigkeit, um die Nachfrage zu decken.<\/span><\/p>\n\n\n\n<p><b>Innovation und Wettbewerbsvorteile<\/b><span style=\"font-weight: 400;\">&nbsp;<\/span><\/p>\n\n\n\n<p><span style=\"font-weight: 400;\">Unser Team bietet Einblicke in die Strategien der Konkurrenz und die Marktdynamik und hilft Unternehmen, immer einen Schritt voraus zu sein. Dies f\u00f6rdert Innovationen und erm\u00f6glicht es Unternehmen, einzigartige Wertangebote zu entwickeln, die sie von der Konkurrenz abheben.<\/span><\/p>\n\n\n\n<p><b>Verbesserter ROI<\/b><span style=\"font-weight: 400;\">&nbsp;<\/span><\/p>\n\n\n\n<p><span style=\"font-weight: 400;\">Mit datengesteuerten Erkenntnissen k\u00f6nnen Unternehmen ihre Betriebsabl\u00e4ufe und Marketingbem\u00fchungen optimieren, was zu einer h\u00f6heren Kapitalrendite f\u00fchrt. Dazu geh\u00f6ren eine effiziente Ressourcenzuweisung, gezielte Marketingkampagnen und eine strategische Planung auf der Grundlage zuverl\u00e4ssiger Marktdaten.<\/span><\/p>\n\n\n\n<h2 class=\"wp-block-heading\"><strong>\u00dcber SIS International<\/strong><\/h2>\n\n\n\n<p><a href=\"https:\/\/www.sisinternational.com\/de\/\"><span style=\"font-weight: 400;\">SIS International<\/span><\/a><span style=\"font-weight: 400;\"> bietet quantitative, qualitative und strategische Forschung an. Wir liefern Daten, Tools, Strategien, Berichte und Erkenntnisse zur Entscheidungsfindung. Wir f\u00fchren auch Interviews, Umfragen, Fokusgruppen und andere Methoden und Ans\u00e4tze der Marktforschung durch.<\/span><a href=\"https:\/\/www.sisinternational.com\/de\/uber-sis-international-research\/contact-sis-international-market-research\/\"><span style=\"font-weight: 400;\"> Kontakt<\/span><\/a><span style=\"font-weight: 400;\"> f\u00fcr Ihr n\u00e4chstes Marktforschungsprojekt.<\/span><\/p>\n\n\n\n<p><\/p>","protected":false},"excerpt":{"rendered":"<p>Marktforschung in Austin Austin entwickelt sich schnell zu einem Wirtschaftszentrum, das eine dynamische Technologieszene mit einer lebendigen Kulturlandschaft verbindet. Daher ist Marktforschung in Austin f\u00fcr Unternehmen, die von diesem Wachstum profitieren und in einem wettbewerbsintensiven Umfeld die Nase vorn behalten m\u00f6chten, von entscheidender Bedeutung. Was ist Marktforschung in Austin? Marktforschung in Austin umfasst das Verst\u00e4ndnis \u2026 <a title=\"Marktforschung in Austin\" class=\"read-more\" href=\"https:\/\/www.sisinternational.com\/de\/abdeckung\/north-america\/usa-berichterstattung\/marktforschung-austin-texas\/\" aria-label=\"Mehr Informationen \u00fcber Marktforschung in Austin\">Weiterlesen \u2026<\/a><\/p>","protected":false},"author":1,"featured_media":66506,"parent":19303,"menu_order":57,"comment_status":"closed","ping_status":"closed","template":"","meta":{"footnotes":""},"class_list":["post-39676","page","type-page","status-publish","has-post-thumbnail"],"_links":{"self":[{"href":"https:\/\/www.sisinternational.com\/de\/wp-json\/wp\/v2\/pages\/39676","targetHints":{"allow":["GET"]}}],"collection":[{"href":"https:\/\/www.sisinternational.com\/de\/wp-json\/wp\/v2\/pages"}],"about":[{"href":"https:\/\/www.sisinternational.com\/de\/wp-json\/wp\/v2\/types\/page"}],"author":[{"embeddable":true,"href":"https:\/\/www.sisinternational.com\/de\/wp-json\/wp\/v2\/users\/1"}],"replies":[{"embeddable":true,"href":"https:\/\/www.sisinternational.com\/de\/wp-json\/wp\/v2\/comments?post=39676"}],"version-history":[{"count":18,"href":"https:\/\/www.sisinternational.com\/de\/wp-json\/wp\/v2\/pages\/39676\/revisions"}],"predecessor-version":[{"id":79712,"href":"https:\/\/www.sisinternational.com\/de\/wp-json\/wp\/v2\/pages\/39676\/revisions\/79712"}],"up":[{"embeddable":true,"href":"https:\/\/www.sisinternational.com\/de\/wp-json\/wp\/v2\/pages\/19303"}],"wp:featuredmedia":[{"embeddable":true,"href":"https:\/\/www.sisinternational.com\/de\/wp-json\/wp\/v2\/media\/66506"}],"wp:attachment":[{"href":"https:\/\/www.sisinternational.com\/de\/wp-json\/wp\/v2\/media?parent=39676"}],"curies":[{"name":"wp","href":"https:\/\/api.w.org\/{rel}","templated":true}]}}