{"id":39617,"date":"2021-12-31T01:15:07","date_gmt":"2021-12-31T01:15:07","guid":{"rendered":"https:\/\/www.sisinternational.com\/?page_id=39617"},"modified":"2026-01-24T20:54:24","modified_gmt":"2026-01-25T01:54:24","slug":"marktforschung-fur-die-lieferkette","status":"publish","type":"page","link":"https:\/\/www.sisinternational.com\/de\/losungen\/strategieberatung\/marktforschung-fur-die-lieferkette\/","title":{"rendered":"Marktforschung f\u00fcr die Lieferkette"},"content":{"rendered":"<h1 class=\"wp-block-heading\">Marktforschung f\u00fcr die Lieferkette<\/h1>\n\n\n\n<figure class=\"gb-block-image gb-block-image-2702dab9\"><img loading=\"lazy\" decoding=\"async\" width=\"1456\" height=\"816\" class=\"gb-image gb-image-2702dab9\" src=\"https:\/\/www.sisinternational.com\/wp-content\/uploads\/2025\/08\/Freight-3.jpg\" alt=\"SIS International Marktforschung &amp; Strategie\" title=\"Freight (3)\" srcset=\"https:\/\/www.sisinternational.com\/wp-content\/uploads\/2025\/08\/Freight-3.jpg 1456w, https:\/\/www.sisinternational.com\/wp-content\/uploads\/2025\/08\/Freight-3-300x168.jpg 300w, https:\/\/www.sisinternational.com\/wp-content\/uploads\/2025\/08\/Freight-3-1024x574.jpg 1024w, https:\/\/www.sisinternational.com\/wp-content\/uploads\/2025\/08\/Freight-3-768x430.jpg 768w, https:\/\/www.sisinternational.com\/wp-content\/uploads\/2025\/08\/Freight-3-18x10.jpg 18w\" sizes=\"auto, (max-width: 1456px) 100vw, 1456px\"><\/figure>\n\n\n\n<p><\/p>\n\n\n\n<h2 class=\"wp-block-heading\">Was ist Supply-Chain-Marktforschung?<\/h2>\n\n\n\n<p>Eine Lieferkette ist ein Netzwerk zwischen Lieferanten und K\u00e4ufern, das Produkte herstellt und sie dann an den Endk\u00e4ufer verteilt. Die Lieferkette deckt jeden Schritt des Produktionsprozesses ab. Dazu geh\u00f6ren Elemente wie Personen, Unternehmen, Daten und Ressourcen.<\/p>\n\n\n\n<p>There are different supply chain models. The continuous flow model is one that many companies use. It is best for products that are the same and are in high demand. Managers constantly replace the raw materials to <a href=\"https:\/\/www.sisinternational.com\/de\/what-is-a-value-proposition-canvas-the-game-changing-framework-that-prevents-product-failures\/\" title=\"What Is a Value Proposition Canvas? &#091;The Game-Changing Framework That Prevents Product Failures&#093;\"  data-wpil-monitor-id=\"8641\">prevent bottlenecks in production<\/a>.<\/p>\n\n\n\n<p>Another one is the fast chain model. It is best suited for <a href=\"https:\/\/www.sisinternational.com\/de\/top-unternehmen-fur-die-prognose-von-b2b-branchentrends\/\" title=\"F\u00fchrendes Unternehmen f\u00fcr Prognosen von B2B-Branchentrends\"  data-wpil-monitor-id=\"8645\">companies that sell products based on trends<\/a>. These products have a limited time appeal. In this case, ideas move from prototype to <a href=\"https:\/\/www.sisinternational.com\/de\/losungen\/geschmackstest\/verbraucherprodukttests-in-new-york\/\" title=\"Verbraucherprodukttests in New York\"  data-wpil-monitor-id=\"8640\">production to consumer<\/a> very fast.<\/p>\n\n\n\n<p>The flexible model is also popular. <a href=\"https:\/\/www.sisinternational.com\/de\/losungen\/geschmackstest\/product-testing-for-companies\/\" title=\"Product Testing for Companies\"  data-wpil-monitor-id=\"8646\">Companies that make seasonal products<\/a> use this model, where items surge in demand during peak periods. There\u2019s little or no need for these goods otherwise (for example, Christmas decorations). This model allows quick production starts and efficient shutdowns. It relies on accurate demand forecasts to determine raw material needs.<\/p>\n\n\n\n<h2 class=\"wp-block-heading\">Warum ist es wichtig?<\/h2>\n\n\n\n<p>Lieferketten helfen Unternehmen, ihre Kosten zu senken und wettbewerbsf\u00e4hig zu bleiben.<\/p>\n\n\n\n<p>Wie schnell ein Produkt durch die Lieferkette wandert, wirkt sich auf den Gewinn aus. Wenn Lieferanten teure Waren schnell liefern k\u00f6nnen, hilft das Einzelh\u00e4ndlern, sie schnell zu verkaufen. So k\u00f6nnen Gesch\u00e4fte hohe Lagerkosten vermeiden. Wenn Materialien schnell durch die Lieferkette wandern, senkt das auch die Produktionskosten. Dar\u00fcber hinaus verhindert es, dass Engp\u00e4sse auftreten. So kann die Produktion weiterlaufen und es kommt zu keinen Umsatzeinbu\u00dfen.<\/p>\n\n\n\n<p>Supply chains play a crucial role in countries\u2019 economies. More market growth occurs in societies with well-developed <a href=\"https:\/\/www.sisinternational.com\/de\/losungen\/fintech-strategieberatung-forschung\/marktforschung-im-bereich-supply-chain-finance\/\" title=\"Marktforschung f\u00fcr Supply Chain Finance\"  data-wpil-monitor-id=\"8643\">supply<\/a> chains. As businesses trade goods at a fast rate, more consumers can buy at a low cost. Supply chains can thus help to raise the standard of living in society.<\/p>\n\n\n\n<p>Auch die verschiedenen Stufen der Lieferkette bieten vielen Menschen einen Arbeitsplatz.<\/p>\n\n\n\n<h2 class=\"wp-block-heading\">Wichtige Berufsbezeichnungen<\/h2>\n\n\n\n<p>Many roles within a supply chain are crucial to its success. These roles pay close attention to the logistics that occur. Some examples are:<\/p>\n\n\n\n<p>1. Supply Chain Manager<\/p>\n\n\n\n<p>2. Einkaufsagenten<\/p>\n\n\n\n<p>3. Logistikanalysten<\/p>\n\n\n\n<p>4. Betriebsleiter<\/p>\n\n\n\n<h2 class=\"wp-block-heading\">Warum Unternehmen eine Lieferkette brauchen<\/h2>\n\n\n\n<p>Ein Unternehmen, das Waren vom Lieferanten zum K\u00e4ufer transportiert, muss \u00fcber eine Lieferkette verf\u00fcgen. Die Kette kann je nach Art des Unternehmens eine andere Form annehmen. Trotzdem sollte ein Unternehmen sicherstellen, dass seine Lieferkette optimal ist. Dies ist der beste Weg, um maximale Gewinne zu erzielen.<\/p>\n\n\n\n<h2 class=\"wp-block-heading\">Schl\u00fcsselfaktoren f\u00fcr den Erfolg<\/h2>\n\n\n\n<p>Supply chains achieve <a href=\"https:\/\/www.sisinternational.com\/de\/schlusselfaktoren-fur-den-erfolg-in-der-automobilmarktforschung\/\" title=\"Erfolgsfaktoren in der Automobilmarktforschung\"  data-wpil-monitor-id=\"8642\">success due to many factors<\/a>.<\/p>\n\n\n\n<p>Ein Schl\u00fcsselfaktor ist beispielsweise die F\u00e4higkeit zur Innovation. Auf diese Weise w\u00e4chst die Lieferkette weiter. Dieses Wachstum erfordert den Einsatz neuer Systeme wie Cloud-Technologie. Eine weitere neue Methode ist der Einsatz hochmoderner Integrationstools, mit denen Systeme innerhalb eines Unternehmens Informationen austauschen k\u00f6nnen. Der Einsatz fortschrittlicher mobiler Technologie ist ebenfalls eine weitere Innovation.<\/p>\n\n\n\n<p>Erfolgreiche Lieferketten basieren auch auf Daten. Ihr Unternehmen kann die aus der Lieferkette gesammelten Daten nutzen, um seine Abl\u00e4ufe zu verbessern.<\/p>\n\n\n\n<p>Ein weiterer entscheidender Faktor ist die F\u00e4higkeit, den Mitarbeitern mehr Handlungsfreiheit zu lassen. Durch die Handlungsfreiheit engagieren sich die Mitarbeiter st\u00e4rker f\u00fcr den Erfolg der Lieferkette. Das f\u00fchrt dazu, dass sie bessere Leistungen erbringen.<\/p>\n\n\n\n<p>Having a transparent system is also crucial. Such a system involves <a href=\"https:\/\/www.sisinternational.com\/de\/losungen\/strategieberatung\/datenanalyse\/\" title=\"Datenanalyse-Unternehmen\"  data-wpil-monitor-id=\"8644\">data sharing through the entire company<\/a>. Thus, all aspects connect well. As a result, the business becomes more efficient and gains more profits. It helps the business maintain control. It enables the company to take better account of its operation and become more compliant.<\/p>\n\n\n\n<p>Die F\u00e4higkeit, mit pl\u00f6tzlichen Ver\u00e4nderungen umzugehen, ist ein weiterer entscheidender Erfolgsfaktor. Dinge \u00e4ndern sich st\u00e4ndig. Insbesondere innerhalb der Lieferkette k\u00f6nnen viele H\u00fcrden auftreten. Wenn sich das Unternehmen an diese Ver\u00e4nderungen anpassen kann, kann es erfolgreich sein.<\/p>\n\n\n\n<h2 class=\"wp-block-heading\">\u00dcber Supply Chain Market Research<\/h2>\n\n\n\n<p>For best results, <a href=\"https:\/\/www.sisinternational.com\/de\/weltweit-fuhrendes-unternehmen-fur-quantitative-marktforschung\/\" title=\"Weltweit f\u00fchrendes Unternehmen f\u00fcr quantitative Marktforschung\"  data-wpil-monitor-id=\"8647\">companies need to do Quantitative<\/a>, Qualitative, and Strategy Research. This research can be in the form of interviews, surveys, or focus groups.<\/p>\n\n\n\n<p>Supply <a href=\"https:\/\/www.sisinternational.com\/de\/losungen\/reise-tourismus-und-gastgewerbeberatung\/marktforschung-fur-hotelketten\/\" title=\"Marktforschung f\u00fcr Hotelketten\"  data-wpil-monitor-id=\"3016\">Chain market research<\/a> is vital for businesses wishing to maximize profits. It provides insight into risks and ways to improve the process. These insights also help avoid losses.<\/p>\n\n\n\n<p><\/p>","protected":false},"excerpt":{"rendered":"<p>Lieferketten spielen in der Wirtschaft eines Landes eine entscheidende Rolle. In Gesellschaften mit gut entwickelten Lieferketten ist das Marktwachstum h\u00f6her.<\/p>","protected":false},"author":1,"featured_media":63816,"parent":14567,"menu_order":24,"comment_status":"closed","ping_status":"closed","template":"","meta":{"footnotes":""},"class_list":["post-39617","page","type-page","status-publish","has-post-thumbnail"],"_links":{"self":[{"href":"https:\/\/www.sisinternational.com\/de\/wp-json\/wp\/v2\/pages\/39617","targetHints":{"allow":["GET"]}}],"collection":[{"href":"https:\/\/www.sisinternational.com\/de\/wp-json\/wp\/v2\/pages"}],"about":[{"href":"https:\/\/www.sisinternational.com\/de\/wp-json\/wp\/v2\/types\/page"}],"author":[{"embeddable":true,"href":"https:\/\/www.sisinternational.com\/de\/wp-json\/wp\/v2\/users\/1"}],"replies":[{"embeddable":true,"href":"https:\/\/www.sisinternational.com\/de\/wp-json\/wp\/v2\/comments?post=39617"}],"version-history":[{"count":6,"href":"https:\/\/www.sisinternational.com\/de\/wp-json\/wp\/v2\/pages\/39617\/revisions"}],"predecessor-version":[{"id":81449,"href":"https:\/\/www.sisinternational.com\/de\/wp-json\/wp\/v2\/pages\/39617\/revisions\/81449"}],"up":[{"embeddable":true,"href":"https:\/\/www.sisinternational.com\/de\/wp-json\/wp\/v2\/pages\/14567"}],"wp:featuredmedia":[{"embeddable":true,"href":"https:\/\/www.sisinternational.com\/de\/wp-json\/wp\/v2\/media\/63816"}],"wp:attachment":[{"href":"https:\/\/www.sisinternational.com\/de\/wp-json\/wp\/v2\/media?parent=39617"}],"curies":[{"name":"wp","href":"https:\/\/api.w.org\/{rel}","templated":true}]}}