{"id":39615,"date":"2021-12-31T01:13:59","date_gmt":"2021-12-31T01:13:59","guid":{"rendered":"https:\/\/www.sisinternational.com\/?page_id=39615"},"modified":"2026-01-26T17:04:46","modified_gmt":"2026-01-26T22:04:46","slug":"strategische-beschaffung","status":"publish","type":"page","link":"https:\/\/www.sisinternational.com\/de\/losungen\/strategieberatung\/strategische-beschaffung\/","title":{"rendered":"Strategische Beschaffungsberatung"},"content":{"rendered":"<h1 class=\"wp-block-heading\">Strategische Beschaffungsberatung<\/h1>\n\n\n\n<figure class=\"gb-block-image gb-block-image-616ad5d3\"><img loading=\"lazy\" decoding=\"async\" width=\"1456\" height=\"816\" class=\"gb-image gb-image-616ad5d3\" src=\"https:\/\/www.sisinternational.com\/wp-content\/uploads\/2025\/08\/Strategy-consulting-25.jpg\" alt=\"SIS International Marktforschung &amp; Strategie\" title=\"Strategy consulting (25)\" srcset=\"https:\/\/www.sisinternational.com\/wp-content\/uploads\/2025\/08\/Strategy-consulting-25.jpg 1456w, https:\/\/www.sisinternational.com\/wp-content\/uploads\/2025\/08\/Strategy-consulting-25-300x168.jpg 300w, https:\/\/www.sisinternational.com\/wp-content\/uploads\/2025\/08\/Strategy-consulting-25-1024x574.jpg 1024w, https:\/\/www.sisinternational.com\/wp-content\/uploads\/2025\/08\/Strategy-consulting-25-768x430.jpg 768w, https:\/\/www.sisinternational.com\/wp-content\/uploads\/2025\/08\/Strategy-consulting-25-18x10.jpg 18w\" sizes=\"auto, (max-width: 1456px) 100vw, 1456px\"><\/figure>\n\n\n\n<p><\/p>\n\n\n\n<h2 class=\"wp-block-heading\">Was ist strategische Beschaffung?<\/h2>\n\n\n\n<p>Strategisches Sourcing ist eine M\u00f6glichkeit, die Kosten f\u00fcr alle Kapitalformen zu senken. Es reduziert Risiken durch eine bessere Lieferkette und steigert die Preise. Es versucht auch, die Sichtbarkeit vorherzusagen. Dar\u00fcber hinaus ber\u00fccksichtigt strategisches Sourcing Aspekte wie Vertragsverhandlungen und die Lieferkette. Es befasst sich auch mit Outsourcing-Modellen.<\/p>\n\n\n\n<p>Strategic sourcing is another way to connect your buying power with your strategy. It\u2019s not the same as regular sourcing. That model includes looking for a supplier based on external factors like price and region. Further, the collection of data and supplier estimates are part of the strategic sourcing process. The process enables <a href=\"https:\/\/www.sisinternational.com\/de\/veroffentlichungen\/skalierbare-geschaftsmarktforschung-7-moglichkeiten-zum-aufbau-eines-skalierbaren-geschafts\/\" title=\"Marktforschung f\u00fcr skalierbare Unternehmen: 7 M\u00f6glichkeiten zum Aufbau eines skalierbaren Unternehmens\"  data-wpil-monitor-id=\"9491\">businesses to build<\/a> a close bond with their suppliers. It also allows them to do checkups with <a href=\"https:\/\/www.sisinternational.com\/de\/sachverstand\/branchen\/deep-learning-marktforschung\/\" title=\"Deep Learning Marktforschung\"  data-wpil-monitor-id=\"9485\">deep market research<\/a>. These checkups measure performance and match exact sourcing needs.<\/p>\n\n\n\n<h2 class=\"wp-block-heading\">Warum ist strategische Beschaffungsberatung wichtig?<\/h2>\n\n\n\n<h3 class=\"wp-block-heading\">Lieferantenpartnerschaften<\/h3>\n\n\n\n<p>Wenn Sie ber\u00fccksichtigen, wozu Lieferanten in der Lage sind, er\u00f6ffnen sich neue M\u00f6glichkeiten. So k\u00f6nnen Sie engere Beziehungen zu Lieferanten aufbauen. Dar\u00fcber hinaus kann ein Lieferant Einfluss auf die Kaufentscheidungen und Meinungen eines Kunden haben. Dennoch werden sie selten f\u00fcr auftretende Fehler oder Qualit\u00e4tsprobleme haftbar gemacht. Strategische Beschaffung bietet ein h\u00f6heres Ma\u00df an Klarheit. Engere Beziehungen erm\u00f6glichen schnellere Lieferzeiten und mehr Konsistenz, was zu einem qualitativ hochwertigeren Produkt\/Service f\u00fchrt. Auch bei Vertragsverhandlungen gibt es mehr Spielraum. Durch die Verkn\u00fcpfung der Priorit\u00e4ten von Lieferant und K\u00e4ufer bietet strategische Beschaffung einen Wettbewerbsvorteil.<\/p>\n\n\n\n<h3 class=\"wp-block-heading\">Risikomanagement<\/h3>\n\n\n\n<p>Strategisches Sourcing senkt das Versorgungsrisiko auf eine Weise, die \u00fcber eine rechtliche Pr\u00fcfung hinausgeht. Tats\u00e4chlich f\u00fchren viele Unternehmen ein Vorpr\u00fcfungsverfahren durch, um die finanzielle Lage eines Lieferanten zu beurteilen. Dennoch sind auch andere Risiken zu ber\u00fccksichtigen.<\/p>\n\n\n\n<h3 class=\"wp-block-heading\">Kosten reduzieren<\/h3>\n\n\n\n<p>Strategic sourcing can save your money in various ways and have a big impact on your bottom line. Another key point is that <a href=\"https:\/\/www.sisinternational.com\/de\/losungen\/fintech-strategieberatung-forschung\/kosten-nutzen-analyse-marktforschung\/\" title=\"Kosten-Nutzen-Analyse Marktforschung\"  data-wpil-monitor-id=\"9489\">cost reduction yields direct benefits<\/a> and frees up resources. It enables you to build your firm and focus on profit.<\/p>\n\n\n\n<h2 class=\"wp-block-heading\">Wichtige Berufsbezeichnung<\/h2>\n\n\n\n<h3 class=\"wp-block-heading\">Experten f\u00fcr strategische Beschaffung<\/h3>\n\n\n\n<p>Strategic sourcing experts are in charge of a company\u2019s supply chain. They gather, study, and report data from the supply chain. Also, they keep track of costs and logistics, and assess supplier performance. Predicting <a href=\"https:\/\/www.sisinternational.com\/de\/sachverstand\/branchen\/marktforschung-zum-klimawandel\/\" title=\"Marktforschung zum Klimawandel\"  data-wpil-monitor-id=\"9487\">changes in market<\/a> trends is also part of their job.<\/p>\n\n\n\n<h3 class=\"wp-block-heading\">Warum brauchen Unternehmen strategische Beschaffung?<\/h3>\n\n\n\n<p>Firms can profit from strategic sourcing in various ways, the most obvious of which is cost savings. Businesses can be sure that they are always getting huge cost savings by using this method. It\u2019s an excellent means of sourcing suppliers. It also lets you <a href=\"https:\/\/www.sisinternational.com\/de\/losungen\/strategieberatung\/markteintritts-machbarkeits-dimensionierungsstudien\/\" title=\"Markteintritts-, Machbarkeits- und Gr\u00f6\u00dfenstudien\"  data-wpil-monitor-id=\"9490\">study the shifting market<\/a>. It allows companies to align part sourcing with their business goals. This, in turn, boosts supply chain value and lowers the risk. What\u2019s more, you can match these business goals with the current best suppliers. Thus, you get high value at a low cost.<\/p>\n\n\n\n<h2 class=\"wp-block-heading\">Schl\u00fcsselfaktoren f\u00fcr den Erfolg<\/h2>\n\n\n\n<p>Es ist wichtig, Ihren strategischen Beschaffungsprozess zu verbessern. Hier sind die entscheidenden Schritte zur Verbesserung des strategischen Beschaffungsprozesses:<\/p>\n\n\n\n<ul class=\"wp-block-list\">\n<li>Ausgabenbereiche kennen<\/li>\n\n\n\n<li><a href=\"https:\/\/www.sisinternational.com\/de\/how-to-conduct-in-depth-interviews-for-market-insights\/\" title=\"So f\u00fchren Sie ausf\u00fchrliche Interviews durch, um Markteinblicke zu gewinnen\"  data-wpil-monitor-id=\"9492\">Conducting a supply market<\/a> check<\/li>\n\n\n\n<li>Studieren Sie Ihre aktuelle Strategie<\/li>\n\n\n\n<li>Building a <a href=\"https:\/\/www.sisinternational.com\/de\/losungen\/sis-globales-wachstum\/strategische-planungsberatung\/\" title=\"Strategische Planungsberatung\"  data-wpil-monitor-id=\"6376\">strategic sourcing plan<\/a><\/li>\n\n\n\n<li>Auswahl eines Lieferanten<\/li>\n\n\n\n<li>Beginn des RFQ-Prozesses<\/li>\n\n\n\n<li>Sorgen Sie f\u00fcr starke Lieferantenbeziehungen<\/li>\n<\/ul>\n\n\n\n<h2 class=\"wp-block-heading\">\u00dcber Strategic Sourcing Consulting<\/h2>\n\n\n\n<p>Qualitativ <a href=\"https:\/\/www.sisinternational.com\/de\/welt-autismus-tag\/\" title=\"Marktforschungsstudien zum Thema Autismus\"  data-wpil-monitor-id=\"9488\">research aids in studying<\/a> buyer habits and shows the reasons for product buybacks. Quantitative research gives us facts and figures on your clients\u2019 buying patterns. Also, by doing strategy research, we help you save money and ensure your firm\u2019s growth. We also do live interviews and surveys. We also host focus groups, one of the most <a href=\"https:\/\/www.sisinternational.com\/de\/how-to-conduct-effective-quantitative-market-research\/\" title=\"How to Conduct Effective Quantitative Market Research\"  data-wpil-monitor-id=\"9486\">effective market research<\/a> tools. This method is perfect for gathering in-depth information. Focus groups make clear the customers\u2019 actual points of view and ideas.<\/p>\n\n\n\n<p><\/p>","protected":false},"excerpt":{"rendered":"<p>Strategische Beschaffungsberatung senkt die Kosten aller Kapitalformen. Sie reduziert Risiken durch eine bessere Lieferkette und steigert die Preise.<\/p>","protected":false},"author":1,"featured_media":62559,"parent":14567,"menu_order":23,"comment_status":"closed","ping_status":"closed","template":"","meta":{"_uag_custom_page_level_css":"","footnotes":""},"class_list":["post-39615","page","type-page","status-publish","has-post-thumbnail"],"uagb_featured_image_src":{"full":["https:\/\/www.sisinternational.com\/wp-content\/uploads\/2025\/08\/Strategy-consulting-25.jpg",1456,816,false],"thumbnail":["https:\/\/www.sisinternational.com\/wp-content\/uploads\/2025\/08\/Strategy-consulting-25-150x150.jpg",150,150,true],"medium":["https:\/\/www.sisinternational.com\/wp-content\/uploads\/2025\/08\/Strategy-consulting-25-300x168.jpg",300,168,true],"medium_large":["https:\/\/www.sisinternational.com\/wp-content\/uploads\/2025\/08\/Strategy-consulting-25-768x430.jpg",768,430,true],"large":["https:\/\/www.sisinternational.com\/wp-content\/uploads\/2025\/08\/Strategy-consulting-25-1024x574.jpg",1024,574,true],"1536x1536":["https:\/\/www.sisinternational.com\/wp-content\/uploads\/2025\/08\/Strategy-consulting-25.jpg",1456,816,false],"2048x2048":["https:\/\/www.sisinternational.com\/wp-content\/uploads\/2025\/08\/Strategy-consulting-25.jpg",1456,816,false],"trp-custom-language-flag":["https:\/\/www.sisinternational.com\/wp-content\/uploads\/2025\/08\/Strategy-consulting-25-18x10.jpg",18,10,true]},"uagb_author_info":{"display_name":"Ruth Stanat","author_link":"https:\/\/www.sisinternational.com\/de\/author\/expert\/"},"uagb_comment_info":0,"uagb_excerpt":"Strategic sourcing consulting lowers costs across all forms of capital. It reduces risks through a better supply chain and boosts prices.","_links":{"self":[{"href":"https:\/\/www.sisinternational.com\/de\/wp-json\/wp\/v2\/pages\/39615","targetHints":{"allow":["GET"]}}],"collection":[{"href":"https:\/\/www.sisinternational.com\/de\/wp-json\/wp\/v2\/pages"}],"about":[{"href":"https:\/\/www.sisinternational.com\/de\/wp-json\/wp\/v2\/types\/page"}],"author":[{"embeddable":true,"href":"https:\/\/www.sisinternational.com\/de\/wp-json\/wp\/v2\/users\/1"}],"replies":[{"embeddable":true,"href":"https:\/\/www.sisinternational.com\/de\/wp-json\/wp\/v2\/comments?post=39615"}],"version-history":[{"count":6,"href":"https:\/\/www.sisinternational.com\/de\/wp-json\/wp\/v2\/pages\/39615\/revisions"}],"predecessor-version":[{"id":81584,"href":"https:\/\/www.sisinternational.com\/de\/wp-json\/wp\/v2\/pages\/39615\/revisions\/81584"}],"up":[{"embeddable":true,"href":"https:\/\/www.sisinternational.com\/de\/wp-json\/wp\/v2\/pages\/14567"}],"wp:featuredmedia":[{"embeddable":true,"href":"https:\/\/www.sisinternational.com\/de\/wp-json\/wp\/v2\/media\/62559"}],"wp:attachment":[{"href":"https:\/\/www.sisinternational.com\/de\/wp-json\/wp\/v2\/media?parent=39615"}],"curies":[{"name":"wp","href":"https:\/\/api.w.org\/{rel}","templated":true}]}}