{"id":39613,"date":"2021-12-31T01:10:49","date_gmt":"2021-12-31T01:10:49","guid":{"rendered":"https:\/\/www.sisinternational.com\/?page_id=39613"},"modified":"2026-01-27T16:32:52","modified_gmt":"2026-01-27T21:32:52","slug":"opportunity-mapping-marktforschung","status":"publish","type":"page","link":"https:\/\/www.sisinternational.com\/de\/losungen\/strategieberatung\/opportunity-mapping-marktforschung\/","title":{"rendered":"Opportunity Mapping Marktforschung"},"content":{"rendered":"<h1 class=\"wp-block-heading\">Opportunity Mapping Marktforschung<\/h1>\n\n\n\n<figure class=\"gb-block-image gb-block-image-d7f4c654\"><img loading=\"lazy\" decoding=\"async\" width=\"1456\" height=\"816\" class=\"gb-image gb-image-d7f4c654\" src=\"https:\/\/www.sisinternational.com\/wp-content\/uploads\/2025\/08\/Desk-research-33.jpg\" alt=\"SIS International Marktforschung &amp; Strategie\" title=\"Desk research 33\" srcset=\"https:\/\/www.sisinternational.com\/wp-content\/uploads\/2025\/08\/Desk-research-33.jpg 1456w, https:\/\/www.sisinternational.com\/wp-content\/uploads\/2025\/08\/Desk-research-33-300x168.jpg 300w, https:\/\/www.sisinternational.com\/wp-content\/uploads\/2025\/08\/Desk-research-33-1024x574.jpg 1024w, https:\/\/www.sisinternational.com\/wp-content\/uploads\/2025\/08\/Desk-research-33-768x430.jpg 768w, https:\/\/www.sisinternational.com\/wp-content\/uploads\/2025\/08\/Desk-research-33-18x10.jpg 18w\" sizes=\"auto, (max-width: 1456px) 100vw, 1456px\"><\/figure>\n\n\n\n<p><\/p>\n\n\n\n<p><span style=\"font-weight: 400;\">Haben Sie sich schon einmal gefragt, wie Unternehmen in einem sich st\u00e4ndig weiterentwickelnden Marktumfeld neue Chancen erkennen und nutzen k\u00f6nnen? Der Schl\u00fcssel zur Erschlie\u00dfung dieses Potenzials ist die Opportunity-Mapping-Marktforschung. <\/span><\/p>\n\n\n\n<h2 class=\"wp-block-heading\">Was ist Opportunity Mapping?<\/h2>\n\n\n\n<p><span style=\"font-weight: 400;\">Opportunity-Mapping-Marktforschung ist ein strategischer Ansatz, der verschiedene Analysetechniken kombiniert, um potenzielle Bereiche f\u00fcr Gesch\u00e4ftswachstum und -entwicklung zu identifizieren. Diese Methode umfasst die Analyse von Marktdaten, Verbraucherverhalten, Branchentrends und Wettbewerbslandschaften, um unerforschte oder unterausgenutzte Marktsegmente zu identifizieren.<\/span><\/p>\n\n\n\n<p><span style=\"font-weight: 400;\">Es geht darum, die Bereiche zu verstehen, die von bestehenden Unternehmen nicht oder nur unzureichend abgedeckt werden. Dieser Prozess geht \u00fcber traditionelle Methoden der Marktforschung hinaus, die sich h\u00e4ufig auf die aktuelle Kundenzufriedenheit und Produktleistung konzentrieren. Stattdessen sucht dieser Ansatz proaktiv nach neuen Wegen f\u00fcr Innovation und Expansion.<\/span><\/p>\n\n\n\n<p><span style=\"font-weight: 400;\">Diese Art der Marktforschung umfasst in der Regel eine gr\u00fcndliche Analyse sowohl interner als auch externer Faktoren. Intern werden die St\u00e4rken, Schw\u00e4chen und einzigartigen F\u00e4higkeiten eines Unternehmens untersucht. Extern werden Marktdynamik, aufkommende Trends, technologische Fortschritte und Ver\u00e4nderungen der Verbraucherpr\u00e4ferenzen untersucht. Dieser doppelte Fokus erm\u00f6glicht es Unternehmen, ihre internen Ressourcen und Kompetenzen mit externen M\u00f6glichkeiten in Einklang zu bringen.<\/span><\/p>\n\n\n\n<h2 class=\"wp-block-heading\">Warum ist Opportunity Mapping wichtig?<\/h2>\n\n\n\n<p>Um erfolgreich zu sein, m\u00fcssen Sie erkennen k\u00f6nnen, was der Markt braucht. Sie m\u00fcssen au\u00dferdem der Masse immer einen Schritt voraus sein und die Bed\u00fcrfnisse der Kunden erf\u00fcllen, bevor es Ihre Konkurrenten tun. Wenn ein Unternehmen ein Ziel hat, das es erreichen m\u00f6chte, ist es entscheidend zu wissen, wie es dieses Ziel erreichen kann. Opportunity Mapping erm\u00f6glicht es, dass diese Dinge passieren, und zwar erfolgreich. Es hilft Unternehmen, die besten Wege zu finden, um die Ziele zu erreichen, die sie erreichen m\u00f6chten. Es tr\u00e4gt zum Erfolg des Unternehmens bei. Es hilft auch dabei, dem Markt immer einen Schritt voraus zu sein, alte Kunden zufrieden zu stellen und neue zu gewinnen.<\/p>\n\n\n\n<p><span style=\"font-weight: 400;\">Opportunity <a href=\"https:\/\/www.sisinternational.com\/de\/sachverstand\/branchen\/heatmap-marktforschung\/\" title=\"Heatmap-Marktforschung\"  data-wpil-monitor-id=\"3101\">mapping market research<\/a> helps businesses identify emerging trends and unmet consumer needs. Moreover, this research methodology aids in risk mitigation because by analyzing market trends and forecasting future scenarios, businesses can make more informed decisions and avoid costly mistakes. It also helps in identifying potential roadblocks and market shifts that could impact business operations, allowing companies to develop contingency plans and adapt their strategies accordingly.<\/span><\/p>\n\n\n\n<h2 class=\"wp-block-heading\">Also \u2026 warum brauchen Unternehmen Opportunity Mapping?<\/h2>\n\n\n\n<p>Unternehmen m\u00fcssen die H\u00f6hen und Tiefen des Marktes \u00fcberstehen. Ihr \u00dcberleben besteht darin, Risiken einzugehen und gleichzeitig die Kunden zufriedenzustellen. Es besteht auch darin, die Ziele zu erreichen, die sich das Unternehmen gesetzt hat. Unternehmen ben\u00f6tigen detaillierte Pl\u00e4ne der vorhandenen M\u00f6glichkeiten.<\/p>\n\n\n\n<p>Diese Pl\u00e4ne helfen ihnen, zum Erfolg zu gelangen. Ohne Opportunity Mapping m\u00fcssen Unternehmen den Prozess von Versuch und Irrtum durchlaufen. Dieser Weg f\u00fchrt zu Geld-, Ressourcen- und Zeitverschwendung. Sie verpassen auch gute M\u00f6glichkeiten, ihre Ziele zu erreichen, die mit blo\u00dfem Auge nicht erkennbar sind. Ein gutes Unternehmen muss wissen, was auf dem Markt um es herum vor sich geht. Es kann die Dinge nicht dem Zufall \u00fcberlassen, deshalb braucht es diese Strategie.<\/p>\n\n\n\n<h2 class=\"wp-block-heading\"><span style=\"font-weight: 400;\"><strong>Vorteile der Opportunity Mapping Marktforschung<\/strong><\/span><\/h2>\n\n\n\n<figure class=\"gb-block-image gb-block-image-a23eba56\"><img loading=\"lazy\" decoding=\"async\" width=\"1456\" height=\"816\" class=\"gb-image gb-image-a23eba56\" src=\"https:\/\/www.sisinternational.com\/wp-content\/uploads\/2025\/08\/Desk-research-7.jpg\" alt=\"SIS International Marktforschung &amp; Strategie\" title=\"Desk research (7)\" srcset=\"https:\/\/www.sisinternational.com\/wp-content\/uploads\/2025\/08\/Desk-research-7.jpg 1456w, https:\/\/www.sisinternational.com\/wp-content\/uploads\/2025\/08\/Desk-research-7-300x168.jpg 300w, https:\/\/www.sisinternational.com\/wp-content\/uploads\/2025\/08\/Desk-research-7-1024x574.jpg 1024w, https:\/\/www.sisinternational.com\/wp-content\/uploads\/2025\/08\/Desk-research-7-768x430.jpg 768w, https:\/\/www.sisinternational.com\/wp-content\/uploads\/2025\/08\/Desk-research-7-18x10.jpg 18w\" sizes=\"auto, (max-width: 1456px) 100vw, 1456px\"><\/figure>\n\n\n\n<p><\/p>\n\n\n\n<p><span style=\"font-weight: 400;\"><a href=\"https:\/\/www.sisinternational.com\/de\/der-afrikanische-markt-im-wandel\/\" title=\"Marktchancenforschung in Afrika\"  data-wpil-monitor-id=\"7244\">Opportunity mapping market research<\/a> offers several benefits that can significantly enhance a business&#8217;s potential for growth and success. These benefits span various dimensions of business operations and strategic planning, making it a vital tool for companies looking to thrive in competitive markets.<\/span><\/p>\n\n\n\n<p><b>\u2022 Identifizierung unerschlossener M\u00e4rkte: <\/b><span style=\"font-weight: 400;\">Einer der Hauptvorteile der Opportunity-Mapping-Marktforschung besteht darin, dass sie unerschlossene Marktsegmente aufdecken kann. Durch die Identifizierung dieser \u201ewei\u00dfen Flecken\u201c k\u00f6nnen Unternehmen neue Expansionsbereiche erschlie\u00dfen, was potenziell zu gr\u00f6\u00dferen Marktanteilen und Einnahmequellen f\u00fchren kann.<\/span><\/p>\n\n\n\n<p><b>\u2022 Innovation und Produktentwicklung:<\/b><span style=\"font-weight: 400;\"> Durch das Verst\u00e4ndnis neuer Trends und unerf\u00fcllter Kundenbed\u00fcrfnisse k\u00f6nnen Unternehmen ihre Innovations- und Produktentwicklungsanstrengungen effektiver fokussieren.<\/span><\/p>\n\n\n\n<p><b>\u2022 Wettbewerbsvorteil:<\/b><span style=\"font-weight: 400;\"> Businesses that engage in <a href=\"https:\/\/www.sisinternational.com\/de\/valentinstag-so-kann-ihr-unternehmen-die-liebe-spuren\/\" title=\"Marktforschung zum Valentinstag: So kann Ihr Unternehmen die Liebe sp\u00fcren\"  data-wpil-monitor-id=\"7393\">Opportunity-Mapping-Marktforschung<\/a> often gain a competitive edge. This approach allows them to be proactive rather than reactive, positioning them as market leaders rather than followers.<\/span><\/p>\n\n\n\n<p><b>\u2022 Strategische Ausrichtung und Ressourcenoptimierung: <\/b><span style=\"font-weight: 400;\">Diese Forschungsmethode hilft dabei, die Strategie eines Unternehmens an die Marktchancen anzupassen. Wenn Unternehmen verstehen, wo die gr\u00f6\u00dften Chancen liegen, k\u00f6nnen sie ihre Ressourcenzuweisung optimieren und Zeit, Aufwand und Investitionen auf Bereiche konzentrieren, die die h\u00f6chste Rendite bieten.<\/span><\/p>\n\n\n\n<h2 class=\"wp-block-heading\"><span style=\"font-weight: 400;\"><strong>Wann sollte eine Opportunity-Mapping-Marktforschung durchgef\u00fchrt werden?<\/strong><\/span><\/h2>\n\n\n\n<p><span style=\"font-weight: 400;\">Um die Wirksamkeit einer Opportunity Mapping-Marktforschung zu maximieren, ist es entscheidend, den richtigen Zeitpunkt f\u00fcr die Durchf\u00fchrung zu bestimmen. W\u00e4hrend der Bedarf an dieser Forschung je nach Unternehmen und Branche unterschiedlich sein kann, gibt es bestimmte Szenarien, in denen ihre Anwendung besonders vorteilhaft ist.<\/span><\/p>\n\n\n\n<p><b>\u2022 Vor der Einf\u00fchrung eines neuen Produkts oder einer neuen Dienstleistung:<\/b> Bevor Sie ein neues Produkt oder eine neue Dienstleistung auf den Markt bringen, m\u00fcssen Sie die potenziellen Chancen und Herausforderungen verstehen. Durch Marktforschung zur Chancenanalyse k\u00f6nnen Sie Marktl\u00fccken identifizieren, die Reaktion der Verbraucher vorhersagen und das Produkt verfeinern, um die Kundenbed\u00fcrfnisse besser zu erf\u00fcllen.<\/p>\n\n\n\n<p><b>\u2022 W\u00e4hrend der strategischen Planung:<\/b><span style=\"font-weight: 400;\"> Bei der Entwicklung oder \u00dcberarbeitung einer Gesch\u00e4ftsstrategie kann diese Untersuchung wertvolle Erkenntnisse liefern. Sie hilft dabei, die Gesch\u00e4ftsstrategie an die Marktchancen anzupassen und stellt sicher, dass sich das Unternehmen auf die lukrativsten und vielversprechendsten Bereiche konzentriert.<\/span><\/p>\n\n\n\n<p><b>\u2022 Beim Eintritt in neue M\u00e4rkte: <\/b>Expanding into new geographical or demographic markets is a significant move that requires careful <a href=\"https:\/\/www.sisinternational.com\/de\/sachverstand\/branchen\/halbleitermarktforschung\/\" title=\"Halbleitermarktforschung\"  data-wpil-monitor-id=\"4913\">Forschung<\/a>. Research can reveal the nuances of these new markets, providing a clearer picture of the opportunities and risks involved.<\/span><\/p>\n\n\n\n<p><b>\u2022 F\u00fcr die Wettbewerbsanalyse: <\/b><span style=\"font-weight: 400;\">Durch die Marktforschung zur Opportunity-Mapping lassen sich Bereiche identifizieren, in denen Wettbewerber den Markt nicht effektiv bedienen. So werden M\u00f6glichkeiten zur Differenzierung und f\u00fcr Wettbewerbsvorteile aufgezeigt.<\/span><\/p>\n\n\n\n<p><b>\u2022 Bei stagnierendem Wachstum:<\/b><span style=\"font-weight: 400;\"> Wenn ein Unternehmen stagnierendes Wachstum oder sinkende Ums\u00e4tze verzeichnet, k\u00f6nnen mithilfe dieser Untersuchung neue Bereiche f\u00fcr Expansion oder Verbesserung identifiziert und so zur Neubelebung des Unternehmens beigetragen werden.<\/span><\/p>\n\n\n\n<p><b>\u2022 Bei der Suche nach Investitionen: <\/b><span style=\"font-weight: 400;\">F\u00fcr Unternehmen, die Investoren anziehen m\u00f6chten, kann diese Untersuchung \u00fcberzeugende Beweise f\u00fcr potenzielle Wachstumschancen liefern und das Unternehmen so f\u00fcr potenzielle Investoren attraktiver machen.<\/span><\/p>\n\n\n\n<h2 class=\"wp-block-heading\"><span style=\"font-weight: 400;\"><strong>Chancen in der Opportunity Mapping Marktforschung<\/strong><\/span><\/h2>\n\n\n\n<p><span style=\"font-weight: 400;\">Die Landschaft der Opportunity-Mapping-Marktforschung bietet zahlreiche Chancen f\u00fcr Unternehmen in verschiedenen Branchen. Durch die effektive Nutzung dieser Forschung k\u00f6nnen Unternehmen neue Wachstumsbereiche entdecken, ihre Produkte und Dienstleistungen erneuern und der Konkurrenz einen Schritt voraus sein. Hier sind einige der wichtigsten Chancen, die diese Marktforschung f\u00fcr Unternehmen er\u00f6ffnet:<\/span><\/p>\n\n\n\n<p><b>\u2022 Innovation und Produktentwicklung: <\/b><span style=\"font-weight: 400;\">Eine der gr\u00f6\u00dften Chancen liegt im Bereich der Produkt- und Serviceinnovation. Marktforschung kann Marktl\u00fccken aufdecken, sodass Unternehmen neue Produkte entwickeln oder bestehende verbessern k\u00f6nnen, um unbefriedigte Kundenbed\u00fcrfnisse zu erf\u00fcllen.<\/span><\/p>\n\n\n\n<p><b>\u2022 Markterweiterung: <\/b>This research can identify <a href=\"https:\/\/www.sisinternational.com\/de\/abdeckung\/die-amerikaner\/marktforschung-in-lateinamerika-2\/marktforschung-costa-rica\/\" title=\"Marktforschung in Costa Rica\"  data-wpil-monitor-id=\"4935\">Gelegenheiten<\/a> for businesses to expand into new markets or segments.<\/span><\/p>\n\n\n\n<p><b>\u2022 Verbessertes Kundenerlebnis: <\/b><span style=\"font-weight: 400;\">Durch ein tieferes Verst\u00e4ndnis der Kundenbed\u00fcrfnisse und -pr\u00e4ferenzen k\u00f6nnen Unternehmen ihre Angebote anpassen, um die Kundenzufriedenheit und -treue zu erh\u00f6hen.<\/span><\/p>\n\n\n\n<p><b>\u2022 Wettbewerbsvorteil: <\/b><span style=\"font-weight: 400;\">Durch die fr\u00fchzeitige Erkennung neuer Chancen sind Unternehmen in der Lage, vor ihren Mitbewerbern zu agieren und sich so einen Vorteil als Vorreiter zu verschaffen.<\/span><\/p>\n\n\n\n<p><b>\u2022 Anpassungsf\u00e4higkeit an Marktver\u00e4nderungen:<\/b><span style=\"font-weight: 400;\"> Diese Art der Marktforschung hilft Unternehmen, anpassungsf\u00e4higer und reaktionsschneller auf Marktver\u00e4nderungen zu werden. Durch die kontinuierliche \u00dcberwachung von Markttrends und Verbraucherverhalten k\u00f6nnen Unternehmen ihre Strategien schnell an neue Chancen oder Bedrohungen anpassen.<\/span><\/p>\n\n\n\n<p><b>\u2022 Datengesteuerte Entscheidungsfindung: <\/b><span style=\"font-weight: 400;\">Opportunity mapping and <\/span>market research equip<span style=\"font-weight: 400;\"> businesses with data-driven insights, enhancing the decision-making process. Companies can make more informed strategic choices, reducing risks and increasing the likelihood of success.<\/span><\/p>\n\n\n\n<h2 class=\"wp-block-heading\"><span style=\"font-weight: 400;\"><strong>Herausforderungen der Opportunity Mapping Marktforschung<\/strong><\/span><\/h2>\n\n\n\n<p><span style=\"font-weight: 400;\"><a href=\"https:\/\/www.sisinternational.com\/de\/der-datenschatz-der-sozialen-netzwerke-fur-marketingforscher\/\" title=\"Marktforschung zu sozialen Netzwerken: Chancen und Herausforderungen\"  data-wpil-monitor-id=\"2701\">Opportunity mapping market research has some challenges<\/a> that businesses need to navigate. Here are some of the key challenges:<\/span><\/p>\n\n\n\n<p><b>\u2022 Sich rasch \u00e4ndernde Marktdynamik: <\/b><span style=\"font-weight: 400;\">Die Schnelllebigkeit moderner M\u00e4rkte f\u00fchrt dazu, dass heute erkannte Chancen morgen schon \u00fcberholt sein k\u00f6nnen. Mit diesen schnellen Ver\u00e4nderungen Schritt zu halten und die Forschung st\u00e4ndig auf dem neuesten Stand zu halten, kann f\u00fcr Unternehmen eine gewaltige Aufgabe sein.<\/span><\/p>\n\n\n\n<p><b>\u2022 Genauigkeit und Zuverl\u00e4ssigkeit der Daten:<\/b><span style=\"font-weight: 400;\"> Eine weitere Herausforderung besteht darin, die Genauigkeit und Zuverl\u00e4ssigkeit der erfassten Daten sicherzustellen. Ungenaue oder verzerrte Daten k\u00f6nnen zu fehlgeleiteten Strategien und schlechten Gesch\u00e4ftsentscheidungen f\u00fchren.<\/span><\/p>\n\n\n\n<p><b>\u2022 Risiko einer Fehlinterpretation: <\/b><span style=\"font-weight: 400;\">Es besteht immer das Risiko einer Fehlinterpretation der Daten oder Trends, was dazu f\u00fchren kann, dass die falschen Chancen verfolgt werden. Dies unterstreicht die Notwendigkeit erfahrener Analysten, die Marktforschungsergebnisse genau interpretieren k\u00f6nnen.<\/span><\/p>\n\n\n\n<p><b>\u2022 Aufrechterhaltung eines Gleichgewichts zwischen laufenden Aktivit\u00e4ten und neuen M\u00f6glichkeiten:<\/b><span style=\"font-weight: 400;\"> Unternehmen m\u00fcssen ein Gleichgewicht zwischen der Nutzung neuer Chancen und der Aufrechterhaltung ihres Kerngesch\u00e4fts finden. Eine \u00dcberbetonung eines der beiden Aspekte kann zu verpassten Chancen oder betrieblichen Ineffizienzen f\u00fchren.<\/span><\/p>\n\n\n\n<h2 class=\"wp-block-heading\">Wichtige Berufsbezeichnungen<\/h2>\n\n\n\n<p>Opportunity Mapping ist ein recht spezieller Bereich. Dennoch gibt es einige Jobs in diesem Bereich. Viele dieser Jobs erfordern einen Bachelor-Abschluss in Marketing, Forschung oder Analytik. Einige andere verwandte Bereiche sind Statistik, Wirtschaft, Betriebswirtschaft und IT. Zu den wichtigsten Berufen geh\u00f6ren:<\/p>\n\n\n\n<ul class=\"wp-block-list\">\n<li>Marktforschungsanalyst<\/li>\n\n\n\n<li>Marktforscher<\/li>\n\n\n\n<li>Daten Analyst<\/li>\n\n\n\n<li>Datenwissenschaftler<\/li>\n<\/ul>\n\n\n\n<h2 class=\"wp-block-heading\">Schl\u00fcsselfaktoren f\u00fcr den Erfolg<\/h2>\n\n\n\n<p>Damit das Opportunity Mapping erfolgreich ist, muss es genau sein. Es ist wichtig, die richtigen Fragen zu stellen. Nur dann k\u00f6nnen Sie die Antworten erhalten, die das Unternehmen braucht.<\/p>\n\n\n\n<p>Ein weiterer Schl\u00fcssel zum Erfolg ist, genau zu wissen, wohin sich das Unternehmen entwickeln soll. Mit klar definierten Zielen lassen sich die besten Aussichten identifizieren. Die Analyse muss auch in der Lage sein, den Kundenstamm zu verstehen.<\/p>\n\n\n\n<p>Der letzte Schl\u00fcsselfaktor ist ein starkes Team. Dieses Team muss aus Leuten bestehen, die sich in Ihrer Branche gut auskennen. Das Feld erfordert qualifizierte, aufgeschlossene und gr\u00fcndliche Leute. Sie k\u00f6nnen Opportunity Mapping als Teil Ihrer Gesch\u00e4ftsabteilung haben. Sie k\u00f6nnen bei Bedarf auch Berater f\u00fcr die Durchf\u00fchrung einer Analyse beauftragen. Ein gutes Timing f\u00fcr die Suche nach Chancen ist ebenfalls entscheidend f\u00fcr den Erfolg.<\/p>\n\n\n\n<h2 class=\"wp-block-heading\">Informationen zu Opportunity Mapping<\/h2>\n\n\n\n<p>Opportunity Mapping umfasst eine Menge Forschung, darunter qualitative, quantitative und strategische Forschung. Diese Methoden bieten verschiedene M\u00f6glichkeiten, den Markt, die Kunden und die Wettbewerber zu verstehen. Qualitative Forschung geht in die Tiefe, w\u00e4hrend quantitative Forschung Statistiken und umfangreiche Daten liefert. Letztere kann in Form von Interviews, Umfragen und Fokusgruppen erfolgen. Sie kann auch Feldversuche und Beobachtungen nutzen.<\/p>\n\n\n\n<p><\/p>","protected":false},"excerpt":{"rendered":"<p>Entdecken Sie die Opportunity-Mapping-Forschung von SIS International, die strategische Einblicke zur Markterkundung und fundierten Entscheidungsfindung in unterschiedlichen Gesch\u00e4ftslandschaften bietet.<\/p>","protected":false},"author":1,"featured_media":62811,"parent":14567,"menu_order":22,"comment_status":"closed","ping_status":"closed","template":"","meta":{"footnotes":""},"class_list":["post-39613","page","type-page","status-publish","has-post-thumbnail"],"_links":{"self":[{"href":"https:\/\/www.sisinternational.com\/de\/wp-json\/wp\/v2\/pages\/39613","targetHints":{"allow":["GET"]}}],"collection":[{"href":"https:\/\/www.sisinternational.com\/de\/wp-json\/wp\/v2\/pages"}],"about":[{"href":"https:\/\/www.sisinternational.com\/de\/wp-json\/wp\/v2\/types\/page"}],"author":[{"embeddable":true,"href":"https:\/\/www.sisinternational.com\/de\/wp-json\/wp\/v2\/users\/1"}],"replies":[{"embeddable":true,"href":"https:\/\/www.sisinternational.com\/de\/wp-json\/wp\/v2\/comments?post=39613"}],"version-history":[{"count":9,"href":"https:\/\/www.sisinternational.com\/de\/wp-json\/wp\/v2\/pages\/39613\/revisions"}],"predecessor-version":[{"id":81036,"href":"https:\/\/www.sisinternational.com\/de\/wp-json\/wp\/v2\/pages\/39613\/revisions\/81036"}],"up":[{"embeddable":true,"href":"https:\/\/www.sisinternational.com\/de\/wp-json\/wp\/v2\/pages\/14567"}],"wp:featuredmedia":[{"embeddable":true,"href":"https:\/\/www.sisinternational.com\/de\/wp-json\/wp\/v2\/media\/62811"}],"wp:attachment":[{"href":"https:\/\/www.sisinternational.com\/de\/wp-json\/wp\/v2\/media?parent=39613"}],"curies":[{"name":"wp","href":"https:\/\/api.w.org\/{rel}","templated":true}]}}