{"id":39611,"date":"2021-12-31T01:07:20","date_gmt":"2021-12-31T01:07:20","guid":{"rendered":"https:\/\/www.sisinternational.com\/?page_id=39611"},"modified":"2026-01-24T16:45:15","modified_gmt":"2026-01-24T21:45:15","slug":"marktforschung-zur-einfuhrung-neuer-produkte","status":"publish","type":"page","link":"https:\/\/www.sisinternational.com\/de\/losungen\/strategieberatung\/marktforschung-zur-einfuhrung-neuer-produkte\/","title":{"rendered":"Forschung zur Einf\u00fchrung neuer Produkte"},"content":{"rendered":"<h1 class=\"wp-block-heading\">Forschung zur Einf\u00fchrung neuer Produkte<\/h1>\n\n\n\n<figure class=\"gb-block-image gb-block-image-8929a944\"><img loading=\"lazy\" decoding=\"async\" width=\"1456\" height=\"816\" class=\"gb-image gb-image-8929a944\" src=\"https:\/\/www.sisinternational.com\/wp-content\/uploads\/2025\/08\/Product-testing-2.jpg\" alt=\"SIS International Marktforschung &amp; Strategie\" title=\"Product testing (2)\" srcset=\"https:\/\/www.sisinternational.com\/wp-content\/uploads\/2025\/08\/Product-testing-2.jpg 1456w, https:\/\/www.sisinternational.com\/wp-content\/uploads\/2025\/08\/Product-testing-2-300x168.jpg 300w, https:\/\/www.sisinternational.com\/wp-content\/uploads\/2025\/08\/Product-testing-2-1024x574.jpg 1024w, https:\/\/www.sisinternational.com\/wp-content\/uploads\/2025\/08\/Product-testing-2-768x430.jpg 768w, https:\/\/www.sisinternational.com\/wp-content\/uploads\/2025\/08\/Product-testing-2-18x10.jpg 18w\" sizes=\"auto, (max-width: 1456px) 100vw, 1456px\"><\/figure>\n\n\n\n<p><\/p>\n\n\n\n<p>Markteinf\u00fchrung neuer Produkte: Marktforschung soll M\u00f6glichkeiten f\u00fcr die Entwicklung neuer Produkte aufdecken. Sie ermittelt, ob es sich lohnt, Ihre Produktideen in die Tat umzusetzen. Wenn es sich lohnt, erfahren Sie, wie Sie es am besten machen. Es geht nicht nur darum, was Ihre Konkurrenten tun, sondern auch darum, ob Ihre Zielgruppe bereit ist, Geld f\u00fcr Sie auszugeben.<\/p>\n\n\n\n<p>Mit einer Produkteinf\u00fchrung wird ein neuer Artikel oder eine neue Dienstleistung auf den Markt gebracht. Sie stellt sicher, dass alle Ihre Mitarbeiter und Zielkunden von Ihrem neuen Produkt erfahren.<\/p>\n\n\n\n<h2 class=\"wp-block-heading\">Was ist Marktforschung zur Einf\u00fchrung neuer Produkte?<\/h2>\n\n\n\n<p><span style=\"font-weight: 400;\">Marktforschung zur Einf\u00fchrung neuer Produkte dient Unternehmen, die ein neues Produkt auf den Markt bringen m\u00f6chten, als strategischer Kompass. Sie sammelt umsetzbare Erkenntnisse und bewertet die Marktf\u00e4higkeit, bevor ein Produkt in die Regale kommt. Durch sorgf\u00e4ltige Datenerfassung und -analyse erhalten Unternehmen ein tieferes Verst\u00e4ndnis ihres Zielmarkts, der Wettbewerbslandschaft und der potenziellen Herausforderungen, denen sie auf dem Weg begegnen k\u00f6nnen. Durch die Nutzung dieser Erkenntnisse k\u00f6nnen Unternehmen in jeder Phase des Produktentwicklungsprozesses, von der Konzeption bis zur Vermarktung, fundierte Entscheidungen treffen und so letztendlich ihre Erfolgschancen auf einem sich schnell entwickelnden Markt maximieren.<\/span><\/p>\n\n\n\n<h2 class=\"wp-block-heading\">Warum ben\u00f6tigen Unternehmen Marktforschung zur Einf\u00fchrung neuer Produkte?<\/h2>\n\n\n\n<p><span style=\"font-weight: 400;\">Unternehmen greifen aus mehreren zwingenden Gr\u00fcnden auf Marktforschung zur Einf\u00fchrung neuer Produkte zur\u00fcck. Sie ist ein wichtiges Instrument zur Risikominimierung, mit dem Unternehmen die Marktnachfrage einsch\u00e4tzen und potenzielle Hindernisse identifizieren k\u00f6nnen, bevor sie erhebliche Ressourcen in die Produktentwicklung und -einf\u00fchrung investieren.&nbsp;<\/span><\/p>\n\n\n\n<p><span style=\"font-weight: 400;\">Moreover, this <a href=\"https:\/\/www.sisinternational.com\/de\/sachverstand\/branchen\/was-ist-bohr-und-extraktionsausrustung\/\" title=\"Marktforschung f\u00fcr Bohr- und F\u00f6rderausr\u00fcstung\"  data-wpil-monitor-id=\"10275\">market research equips<\/a> businesses with critical findings into the competitive landscape. With this competitive intelligence, companies can fine-tune their product features, pricing strategies, and marketing tactics to gain a competitive edge and capture market share.<\/span><\/p>\n\n\n\n<p><span style=\"font-weight: 400;\">Additionally, new product introduction <a href=\"https:\/\/www.sisinternational.com\/de\/losungen\/strategieberatung\/sales-enablement-marktforschung-strategieberatung\/\" title=\"Sales Enablement Marktforschung und Strategieberatung\"  data-wpil-monitor-id=\"10270\">market research enables<\/a> businesses to optimize resource allocation and investment decisions. This ensures that resources are allocated efficiently and effectively, maximizing ROI and minimizing the risk of overinvestment or underperformance. However, it brings some other benefits, including:<\/span><\/p>\n\n\n\n<ul class=\"wp-block-list\">\n<li><b>Marktvalidierung<\/b>: <a href=\"https:\/\/www.sisinternational.com\/de\/how-to-conduct-effective-quantitative-market-research\/\" title=\"How to Conduct Effective Quantitative Market Research\"  data-wpil-monitor-id=\"10276\">Durchf\u00fchrung von Marktforschung<\/a> helps validate the demand for a new product before investing significant resources in its development and launch.&nbsp;<\/span><\/li>\n\n\n\n<li><b>Risikominimierung<\/b><span style=\"font-weight: 400;\">: Unternehmen k\u00f6nnen potenzielle Hindernisse und Herausforderungen bereits in einem fr\u00fchen Stadium des Produktentwicklungsprozesses erkennen, Risiken mindern und kostspielige Fehler vermeiden.&nbsp;<\/span><\/li>\n\n\n\n<li><b>Einblicke der Kunden<\/b><span style=\"font-weight: 400;\">: Unternehmen erhalten durch Verbraucherumfragen, Fokusgruppen und andere Forschungsmethoden wertvolle Einblicke in die Bed\u00fcrfnisse, Vorlieben und Schwachstellen ihrer Kunden.&nbsp;<\/span><\/li>\n\n\n\n<li><b>Wettbewerbsvorteil<\/b><span style=\"font-weight: 400;\">: Durch die Analyse der Angebote, der Marktpositionierung und der Marketingstrategien der Wettbewerber k\u00f6nnen Unternehmen Marktl\u00fccken und M\u00f6glichkeiten zur wirksamen Differenzierung ihrer Produkte erkennen.&nbsp;<\/span><\/li>\n\n\n\n<li><b>Optimierte Marketingstrategien<\/b><span style=\"font-weight: 400;\">: Marktforschung hilft Unternehmen bei der Entwicklung gezielter Marketingstrategien, die bei ihrer Zielgruppe Anklang finden und das Engagement f\u00f6rdern.&nbsp;<\/span><\/li>\n<\/ul>\n\n\n\n<h2 class=\"wp-block-heading\">Wichtige Berufsbezeichnungen<\/h2>\n\n\n\n<ul class=\"wp-block-list\">\n<li>Leiter Marktforschung<\/li>\n\n\n\n<li>Qualitativer Forschungsassistent<\/li>\n\n\n\n<li>Insights-Analyst<\/li>\n\n\n\n<li><a class=\"wpil_keyword_link\" href=\"https:\/\/www.sisinternational.com\/de\/sachverstand\/branchen\/produktforschung\/\"   title=\"Produktforschung\" data-wpil-keyword-link=\"linked\"  data-wpil-monitor-id=\"740\">Produktforschung<\/a> analyst<\/li>\n\n\n\n<li>Marktforschungsanalyst<\/li>\n\n\n\n<li>Marketingdatenanalyst<\/li>\n\n\n\n<li><a href=\"https:\/\/www.sisinternational.com\/de\/losungen\/qualitative-quantitative-forschungslosungen\/telefoninterviews-marktforschung\/\" title=\"Telefonische Tiefeninterviews Marktforschung\"  data-wpil-monitor-id=\"10274\">Interviewer f\u00fcr Marktforschung<\/a><\/li>\n<\/ul>\n\n\n\n<h2 class=\"wp-block-heading\">Wer nutzt Marktforschung zur Einf\u00fchrung neuer Produkte?<\/h2>\n\n\n\n<ul class=\"wp-block-list\">\n<li><b>Produktentwicklungsteams<\/b><span style=\"font-weight: 400;\"> verlassen sich auf Marktforschung, um Kundenbed\u00fcrfnisse und -pr\u00e4ferenzen zu verstehen, Marktl\u00fccken zu identifizieren und effektiv Produkte zu entwickeln, die unerf\u00fcllte Bed\u00fcrfnisse ansprechen. Indem sie Erkenntnisse aus der Marktforschung in den Produktentwicklungsprozess einbeziehen, k\u00f6nnen Teams sicherstellen, dass neue Produkte bei den Zielkunden Anklang finden und ihre Erwartungen erf\u00fcllen.<\/span><\/li>\n\n\n\n<li><b>Marketingabteilungen<\/b><span style=\"font-weight: 400;\"> utilize market research to develop targeted marketing strategies that effectively communicate the <a href=\"https:\/\/www.sisinternational.com\/de\/what-is-a-value-proposition-canvas-the-game-changing-framework-that-prevents-product-failures\/\" title=\"What Is a Value Proposition Canvas? &#091;The Game-Changing Framework That Prevents Product Failures&#093;\"  data-wpil-monitor-id=\"1464\">value proposition of new products<\/a> and drive customer engagement. By analyzing consumer behavior, media consumption habits, and purchasing preferences, marketers can craft messaging and positioning strategies that resonate with the target audience and drive awareness and adoption of new products.<\/span><\/li>\n\n\n\n<li><b>Vertriebsteams<\/b><span style=\"font-weight: 400;\"> Nutzen Sie Marktforschung, um Marktdynamik, Wettbewerbsbedrohungen und Kundenprobleme zu verstehen. Auf diese Weise k\u00f6nnen Sie neue Produkte effektiv positionieren und an Kunden verkaufen und proaktiv auf Kundenbedenken und -einw\u00e4nde eingehen, wodurch die Wahrscheinlichkeit erfolgreicher Verkaufsergebnisse steigt.<\/span><\/li>\n\n\n\n<li><b>Investoren und Stakeholder<\/b><span style=\"font-weight: 400;\"> erfordern h\u00e4ufig Marktforschung, um den potenziellen Return on Investment (ROI) neuer Produktinitiativen zu bewerten und die Realisierbarkeit von Gesch\u00e4ftserweiterungspl\u00e4nen einzusch\u00e4tzen. Durch Einblicke in Marktgr\u00f6\u00dfe, Wachstumspotenzial und Wettbewerbsdynamik hilft Marktforschung Investoren dabei, fundierte Entscheidungen \u00fcber die Kapitalallokation und die Unterst\u00fctzung von Gesch\u00e4ftsinitiativen zu treffen.<\/span><\/li>\n<\/ul>\n\n\n\n<h2 class=\"wp-block-heading\">Wann sollte diese Marktforschung durchgef\u00fchrt werden?<\/h2>\n\n\n\n<figure class=\"gb-block-image gb-block-image-19ebe988\"><img decoding=\"async\" class=\"gb-image gb-image-19ebe988\" src=\"https:\/\/www.sisinternational.com\/wp-content\/uploads\/2025\/08\/Consumer-market-.jpg\" alt=\"SIS International Marktforschung &amp; Strategie\" title=\"Consumer market\"><\/figure>\n\n\n\n<p><\/p>\n\n\n\n<p><span style=\"font-weight: 400;\">Timing is crucial when it comes to conducting new product introduction market research. Businesses should initiate <a href=\"https:\/\/www.sisinternational.com\/de\/stellen-sie-sicher-dass-sich-ihre-botschaft-an-die-kunden-erinnert\/\" title=\"Marktforschung zur Markenaktivierung\"  data-wpil-monitor-id=\"10271\">market research activities<\/a> at strategic junctures throughout the product development lifecycle to maximize their impact and effectiveness. Here are some key milestones when conducting new product introduction market research is essential:<\/span><\/p>\n\n\n\n<ul class=\"wp-block-list\">\n<li><b>Phase der Ideenfindung<\/b><span style=\"font-weight: 400;\">: Die Marktforschung sollte schon fr\u00fch im Produktentwicklungsprozess beginnen, und zwar w\u00e4hrend der Ideenfindungsphase. Indem sie Feedback von potenziellen Kunden einholen, Konzepttests durchf\u00fchren und Markttrends und unerf\u00fcllte Bed\u00fcrfnisse identifizieren, k\u00f6nnen Unternehmen ihre Produktkonzepte verfeinern und von Anfang an sicherstellen, dass sie der Marktnachfrage entsprechen.<\/span><\/li>\n\n\n\n<li><b>Konzeptentwicklungsphase<\/b><span style=\"font-weight: 400;\">: Sobald erste Produktkonzepte formuliert wurden, kann Marktforschung dabei helfen, diese Konzepte weiter zu validieren und zu verfeinern. Durch die Durchf\u00fchrung von Konzepttests, Fokusgruppen und Umfragen k\u00f6nnen Unternehmen das Verbraucherinteresse messen, den wahrgenommenen Wert bewerten und Verbesserungsbereiche identifizieren, bevor sie mit der vollst\u00e4ndigen Entwicklung fortfahren.<\/span><\/li>\n\n\n\n<li><b>Prototypentests<\/b>: As prototypes or <a href=\"https:\/\/www.sisinternational.com\/de\/losungen\/strategieberatung\/marktforschung-fur-minimal-funktionsfahige-produkte\/\" title=\"Marktforschung f\u00fcr minimal funktionsf\u00e4hige Produkte\"  data-wpil-monitor-id=\"10272\">minimum viable products<\/a> (MVPs) are developed, businesses should conduct testing with target customers to gather feedback on product features, functionality, and usability. Prototype testing allows businesses to identify potential issues early in development and make necessary adjustments to enhance the product&#8217;s appeal and performance.<\/span><\/li>\n\n\n\n<li><b>Vorstartphase<\/b><span style=\"font-weight: 400;\">: In der Vorstartphase sollten Unternehmen umfassende Marktbewertungen durchf\u00fchren, um das Wettbewerbsumfeld zu bewerten, potenzielle Markteintrittsbarrieren zu identifizieren und ihre Markteinf\u00fchrungsstrategie zu verfeinern. Dazu geh\u00f6rt die Analyse der Angebote der Konkurrenz, die Durchf\u00fchrung von Preisstudien und die Verfeinerung der Marketingbotschaft, um eine erfolgreiche Produkteinf\u00fchrung sicherzustellen.<\/span><\/li>\n\n\n\n<li><b>\u00dcberwachung nach dem Start<\/b><span style=\"font-weight: 400;\">: Die Marktforschung sollte nicht aufh\u00f6ren, sobald das Produkt auf den Markt gekommen ist. Eine kontinuierliche \u00dcberwachung der Marktdynamik, des Kundenfeedbacks und der Wettbewerbsentwicklung ist unerl\u00e4sslich, um die Leistung des Produkts zu verfolgen, neue Trends zu erkennen und rechtzeitig Anpassungen an Marketingstrategien und Produktangeboten vorzunehmen.<\/span><\/li>\n<\/ul>\n\n\n\n<h2 class=\"wp-block-heading\">Kritische Erfolgsfaktoren f\u00fcr eine erfolgreiche Produkteinf\u00fchrung<\/h2>\n\n\n\n<p><span style=\"font-weight: 400;\">Zum Erfolg einer Produkteinf\u00fchrung tragen mehrere Schl\u00fcsselfaktoren bei. Unternehmen m\u00fcssen diese Faktoren effektiv ber\u00fccksichtigen, um ihre Erfolgschancen zu maximieren. Hier sind einige kritische Erfolgsfaktoren:<\/span><\/p>\n\n\n\n<ul class=\"wp-block-list\">\n<li><b>Marktverst\u00e4ndnis<\/b><span style=\"font-weight: 400;\">: Ein gr\u00fcndliches Verst\u00e4ndnis des Zielmarktes ist f\u00fcr die erfolgreiche Einf\u00fchrung neuer Produkte unerl\u00e4sslich. Unternehmen m\u00fcssen umfassende Marktforschung betreiben, um Kundenbed\u00fcrfnisse, -pr\u00e4ferenzen und -schwachstellen zu identifizieren und das Wettbewerbsumfeld und die Marktdynamik zu bewerten.&nbsp;<\/span><\/li>\n\n\n\n<li><b>Produktunterscheidung<\/b><span style=\"font-weight: 400;\">: Erfolgreiche neue Produkte bieten oft einzigartige Merkmale oder Vorteile, die sie von bestehenden Angeboten auf dem Markt abheben. Unternehmen m\u00fcssen M\u00f6glichkeiten zur Produktdifferenzierung erkennen und \u00fcberzeugende Wertangebote entwickeln, die bei ihrer Zielgruppe Anklang finden.&nbsp;<\/span><\/li>\n\n\n\n<li><b>Effektives Marketing und Werbung<\/b><span style=\"font-weight: 400;\">: Marketing spielt eine entscheidende Rolle, wenn es darum geht, Aufmerksamkeit zu erzeugen, Interesse zu wecken und den Verkauf neuer Produkte anzukurbeln. Unternehmen m\u00fcssen umfassende Marketingstrategien entwickeln, die verschiedene Kan\u00e4le wie digitales Marketing, soziale Medien, Werbung und \u00d6ffentlichkeitsarbeit nutzen, um ihre Zielgruppe effektiv zu erreichen.&nbsp;<\/span><\/li>\n\n\n\n<li><b>Optimierte Preisstrategie<\/b><span style=\"font-weight: 400;\">: Die Preisgestaltung beeinflusst die Kaufentscheidungen der Kunden und die allgemeine Produktakzeptanz erheblich. Unternehmen m\u00fcssen Preisstrategien entwickeln, die das richtige Gleichgewicht zwischen Wertwahrnehmung und Erschwinglichkeit finden. Durch Preisforschung und -analyse k\u00f6nnen Unternehmen den optimalen Preis f\u00fcr ihre neuen Produkte bestimmen, den Umsatz maximieren und gleichzeitig wettbewerbsf\u00e4hig bleiben.<\/span><\/li>\n<\/ul>\n\n\n\n<h2 class=\"wp-block-heading\">Erwartete Ergebnisse der Marktforschung von SIS International zur Einf\u00fchrung neuer Produkte<\/h2>\n\n\n\n<p><span style=\"font-weight: 400;\">SIS International offers comprehensive <a href=\"https:\/\/www.sisinternational.com\/de\/losungen\/fintech-strategieberatung-forschung\/marktforschung-fur-finanzdienstleistungen\/\" title=\"Marktforschung f\u00fcr Finanzdienstleistungen\"  data-wpil-monitor-id=\"10273\">market research services<\/a> tailored to the unique needs of businesses embarking on new product introductions. By partnering with SIS International, businesses can expect a range of valuable outcomes and benefits:<\/span><\/p>\n\n\n\n<ul class=\"wp-block-list\">\n<li><b>Detaillierte Markteinblicke<\/b><span style=\"font-weight: 400;\">: SIS International f\u00fchrt gr\u00fcndliche Marktanalysen durch, um Unternehmen umsetzbare Erkenntnisse \u00fcber Markttrends, Kundenpr\u00e4ferenzen und Wettbewerbsdynamik zu liefern. Durch prim\u00e4re Forschungsmethoden wie Umfragen, Fokusgruppen und Interviews, erg\u00e4nzt durch sekund\u00e4re Forschung und Datenanalyse, liefert SIS International tiefgreifende Erkenntnisse, die strategische Entscheidungsfindung und Produktentwicklung unterst\u00fctzen.<\/span><\/li>\n\n\n\n<li><b>Kundenfeedback und Validierung<\/b><span style=\"font-weight: 400;\">: SIS erm\u00f6glicht die direkte Ansprache von Zielkunden, um Feedback zu sammeln und neue Produktkonzepte, Funktionen und Wertversprechen zu validieren. Durch den Einsatz qualitativer und quantitativer Forschungsmethoden stellt SIS International sicher, dass Unternehmen ehrliches und unvoreingenommenes Feedback von ihrer Zielgruppe erhalten, sodass sie ihre Produkte und Marketingstrategien f\u00fcr maximale Wirkung verfeinern k\u00f6nnen.<\/span><\/li>\n\n\n\n<li><b>Wettbewerbsintelligenz<\/b><span style=\"font-weight: 400;\">: SIS International f\u00fchrt Wettbewerbsanalysen durch, um Unternehmen dabei zu helfen, ihr Wettbewerbsumfeld zu verstehen und Differenzierungsm\u00f6glichkeiten zu erkennen. Durch die Analyse der Angebote, Preisstrategien und Marketingtaktiken der Konkurrenz liefert SIS International Unternehmen wertvolle Erkenntnisse, die ihre Positionierungs-, Messaging- und Markteinf\u00fchrungsstrategien beeinflussen.<\/span><\/li>\n\n\n\n<li><b>Kontinuierliche Unterst\u00fctzung und \u00dcberwachung<\/b><span style=\"font-weight: 400;\">: \u00dcber die anf\u00e4ngliche Forschungsphase hinaus bietet SIS International fortlaufende Unterst\u00fctzung und \u00dcberwachung, um den Erfolg neuer Produkteinf\u00fchrungen sicherzustellen. Durch st\u00e4ndige Markt\u00fcberwachung, Kundenfeedbackanalyse und Leistungsverfolgung hilft SIS International Unternehmen, sich an ver\u00e4nderte Marktbedingungen und Verbraucherpr\u00e4ferenzen anzupassen und so den langfristigen Erfolg und die Rentabilit\u00e4t ihrer neuen Produkte zu maximieren.<\/span><\/li>\n<\/ul>\n\n\n\n<h2 class=\"wp-block-heading\">Opportunities in the New Product Introduction Market<\/h2>\n\n\n\n<p><span style=\"font-weight: 400;\">Der Eintritt in den Markt f\u00fcr neue Produkteinf\u00fchrungen bietet Unternehmen zahlreiche M\u00f6glichkeiten zur Innovation, Differenzierung und zum Wachstum. Hier sind einige wichtige Chancen f\u00fcr Unternehmen in diesem dynamischen Markt:<\/span><\/p>\n\n\n\n<ul class=\"wp-block-list\">\n<li><b>Expansion in neue M\u00e4rkte<\/b><span style=\"font-weight: 400;\">: Die Einf\u00fchrung neuer Produkte bietet Unternehmen die M\u00f6glichkeit, in neue geografische Regionen oder Marktsegmente zu expandieren. Durch Marktforschung, um lokale Vorlieben, kulturelle Nuancen und gesetzliche Anforderungen zu verstehen, k\u00f6nnen Unternehmen ihre Produkte und Marketingstrategien anpassen, um effektiv in neue M\u00e4rkte einzudringen und ungenutzte Wachstumschancen zu nutzen.<\/span><\/li>\n\n\n\n<li><b>Markentreue aufbauen<\/b><span style=\"font-weight: 400;\">: Launching new products allows businesses to strengthen their brand identity and build customer loyalty. Through delivering high-quality products, exceptional customer experiences, and meaningful brand messaging, companies can foster long-term relationships with customers and establish themselves as trusted and preferred <a href=\"https:\/\/www.sisinternational.com\/de\/schockwerbung-und-schockmarketing\/\" title=\"Schockvertising und Schockmarketing\"  data-wpil-monitor-id=\"10269\">brands in their respective markets<\/a>.<\/span><\/li>\n\n\n\n<li><b>F\u00f6rderung einer Innovationskultur<\/b><span style=\"font-weight: 400;\">: Die Einf\u00fchrung einer Innovationskultur innerhalb der Organisation f\u00f6rdert Kreativit\u00e4t, Zusammenarbeit und kontinuierliche Verbesserung. Wenn Mitarbeiter ermutigt werden, Ideen einzubringen, mit neuen Konzepten zu experimentieren und den Status quo in Frage zu stellen, k\u00f6nnen Unternehmen immer einen Schritt voraus sein und kontinuierliche Innovationen in ihren Produktangeboten vorantreiben.<\/span><\/li>\n<\/ul>\n\n\n\n<h2 class=\"wp-block-heading\">Wie die Expertise von SIS International Unternehmen bei der Einf\u00fchrung neuer Produkte unterst\u00fctzt<\/h2>\n\n\n\n<p><a href=\"https:\/\/www.linkedin.com\/company\/sisinternationalresearch\/\" target=\"_blank\" rel=\"noopener\"><span style=\"font-weight: 400;\">SIS International<\/span><\/a><span style=\"font-weight: 400;\"> bietet eine Reihe spezialisierter Dienstleistungen und Fachkenntnisse an, um Unternehmen w\u00e4hrend des gesamten Prozesses der Produkteinf\u00fchrung zu unterst\u00fctzen. So kann SIS International Unternehmen zum Erfolg verhelfen:<\/span><\/p>\n\n\n\n<ul class=\"wp-block-list\">\n<li><b>Umfassende Marktforschung<\/b><span style=\"font-weight: 400;\">: SIS f\u00fchrt umfassende Marktforschung durch, um Unternehmen wertvolle Einblicke in Markttrends, Kundenpr\u00e4ferenzen und Wettbewerbsdynamik zu geben. Durch den Einsatz qualitativer und quantitativer Forschungsmethoden liefern wir umsetzbare Erkenntnisse, die strategische Entscheidungen unterst\u00fctzen und die Produktentwicklung steuern.<\/span><\/li>\n\n\n\n<li><b>Kundeneinblicke und Validierung<\/b><span style=\"font-weight: 400;\">: SIS erm\u00f6glicht die direkte Ansprache von Zielkunden, um Feedback zu sammeln und neue Produktkonzepte, Funktionen und Wertversprechen zu validieren. Durch Fokusgruppen, Umfragen, Interviews und andere Forschungsmethoden stellen unsere Berater sicher, dass Unternehmen ehrliches und unvoreingenommenes Feedback von ihrer Zielgruppe erhalten, sodass sie ihre Produkte und Marketingstrategien f\u00fcr maximale Wirkung verfeinern k\u00f6nnen.<\/span><\/li>\n\n\n\n<li><b>Wettbewerbsintelligenz<\/b><span style=\"font-weight: 400;\">: SIS International f\u00fchrt gr\u00fcndliche Wettbewerbsanalysen durch, um Unternehmen dabei zu helfen, ihr Wettbewerbsumfeld zu verstehen und Differenzierungsm\u00f6glichkeiten zu erkennen. Durch die Analyse der Angebote, Preisstrategien und Marketingtaktiken der Konkurrenz liefert SIS International Unternehmen wertvolle Erkenntnisse, die ihre Positionierungs-, Messaging- und Markteinf\u00fchrungsstrategien beeinflussen.<\/span><\/li>\n\n\n\n<li><b>Kontinuierliche Unterst\u00fctzung und \u00dcberwachung<\/b><span style=\"font-weight: 400;\">: \u00dcber die anf\u00e4ngliche Forschungsphase hinaus bietet SIS fortlaufende Unterst\u00fctzung und \u00dcberwachung, um den Erfolg neuer Produkteinf\u00fchrungen sicherzustellen. Durch kontinuierliche Markt\u00fcberwachung, Kundenfeedbackanalyse und Leistungsverfolgung hilft SIS International Unternehmen, sich an ver\u00e4nderte Marktbedingungen und Verbraucherpr\u00e4ferenzen anzupassen und so den langfristigen Erfolg und die Rentabilit\u00e4t ihrer neuen Produkte zu maximieren.<\/span><\/li>\n<\/ul>\n\n\n\n<h2 class=\"wp-block-heading\">\u00dcber Marktforschung zur Einf\u00fchrung neuer Produkte<\/h2>\n\n\n\n<p>Sie m\u00f6chten ein Produkt auf den Markt bringen? Sie ben\u00f6tigen Marktforschung zur Einf\u00fchrung neuer Produkte? Dann sind Sie bei uns richtig. Wir richten Fokusgruppen f\u00fcr Sie ein. Wir k\u00f6nnen auch qualitative, quantitative und strategische Forschung f\u00fcr Ihr Unternehmen durchf\u00fchren. Stellen Sie sicher, dass Sie Marktforschung zur Einf\u00fchrung neuer Produkte betreiben. Das garantiert den Erfolg Ihres Produkts.<\/p>\n\n\n\n<p><\/p>","protected":false},"excerpt":{"rendered":"<p>Durch Marktforschung zur Einf\u00fchrung neuer Produkte werden umsetzbare Erkenntnisse gewonnen und die Marktf\u00e4higkeit beurteilt, bevor ein Produkt in die Regale kommt.<\/p>","protected":false},"author":1,"featured_media":62701,"parent":14567,"menu_order":21,"comment_status":"closed","ping_status":"closed","template":"","meta":{"footnotes":""},"class_list":["post-39611","page","type-page","status-publish","has-post-thumbnail"],"_links":{"self":[{"href":"https:\/\/www.sisinternational.com\/de\/wp-json\/wp\/v2\/pages\/39611","targetHints":{"allow":["GET"]}}],"collection":[{"href":"https:\/\/www.sisinternational.com\/de\/wp-json\/wp\/v2\/pages"}],"about":[{"href":"https:\/\/www.sisinternational.com\/de\/wp-json\/wp\/v2\/types\/page"}],"author":[{"embeddable":true,"href":"https:\/\/www.sisinternational.com\/de\/wp-json\/wp\/v2\/users\/1"}],"replies":[{"embeddable":true,"href":"https:\/\/www.sisinternational.com\/de\/wp-json\/wp\/v2\/comments?post=39611"}],"version-history":[{"count":9,"href":"https:\/\/www.sisinternational.com\/de\/wp-json\/wp\/v2\/pages\/39611\/revisions"}],"predecessor-version":[{"id":81696,"href":"https:\/\/www.sisinternational.com\/de\/wp-json\/wp\/v2\/pages\/39611\/revisions\/81696"}],"up":[{"embeddable":true,"href":"https:\/\/www.sisinternational.com\/de\/wp-json\/wp\/v2\/pages\/14567"}],"wp:featuredmedia":[{"embeddable":true,"href":"https:\/\/www.sisinternational.com\/de\/wp-json\/wp\/v2\/media\/62701"}],"wp:attachment":[{"href":"https:\/\/www.sisinternational.com\/de\/wp-json\/wp\/v2\/media?parent=39611"}],"curies":[{"name":"wp","href":"https:\/\/api.w.org\/{rel}","templated":true}]}}