{"id":39539,"date":"2021-12-14T23:16:01","date_gmt":"2021-12-14T23:16:01","guid":{"rendered":"https:\/\/www.sisinternational.com\/?page_id=39539"},"modified":"2026-01-26T14:42:07","modified_gmt":"2026-01-26T19:42:07","slug":"verpackungsmarktforschung","status":"publish","type":"page","link":"https:\/\/www.sisinternational.com\/de\/losungen\/branding-und-kundenforschungslosungen\/verpackungsmarktforschung\/","title":{"rendered":"Verpackungsmarktforschung"},"content":{"rendered":"<h1 class=\"wp-block-heading\">Verpackungsmarktforschung<\/h1>\n\n\n\n<p><\/p>\n\n\n\n<figure class=\"gb-block-image gb-block-image-b3234869\"><img loading=\"lazy\" decoding=\"async\" width=\"1456\" height=\"816\" class=\"gb-image gb-image-b3234869\" src=\"https:\/\/www.sisinternational.com\/wp-content\/uploads\/2025\/08\/Food-packaging-2.jpg\" alt=\"SIS International Marktforschung &amp; Strategie\" title=\"Food packaging (2)\" srcset=\"https:\/\/www.sisinternational.com\/wp-content\/uploads\/2025\/08\/Food-packaging-2.jpg 1456w, https:\/\/www.sisinternational.com\/wp-content\/uploads\/2025\/08\/Food-packaging-2-300x168.jpg 300w, https:\/\/www.sisinternational.com\/wp-content\/uploads\/2025\/08\/Food-packaging-2-1024x574.jpg 1024w, https:\/\/www.sisinternational.com\/wp-content\/uploads\/2025\/08\/Food-packaging-2-768x430.jpg 768w, https:\/\/www.sisinternational.com\/wp-content\/uploads\/2025\/08\/Food-packaging-2-18x10.jpg 18w\" sizes=\"auto, (max-width: 1456px) 100vw, 1456px\"><\/figure>\n\n\n\n<p><\/p>\n\n\n\n<p>Packaging is also known as the packing function. Another way to look at it is as the art of placing and protecting products for storage, sale, delivery, and use. In other words, packaging prepares products for storage or transport. It has become further developed in recent years. <a href=\"https:\/\/www.sisinternational.com\/de\/verpackung-der-letzten-10-sekunden-des-marketings\/\" title=\"Verpackungsmarktforschung: Die letzten 10 Sekunden des Marketings\"  data-wpil-monitor-id=\"9413\">Packaging became popular during the last<\/a> century, and marketers use it in many different ways to boost sales.<\/p>\n\n\n\n<p>Packaging dates back to 1035 when merchants visited <a href=\"https:\/\/www.sisinternational.com\/de\/sachverstand\/branchen\/grenzmarktlandmarktforschung\/\" title=\"Grenzmarkt-L\u00e4ndermarktforschung\"  data-wpil-monitor-id=\"9404\">markets in other countries<\/a>. The sellers wrapped their spices, veggies, and hardware in paper packages for customers. Over time people got better ways to pack things. They started using natural materials like baskets, wooden boxes, pottery vases, and woven bags. The field progressed when Michigan State began to offer degree courses in the subject of packaging. From there on, it started getting the attention of buyers.<\/p>\n\n\n\n<h2 class=\"wp-block-heading\">Warum ist die Verpackung wichtig?<\/h2>\n\n\n\n<p>Verpackungen haben viele Vorteile. Sie sind f\u00fcr viele Unternehmen weltweit praktisch. Der Hauptzweck von Verpackungen besteht darin, die Produkte vor extremer Hitze und K\u00e4lte zu sch\u00fctzen. Dar\u00fcber hinaus sch\u00fctzt sie sie vor Quetschungen, Vibrationen und Qualit\u00e4tsverlust. Au\u00dferdem sch\u00fctzt sie das Produkt vor Auslaufen, Bruch, Staub und Feuchtigkeit.<\/p>\n\n\n\n<p>Eine ordnungsgem\u00e4\u00dfe Verpackung kommt auch Kunden und Verarbeitern zugute. Die Anzeige auf der Verpackung erleichtert ihnen das Tragen ihrer Waren. Die verschiedenen Beh\u00e4lter und Verpackungsarten erleichtern den Verarbeitern ebenfalls die Arbeit.<\/p>\n\n\n\n<p>Weitere Gr\u00fcnde sind:<\/p>\n\n\n\n<ul class=\"wp-block-list\">\n<li>Um Marketing zu erm\u00f6glichen<\/li>\n\n\n\n<li>Gewinne erzielen<\/li>\n\n\n\n<li>Zum Markenimage hinzuf\u00fcgen<\/li>\n\n\n\n<li>Einfache Bereitstellung einer Produkt-ID<\/li>\n\n\n\n<li>Verhindern Sie, dass Produkte verderben<\/li>\n<\/ul>\n\n\n\n<h2 class=\"wp-block-heading\">Wichtige Berufsbezeichnungen<\/h2>\n\n\n\n<p>Ein Job in diesem Bereich erfordert k\u00f6rperliche Aktivit\u00e4t und man muss organisiert sein. Abgesehen vom \u00fcblichen Verpacken und Versenden bietet diese Branche Vorteile f\u00fcr die Mitarbeiter. Die Verpackungsbranche bietet eine breite Palette von Jobs, darunter Packer, Montagetechniker, Lader und Lagerarbeiter.<\/p>\n\n\n\n<p>Packer k\u00fcmmern sich um die Organisation und den Versand f\u00fcr Lieferanten. Sie arbeiten in Lagern und bereiten den Versand von Produkten vor. Sie messen, wiegen usw. Pakete.<\/p>\n\n\n\n<p>Lagerarbeiter sind f\u00fcr den Wareneingang und die Sortierung zust\u00e4ndig. Au\u00dferdem m\u00fcssen sie manchmal Pakete vorbereiten und Inventuren durchf\u00fchren. Sie arbeiten in der Regel t\u00e4glich mit schwerem Ger\u00e4t.<\/p>\n\n\n\n<h2 class=\"wp-block-heading\">Warum brauchen Unternehmen Marktforschung im Verpackungsbereich?<\/h2>\n\n\n\n<p>First, businesses need this industry for the safety of the product. It protects the <a href=\"https:\/\/www.sisinternational.com\/de\/losungen\/qualitative-quantitative-forschungslosungen\/tests-an-zentralen-standorten-in-new-york-city\/\" title=\"Zentrale Standorttests in New York City: Vorteile f\u00fcr Produkttests\"  data-wpil-monitor-id=\"9410\">product during shipping from different locations<\/a>. Packaging also keeps the <a href=\"https:\/\/www.sisinternational.com\/de\/what-is-a-value-proposition-canvas-the-game-changing-framework-that-prevents-product-failures\/\" title=\"What Is a Value Proposition Canvas? &#091;The Game-Changing Framework That Prevents Product Failures&#093;\"  data-wpil-monitor-id=\"9407\">product safe during shipment and prevents<\/a> damage from the movement. Another key point is that it ensures that customers don\u2019t receive broken items that they will need to bring back to the company.<\/p>\n\n\n\n<p><a href=\"https:\/\/www.sisinternational.com\/de\/sachverstand\/branchen\/verpackungsdesign-marktforschung\/\" title=\"Marktforschung f\u00fcr Verpackungsdesign\"  data-wpil-monitor-id=\"6192\">Marketers need packaging<\/a> for promotion, also to increase sales and consumers. It\u2019s also an excellent way to let customers know how to contact you and order even more products. All in all, the <a href=\"https:\/\/www.sisinternational.com\/de\/packagings-role-in-brand-trust-why-your-box-matters-more-than-you-think\/\" title=\"Packaging&#8217;s Role in Brand Trust: Why Your Box Matters More Than You Think\"  data-wpil-monitor-id=\"9418\">packaging<\/a> is a needed part of the branding process.<\/p>\n\n\n\n<h2 class=\"wp-block-heading\">Schl\u00fcsselfaktoren f\u00fcr den Erfolg<\/h2>\n\n\n\n<p>Marketing und Verpackung gehen Hand in Hand. Tats\u00e4chlich nutzen Unternehmen die Etiketten auf den Verpackungen, um potenzielle K\u00e4ufer auf das Unternehmen aufmerksam zu machen. Diese Etiketten informieren die Verbraucher \u00fcber die Bestellm\u00f6glichkeiten und geben ihnen Standort- und Kontaktinformationen sowie Verwendungsm\u00f6glichkeiten des Produkts. Es wird sogar erkl\u00e4rt, wie das Produkt entsorgt und recycelt wird. Es regt die Kunden dazu an, mehr von diesen Produkten zu kaufen.<\/p>\n\n\n\n<p>Packaging is one of the most typical ways for <a href=\"https:\/\/www.sisinternational.com\/de\/marktforschung-fur-luxusparfums\/\" title=\"Marktforschung f\u00fcr Luxusparfums\"  data-wpil-monitor-id=\"9401\">marketers to build their brands<\/a>. It increases sales and can at least boost the <a href=\"https:\/\/www.sisinternational.com\/de\/top-unternehmen-fur-b2b-verkaufsoptimierung\/\" title=\"Top-Unternehmen f\u00fcr B2B-Verkaufsoptimierung\"  data-wpil-monitor-id=\"9415\">company\u2019s<\/a> image.<\/p>\n\n\n\n<h2 class=\"wp-block-heading\">\u00dcber Packaging Market Research<\/h2>\n\n\n\n<p>Are you looking to begin your packaging business or invest in a partnership in one? Our company knows how hard (and scary) it can be to start a packaging business. For this reason, we have <a href=\"https:\/\/www.sisinternational.com\/de\/abdeckung\/europa\/marktforschung-liverpool-grosbritannien\/\" title=\"Marktforschung in Liverpool | Fokusgruppen und Datenerfassung in Gro\u00dfbritannien\"  data-wpil-monitor-id=\"9403\">focus groups to help gather the data<\/a> you may need. We also do strategic, qualitative, and quantitative research to help you. The result is happy customers. So contact us today! We\u2019re always ready and waiting to help.<\/p>","protected":false},"excerpt":{"rendered":"<p>Marktforschung zu Verpackungen Verpackung wird auch als Verpackungsfunktion bezeichnet. Eine andere Sichtweise ist die Kunst, Produkte f\u00fcr Lagerung, Verkauf, Lieferung und Verwendung zu platzieren und zu sch\u00fctzen. Mit anderen Worten: Verpackungen bereiten Produkte f\u00fcr die Lagerung oder den Transport vor. Sie wurden in den letzten Jahren weiterentwickelt. Verpackungen wurden w\u00e4hrend der \u2026 popul\u00e4r. <a title=\"Verpackungsmarktforschung\" class=\"read-more\" href=\"https:\/\/www.sisinternational.com\/de\/losungen\/branding-und-kundenforschungslosungen\/verpackungsmarktforschung\/\" aria-label=\"Mehr Informationen \u00fcber Verpackungsmarktforschung\">Weiterlesen \u2026<\/a><\/p>","protected":false},"author":1,"featured_media":63801,"parent":14650,"menu_order":17,"comment_status":"closed","ping_status":"closed","template":"","meta":{"footnotes":""},"class_list":["post-39539","page","type-page","status-publish","has-post-thumbnail"],"_links":{"self":[{"href":"https:\/\/www.sisinternational.com\/de\/wp-json\/wp\/v2\/pages\/39539","targetHints":{"allow":["GET"]}}],"collection":[{"href":"https:\/\/www.sisinternational.com\/de\/wp-json\/wp\/v2\/pages"}],"about":[{"href":"https:\/\/www.sisinternational.com\/de\/wp-json\/wp\/v2\/types\/page"}],"author":[{"embeddable":true,"href":"https:\/\/www.sisinternational.com\/de\/wp-json\/wp\/v2\/users\/1"}],"replies":[{"embeddable":true,"href":"https:\/\/www.sisinternational.com\/de\/wp-json\/wp\/v2\/comments?post=39539"}],"version-history":[{"count":5,"href":"https:\/\/www.sisinternational.com\/de\/wp-json\/wp\/v2\/pages\/39539\/revisions"}],"predecessor-version":[{"id":81572,"href":"https:\/\/www.sisinternational.com\/de\/wp-json\/wp\/v2\/pages\/39539\/revisions\/81572"}],"up":[{"embeddable":true,"href":"https:\/\/www.sisinternational.com\/de\/wp-json\/wp\/v2\/pages\/14650"}],"wp:featuredmedia":[{"embeddable":true,"href":"https:\/\/www.sisinternational.com\/de\/wp-json\/wp\/v2\/media\/63801"}],"wp:attachment":[{"href":"https:\/\/www.sisinternational.com\/de\/wp-json\/wp\/v2\/media?parent=39539"}],"curies":[{"name":"wp","href":"https:\/\/api.w.org\/{rel}","templated":true}]}}