{"id":39537,"date":"2021-12-14T22:51:36","date_gmt":"2021-12-14T22:51:36","guid":{"rendered":"https:\/\/www.sisinternational.com\/?page_id=39537"},"modified":"2025-09-14T20:16:47","modified_gmt":"2025-09-15T00:16:47","slug":"marktforschung-zu-naturlichen-ressourcen","status":"publish","type":"page","link":"https:\/\/www.sisinternational.com\/de\/sachverstand\/marktforschung-zu-naturlichen-ressourcen\/","title":{"rendered":"Marktforschung f\u00fcr nat\u00fcrliche Ressourcen"},"content":{"rendered":"<h1 class=\"wp-block-heading\">Marktforschung f\u00fcr nat\u00fcrliche Ressourcen<\/h1>\n\n\n\n<figure class=\"gb-block-image gb-block-image-48ad94ed\"><img loading=\"lazy\" decoding=\"async\" width=\"1456\" height=\"816\" class=\"gb-image gb-image-48ad94ed\" src=\"https:\/\/www.sisinternational.com\/wp-content\/uploads\/2025\/08\/Mining-workers-4.jpg\" alt=\"SIS International Marktforschung &amp; Strategie\" title=\"Mining workers (4)\" srcset=\"https:\/\/www.sisinternational.com\/wp-content\/uploads\/2025\/08\/Mining-workers-4.jpg 1456w, https:\/\/www.sisinternational.com\/wp-content\/uploads\/2025\/08\/Mining-workers-4-300x168.jpg 300w, https:\/\/www.sisinternational.com\/wp-content\/uploads\/2025\/08\/Mining-workers-4-1024x574.jpg 1024w, https:\/\/www.sisinternational.com\/wp-content\/uploads\/2025\/08\/Mining-workers-4-768x430.jpg 768w, https:\/\/www.sisinternational.com\/wp-content\/uploads\/2025\/08\/Mining-workers-4-18x10.jpg 18w\" sizes=\"auto, (max-width: 1456px) 100vw, 1456px\"><\/figure>\n\n\n\n<p><\/p>\n\n\n\n<p>Wie kann man feststellen, ob ein Markt lebensf\u00e4hig ist? Eine M\u00f6glichkeit besteht darin, seinen Zugang zu nat\u00fcrlichen Ressourcen zu kennen. Viele L\u00e4nder verkn\u00fcpfen ihren Reichtum mit ihren nat\u00fcrlichen Ressourcen. L\u00e4nder wie Saudi-Arabien sind dank ihrer \u00d6lvorkommen reich. Und Australien kann einen Gro\u00dfteil seines Wachstums dem Export von Eisen zuschreiben.<\/p>\n\n\n\n<h2 class=\"wp-block-heading\">Warum ist Marktforschung im Bereich nat\u00fcrliche Ressourcen wichtig?<\/h2>\n\n\n\n<p>It is vital to know what natural resources a country has to the table. It can give <a href=\"https:\/\/www.sisinternational.com\/de\/sachverstand\/branchen\/geschaftsentscheider-marktforschung\/\" title=\"Marktforschung f\u00fcr Entscheidungstr\u00e4ger in Unternehmen\"  data-wpil-monitor-id=\"7874\">business<\/a> owners and investors a good idea of the market forces. Shortages and surpluses can impact the health of a business or country. It can also affect the countries around it. For example, finding a new oil well can be a boon for Country A. It can now produce its oil and does not have to import as much to support any industries that depend on it. It also doesn\u2019t need to rely on other countries as much. This change in the status quo affects the nations that benefit from it. Other nations might need to reduce their oil prices. Why? Because Country A has reduced its demand for oil.<\/p>\n\n\n\n<h2 class=\"wp-block-heading\">Wichtige Berufsbezeichnungen<\/h2>\n\n\n\n<p>\u00d6konomen: Natural Resource Economist (NRE) ist eine wichtige Berufsbezeichnung. NREs messen die Auswirkungen nat\u00fcrlicher Ressourcen. Dieses Feld befasst sich mit den Beziehungen zwischen menschlicher \u00d6konomie und nat\u00fcrlichen \u00d6kosystemen.<\/p>\n\n\n\n<h3 class=\"wp-block-heading\">\u00d6kologen<\/h3>\n\n\n\n<p>NREs haben die Aufgabe, zu untersuchen, wie sich menschliche \u00d6konomien auf die Natur auswirken. Aber nur ein echter \u00d6kologe kann die Auswirkungen in vollem Umfang erkennen. \u00d6kologen messen, wie sich die Nutzung einer nat\u00fcrlichen Ressource auf den Lebensraum von Wildtieren auswirken kann. Sie untersuchen auch die Auswirkungen auf Tierbest\u00e4nde, Wettermuster und Klima.<\/p>\n\n\n\n<h3 class=\"wp-block-heading\">Geologen<\/h3>\n\n\n\n<p>Geologen entscheiden \u00fcber die Verwendung nat\u00fcrlicher Ressourcen. Sie entscheiden auch, wie diese Ressourcen am besten gewonnen werden k\u00f6nnen. Viele nat\u00fcrliche Ressourcen wie Eisen, Kupfer, \u00d6l, Gas und Sand erfordern Expertenwissen. Die Geologen sind die Experten f\u00fcr den praktischen Bergbau. Beim Eisenabbau wissen die Geologen beispielsweise, wie Eisenerz aussieht, wie hart es ist und wie man es findet. Sie wissen auch, wie man es schmilzt und welche Nebenprodukte dabei entstehen.<\/p>\n\n\n\n<h3 class=\"wp-block-heading\">Marktforschungsanalyst<\/h3>\n\n\n\n<p>This title is one of the most important in market research. As its name suggests, these analysts examine market trends.<\/p>\n\n\n\n<h2 class=\"wp-block-heading\">Warum Unternehmen Marktforschung zu nat\u00fcrlichen Ressourcen ben\u00f6tigen<\/h2>\n\n\n\n<p>Nat\u00fcrliche Ressourcen wirken sich auf alle Unternehmen aus. Sie alle sind auf eine sichere Versorgung mit Ressourcen angewiesen, um zu funktionieren. Nat\u00fcrliche Ressourcen erm\u00f6glichen Unternehmen auch Innovationen. Allerdings kann die Nutzung nat\u00fcrlicher Ressourcen durch ein Unternehmen ein Reputationsrisiko darstellen. Dies gilt auch f\u00fcr seine Einstellung zur nachhaltigen Nutzung der Ressource. Auch der fehlende sichere Zugang zu Ressourcen kann direkte Auswirkungen haben. Ein Konsumg\u00fcterunternehmen kann nicht arbeiten, wenn es keinen Zugang gibt.<\/p>\n\n\n\n<h2 class=\"wp-block-heading\">Schl\u00fcsselfaktoren f\u00fcr den Erfolg<\/h2>\n\n\n\n<p><a href=\"https:\/\/www.sisinternational.com\/de\/analysis-b2b\/\" title=\"What Business Leaders Need to Know Right Now\"  data-wpil-monitor-id=\"7872\">Businesses need to know<\/a> what resources are available in any given region. A company could misuse its resources if it lacks that data. Thus, it must know what is scarce or in surplus. That info is vital for maximizing how much a business can produce. It also helps the firm to use raw materials sustainably. It allows firms to decide whether to buy at lower prices when the opportunity arises. Shortages do not faze such companies. Other firms that are not as savvy can suffer huge losses.<\/p>\n\n\n\n<h2 class=\"wp-block-heading\">\u00dcber Natural Resources Market Research<\/h2>\n\n\n\n<p>What\u2019s the best way to get practical and accurate info? Companies need to use many data-gathering techniques. Making use of <a href=\"https:\/\/www.sisinternational.com\/de\/losungen\/qualitative-quantitative-forschungslosungen\/qualitative-forschung-rekrutierung\/\" title=\"Qualitative Forschung Rekrutierung\"  data-wpil-monitor-id=\"7873\">Qualitative and Quantitative research<\/a> is an excellent tool for this. Those tools can help determine what works and what doesn\u2019t. Finding the best course of action is vital for any business.<\/p>\n\n\n\n<p><\/p>","protected":false},"excerpt":{"rendered":"<p>Marktforschung zu nat\u00fcrlichen Ressourcen ist f\u00fcr Unternehmen von entscheidender Bedeutung. Sie hilft ihnen, ihre Produktion zu maximieren, nachhaltige Rohstoffe zu verwenden und fundierte Entscheidungen zu treffen.<\/p>","protected":false},"author":1,"featured_media":63973,"parent":14514,"menu_order":88,"comment_status":"closed","ping_status":"closed","template":"","meta":{"footnotes":""},"class_list":["post-39537","page","type-page","status-publish","has-post-thumbnail"],"_links":{"self":[{"href":"https:\/\/www.sisinternational.com\/de\/wp-json\/wp\/v2\/pages\/39537","targetHints":{"allow":["GET"]}}],"collection":[{"href":"https:\/\/www.sisinternational.com\/de\/wp-json\/wp\/v2\/pages"}],"about":[{"href":"https:\/\/www.sisinternational.com\/de\/wp-json\/wp\/v2\/types\/page"}],"author":[{"embeddable":true,"href":"https:\/\/www.sisinternational.com\/de\/wp-json\/wp\/v2\/users\/1"}],"replies":[{"embeddable":true,"href":"https:\/\/www.sisinternational.com\/de\/wp-json\/wp\/v2\/comments?post=39537"}],"version-history":[{"count":4,"href":"https:\/\/www.sisinternational.com\/de\/wp-json\/wp\/v2\/pages\/39537\/revisions"}],"predecessor-version":[{"id":81328,"href":"https:\/\/www.sisinternational.com\/de\/wp-json\/wp\/v2\/pages\/39537\/revisions\/81328"}],"up":[{"embeddable":true,"href":"https:\/\/www.sisinternational.com\/de\/wp-json\/wp\/v2\/pages\/14514"}],"wp:featuredmedia":[{"embeddable":true,"href":"https:\/\/www.sisinternational.com\/de\/wp-json\/wp\/v2\/media\/63973"}],"wp:attachment":[{"href":"https:\/\/www.sisinternational.com\/de\/wp-json\/wp\/v2\/media?parent=39537"}],"curies":[{"name":"wp","href":"https:\/\/api.w.org\/{rel}","templated":true}]}}