{"id":39535,"date":"2021-12-14T22:42:51","date_gmt":"2021-12-14T22:42:51","guid":{"rendered":"https:\/\/www.sisinternational.com\/?page_id=39535"},"modified":"2026-01-25T18:50:56","modified_gmt":"2026-01-25T23:50:56","slug":"marktforschung-zu-versorgungsunternehmen","status":"publish","type":"page","link":"https:\/\/www.sisinternational.com\/de\/sachverstand\/marktforschung-zu-versorgungsunternehmen\/","title":{"rendered":"Marktforschung zu Versorgungsunternehmen"},"content":{"rendered":"<h1 class=\"wp-block-heading\">Marktforschung zu Versorgungsunternehmen<\/h1>\n\n\n\n<figure class=\"gb-block-image gb-block-image-7ca903f5\"><img loading=\"lazy\" decoding=\"async\" width=\"1456\" height=\"816\" class=\"gb-image gb-image-7ca903f5\" src=\"https:\/\/www.sisinternational.com\/wp-content\/uploads\/2025\/08\/Utilities-3.jpg\" alt=\"SIS International Marktforschung &amp; Strategie\" title=\"Utilities (3)\" srcset=\"https:\/\/www.sisinternational.com\/wp-content\/uploads\/2025\/08\/Utilities-3.jpg 1456w, https:\/\/www.sisinternational.com\/wp-content\/uploads\/2025\/08\/Utilities-3-300x168.jpg 300w, https:\/\/www.sisinternational.com\/wp-content\/uploads\/2025\/08\/Utilities-3-1024x574.jpg 1024w, https:\/\/www.sisinternational.com\/wp-content\/uploads\/2025\/08\/Utilities-3-768x430.jpg 768w, https:\/\/www.sisinternational.com\/wp-content\/uploads\/2025\/08\/Utilities-3-18x10.jpg 18w\" sizes=\"auto, (max-width: 1456px) 100vw, 1456px\"><\/figure>\n\n\n\n<p><\/p>\n\n\n\n<h2 class=\"wp-block-heading\">Was ist der Versorgungsmarkt?<\/h2>\n\n\n\n<p>Der Begriff \u201eVersorgungsunternehmen\u201c kann sich auf ein Unternehmen oder einen Dienst beziehen, der das Funktionieren der modernen Gesellschaft erm\u00f6glicht. Strom, Erdgas, Abfall und Wasser sind beispielsweise allesamt Versorgungsunternehmen. Dar\u00fcber hinaus stehen diese Unternehmen im Mittelpunkt einer Reihe brisanter Fragen zur Kontrolle der Versorgungsunternehmen und zur \u00f6ffentlichen Aufsicht.<\/p>\n\n\n\n<h2 class=\"wp-block-heading\">Warum ist Marktforschung im Versorgungssektor wichtig?<\/h2>\n\n\n\n<p>Wasser, Strom und Gas sind allesamt lebenswichtige Versorgungsleistungen, die zum Wirtschaftswachstum beitragen. Ein weiterer Aspekt dieser Dienstleistungen ist, dass sie unverzichtbar sind. Dar\u00fcber hinaus kann jeder Fehler in ihrer Versorgung die Gesch\u00e4fte ihrer Kunden in eine schlechte Lage bringen. Sie decken unsere grundlegendsten Bed\u00fcrfnisse. Wasser, Licht, Strom und \u00f6ffentliche Verkehrsmittel sind f\u00fcr das Funktionieren moderner Unternehmen hilfreich. Sie erm\u00f6glichen auch unser Wohlbefinden.<\/p>\n\n\n\n<h2 class=\"wp-block-heading\">Wichtige Berufsbezeichnungen<\/h2>\n\n\n\n<h3 class=\"wp-block-heading\">Analyst f\u00fcr Versorgungsprogramme<\/h3>\n\n\n\n<p>Diese Analysten helfen bei der Entwicklung und \u00dcberpr\u00fcfung von Kundenpl\u00e4nen. Sie untersuchen beispielsweise Energiequellen, Preise und Energiesparprogramme. Dieser Job hilft auch dabei, die besten Energiepl\u00e4ne f\u00fcr Kunden auszuw\u00e4hlen. Dar\u00fcber hinaus k\u00fcmmern sich Utility Program Analysts um Kunden mit Hightech-Anforderungen.<\/p>\n\n\n\n<h3 class=\"wp-block-heading\">Servicemitarbeiter<\/h3>\n\n\n\n<p>Sie f\u00fchren meisterliche T\u00e4tigkeiten im Bereich der Pflege, des Baus und der Reparatur von Wassersystemen und der \u00f6ffentlichen Abwasserreinigung durch. Sie lesen und befolgen m\u00fcndliche und schriftliche Anweisungen und verwenden g\u00e4ngige Reparatur- und Bauwerkzeuge.<\/p>\n\n\n\n<h3 class=\"wp-block-heading\">Pumpstationsbediener<\/h3>\n\n\n\n<p>Pumpstationsbediener k\u00fcmmern sich um die t\u00e4gliche sichere Nutzung aller Teile von Wasser- und Abwasserpumpstationen. Sie k\u00fcmmern sich beispielsweise um Ventile, Steuerungen und Luftgebl\u00e4se. Sie bedienen auch Notstromversorgungssysteme und f\u00fchren gr\u00f6\u00dfere und kleinere Reparaturen durch. Sie ziehen, reparieren und montieren alle Wasser- und Abwasserpumpen und -motoren.<\/p>\n\n\n\n<p>Of course, the <a href=\"https:\/\/www.sisinternational.com\/de\/abdeckung\/die-amerikaner\/usa-berichterstattung\/\" title=\"Marktforschung in den USA\"  data-wpil-monitor-id=\"9417\">market<\/a> has many more jobs linked to it than the few stated above.<\/p>\n\n\n\n<h2 class=\"wp-block-heading\">Warum ben\u00f6tigen Unternehmen Marktforschung f\u00fcr Versorgungsunternehmen?<\/h2>\n\n\n\n<figure class=\"gb-block-image gb-block-image-a1e78bff\"><img loading=\"lazy\" decoding=\"async\" width=\"1456\" height=\"816\" class=\"gb-image gb-image-a1e78bff\" src=\"https:\/\/www.sisinternational.com\/wp-content\/uploads\/2025\/08\/Utilities-2.jpg\" alt=\"SIS International Marktforschung &amp; Strategie\" title=\"Utilities (2)\" srcset=\"https:\/\/www.sisinternational.com\/wp-content\/uploads\/2025\/08\/Utilities-2.jpg 1456w, https:\/\/www.sisinternational.com\/wp-content\/uploads\/2025\/08\/Utilities-2-300x168.jpg 300w, https:\/\/www.sisinternational.com\/wp-content\/uploads\/2025\/08\/Utilities-2-1024x574.jpg 1024w, https:\/\/www.sisinternational.com\/wp-content\/uploads\/2025\/08\/Utilities-2-768x430.jpg 768w, https:\/\/www.sisinternational.com\/wp-content\/uploads\/2025\/08\/Utilities-2-18x10.jpg 18w\" sizes=\"auto, (max-width: 1456px) 100vw, 1456px\"><\/figure>\n\n\n\n<p><\/p>\n\n\n\n<p>Your business must appeal to the <a href=\"https:\/\/www.sisinternational.com\/de\/was-ist-offentlichkeitsarbeit\/\" title=\"\u00d6ffentlichkeitsarbeit und Marktforschung\"  data-wpil-monitor-id=\"9412\">public to win market<\/a> share or keep it if you have it. Do you want to appeal to the general public? Then you\u2019ll need to conduct good public utility market research. It\u2019s the best way to find out what goods and services they desire and what they\u2019re seeking.<\/p>\n\n\n\n<p>Sie k\u00f6nnen Marktforschung im Versorgungssektor auf verschiedene Weise betreiben. Eine Methode besteht darin, Ihre aktuellen Kunden, zuk\u00fcnftigen Kunden und die breite \u00d6ffentlichkeit zu befragen. Auf diese Weise erfahren Sie beispielsweise, was sie von einem Versorgungsunternehmen erwarten und welche Tarife sie f\u00fcr unfair halten.<\/p>\n\n\n\n<h3 class=\"wp-block-heading\">Wichtige Erfolgsfaktoren<\/h3>\n\n\n\n<ul class=\"wp-block-list\">\n<li>Die Unternehmen haben die zus\u00e4tzliche Pflicht, allen Bewerbern einen fairen Service zu bieten.<\/li>\n\n\n\n<li>Sie sollten in der Lage sein, ihren Dienst nach besten Kr\u00e4ften zu leisten. Mit \u201eKapazit\u00e4t\u201c ist hier die k\u00f6rperliche Leistungsf\u00e4higkeit gemeint. Es bezieht sich auch auf die Kapazit\u00e4t der T\u00e4tigkeit, die \u201edurch Gewinne definiert\u201c wird.<\/li>\n\n\n\n<li>Sie sollten bestrebt sein, stets die Bed\u00fcrfnisse ihrer Kunden zu erf\u00fcllen. Sie sollten ihren Kunden keine unfairen Preise oder Z\u00f6lle auferlegen.<\/li>\n\n\n\n<li>Dar\u00fcber hinaus m\u00fcssen sie alle Klienten in \u00e4hnlichen Situationen unvoreingenommen betreuen.<\/li>\n\n\n\n<li>Schlie\u00dflich darf die \u00f6ffentliche Sicherheit nicht gef\u00e4hrdet werden. Versorgungsunternehmen m\u00fcssen bei der Erbringung ihrer Leistungen besonders sorgf\u00e4ltig vorgehen.<\/li>\n<\/ul>\n\n\n\n<h2 class=\"wp-block-heading\">Marktforschung zum Versorgungsmarkt<\/h2>\n\n\n\n<p>The goal of Qualitative Research is to have a broad knowledge of clients\u2019 behavior. It also gives you the reasons for the client\u2019s repurchase of <a href=\"https:\/\/www.sisinternational.com\/de\/losungen\/geschmackstest\/produkttestdienste-in-new-york\/\" title=\"Produkttestdienste in New York\"  data-wpil-monitor-id=\"9416\">products and services<\/a>. Moreover, a <a href=\"https:\/\/www.sisinternational.com\/de\/losungen\/fintech-strategieberatung-forschung\/anti-geldwasche-aml-marktforschung\/\" title=\"Anti Money Laundering Market Research\"  data-wpil-monitor-id=\"5212\">market research firm can save money<\/a> and ensure success for your company by providing relevant data to assist with sales tracking. With live interviews and surveys, we gather information. That\u2019s how we know what clients are thinking about services rendered. One of the best market research tools is the focus group. We use them to <a href=\"https:\/\/www.sisinternational.com\/de\/sachverstand\/branchen\/datenerhebung-marktforschung\/\" title=\"Datenerhebung Marktforschung\"  data-wpil-monitor-id=\"9409\">collect quantitative and in-depth data<\/a>. We also use <a href=\"https:\/\/www.sisinternational.com\/de\/losungen\/geschmackstest\/new-product-focus-group-in-new-york\/\" title=\"Neue Produkt-Fokusgruppe in New York\"  data-wpil-monitor-id=\"9406\">focus groups to gather data on products<\/a> and services.<\/p>\n\n\n\n<p><\/p>","protected":false},"excerpt":{"rendered":"<p>Die Marktforschung im Versorgungssektor ist f\u00fcr die Wirtschaft von entscheidender Bedeutung, da jeder Fehler in der Wasser-, Stromversorgung oder Gasversorgung Auswirkungen auf die Gesch\u00e4ftst\u00e4tigkeit der Kunden haben kann.<\/p>","protected":false},"author":1,"featured_media":63892,"parent":14514,"menu_order":87,"comment_status":"closed","ping_status":"closed","template":"","meta":{"footnotes":""},"class_list":["post-39535","page","type-page","status-publish","has-post-thumbnail"],"_links":{"self":[{"href":"https:\/\/www.sisinternational.com\/de\/wp-json\/wp\/v2\/pages\/39535","targetHints":{"allow":["GET"]}}],"collection":[{"href":"https:\/\/www.sisinternational.com\/de\/wp-json\/wp\/v2\/pages"}],"about":[{"href":"https:\/\/www.sisinternational.com\/de\/wp-json\/wp\/v2\/types\/page"}],"author":[{"embeddable":true,"href":"https:\/\/www.sisinternational.com\/de\/wp-json\/wp\/v2\/users\/1"}],"replies":[{"embeddable":true,"href":"https:\/\/www.sisinternational.com\/de\/wp-json\/wp\/v2\/comments?post=39535"}],"version-history":[{"count":5,"href":"https:\/\/www.sisinternational.com\/de\/wp-json\/wp\/v2\/pages\/39535\/revisions"}],"predecessor-version":[{"id":81573,"href":"https:\/\/www.sisinternational.com\/de\/wp-json\/wp\/v2\/pages\/39535\/revisions\/81573"}],"up":[{"embeddable":true,"href":"https:\/\/www.sisinternational.com\/de\/wp-json\/wp\/v2\/pages\/14514"}],"wp:featuredmedia":[{"embeddable":true,"href":"https:\/\/www.sisinternational.com\/de\/wp-json\/wp\/v2\/media\/63892"}],"wp:attachment":[{"href":"https:\/\/www.sisinternational.com\/de\/wp-json\/wp\/v2\/media?parent=39535"}],"curies":[{"name":"wp","href":"https:\/\/api.w.org\/{rel}","templated":true}]}}