{"id":39531,"date":"2021-12-14T22:12:27","date_gmt":"2021-12-14T22:12:27","guid":{"rendered":"https:\/\/www.sisinternational.com\/?page_id=39531"},"modified":"2025-09-14T21:47:14","modified_gmt":"2025-09-15T01:47:14","slug":"marktforschung-in-jamaika","status":"publish","type":"page","link":"https:\/\/www.sisinternational.com\/de\/abdeckung\/marktforschung-in-der-karibik\/marktforschung-in-jamaika\/","title":{"rendered":"Marktforschung in Jamaika"},"content":{"rendered":"<h1 class=\"wp-block-heading\">Marktforschung in Jamaika<\/h1>\n\n\n\n<figure class=\"gb-block-image gb-block-image-b9ef4f3a\"><img loading=\"lazy\" decoding=\"async\" width=\"1456\" height=\"816\" class=\"gb-image gb-image-b9ef4f3a\" src=\"https:\/\/www.sisinternational.com\/wp-content\/uploads\/2025\/09\/Jamaica-2.jpg\" alt=\"SIS International Marktforschung &amp; Strategie\" title=\"Jamaica (2)\" srcset=\"https:\/\/www.sisinternational.com\/wp-content\/uploads\/2025\/09\/Jamaica-2.jpg 1456w, https:\/\/www.sisinternational.com\/wp-content\/uploads\/2025\/09\/Jamaica-2-300x168.jpg 300w, https:\/\/www.sisinternational.com\/wp-content\/uploads\/2025\/09\/Jamaica-2-1024x574.jpg 1024w, https:\/\/www.sisinternational.com\/wp-content\/uploads\/2025\/09\/Jamaica-2-768x430.jpg 768w, https:\/\/www.sisinternational.com\/wp-content\/uploads\/2025\/09\/Jamaica-2-18x10.jpg 18w\" sizes=\"auto, (max-width: 1456px) 100vw, 1456px\"><\/figure>\n\n\n\n<p><\/p>\n\n\n\n<p>Jamaika ist die drittgr\u00f6\u00dfte karibische Insel und die gr\u00f6\u00dfte englischsprachige Insel der Region. Sie liegt etwa 285 Meilen n\u00f6rdlich des zentralamerikanischen Kontinents. Haiti im Osten und Kuba im Norden sind nahe Nachbarn. Auf Jamaika leben fast drei Millionen Menschen. Kingston, die Hauptstadt und wichtigste Stadt der Insel, liegt in der s\u00fcd\u00f6stlichen Ecke.<\/p>\n\n\n\n<h2 class=\"wp-block-heading\">Schl\u00fcsselindustrien<\/h2>\n\n\n\n<p>Nat\u00fcrliche Ressourcen wie Mineralien sind im ganzen Land reichlich vorhanden. Jamaika hat au\u00dferdem eine angenehme Atmosph\u00e4re und eine sch\u00f6ne Natur. Obwohl das Land \u00fcber eine gro\u00dfe Erwerbsbev\u00f6lkerung verf\u00fcgt, ist die Arbeitslosenquote hoch. Die Auslandsverschuldung ist eine weitere erschreckende Statistik. Tourismus, Landwirtschaft, Bergbau und verarbeitendes Gewerbe sind die wichtigsten Wirtschaftszweige des Landes \u2013 Tourismus und verarbeitendes Gewerbe machen jeweils etwa ein Drittel des BIP aus.<\/p>\n\n\n\n<h2 class=\"wp-block-heading\">Nachbarschaften<\/h2>\n\n\n\n<p>Die Palisadoes, eine riesige Sandbank mit einer farbenpr\u00e4chtigen Geschichte, bewachen den nat\u00fcrlichen Hafen von Kingston. Diese Nehrung verbindet die Stadt Port Royal und den Norman Manley Airport mit dem Festland. Dar\u00fcber hinaus befindet sich das Bob Marley Museum im Herzen der Stadt, im Haus des Reggae-Musikers. Devon House, ein Haus aus der Kolonialzeit mit zeitgen\u00f6ssischen M\u00f6beln, liegt ebenfalls in der N\u00e4he. Das Land zeigt seine nat\u00fcrliche Flora und Fauna im Hope Botanical Gardens &amp; Zoo. Die Blue Mountains, ein bekanntes Kaffeeanbaugebiet mit Wanderwegen und B\u00e4chen f\u00fcr Wanderer, liegen nord\u00f6stlich der Stadt.<\/p>\n\n\n\n<h2 class=\"wp-block-heading\">Trends<\/h2>\n\n\n\n<p>As Jamaica\u2019s economy shows signs of growth, the housing market has yet to catch up. Property <a href=\"https:\/\/www.sisinternational.com\/de\/weinmarktforschung\/\" title=\"Weinmarktforschung: Gewinnermittlung im Inlandsweinhandel\"  data-wpil-monitor-id=\"7857\">sales<\/a> have slowed to a halt while domestic rentals have gone up. The country suffers from high inflation and soaring crime rates. Thus, Jamaica\u2019s real estate industry has failed in recent years. Property <a href=\"https:\/\/www.sisinternational.com\/de\/losungen\/qualitative-quantitative-forschungslosungen\/pricing-and-demand-analysis\/\" title=\"Pricing and Demand Analysis\"  data-wpil-monitor-id=\"7854\">prices fell in 2009 as foreign demand<\/a> slowed, and many upscale houses saw price drops. The number of sales has also fallen. Still, the lower-middle-income part of the <a href=\"https:\/\/www.sisinternational.com\/de\/stellen-sie-sicher-dass-sich-ihre-botschaft-an-die-kunden-erinnert\/\" title=\"Marktforschung zur Markenaktivierung\"  data-wpil-monitor-id=\"7851\">market has remained active<\/a>.<\/p>\n\n\n\n<h2 class=\"wp-block-heading\">Benefits And Strengths in the Market<\/h2>\n\n\n\n<figure class=\"gb-block-image gb-block-image-2017e688\"><img loading=\"lazy\" decoding=\"async\" width=\"1456\" height=\"816\" class=\"gb-image gb-image-2017e688\" src=\"https:\/\/www.sisinternational.com\/wp-content\/uploads\/2025\/09\/Jamaica-3.jpg\" alt=\"SIS International Marktforschung &amp; Strategie\" title=\"Jamaica (3)\" srcset=\"https:\/\/www.sisinternational.com\/wp-content\/uploads\/2025\/09\/Jamaica-3.jpg 1456w, https:\/\/www.sisinternational.com\/wp-content\/uploads\/2025\/09\/Jamaica-3-300x168.jpg 300w, https:\/\/www.sisinternational.com\/wp-content\/uploads\/2025\/09\/Jamaica-3-1024x574.jpg 1024w, https:\/\/www.sisinternational.com\/wp-content\/uploads\/2025\/09\/Jamaica-3-768x430.jpg 768w, https:\/\/www.sisinternational.com\/wp-content\/uploads\/2025\/09\/Jamaica-3-18x10.jpg 18w\" sizes=\"auto, (max-width: 1456px) 100vw, 1456px\"><\/figure>\n\n\n\n<p><\/p>\n\n\n\n<p>In den letzten Jahren hat Jamaika wirtschaftliche Zuw\u00e4chse verzeichnet. Diese Zuw\u00e4chse sind das Ergebnis der Bem\u00fchungen des Landes, fiskalische Umsicht zu praktizieren. Mit diesen Finanzzahlen geh\u00f6rt Jamaika zu den L\u00e4ndern mit der besten Leistung weltweit.<\/p>\n\n\n\n<p>Also, Jamaica is one of the top twenty nations for its great credit system. And its rates are among some of the best in the world for starting a business. Any businessperson can create and run a business in as few as two steps and three days.<\/p>\n\n\n\n<h2 class=\"wp-block-heading\">Verbraucherbasis<\/h2>\n\n\n\n<p>Internet subscriptions are increasing. More Jamaicans are spending time online on their PCs and smartphones. Yet, only a tiny fraction of Jamaicans use the Internet to shop. Still, top hitters in the e-commerce field are optimistic. They <a href=\"https:\/\/www.sisinternational.com\/de\/sachverstand\/branchen\/behauptungsbegrundung-marktforschung\/\" title=\"Marktforschung zur Untermauerung von Behauptungen\"  data-wpil-monitor-id=\"7856\">claim<\/a> that the use of the Internet for online marketing is increasing at a high rate. Retailers are moving to keep up with the Internet trend. Many of them are increasing their investments in <a href=\"https:\/\/www.sisinternational.com\/de\/sachverstand\/branchen\/marktforschung-auf-online-autoplattformen\/\" title=\"Online-Marktforschung f\u00fcr Autoplattformen\"  data-wpil-monitor-id=\"7855\">online shopping platforms<\/a>.<\/p>\n\n\n\n<p>In den letzten Jahren gab es in Superm\u00e4rkten einen steigenden Trend zur Herstellung von Artikeln mit Mehrwert. Die meisten dieser Artikel werden aus frischem Obst hergestellt, um den Umsatz zu steigern und wettbewerbsf\u00e4hig zu bleiben. Zu diesen Artikeln geh\u00f6ren Ready-To-Eat (RTE) und Ready-To-Cook (RTC). Die Verbraucher wenden sich von den alten Methoden der Lebensmittelzubereitung ab. Daher wird sich dieser Trend wahrscheinlich weiter verst\u00e4rken.<\/p>\n\n\n\n<h2 class=\"wp-block-heading\">Gr\u00fcnde f\u00fcr eine Gesch\u00e4ftst\u00e4tigkeit in Jamaika<\/h2>\n\n\n\n<ul class=\"wp-block-list\">\n<li>Jamaika geh\u00f6rt zu den besten L\u00e4ndern der Welt f\u00fcr Unternehmensgr\u00fcndungen und steigt in der Rangliste immer weiter auf.<\/li>\n\n\n\n<li>Its housing demand got a boost from recent cuts in mortgage interest rates. Some banks also increased loan limits. As a result, being a homeowner is no longer a pipe dream.<\/li>\n\n\n\n<li>For investors, Jamaica has lots of advantages, particularly regarding location. It lies between <a href=\"https:\/\/www.sisinternational.com\/de\/abdeckung\/die-amerikaner\/marktforschung-nordamerika\/\" title=\"Marktforschung in Nordamerika\"  data-wpil-monitor-id=\"7850\">North and South America<\/a>. It also has an 800 million consumer market within four hours of its coastlines.<\/li>\n<\/ul>\n\n\n\n<h2 class=\"wp-block-heading\">Marktforschung in Jamaika<\/h2>\n\n\n\n<p>It is essential to conduct quantitative, qualitative, and strategic research. Another important thing to keep in mind is that focus groups and surveys are valuable. They can reveal the genuine opinions and ideas of customers. Besides, the <a href=\"https:\/\/www.sisinternational.com\/de\/losungen\/geschmackstest\/vergleichende-geschmackstests-marktforschung\/\" title=\"Vergleichende Geschmackstests Marktforschung\"  data-wpil-monitor-id=\"7853\">market entry process in Jamaica is comparable<\/a> to that of many other nations. You should first take a trip to the island to look around. Your <a href=\"https:\/\/www.sisinternational.com\/de\/sachverstand\/lebenslaufe\/lebenslauf-mit-erfahrungen-in-der-automobilindustrie\/\" title=\"Marktforschungsunternehmen f\u00fcr die Automobilindustrie\"  data-wpil-monitor-id=\"7852\">company can set up helpful industry<\/a> ties during a visit. These ties could be beneficial in allowing you to flourish in the market.<\/p>\n\n\n\n<p><\/p>","protected":false},"excerpt":{"rendered":"<p>Marktforschung in Jamaika Jamaika ist die drittgr\u00f6\u00dfte karibische Insel und die gr\u00f6\u00dfte englischsprachige Insel der Region. Sie liegt etwa 285 Meilen n\u00f6rdlich des zentralamerikanischen Kontinents. Haiti im Osten und Kuba im Norden sind nahe Nachbarn. In Jamaika leben fast drei Millionen Menschen. Kingston, die Hauptstadt und wichtigste Stadt der Insel, ist \u2026 <a title=\"Marktforschung in Jamaika\" class=\"read-more\" href=\"https:\/\/www.sisinternational.com\/de\/abdeckung\/marktforschung-in-der-karibik\/marktforschung-in-jamaika\/\" aria-label=\"Mehr Informationen \u00fcber Marktforschung in Jamaika\">Weiterlesen \u2026<\/a><\/p>","protected":false},"author":1,"featured_media":66130,"parent":33287,"menu_order":3,"comment_status":"closed","ping_status":"closed","template":"","meta":{"footnotes":""},"class_list":["post-39531","page","type-page","status-publish","has-post-thumbnail"],"_links":{"self":[{"href":"https:\/\/www.sisinternational.com\/de\/wp-json\/wp\/v2\/pages\/39531","targetHints":{"allow":["GET"]}}],"collection":[{"href":"https:\/\/www.sisinternational.com\/de\/wp-json\/wp\/v2\/pages"}],"about":[{"href":"https:\/\/www.sisinternational.com\/de\/wp-json\/wp\/v2\/types\/page"}],"author":[{"embeddable":true,"href":"https:\/\/www.sisinternational.com\/de\/wp-json\/wp\/v2\/users\/1"}],"replies":[{"embeddable":true,"href":"https:\/\/www.sisinternational.com\/de\/wp-json\/wp\/v2\/comments?post=39531"}],"version-history":[{"count":3,"href":"https:\/\/www.sisinternational.com\/de\/wp-json\/wp\/v2\/pages\/39531\/revisions"}],"predecessor-version":[{"id":81324,"href":"https:\/\/www.sisinternational.com\/de\/wp-json\/wp\/v2\/pages\/39531\/revisions\/81324"}],"up":[{"embeddable":true,"href":"https:\/\/www.sisinternational.com\/de\/wp-json\/wp\/v2\/pages\/33287"}],"wp:featuredmedia":[{"embeddable":true,"href":"https:\/\/www.sisinternational.com\/de\/wp-json\/wp\/v2\/media\/66130"}],"wp:attachment":[{"href":"https:\/\/www.sisinternational.com\/de\/wp-json\/wp\/v2\/media?parent=39531"}],"curies":[{"name":"wp","href":"https:\/\/api.w.org\/{rel}","templated":true}]}}